{"id":30008,"date":"2020-02-27T11:34:03","date_gmt":"2020-02-27T10:34:03","guid":{"rendered":"https:\/\/adax.ch\/?page_id=30008"},"modified":"2021-02-08T16:13:51","modified_gmt":"2021-02-08T15:13:51","slug":"spine-di-precisione","status":"publish","type":"page","link":"https:\/\/adax.ch\/it\/adax\/produits\/axes-de-precision\/","title":{"rendered":"SPINE DI PRECISIONE"},"content":{"rendered":"\n\n\n[et_pb_section fb_built=\u00a0\u00bb1&Prime; _builder_version=\u00a0\u00bb4.4.5&Prime; custom_padding=\u00a0\u00bb0px||0px|||\u00a0\u00bb][et_pb_row _builder_version=\u00a0\u00bb4.4.5&Prime; background_image=\u00a0\u00bbhttps:\/\/adax.ch\/wp-content\/uploads\/2020\/02\/6921-scaled.jpg\u00a0\u00bb width=\u00a0\u00bb100%\u00a0\u00bb custom_padding=\u00a0\u00bb84px||84px||true|\u00a0\u00bb][et_pb_column type=\u00a0\u00bb4_4&Prime; _builder_version=\u00a0\u00bb4.4.5&Prime;][et_pb_slider _builder_version=\u00a0\u00bb4.4.8&Prime; custom_padding=\u00a0\u00bb0px||0px||true|\u00a0\u00bb][et_pb_slide _builder_version=\u00a0\u00bb4.4.8&Prime; background_color=\u00a0\u00bbrgba(31,96,161,0)\u00a0\u00bb background_enable_color=\u00a0\u00bbon\u00a0\u00bb]<p><img decoding=\"async\" src=\"https:\/\/adax.ch\/wp-content\/uploads\/2020\/05\/41198.png\" width=\"445\" height=\"267\" alt=\"\" class=\"wp-image-31029 alignnone size-full\" \/><\/p>[\/et_pb_slide][et_pb_slide _builder_version=\u00a0\u00bb4.4.8&Prime; background_color=\u00a0\u00bbrgba(31,96,161,0)\u00a0\u00bb background_enable_color=\u00a0\u00bbon\u00a0\u00bb]<p><img decoding=\"async\" src=\"https:\/\/adax.ch\/wp-content\/uploads\/2020\/06\/41198_BOUTS_PLATS.png\" width=\"445\" height=\"267\" alt=\"\" class=\"wp-image-31748 alignnone size-full\" \/><\/p>[\/et_pb_slide][et_pb_slide _builder_version=\u00a0\u00bb4.4.8&Prime; background_color=\u00a0\u00bbrgba(31,96,161,0)\u00a0\u00bb background_enable_color=\u00a0\u00bbon\u00a0\u00bb]<img decoding=\"async\" src=\"https:\/\/adax.ch\/wp-content\/uploads\/2020\/06\/41198_PT_RAYONS.png\" width=\"445\" height=\"267\" alt=\"\" class=\"wp-image-31749 alignnone size-full\" \/>[\/et_pb_slide][\/et_pb_slider][\/et_pb_column][\/et_pb_row][\/et_pb_section][et_pb_section fb_built=\u00a0\u00bb1&Prime; _builder_version=\u00a0\u00bb3.25.4&Prime; custom_padding=\u00a0\u00bb7px||2px||false|\u00a0\u00bb][et_pb_row _builder_version=\u00a0\u00bb3.25.4&Prime; custom_padding=\u00a0\u00bb91px||91px||true|\u00a0\u00bb][et_pb_column type=\u00a0\u00bb4_4&Prime; _builder_version=\u00a0\u00bb3.25.4&Prime;][et_pb_text _builder_version=\u00a0\u00bb4.4.8&Prime; text_font=\u00a0\u00bb||||||||\u00a0\u00bb text_text_color=\u00a0\u00bb#000000&Prime; header_font=\u00a0\u00bbHelveticaNeue|300||on|||||\u00a0\u00bb header_text_color=\u00a0\u00bb#000000&Prime; header_font_size=\u00a0\u00bb22px\u00a0\u00bb header_letter_spacing=\u00a0\u00bb4px\u00a0\u00bb header_2_font=\u00a0\u00bbHelveticaNeue|300||on|||||\u00a0\u00bb header_2_text_color=\u00a0\u00bb#000000&Prime; header_2_font_size=\u00a0\u00bb22px\u00a0\u00bb header_2_letter_spacing=\u00a0\u00bb4px\u00a0\u00bb]<h1 style=\"text-align: center;\">Axes de pr\u00e9cision, le savoir faire d&rsquo;ADAX SA<\/h1>[\/et_pb_text][et_pb_text _builder_version=\u00a0\u00bb4.4.8&Prime; text_font=\u00a0\u00bbHelveticaNeue|300|||||||\u00a0\u00bb text_font_size=\u00a0\u00bb16px\u00a0\u00bb text_letter_spacing=\u00a0\u00bb2px\u00a0\u00bb width=\u00a0\u00bb100%\u00a0\u00bb max_width=\u00a0\u00bb100%\u00a0\u00bb custom_padding=\u00a0\u00bb27px||27px||true|\u00a0\u00bb]<p style=\"text-align: justify;\">Reconnu dans toute l\u2019industrie horlog\u00e8re et microtechnique Suisse, nos axes de pr\u00e9cision, souvent nomm\u00e9s \u00ab\u00a0goupilles ADAX\u00a0\u00bb sont devenus incontournables dans les mouvements des plus prestigieuses manufactures horlog\u00e8res ou dans les \u00e9quipements et outillages n\u00e9cessaire \u00e0 la fabrication ou \u00e0 l\u2019assemblage des garde-temps. Aujourd\u2019hui nos axes de pr\u00e9cision sont pr\u00e9sents dans le m\u00e9canisme d\u2019un mouvement, dans des moteurs \u00e9lectriques qui \u00e9quipent des appareils d\u2019\u00e9lectro-m\u00e9nager ou dans le syst\u00e8me de transmission du robot ROVER .<\/p>[\/et_pb_text][et_pb_image src=\u00a0\u00bbhttps:\/\/adax.ch\/wp-content\/uploads\/2019\/08\/Exomars_art-e1565875226388.jpg\u00a0\u00bb title_text=\u00a0\u00bbExomars PHASE B1 8.05.2008&Prime; align=\u00a0\u00bbcenter\u00a0\u00bb _builder_version=\u00a0\u00bb4.5.0&Prime; width=\u00a0\u00bb50%\u00a0\u00bb hover_enabled=\u00a0\u00bb0&Prime; width_last_edited=\u00a0\u00bbon|phone\u00a0\u00bb width_phone=\u00a0\u00bb100%\u00a0\u00bb][\/et_pb_image][\/et_pb_column][\/et_pb_row][\/et_pb_section]\n\n\n","protected":false},"excerpt":{"rendered":"<p>Axes de pr\u00e9cision, le savoir faire d&rsquo;ADAX SAReconnu dans toute l\u2019industrie horlog\u00e8re et microtechnique Suisse, nos axes de pr\u00e9cision, souvent nomm\u00e9s \u00ab\u00a0goupilles ADAX\u00a0\u00bb sont devenus incontournables dans les mouvements des plus prestigieuses manufactures horlog\u00e8res ou dans les \u00e9quipements et outillages n\u00e9cessaire \u00e0 la fabrication ou \u00e0 l\u2019assemblage des garde-temps. Aujourd\u2019hui nos axes de pr\u00e9cision sont [&hellip;]<\/p>\n","protected":false},"author":1,"featured_media":0,"parent":28929,"menu_order":0,"comment_status":"closed","ping_status":"closed","template":"","meta":{"_et_pb_use_builder":"on","_et_pb_old_content":"","_et_gb_content_width":"","footnotes":""},"class_list":["post-30008","page","type-page","status-publish","hentry"],"yoast_head":"<!-- This site is optimized with the Yoast SEO Premium plugin v21.1 (Yoast SEO v27.5) - https:\/\/yoast.com\/product\/yoast-seo-premium-wordpress\/ -->\n<title>Axes de pr\u00e9cision - Adax<\/title>\n<meta name=\"description\" content=\"Reconnu dans toute l\u2019industrie horlog\u00e8re et microtechnique Suisse, nos axes de pr\u00e9cision, souvent nomm\u00e9s \u00ab goupilles ADAX \u00bb sont devenus incontournables dans les mouvements des plus prestigieuses manufactures horlog\u00e8res ou dans les \u00e9quipements et outillages n\u00e9cessaire \u00e0 la fabrication ou \u00e0 l\u2019assemblage des garde-temps\" \/>\n<meta name=\"robots\" content=\"index, follow, max-snippet:-1, max-image-preview:large, max-video-preview:-1\" \/>\n<link rel=\"canonical\" href=\"https:\/\/adax.ch\/it\/adax\/produits\/spine-di-precisione\/\" \/>\n<meta property=\"og:locale\" content=\"it_IT\" \/>\n<meta property=\"og:type\" content=\"article\" \/>\n<meta property=\"og:title\" content=\"Axes de pr\u00e9cision\" \/>\n<meta property=\"og:description\" content=\"Reconnu dans toute l\u2019industrie horlog\u00e8re et microtechnique Suisse, nos axes de pr\u00e9cision, souvent nomm\u00e9s \u00ab goupilles ADAX \u00bb sont devenus incontournables dans les mouvements des plus prestigieuses manufactures horlog\u00e8res ou dans les \u00e9quipements et outillages n\u00e9cessaire \u00e0 la fabrication ou \u00e0 l\u2019assemblage des garde-temps\" \/>\n<meta property=\"og:url\" content=\"https:\/\/adax.ch\/it\/adax\/produits\/spine-di-precisione\/\" \/>\n<meta property=\"og:site_name\" content=\"Adax\" \/>\n<meta property=\"article:modified_time\" content=\"2021-02-08T15:13:51+00:00\" \/>\n<meta property=\"og:image\" content=\"https:\/\/adax.ch\/wp-content\/uploads\/2020\/05\/41198.png\" \/>\n<meta name=\"twitter:card\" content=\"summary_large_image\" \/>\n<meta name=\"twitter:label1\" content=\"Tempo di lettura stimato\" \/>\n\t<meta name=\"twitter:data1\" content=\"2 minuti\" \/>\n<script type=\"application\/ld+json\" class=\"yoast-schema-graph\">{\"@context\":\"https:\\\/\\\/schema.org\",\"@graph\":[{\"@type\":\"WebPage\",\"@id\":\"https:\\\/\\\/adax.ch\\\/adax\\\/produits\\\/axes-de-precision\\\/\",\"url\":\"https:\\\/\\\/adax.ch\\\/adax\\\/produits\\\/axes-de-precision\\\/\",\"name\":\"Axes de pr\u00e9cision - Adax\",\"isPartOf\":{\"@id\":\"https:\\\/\\\/adax.ch\\\/#website\"},\"primaryImageOfPage\":{\"@id\":\"https:\\\/\\\/adax.ch\\\/adax\\\/produits\\\/axes-de-precision\\\/#primaryimage\"},\"image\":{\"@id\":\"https:\\\/\\\/adax.ch\\\/adax\\\/produits\\\/axes-de-precision\\\/#primaryimage\"},\"thumbnailUrl\":\"https:\\\/\\\/adax.ch\\\/wp-content\\\/uploads\\\/2020\\\/05\\\/41198.png\",\"datePublished\":\"2020-02-27T10:34:03+00:00\",\"dateModified\":\"2021-02-08T15:13:51+00:00\",\"description\":\"Reconnu dans toute l\u2019industrie horlog\u00e8re et microtechnique Suisse, nos axes de pr\u00e9cision, souvent nomm\u00e9s \u00ab goupilles ADAX \u00bb sont devenus incontournables dans les mouvements des plus prestigieuses manufactures horlog\u00e8res ou dans les \u00e9quipements et outillages n\u00e9cessaire \u00e0 la fabrication ou \u00e0 l\u2019assemblage des garde-temps\",\"breadcrumb\":{\"@id\":\"https:\\\/\\\/adax.ch\\\/adax\\\/produits\\\/axes-de-precision\\\/#breadcrumb\"},\"inLanguage\":\"it-IT\",\"potentialAction\":[{\"@type\":\"ReadAction\",\"target\":[\"https:\\\/\\\/adax.ch\\\/adax\\\/produits\\\/axes-de-precision\\\/\"]}]},{\"@type\":\"ImageObject\",\"inLanguage\":\"it-IT\",\"@id\":\"https:\\\/\\\/adax.ch\\\/adax\\\/produits\\\/axes-de-precision\\\/#primaryimage\",\"url\":\"https:\\\/\\\/adax.ch\\\/wp-content\\\/uploads\\\/2020\\\/05\\\/41198.png\",\"contentUrl\":\"https:\\\/\\\/adax.ch\\\/wp-content\\\/uploads\\\/2020\\\/05\\\/41198.png\"},{\"@type\":\"BreadcrumbList\",\"@id\":\"https:\\\/\\\/adax.ch\\\/adax\\\/produits\\\/axes-de-precision\\\/#breadcrumb\",\"itemListElement\":[{\"@type\":\"ListItem\",\"position\":1,\"name\":\"Accueil\",\"item\":\"https:\\\/\\\/adax.ch\\\/\"},{\"@type\":\"ListItem\",\"position\":2,\"name\":\"ADAX\",\"item\":\"https:\\\/\\\/adax.ch\\\/\"},{\"@type\":\"ListItem\",\"position\":3,\"name\":\"Produits\",\"item\":\"https:\\\/\\\/adax.ch\\\/adax\\\/produits\\\/\"},{\"@type\":\"ListItem\",\"position\":4,\"name\":\"Axes de pr\u00e9cision\"}]},{\"@type\":\"WebSite\",\"@id\":\"https:\\\/\\\/adax.ch\\\/#website\",\"url\":\"https:\\\/\\\/adax.ch\\\/\",\"name\":\"Adax\",\"description\":\"FROM EARTH TO SPACE\",\"publisher\":{\"@id\":\"https:\\\/\\\/adax.ch\\\/#organization\"},\"potentialAction\":[{\"@type\":\"SearchAction\",\"target\":{\"@type\":\"EntryPoint\",\"urlTemplate\":\"https:\\\/\\\/adax.ch\\\/?s={search_term_string}\"},\"query-input\":{\"@type\":\"PropertyValueSpecification\",\"valueRequired\":true,\"valueName\":\"search_term_string\"}}],\"inLanguage\":\"it-IT\"},{\"@type\":\"Organization\",\"@id\":\"https:\\\/\\\/adax.ch\\\/#organization\",\"name\":\"Adax SA\",\"url\":\"https:\\\/\\\/adax.ch\\\/\",\"logo\":{\"@type\":\"ImageObject\",\"inLanguage\":\"it-IT\",\"@id\":\"https:\\\/\\\/adax.ch\\\/#\\\/schema\\\/logo\\\/image\\\/\",\"url\":\"https:\\\/\\\/adax.ch\\\/wp-content\\\/uploads\\\/2021\\\/02\\\/logo-blanc-fond-noir.png\",\"contentUrl\":\"https:\\\/\\\/adax.ch\\\/wp-content\\\/uploads\\\/2021\\\/02\\\/logo-blanc-fond-noir.png\",\"width\":754,\"height\":754,\"caption\":\"Adax SA\"},\"image\":{\"@id\":\"https:\\\/\\\/adax.ch\\\/#\\\/schema\\\/logo\\\/image\\\/\"},\"sameAs\":[\"https:\\\/\\\/www.linkedin.com\\\/company\\\/adax-sa\\\/\",\"https:\\\/\\\/www.youtube.com\\\/channel\\\/UCajnUraOOGTurqpS0vObYgQ\"]}]}<\/script>\n<!-- \/ Yoast SEO Premium plugin. -->","yoast_head_json":{"title":"Spine di precisione - Adax","description":"Riconosciuti in tutta l'industria orologiera e microtecnica Svizzera, le nostre spine di precisione, spesso chiamati \u00abspine ADAX\u00bb sono divenuti imprescindibili nei movimenti delle pi\u00f9 prestigiose manifatture orologiere o nelle attrezzature necessarie alla fabbricazione o all'assemblaggio degli orologi.","robots":{"index":"index","follow":"follow","max-snippet":"max-snippet:-1","max-image-preview":"max-image-preview:large","max-video-preview":"max-video-preview:-1"},"canonical":"https:\/\/adax.ch\/it\/adax\/produits\/spine-di-precisione\/","og_locale":"it_IT","og_type":"article","og_title":"Axes de pr\u00e9cision","og_description":"Reconnu dans toute l\u2019industrie horlog\u00e8re et microtechnique Suisse, nos axes de pr\u00e9cision, souvent nomm\u00e9s \u00ab goupilles ADAX \u00bb sont devenus incontournables dans les mouvements des plus prestigieuses manufactures horlog\u00e8res ou dans les \u00e9quipements et outillages n\u00e9cessaire \u00e0 la fabrication ou \u00e0 l\u2019assemblage des garde-temps","og_url":"https:\/\/adax.ch\/it\/adax\/produits\/spine-di-precisione\/","og_site_name":"Adax","article_modified_time":"2021-02-08T15:13:51+00:00","og_image":[{"url":"https:\/\/adax.ch\/wp-content\/uploads\/2020\/05\/41198.png","type":"","width":"","height":""}],"twitter_card":"summary_large_image","twitter_misc":{"Tempo di lettura stimato":"2 minuti"},"schema":{"@context":"https:\/\/schema.org","@graph":[{"@type":"WebPage","@id":"https:\/\/adax.ch\/adax\/produits\/axes-de-precision\/","url":"https:\/\/adax.ch\/adax\/produits\/axes-de-precision\/","name":"Spine di precisione - Adax","isPartOf":{"@id":"https:\/\/adax.ch\/#website"},"primaryImageOfPage":{"@id":"https:\/\/adax.ch\/adax\/produits\/axes-de-precision\/#primaryimage"},"image":{"@id":"https:\/\/adax.ch\/adax\/produits\/axes-de-precision\/#primaryimage"},"thumbnailUrl":"https:\/\/adax.ch\/wp-content\/uploads\/2020\/05\/41198.png","datePublished":"2020-02-27T10:34:03+00:00","dateModified":"2021-02-08T15:13:51+00:00","description":"Riconosciuti in tutta l'industria orologiera e microtecnica Svizzera, le nostre spine di precisione, spesso chiamati \u00abspine ADAX\u00bb sono divenuti imprescindibili nei movimenti delle pi\u00f9 prestigiose manifatture orologiere o nelle attrezzature necessarie alla fabbricazione o all'assemblaggio degli orologi.","breadcrumb":{"@id":"https:\/\/adax.ch\/adax\/produits\/axes-de-precision\/#breadcrumb"},"inLanguage":"it-IT","potentialAction":[{"@type":"ReadAction","target":["https:\/\/adax.ch\/adax\/produits\/axes-de-precision\/"]}]},{"@type":"ImageObject","inLanguage":"it-IT","@id":"https:\/\/adax.ch\/adax\/produits\/axes-de-precision\/#primaryimage","url":"https:\/\/adax.ch\/wp-content\/uploads\/2020\/05\/41198.png","contentUrl":"https:\/\/adax.ch\/wp-content\/uploads\/2020\/05\/41198.png"},{"@type":"BreadcrumbList","@id":"https:\/\/adax.ch\/adax\/produits\/axes-de-precision\/#breadcrumb","itemListElement":[{"@type":"ListItem","position":1,"name":"Accueil","item":"https:\/\/adax.ch\/"},{"@type":"ListItem","position":2,"name":"ADAX","item":"https:\/\/adax.ch\/"},{"@type":"ListItem","position":3,"name":"Produits","item":"https:\/\/adax.ch\/adax\/produits\/"},{"@type":"ListItem","position":4,"name":"Axes de pr\u00e9cision"}]},{"@type":"WebSite","@id":"https:\/\/adax.ch\/#website","url":"https:\/\/adax.ch\/","name":"Adax","description":"FROM EARTH TO SPACE","publisher":{"@id":"https:\/\/adax.ch\/#organization"},"potentialAction":[{"@type":"SearchAction","target":{"@type":"EntryPoint","urlTemplate":"https:\/\/adax.ch\/?s={search_term_string}"},"query-input":{"@type":"PropertyValueSpecification","valueRequired":true,"valueName":"search_term_string"}}],"inLanguage":"it-IT"},{"@type":"Organization","@id":"https:\/\/adax.ch\/#organization","name":"Adax SA","url":"https:\/\/adax.ch\/","logo":{"@type":"ImageObject","inLanguage":"it-IT","@id":"https:\/\/adax.ch\/#\/schema\/logo\/image\/","url":"https:\/\/adax.ch\/wp-content\/uploads\/2021\/02\/logo-blanc-fond-noir.png","contentUrl":"https:\/\/adax.ch\/wp-content\/uploads\/2021\/02\/logo-blanc-fond-noir.png","width":754,"height":754,"caption":"Adax SA"},"image":{"@id":"https:\/\/adax.ch\/#\/schema\/logo\/image\/"},"sameAs":["https:\/\/www.linkedin.com\/company\/adax-sa\/","https:\/\/www.youtube.com\/channel\/UCajnUraOOGTurqpS0vObYgQ"]}]}},"jetpack_sharing_enabled":true,"_links":{"self":[{"href":"https:\/\/adax.ch\/it\/wp-json\/wp\/v2\/pages\/30008","targetHints":{"allow":["GET"]}}],"collection":[{"href":"https:\/\/adax.ch\/it\/wp-json\/wp\/v2\/pages"}],"about":[{"href":"https:\/\/adax.ch\/it\/wp-json\/wp\/v2\/types\/page"}],"author":[{"embeddable":true,"href":"https:\/\/adax.ch\/it\/wp-json\/wp\/v2\/users\/1"}],"replies":[{"embeddable":true,"href":"https:\/\/adax.ch\/it\/wp-json\/wp\/v2\/comments?post=30008"}],"version-history":[{"count":0,"href":"https:\/\/adax.ch\/it\/wp-json\/wp\/v2\/pages\/30008\/revisions"}],"up":[{"embeddable":true,"href":"https:\/\/adax.ch\/it\/wp-json\/wp\/v2\/pages\/28929"}],"wp:attachment":[{"href":"https:\/\/adax.ch\/it\/wp-json\/wp\/v2\/media?parent=30008"}],"curies":[{"name":"wp","href":"https:\/\/api.w.org\/{rel}","templated":true}]}}