{"id":29993,"date":"2020-02-27T11:28:02","date_gmt":"2020-02-27T10:28:02","guid":{"rendered":"https:\/\/adax.ch\/?page_id=29993"},"modified":"2021-01-19T14:28:56","modified_gmt":"2021-01-19T13:28:56","slug":"tri-0-defauts","status":"publish","type":"page","link":"https:\/\/adax.ch\/it\/adax\/prestation\/tri-0-defauts\/","title":{"rendered":"SELZIONE ZERO DIFETTI"},"content":{"rendered":"\n[et_pb_section fb_built=\u00a0\u00bb1&Prime; _builder_version=\u00a0\u00bb4.6.0&Prime; _module_preset=\u00a0\u00bbdefault\u00a0\u00bb background_video_mp4=\u00a0\u00bbhttps:\/\/adax.ch\/wp-content\/uploads\/2020\/06\/TRI0Defauts.mp4&Prime; custom_padding=\u00a0\u00bb140px||140px||true|\u00a0\u00bb hover_enabled=\u00a0\u00bb0&Prime; title_text=\u00a0\u00bbTRI0Defauts\u00a0\u00bb sticky_enabled=\u00a0\u00bb0&Prime;][et_pb_row _builder_version=\u00a0\u00bb4.6.0&Prime; _module_preset=\u00a0\u00bbdefault\u00a0\u00bb][et_pb_column type=\u00a0\u00bb4_4&Prime; _builder_version=\u00a0\u00bb4.6.0&Prime; _module_preset=\u00a0\u00bbdefault\u00a0\u00bb][\/et_pb_column][\/et_pb_row][\/et_pb_section][et_pb_section fb_built=\u00a0\u00bb1&Prime; _builder_version=\u00a0\u00bb4.3.4&Prime; background_color=\u00a0\u00bb#161E2B\u00a0\u00bb custom_padding=\u00a0\u00bb40px||40px||true|\u00a0\u00bb][et_pb_row _builder_version=\u00a0\u00bb4.3.4&Prime; custom_padding=\u00a0\u00bb38px||38px||true|\u00a0\u00bb][et_pb_column type=\u00a0\u00bb4_4&Prime; _builder_version=\u00a0\u00bb4.3.4&Prime;][et_pb_text _builder_version=\u00a0\u00bb4.4.5&Prime; text_font=\u00a0\u00bbHelveticaNeue||||||||\u00a0\u00bb text_letter_spacing=\u00a0\u00bb2px\u00a0\u00bb header_font=\u00a0\u00bbHelveticaNeue|||on|||||\u00a0\u00bb header_text_color=\u00a0\u00bb#ffffff\u00a0\u00bb header_font_size=\u00a0\u00bb22px\u00a0\u00bb header_letter_spacing=\u00a0\u00bb4px\u00a0\u00bb text_orientation=\u00a0\u00bbcenter\u00a0\u00bb custom_padding=\u00a0\u00bb||39px|||\u00a0\u00bb]<h1 style=\"text-align: center;\">Tri z\u00e9ro d\u00e9faut<\/h1>[\/et_pb_text][et_pb_text _builder_version=\u00a0\u00bb4.4.8&Prime; text_font=\u00a0\u00bbHelveticaNeue||||||||\u00a0\u00bb text_text_color=\u00a0\u00bb#ffffff\u00a0\u00bb text_font_size=\u00a0\u00bb16px\u00a0\u00bb text_letter_spacing=\u00a0\u00bb2px\u00a0\u00bb header_3_font=\u00a0\u00bbHelveticaNeue|||on|||||\u00a0\u00bb header_3_text_color=\u00a0\u00bb#ffffff\u00a0\u00bb header_3_letter_spacing=\u00a0\u00bb2px\u00a0\u00bb text_orientation=\u00a0\u00bbcenter\u00a0\u00bb]<p style=\"text-align: left;\">Ce n\u2019est pas en bout de cha\u00eene de production que doit intervenir le contr\u00f4le de qualit\u00e9 mais tout au long du processus de fabrication.<br \/> Chez ADAX SA, la qualit\u00e9 est l\u2019affaire de tous. Cela d\u00e9bute par l\u2019analyse des risques potentiels (FMEA) qui va d\u00e9terminer les points sensibles du produit et permettre d\u2019adapter l\u2019ensemble du plan de ma\u00eetrise aux r\u00e9elles exigences de la pi\u00e8ce.\u00a0 L\u2019autocontr\u00f4le tout au long du processus et le contr\u00f4le final en bout de cha\u00eene nous permet de garantir le respect des sp\u00e9cifications des produits. Comme dans tout syst\u00e8me qualit\u00e9, les \u00e9ventuels \u00e9carts d\u00e9tect\u00e9s donnent lieu \u00e0 des actions correctives. C\u2019est \u00e9galement \u00e0 ce laboratoire qu\u2019est confi\u00e9e la s\u00e9lection des produits qui portent le label \u00ab Control 100% \u00bb. Gr\u00e2ce \u00e0 notre savoir-faire et notre exp\u00e9rience, nous garantissons que vos produits r\u00e9pondront aux exigences de votre industrie. De la terre \u00e0 l\u2019espace, nous avons \u00e9t\u00e9 \u00e9duqu\u00e9s avec des exigences qualit\u00e9 qui fait aujourd\u2019hui de nous un des leaders dans la fabrication de composants \u00e0 forte valeur ajout\u00e9e.<\/p>[\/et_pb_text][\/et_pb_column][\/et_pb_row][\/et_pb_section]\n","protected":false},"excerpt":{"rendered":"<p>Tri z\u00e9ro d\u00e9fautCe n\u2019est pas en bout de cha\u00eene de production que doit intervenir le contr\u00f4le de qualit\u00e9 mais tout au long du processus de fabrication. Chez ADAX SA, la qualit\u00e9 est l\u2019affaire de tous. Cela d\u00e9bute par l\u2019analyse des risques potentiels (FMEA) qui va d\u00e9terminer les points sensibles du produit et permettre d\u2019adapter l\u2019ensemble [&hellip;]<\/p>\n","protected":false},"author":1,"featured_media":0,"parent":28927,"menu_order":0,"comment_status":"closed","ping_status":"closed","template":"","meta":{"_et_pb_use_builder":"on","_et_pb_old_content":"","_et_gb_content_width":"","footnotes":""},"class_list":["post-29993","page","type-page","status-publish","hentry"],"yoast_head":"<!-- This site is optimized with the Yoast SEO Premium plugin v21.1 (Yoast SEO v27.4) - https:\/\/yoast.com\/product\/yoast-seo-premium-wordpress\/ -->\n<title>Tri z\u00e9ro d\u00e9faut - Adax<\/title>\n<meta name=\"description\" content=\"Control 100% - C\u2019est \u00e9galement \u00e0 ce laboratoire qu\u2019est confi\u00e9e la s\u00e9lection des produits qui portent le label \u00ab z\u00e9ro d\u00e9fauts ou Control 100% \u00bb . Gr\u00e2ce \u00e0 notre savoir-faire et notre exp\u00e9rience, nous garantissons que vos produits r\u00e9pondront aux exigences de votre industrie. De la terre \u00e0 l\u2019espace, nous avons \u00e9t\u00e9 \u00e9duqu\u00e9s avec des exigences qualit\u00e9 qui fait aujourd\u2019hui de nous un des leaders dans la fabrication de composants \u00e0 forte valeur ajout\u00e9e\" \/>\n<meta name=\"robots\" content=\"index, follow, max-snippet:-1, max-image-preview:large, max-video-preview:-1\" \/>\n<link rel=\"canonical\" href=\"https:\/\/adax.ch\/it\/adax\/prestation\/tri-0-defauts\/\" \/>\n<meta property=\"og:locale\" content=\"it_IT\" \/>\n<meta property=\"og:type\" content=\"article\" \/>\n<meta property=\"og:title\" content=\"Tri z\u00e9ro d\u00e9faut\" \/>\n<meta property=\"og:description\" content=\"Control 100% - C\u2019est \u00e9galement \u00e0 ce laboratoire qu\u2019est confi\u00e9e la s\u00e9lection des produits qui portent le label \u00ab z\u00e9ro d\u00e9fauts ou Control 100% \u00bb . Gr\u00e2ce \u00e0 notre savoir-faire et notre exp\u00e9rience, nous garantissons que vos produits r\u00e9pondront aux exigences de votre industrie. De la terre \u00e0 l\u2019espace, nous avons \u00e9t\u00e9 \u00e9duqu\u00e9s avec des exigences qualit\u00e9 qui fait aujourd\u2019hui de nous un des leaders dans la fabrication de composants \u00e0 forte valeur ajout\u00e9e\" \/>\n<meta property=\"og:url\" content=\"https:\/\/adax.ch\/it\/adax\/prestation\/tri-0-defauts\/\" \/>\n<meta property=\"og:site_name\" content=\"Adax\" \/>\n<meta property=\"article:modified_time\" content=\"2021-01-19T13:28:56+00:00\" \/>\n<meta name=\"twitter:card\" content=\"summary_large_image\" \/>\n<meta name=\"twitter:label1\" content=\"Tempo di lettura stimato\" \/>\n\t<meta name=\"twitter:data1\" content=\"1 minuto\" \/>\n<script type=\"application\/ld+json\" class=\"yoast-schema-graph\">{\"@context\":\"https:\\\/\\\/schema.org\",\"@graph\":[{\"@type\":\"WebPage\",\"@id\":\"https:\\\/\\\/adax.ch\\\/adax\\\/prestation\\\/tri-0-defauts\\\/\",\"url\":\"https:\\\/\\\/adax.ch\\\/adax\\\/prestation\\\/tri-0-defauts\\\/\",\"name\":\"Tri z\u00e9ro d\u00e9faut - Adax\",\"isPartOf\":{\"@id\":\"https:\\\/\\\/adax.ch\\\/#website\"},\"datePublished\":\"2020-02-27T10:28:02+00:00\",\"dateModified\":\"2021-01-19T13:28:56+00:00\",\"description\":\"Control 100% - C\u2019est \u00e9galement \u00e0 ce laboratoire qu\u2019est confi\u00e9e la s\u00e9lection des produits qui portent le label \u00ab z\u00e9ro d\u00e9fauts ou Control 100% \u00bb . Gr\u00e2ce \u00e0 notre savoir-faire et notre exp\u00e9rience, nous garantissons que vos produits r\u00e9pondront aux exigences de votre industrie. De la terre \u00e0 l\u2019espace, nous avons \u00e9t\u00e9 \u00e9duqu\u00e9s avec des exigences qualit\u00e9 qui fait aujourd\u2019hui de nous un des leaders dans la fabrication de composants \u00e0 forte valeur ajout\u00e9e\",\"breadcrumb\":{\"@id\":\"https:\\\/\\\/adax.ch\\\/adax\\\/prestation\\\/tri-0-defauts\\\/#breadcrumb\"},\"inLanguage\":\"it-IT\",\"potentialAction\":[{\"@type\":\"ReadAction\",\"target\":[\"https:\\\/\\\/adax.ch\\\/adax\\\/prestation\\\/tri-0-defauts\\\/\"]}]},{\"@type\":\"BreadcrumbList\",\"@id\":\"https:\\\/\\\/adax.ch\\\/adax\\\/prestation\\\/tri-0-defauts\\\/#breadcrumb\",\"itemListElement\":[{\"@type\":\"ListItem\",\"position\":1,\"name\":\"Accueil\",\"item\":\"https:\\\/\\\/adax.ch\\\/\"},{\"@type\":\"ListItem\",\"position\":2,\"name\":\"ADAX\",\"item\":\"https:\\\/\\\/adax.ch\\\/\"},{\"@type\":\"ListItem\",\"position\":3,\"name\":\"Prestation\",\"item\":\"https:\\\/\\\/adax.ch\\\/adax\\\/prestation\\\/\"},{\"@type\":\"ListItem\",\"position\":4,\"name\":\"Tri z\u00e9ro d\u00e9faut\"}]},{\"@type\":\"WebSite\",\"@id\":\"https:\\\/\\\/adax.ch\\\/#website\",\"url\":\"https:\\\/\\\/adax.ch\\\/\",\"name\":\"Adax\",\"description\":\"FROM EARTH TO SPACE\",\"publisher\":{\"@id\":\"https:\\\/\\\/adax.ch\\\/#organization\"},\"potentialAction\":[{\"@type\":\"SearchAction\",\"target\":{\"@type\":\"EntryPoint\",\"urlTemplate\":\"https:\\\/\\\/adax.ch\\\/?s={search_term_string}\"},\"query-input\":{\"@type\":\"PropertyValueSpecification\",\"valueRequired\":true,\"valueName\":\"search_term_string\"}}],\"inLanguage\":\"it-IT\"},{\"@type\":\"Organization\",\"@id\":\"https:\\\/\\\/adax.ch\\\/#organization\",\"name\":\"Adax SA\",\"url\":\"https:\\\/\\\/adax.ch\\\/\",\"logo\":{\"@type\":\"ImageObject\",\"inLanguage\":\"it-IT\",\"@id\":\"https:\\\/\\\/adax.ch\\\/#\\\/schema\\\/logo\\\/image\\\/\",\"url\":\"https:\\\/\\\/adax.ch\\\/wp-content\\\/uploads\\\/2021\\\/02\\\/logo-blanc-fond-noir.png\",\"contentUrl\":\"https:\\\/\\\/adax.ch\\\/wp-content\\\/uploads\\\/2021\\\/02\\\/logo-blanc-fond-noir.png\",\"width\":754,\"height\":754,\"caption\":\"Adax SA\"},\"image\":{\"@id\":\"https:\\\/\\\/adax.ch\\\/#\\\/schema\\\/logo\\\/image\\\/\"},\"sameAs\":[\"https:\\\/\\\/www.linkedin.com\\\/company\\\/adax-sa\\\/\",\"https:\\\/\\\/www.youtube.com\\\/channel\\\/UCajnUraOOGTurqpS0vObYgQ\"]}]}<\/script>\n<!-- \/ Yoast SEO Premium plugin. -->","yoast_head_json":{"title":"Tri z\u00e9ro d\u00e9faut - Adax","description":"Control 100% - C\u2019est \u00e9galement \u00e0 ce laboratoire qu\u2019est confi\u00e9e la s\u00e9lection des produits qui portent le label \u00ab z\u00e9ro d\u00e9fauts ou Control 100% \u00bb . Gr\u00e2ce \u00e0 notre savoir-faire et notre exp\u00e9rience, nous garantissons que vos produits r\u00e9pondront aux exigences de votre industrie. De la terre \u00e0 l\u2019espace, nous avons \u00e9t\u00e9 \u00e9duqu\u00e9s avec des exigences qualit\u00e9 qui fait aujourd\u2019hui de nous un des leaders dans la fabrication de composants \u00e0 forte valeur ajout\u00e9e","robots":{"index":"index","follow":"follow","max-snippet":"max-snippet:-1","max-image-preview":"max-image-preview:large","max-video-preview":"max-video-preview:-1"},"canonical":"https:\/\/adax.ch\/it\/adax\/prestation\/tri-0-defauts\/","og_locale":"it_IT","og_type":"article","og_title":"Tri z\u00e9ro d\u00e9faut","og_description":"Control 100% - C\u2019est \u00e9galement \u00e0 ce laboratoire qu\u2019est confi\u00e9e la s\u00e9lection des produits qui portent le label \u00ab z\u00e9ro d\u00e9fauts ou Control 100% \u00bb . Gr\u00e2ce \u00e0 notre savoir-faire et notre exp\u00e9rience, nous garantissons que vos produits r\u00e9pondront aux exigences de votre industrie. De la terre \u00e0 l\u2019espace, nous avons \u00e9t\u00e9 \u00e9duqu\u00e9s avec des exigences qualit\u00e9 qui fait aujourd\u2019hui de nous un des leaders dans la fabrication de composants \u00e0 forte valeur ajout\u00e9e","og_url":"https:\/\/adax.ch\/it\/adax\/prestation\/tri-0-defauts\/","og_site_name":"Adax","article_modified_time":"2021-01-19T13:28:56+00:00","twitter_card":"summary_large_image","twitter_misc":{"Tempo di lettura stimato":"1 minuto"},"schema":{"@context":"https:\/\/schema.org","@graph":[{"@type":"WebPage","@id":"https:\/\/adax.ch\/adax\/prestation\/tri-0-defauts\/","url":"https:\/\/adax.ch\/adax\/prestation\/tri-0-defauts\/","name":"Tri z\u00e9ro d\u00e9faut - Adax","isPartOf":{"@id":"https:\/\/adax.ch\/#website"},"datePublished":"2020-02-27T10:28:02+00:00","dateModified":"2021-01-19T13:28:56+00:00","description":"Control 100% - C\u2019est \u00e9galement \u00e0 ce laboratoire qu\u2019est confi\u00e9e la s\u00e9lection des produits qui portent le label \u00ab z\u00e9ro d\u00e9fauts ou Control 100% \u00bb . Gr\u00e2ce \u00e0 notre savoir-faire et notre exp\u00e9rience, nous garantissons que vos produits r\u00e9pondront aux exigences de votre industrie. De la terre \u00e0 l\u2019espace, nous avons \u00e9t\u00e9 \u00e9duqu\u00e9s avec des exigences qualit\u00e9 qui fait aujourd\u2019hui de nous un des leaders dans la fabrication de composants \u00e0 forte valeur ajout\u00e9e","breadcrumb":{"@id":"https:\/\/adax.ch\/adax\/prestation\/tri-0-defauts\/#breadcrumb"},"inLanguage":"it-IT","potentialAction":[{"@type":"ReadAction","target":["https:\/\/adax.ch\/adax\/prestation\/tri-0-defauts\/"]}]},{"@type":"BreadcrumbList","@id":"https:\/\/adax.ch\/adax\/prestation\/tri-0-defauts\/#breadcrumb","itemListElement":[{"@type":"ListItem","position":1,"name":"Accueil","item":"https:\/\/adax.ch\/"},{"@type":"ListItem","position":2,"name":"ADAX","item":"https:\/\/adax.ch\/"},{"@type":"ListItem","position":3,"name":"Prestation","item":"https:\/\/adax.ch\/adax\/prestation\/"},{"@type":"ListItem","position":4,"name":"Tri z\u00e9ro d\u00e9faut"}]},{"@type":"WebSite","@id":"https:\/\/adax.ch\/#website","url":"https:\/\/adax.ch\/","name":"Adax","description":"FROM EARTH TO SPACE","publisher":{"@id":"https:\/\/adax.ch\/#organization"},"potentialAction":[{"@type":"SearchAction","target":{"@type":"EntryPoint","urlTemplate":"https:\/\/adax.ch\/?s={search_term_string}"},"query-input":{"@type":"PropertyValueSpecification","valueRequired":true,"valueName":"search_term_string"}}],"inLanguage":"it-IT"},{"@type":"Organization","@id":"https:\/\/adax.ch\/#organization","name":"Adax SA","url":"https:\/\/adax.ch\/","logo":{"@type":"ImageObject","inLanguage":"it-IT","@id":"https:\/\/adax.ch\/#\/schema\/logo\/image\/","url":"https:\/\/adax.ch\/wp-content\/uploads\/2021\/02\/logo-blanc-fond-noir.png","contentUrl":"https:\/\/adax.ch\/wp-content\/uploads\/2021\/02\/logo-blanc-fond-noir.png","width":754,"height":754,"caption":"Adax SA"},"image":{"@id":"https:\/\/adax.ch\/#\/schema\/logo\/image\/"},"sameAs":["https:\/\/www.linkedin.com\/company\/adax-sa\/","https:\/\/www.youtube.com\/channel\/UCajnUraOOGTurqpS0vObYgQ"]}]}},"jetpack_sharing_enabled":true,"_links":{"self":[{"href":"https:\/\/adax.ch\/it\/wp-json\/wp\/v2\/pages\/29993","targetHints":{"allow":["GET"]}}],"collection":[{"href":"https:\/\/adax.ch\/it\/wp-json\/wp\/v2\/pages"}],"about":[{"href":"https:\/\/adax.ch\/it\/wp-json\/wp\/v2\/types\/page"}],"author":[{"embeddable":true,"href":"https:\/\/adax.ch\/it\/wp-json\/wp\/v2\/users\/1"}],"replies":[{"embeddable":true,"href":"https:\/\/adax.ch\/it\/wp-json\/wp\/v2\/comments?post=29993"}],"version-history":[{"count":0,"href":"https:\/\/adax.ch\/it\/wp-json\/wp\/v2\/pages\/29993\/revisions"}],"up":[{"embeddable":true,"href":"https:\/\/adax.ch\/it\/wp-json\/wp\/v2\/pages\/28927"}],"wp:attachment":[{"href":"https:\/\/adax.ch\/it\/wp-json\/wp\/v2\/media?parent=29993"}],"curies":[{"name":"wp","href":"https:\/\/api.w.org\/{rel}","templated":true}]}}