{"id":29194,"date":"2019-09-25T13:25:02","date_gmt":"2019-09-25T11:25:02","guid":{"rendered":"https:\/\/adax.ch\/?page_id=29194"},"modified":"2021-01-19T13:55:23","modified_gmt":"2021-01-19T12:55:23","slug":"matieres-utilisees","status":"publish","type":"page","link":"https:\/\/adax.ch\/it\/adax\/produits\/matieres-utilisees\/","title":{"rendered":"MATERIALE UTILIZZATI"},"content":{"rendered":"\n[et_pb_section fb_built=\u00a0\u00bb1&Prime; fullwidth=\u00a0\u00bbon\u00a0\u00bb disabled_on=\u00a0\u00bbon|off|off\u00a0\u00bb _builder_version=\u00a0\u00bb4.6.0&Prime; background_enable_image=\u00a0\u00bboff\u00a0\u00bb][et_pb_fullwidth_slider _builder_version=\u00a0\u00bb4.4.8&Prime; header_font=\u00a0\u00bb||||||||\u00a0\u00bb custom_padding=\u00a0\u00bb188px||188px||true|\u00a0\u00bb][et_pb_slide _builder_version=\u00a0\u00bb4.4.8&Prime; header_level=\u00a0\u00bbh1&Prime; header_font=\u00a0\u00bbHelveticaNeue|300||on|||||\u00a0\u00bb header_text_align=\u00a0\u00bbcenter\u00a0\u00bb header_font_size=\u00a0\u00bb22px\u00a0\u00bb header_letter_spacing=\u00a0\u00bb4px\u00a0\u00bb background_color=\u00a0\u00bbrgba(0,0,0,0.49)\u00a0\u00bb background_image=\u00a0\u00bbhttps:\/\/adax.ch\/wp-content\/uploads\/2020\/06\/matie\u0300re-utilise\u0301e.png\u00a0\u00bb background_enable_image=\u00a0\u00bbon\u00a0\u00bb background_size=\u00a0\u00bbinitial\u00a0\u00bb sticky_transition=\u00a0\u00bbon\u00a0\u00bb][\/et_pb_slide][\/et_pb_fullwidth_slider][\/et_pb_section][et_pb_section fb_built=\u00a0\u00bb1&Prime; fullwidth=\u00a0\u00bbon\u00a0\u00bb disabled_on=\u00a0\u00bboff|on|on\u00a0\u00bb _builder_version=\u00a0\u00bb4.6.0&Prime; background_enable_image=\u00a0\u00bboff\u00a0\u00bb][et_pb_fullwidth_slider _builder_version=\u00a0\u00bb4.6.0&Prime; header_font=\u00a0\u00bb||||||||\u00a0\u00bb custom_padding=\u00a0\u00bb188px||188px||true|\u00a0\u00bb][et_pb_slide _builder_version=\u00a0\u00bb4.6.0&Prime; header_level=\u00a0\u00bbh1&Prime; header_font=\u00a0\u00bbHelveticaNeue|300||on|||||\u00a0\u00bb header_text_align=\u00a0\u00bbcenter\u00a0\u00bb header_font_size=\u00a0\u00bb22px\u00a0\u00bb header_letter_spacing=\u00a0\u00bb4px\u00a0\u00bb background_color=\u00a0\u00bbrgba(0,0,0,0.49)\u00a0\u00bb background_image=\u00a0\u00bbhttps:\/\/adax.ch\/wp-content\/uploads\/2020\/09\/production-matie\u0300re-utilise\u0301es.png\u00a0\u00bb background_enable_image=\u00a0\u00bbon\u00a0\u00bb background_size=\u00a0\u00bbinitial\u00a0\u00bb sticky_transition=\u00a0\u00bbon\u00a0\u00bb][\/et_pb_slide][\/et_pb_fullwidth_slider][\/et_pb_section][et_pb_section fb_built=\u00a0\u00bb1&Prime; _builder_version=\u00a0\u00bb4.4.5&Prime; background_color=\u00a0\u00bb#000000&Prime; custom_padding=\u00a0\u00bb40px||0px||false|\u00a0\u00bb][et_pb_row _builder_version=\u00a0\u00bb3.25.4&Prime; custom_padding=\u00a0\u00bb38px|||||\u00a0\u00bb][et_pb_column type=\u00a0\u00bb4_4&Prime; _builder_version=\u00a0\u00bb3.25.4&Prime;][et_pb_text _builder_version=\u00a0\u00bb4.4.5&Prime; header_font=\u00a0\u00bbHelveticaNeue|300||on|||||\u00a0\u00bb header_text_color=\u00a0\u00bb#ffffff\u00a0\u00bb header_font_size=\u00a0\u00bb22px\u00a0\u00bb header_letter_spacing=\u00a0\u00bb4px\u00a0\u00bb header_2_font=\u00a0\u00bbHelveticaNeue|300||on|||||\u00a0\u00bb header_2_text_color=\u00a0\u00bb#ffffff\u00a0\u00bb]<h1 style=\"text-align: center;\">Mati\u00e8res utilis\u00e9es<\/h1>[\/et_pb_text][\/et_pb_column][\/et_pb_row][\/et_pb_section][et_pb_section fb_built=\u00a0\u00bb1&Prime; _builder_version=\u00a0\u00bb4.4.5&Prime; background_enable_color=\u00a0\u00bboff\u00a0\u00bb use_background_color_gradient=\u00a0\u00bbon\u00a0\u00bb background_color_gradient_start=\u00a0\u00bb#000000&Prime; background_color_gradient_end=\u00a0\u00bbrgba(0,0,0,0.03)\u00a0\u00bb background_image=\u00a0\u00bbhttps:\/\/adax.ch\/wp-content\/uploads\/2020\/05\/Bois-noir.png\u00a0\u00bb background_blend=\u00a0\u00bboverlay\u00a0\u00bb custom_padding=\u00a0\u00bb7px||2px||false|\u00a0\u00bb][et_pb_row _builder_version=\u00a0\u00bb3.25.4&Prime; custom_padding=\u00a0\u00bb0px|||||\u00a0\u00bb][et_pb_column type=\u00a0\u00bb4_4&Prime; _builder_version=\u00a0\u00bb3.25.4&Prime;][et_pb_text _builder_version=\u00a0\u00bb4.6.0&Prime; text_font=\u00a0\u00bbHelveticaNeue||||||||\u00a0\u00bb text_text_color=\u00a0\u00bb#ffffff\u00a0\u00bb text_font_size=\u00a0\u00bb16px\u00a0\u00bb text_letter_spacing=\u00a0\u00bb2px\u00a0\u00bb width=\u00a0\u00bb100%\u00a0\u00bb max_width=\u00a0\u00bb100%\u00a0\u00bb custom_padding=\u00a0\u00bb0px||0px||true|\u00a0\u00bb]<p style=\"text-align: left;\">La fabrication de pi\u00e8ces m\u00e9caniques destin\u00e9es \u00e0 un usage industriel est un domaine r\u00e9serv\u00e9 aux experts. En effet, les rudes conditions auxquelles seront soumis les \u00e9l\u00e9ments cr\u00e9\u00e9s au cours de leur utilisation et leur vie imposent qu\u2019ils soient con\u00e7us suivant des m\u00e9thodes pr\u00e9cises d\u2019une part, et \u00e0 partir de mat\u00e9riaux sp\u00e9cifiques d\u2019autre part.<br \/> Le succ\u00e8s de toute pi\u00e8ce de pr\u00e9cision commence par la qualit\u00e9 et le choix de la mati\u00e8re premi\u00e8re. Chaque alliage poss\u00e8de des caract\u00e9ristiques uniques qui exigent l\u2019exp\u00e9rience dans la fabrication et dans les diff\u00e9rents traitements afin de d\u00e9terminer le meilleur processus de fabrication.<br \/> Chez ADAX SA, nous sommes \u00e0 m\u00eame pour vous conseiller sur des choix de mati\u00e8res premi\u00e8res en fonction de la typologie et l\u2019application finale du composant.<br \/> Afin de garantir la tra\u00e7abilit\u00e9 de la mati\u00e8re utilis\u00e9e, un certificat de mati\u00e8re est syst\u00e9matiquement fourni avec les pi\u00e8ces livr\u00e9es.<\/p>\n<p style=\"text-align: left;\"><strong>Nous travaillons principalement les mati\u00e8res suivantes :<\/strong><\/p>[\/et_pb_text][\/et_pb_column][\/et_pb_row][et_pb_row column_structure=\u00a0\u00bb1_6,1_6,1_6,1_6,1_6,1_6&Prime; use_custom_gutter=\u00a0\u00bbon\u00a0\u00bb gutter_width=\u00a0\u00bb2&Prime; _builder_version=\u00a0\u00bb4.4.5&Prime;][et_pb_column type=\u00a0\u00bb1_6&Prime; _builder_version=\u00a0\u00bb4.3.4&Prime;][et_pb_image src=\u00a0\u00bbhttps:\/\/adax.ch\/wp-content\/uploads\/2020\/05\/Acier.png\u00a0\u00bb title_text=\u00a0\u00bbAcier\u00a0\u00bb align=\u00a0\u00bbcenter\u00a0\u00bb _builder_version=\u00a0\u00bb4.4.5&Prime;][\/et_pb_image][et_pb_text _builder_version=\u00a0\u00bb4.4.8&Prime; text_font=\u00a0\u00bbHelveticaNeue|||on|||||\u00a0\u00bb text_text_color=\u00a0\u00bb#ffffff\u00a0\u00bb text_font_size=\u00a0\u00bb18px\u00a0\u00bb text_line_height=\u00a0\u00bb2.3em\u00a0\u00bb]<p style=\"text-align: center;\">Tungst\u00e8ne<\/p>[\/et_pb_text][\/et_pb_column][et_pb_column type=\u00a0\u00bb1_6&Prime; _builder_version=\u00a0\u00bb4.3.4&Prime;][et_pb_image src=\u00a0\u00bbhttps:\/\/adax.ch\/wp-content\/uploads\/2020\/05\/Inox.png\u00a0\u00bb title_text=\u00a0\u00bbInox\u00a0\u00bb align=\u00a0\u00bbcenter\u00a0\u00bb _builder_version=\u00a0\u00bb4.4.5&Prime;][\/et_pb_image][et_pb_text _builder_version=\u00a0\u00bb4.4.8&Prime; text_font=\u00a0\u00bbHelveticaNeue|||on|||||\u00a0\u00bb text_text_color=\u00a0\u00bb#ffffff\u00a0\u00bb text_font_size=\u00a0\u00bb18px\u00a0\u00bb text_line_height=\u00a0\u00bb2.3em\u00a0\u00bb header_text_color=\u00a0\u00bb#ffffff\u00a0\u00bb]<p style=\"text-align: center;\">Acier, Acier INOX<\/p>[\/et_pb_text][\/et_pb_column][et_pb_column type=\u00a0\u00bb1_6&Prime; _builder_version=\u00a0\u00bb4.3.4&Prime;][et_pb_image src=\u00a0\u00bbhttps:\/\/adax.ch\/wp-content\/uploads\/2020\/05\/Laiton.png\u00a0\u00bb title_text=\u00a0\u00bbLaiton\u00a0\u00bb align=\u00a0\u00bbcenter\u00a0\u00bb _builder_version=\u00a0\u00bb4.4.5&Prime;][\/et_pb_image][et_pb_text _builder_version=\u00a0\u00bb4.4.5&Prime; text_font=\u00a0\u00bbHelveticaNeue|||on|||||\u00a0\u00bb text_text_color=\u00a0\u00bb#ffffff\u00a0\u00bb text_font_size=\u00a0\u00bb18px\u00a0\u00bb text_line_height=\u00a0\u00bb2.3em\u00a0\u00bb]<p style=\"text-align: center;\">Laiton<\/p>[\/et_pb_text][\/et_pb_column][et_pb_column type=\u00a0\u00bb1_6&Prime; _builder_version=\u00a0\u00bb4.3.4&Prime;][et_pb_image src=\u00a0\u00bbhttps:\/\/adax.ch\/wp-content\/uploads\/2020\/05\/Aluminium.png\u00a0\u00bb title_text=\u00a0\u00bbAluminium\u00a0\u00bb align=\u00a0\u00bbcenter\u00a0\u00bb _builder_version=\u00a0\u00bb4.4.5&Prime;][\/et_pb_image][et_pb_text _builder_version=\u00a0\u00bb4.4.8&Prime; text_font=\u00a0\u00bbHelveticaNeue|||on|||||\u00a0\u00bb text_text_color=\u00a0\u00bb#ffffff\u00a0\u00bb text_font_size=\u00a0\u00bb18px\u00a0\u00bb text_line_height=\u00a0\u00bb2.3em\u00a0\u00bb]<p style=\"text-align: center;\">Aluminium<\/p>[\/et_pb_text][\/et_pb_column][et_pb_column type=\u00a0\u00bb1_6&Prime; _builder_version=\u00a0\u00bb4.3.4&Prime;][et_pb_image src=\u00a0\u00bbhttps:\/\/adax.ch\/wp-content\/uploads\/2020\/05\/Bronze.png\u00a0\u00bb title_text=\u00a0\u00bbBronze\u00a0\u00bb align=\u00a0\u00bbcenter\u00a0\u00bb _builder_version=\u00a0\u00bb4.4.5&Prime;][\/et_pb_image][et_pb_text _builder_version=\u00a0\u00bb4.4.5&Prime; text_font=\u00a0\u00bbHelveticaNeue|||on|||||\u00a0\u00bb text_text_color=\u00a0\u00bb#ffffff\u00a0\u00bb text_font_size=\u00a0\u00bb18px\u00a0\u00bb text_line_height=\u00a0\u00bb2.3em\u00a0\u00bb]<p style=\"text-align: center;\">Bronze<\/p>[\/et_pb_text][\/et_pb_column][et_pb_column type=\u00a0\u00bb1_6&Prime; _builder_version=\u00a0\u00bb4.3.4&Prime;][et_pb_image src=\u00a0\u00bbhttps:\/\/adax.ch\/wp-content\/uploads\/2020\/05\/Titane.png\u00a0\u00bb title_text=\u00a0\u00bbTitane\u00a0\u00bb align=\u00a0\u00bbcenter\u00a0\u00bb _builder_version=\u00a0\u00bb4.4.5&Prime;][\/et_pb_image][et_pb_text _builder_version=\u00a0\u00bb4.4.5&Prime; text_font=\u00a0\u00bbHelveticaNeue|||on|||||\u00a0\u00bb text_text_color=\u00a0\u00bb#ffffff\u00a0\u00bb text_font_size=\u00a0\u00bb18px\u00a0\u00bb text_line_height=\u00a0\u00bb2.3em\u00a0\u00bb]<p style=\"text-align: center;\">Titane<\/p>[\/et_pb_text][\/et_pb_column][\/et_pb_row][et_pb_row _builder_version=\u00a0\u00bb4.3.4&Prime;][et_pb_column type=\u00a0\u00bb4_4&Prime; _builder_version=\u00a0\u00bb4.3.4&Prime;][et_pb_text _builder_version=\u00a0\u00bb4.4.5&Prime; text_font=\u00a0\u00bbHelveticaNeue||||||||\u00a0\u00bb text_text_color=\u00a0\u00bb#ffffff\u00a0\u00bb text_letter_spacing=\u00a0\u00bb2px\u00a0\u00bb]<p class=\"p1\" style=\"text-align: right;\"><span class=\"s1\">* D\u2019autres mati\u00e8res usinables sur demande<\/span><\/p>[\/et_pb_text][\/et_pb_column][\/et_pb_row][\/et_pb_section]\n","protected":false},"excerpt":{"rendered":"<p>Mati\u00e8res utilis\u00e9esLa fabrication de pi\u00e8ces m\u00e9caniques destin\u00e9es \u00e0 un usage industriel est un domaine r\u00e9serv\u00e9 aux experts. En effet, les rudes conditions auxquelles seront soumis les \u00e9l\u00e9ments cr\u00e9\u00e9s au cours de leur utilisation et leur vie imposent qu\u2019ils soient con\u00e7us suivant des m\u00e9thodes pr\u00e9cises d\u2019une part, et \u00e0 partir de mat\u00e9riaux sp\u00e9cifiques d\u2019autre part. Le [&hellip;]<\/p>\n","protected":false},"author":1,"featured_media":0,"parent":28929,"menu_order":0,"comment_status":"closed","ping_status":"closed","template":"","meta":{"_et_pb_use_builder":"on","_et_pb_old_content":"","_et_gb_content_width":"","footnotes":""},"class_list":["post-29194","page","type-page","status-publish","hentry"],"yoast_head":"<!-- This site is optimized with the Yoast SEO Premium plugin v21.1 (Yoast SEO v27.4) - https:\/\/yoast.com\/product\/yoast-seo-premium-wordpress\/ -->\n<title>Mati\u00e8res utilis\u00e9es - Adax<\/title>\n<meta name=\"description\" content=\"Le succ\u00e8s de toute pi\u00e8ce de pr\u00e9cision commence par la qualit\u00e9 et le choix de la mati\u00e8re premi\u00e8re. Chaque alliage poss\u00e8de des caract\u00e9ristiques uniques qui exigent l\u2019exp\u00e9rience dans la fabrication et dans les diff\u00e9rents traitements afin de d\u00e9terminer le meilleur processus de fabrication. Mati\u00e8re utilis\u00e9e: TUNGST\u00c8NE, ACIER, ACIER INOX, LAITON, ALUMINIUM, BRONZE, TITANE\" \/>\n<meta name=\"robots\" content=\"index, follow, max-snippet:-1, max-image-preview:large, max-video-preview:-1\" \/>\n<link rel=\"canonical\" href=\"https:\/\/adax.ch\/it\/adax\/produits\/matieres-utilisees\/\" \/>\n<meta property=\"og:locale\" content=\"it_IT\" \/>\n<meta property=\"og:type\" content=\"article\" \/>\n<meta property=\"og:title\" content=\"Mati\u00e8res utilis\u00e9es\" \/>\n<meta property=\"og:description\" content=\"Le succ\u00e8s de toute pi\u00e8ce de pr\u00e9cision commence par la qualit\u00e9 et le choix de la mati\u00e8re premi\u00e8re. Chaque alliage poss\u00e8de des caract\u00e9ristiques uniques qui exigent l\u2019exp\u00e9rience dans la fabrication et dans les diff\u00e9rents traitements afin de d\u00e9terminer le meilleur processus de fabrication. Mati\u00e8re utilis\u00e9e: TUNGST\u00c8NE, ACIER, ACIER INOX, LAITON, ALUMINIUM, BRONZE, TITANE\" \/>\n<meta property=\"og:url\" content=\"https:\/\/adax.ch\/it\/adax\/produits\/matieres-utilisees\/\" \/>\n<meta property=\"og:site_name\" content=\"Adax\" \/>\n<meta property=\"article:modified_time\" content=\"2021-01-19T12:55:23+00:00\" \/>\n<meta name=\"twitter:card\" content=\"summary_large_image\" \/>\n<meta name=\"twitter:label1\" content=\"Tempo di lettura stimato\" \/>\n\t<meta name=\"twitter:data1\" content=\"2 minuti\" \/>\n<script type=\"application\/ld+json\" class=\"yoast-schema-graph\">{\"@context\":\"https:\\\/\\\/schema.org\",\"@graph\":[{\"@type\":\"WebPage\",\"@id\":\"https:\\\/\\\/adax.ch\\\/adax\\\/produits\\\/matieres-utilisees\\\/\",\"url\":\"https:\\\/\\\/adax.ch\\\/adax\\\/produits\\\/matieres-utilisees\\\/\",\"name\":\"Mati\u00e8res utilis\u00e9es - Adax\",\"isPartOf\":{\"@id\":\"https:\\\/\\\/adax.ch\\\/#website\"},\"datePublished\":\"2019-09-25T11:25:02+00:00\",\"dateModified\":\"2021-01-19T12:55:23+00:00\",\"description\":\"Le succ\u00e8s de toute pi\u00e8ce de pr\u00e9cision commence par la qualit\u00e9 et le choix de la mati\u00e8re premi\u00e8re. Chaque alliage poss\u00e8de des caract\u00e9ristiques uniques qui exigent l\u2019exp\u00e9rience dans la fabrication et dans les diff\u00e9rents traitements afin de d\u00e9terminer le meilleur processus de fabrication. Mati\u00e8re utilis\u00e9e: TUNGST\u00c8NE, ACIER, ACIER INOX, LAITON, ALUMINIUM, BRONZE, TITANE\",\"breadcrumb\":{\"@id\":\"https:\\\/\\\/adax.ch\\\/adax\\\/produits\\\/matieres-utilisees\\\/#breadcrumb\"},\"inLanguage\":\"it-IT\",\"potentialAction\":[{\"@type\":\"ReadAction\",\"target\":[\"https:\\\/\\\/adax.ch\\\/adax\\\/produits\\\/matieres-utilisees\\\/\"]}]},{\"@type\":\"BreadcrumbList\",\"@id\":\"https:\\\/\\\/adax.ch\\\/adax\\\/produits\\\/matieres-utilisees\\\/#breadcrumb\",\"itemListElement\":[{\"@type\":\"ListItem\",\"position\":1,\"name\":\"Accueil\",\"item\":\"https:\\\/\\\/adax.ch\\\/\"},{\"@type\":\"ListItem\",\"position\":2,\"name\":\"ADAX\",\"item\":\"https:\\\/\\\/adax.ch\\\/\"},{\"@type\":\"ListItem\",\"position\":3,\"name\":\"Produits\",\"item\":\"https:\\\/\\\/adax.ch\\\/adax\\\/produits\\\/\"},{\"@type\":\"ListItem\",\"position\":4,\"name\":\"Mati\u00e8res utilis\u00e9es\"}]},{\"@type\":\"WebSite\",\"@id\":\"https:\\\/\\\/adax.ch\\\/#website\",\"url\":\"https:\\\/\\\/adax.ch\\\/\",\"name\":\"Adax\",\"description\":\"FROM EARTH TO SPACE\",\"publisher\":{\"@id\":\"https:\\\/\\\/adax.ch\\\/#organization\"},\"potentialAction\":[{\"@type\":\"SearchAction\",\"target\":{\"@type\":\"EntryPoint\",\"urlTemplate\":\"https:\\\/\\\/adax.ch\\\/?s={search_term_string}\"},\"query-input\":{\"@type\":\"PropertyValueSpecification\",\"valueRequired\":true,\"valueName\":\"search_term_string\"}}],\"inLanguage\":\"it-IT\"},{\"@type\":\"Organization\",\"@id\":\"https:\\\/\\\/adax.ch\\\/#organization\",\"name\":\"Adax SA\",\"url\":\"https:\\\/\\\/adax.ch\\\/\",\"logo\":{\"@type\":\"ImageObject\",\"inLanguage\":\"it-IT\",\"@id\":\"https:\\\/\\\/adax.ch\\\/#\\\/schema\\\/logo\\\/image\\\/\",\"url\":\"https:\\\/\\\/adax.ch\\\/wp-content\\\/uploads\\\/2021\\\/02\\\/logo-blanc-fond-noir.png\",\"contentUrl\":\"https:\\\/\\\/adax.ch\\\/wp-content\\\/uploads\\\/2021\\\/02\\\/logo-blanc-fond-noir.png\",\"width\":754,\"height\":754,\"caption\":\"Adax SA\"},\"image\":{\"@id\":\"https:\\\/\\\/adax.ch\\\/#\\\/schema\\\/logo\\\/image\\\/\"},\"sameAs\":[\"https:\\\/\\\/www.linkedin.com\\\/company\\\/adax-sa\\\/\",\"https:\\\/\\\/www.youtube.com\\\/channel\\\/UCajnUraOOGTurqpS0vObYgQ\"]}]}<\/script>\n<!-- \/ Yoast SEO Premium plugin. -->","yoast_head_json":{"title":"Mati\u00e8res utilis\u00e9es - Adax","description":"Le succ\u00e8s de toute pi\u00e8ce de pr\u00e9cision commence par la qualit\u00e9 et le choix de la mati\u00e8re premi\u00e8re. Chaque alliage poss\u00e8de des caract\u00e9ristiques uniques qui exigent l\u2019exp\u00e9rience dans la fabrication et dans les diff\u00e9rents traitements afin de d\u00e9terminer le meilleur processus de fabrication. Mati\u00e8re utilis\u00e9e: TUNGST\u00c8NE, ACIER, ACIER INOX, LAITON, ALUMINIUM, BRONZE, TITANE","robots":{"index":"index","follow":"follow","max-snippet":"max-snippet:-1","max-image-preview":"max-image-preview:large","max-video-preview":"max-video-preview:-1"},"canonical":"https:\/\/adax.ch\/it\/adax\/produits\/matieres-utilisees\/","og_locale":"it_IT","og_type":"article","og_title":"Mati\u00e8res utilis\u00e9es","og_description":"Le succ\u00e8s de toute pi\u00e8ce de pr\u00e9cision commence par la qualit\u00e9 et le choix de la mati\u00e8re premi\u00e8re. Chaque alliage poss\u00e8de des caract\u00e9ristiques uniques qui exigent l\u2019exp\u00e9rience dans la fabrication et dans les diff\u00e9rents traitements afin de d\u00e9terminer le meilleur processus de fabrication. Mati\u00e8re utilis\u00e9e: TUNGST\u00c8NE, ACIER, ACIER INOX, LAITON, ALUMINIUM, BRONZE, TITANE","og_url":"https:\/\/adax.ch\/it\/adax\/produits\/matieres-utilisees\/","og_site_name":"Adax","article_modified_time":"2021-01-19T12:55:23+00:00","twitter_card":"summary_large_image","twitter_misc":{"Tempo di lettura stimato":"2 minuti"},"schema":{"@context":"https:\/\/schema.org","@graph":[{"@type":"WebPage","@id":"https:\/\/adax.ch\/adax\/produits\/matieres-utilisees\/","url":"https:\/\/adax.ch\/adax\/produits\/matieres-utilisees\/","name":"Mati\u00e8res utilis\u00e9es - Adax","isPartOf":{"@id":"https:\/\/adax.ch\/#website"},"datePublished":"2019-09-25T11:25:02+00:00","dateModified":"2021-01-19T12:55:23+00:00","description":"Le succ\u00e8s de toute pi\u00e8ce de pr\u00e9cision commence par la qualit\u00e9 et le choix de la mati\u00e8re premi\u00e8re. Chaque alliage poss\u00e8de des caract\u00e9ristiques uniques qui exigent l\u2019exp\u00e9rience dans la fabrication et dans les diff\u00e9rents traitements afin de d\u00e9terminer le meilleur processus de fabrication. Mati\u00e8re utilis\u00e9e: TUNGST\u00c8NE, ACIER, ACIER INOX, LAITON, ALUMINIUM, BRONZE, TITANE","breadcrumb":{"@id":"https:\/\/adax.ch\/adax\/produits\/matieres-utilisees\/#breadcrumb"},"inLanguage":"it-IT","potentialAction":[{"@type":"ReadAction","target":["https:\/\/adax.ch\/adax\/produits\/matieres-utilisees\/"]}]},{"@type":"BreadcrumbList","@id":"https:\/\/adax.ch\/adax\/produits\/matieres-utilisees\/#breadcrumb","itemListElement":[{"@type":"ListItem","position":1,"name":"Accueil","item":"https:\/\/adax.ch\/"},{"@type":"ListItem","position":2,"name":"ADAX","item":"https:\/\/adax.ch\/"},{"@type":"ListItem","position":3,"name":"Produits","item":"https:\/\/adax.ch\/adax\/produits\/"},{"@type":"ListItem","position":4,"name":"Mati\u00e8res utilis\u00e9es"}]},{"@type":"WebSite","@id":"https:\/\/adax.ch\/#website","url":"https:\/\/adax.ch\/","name":"Adax","description":"FROM EARTH TO SPACE","publisher":{"@id":"https:\/\/adax.ch\/#organization"},"potentialAction":[{"@type":"SearchAction","target":{"@type":"EntryPoint","urlTemplate":"https:\/\/adax.ch\/?s={search_term_string}"},"query-input":{"@type":"PropertyValueSpecification","valueRequired":true,"valueName":"search_term_string"}}],"inLanguage":"it-IT"},{"@type":"Organization","@id":"https:\/\/adax.ch\/#organization","name":"Adax SA","url":"https:\/\/adax.ch\/","logo":{"@type":"ImageObject","inLanguage":"it-IT","@id":"https:\/\/adax.ch\/#\/schema\/logo\/image\/","url":"https:\/\/adax.ch\/wp-content\/uploads\/2021\/02\/logo-blanc-fond-noir.png","contentUrl":"https:\/\/adax.ch\/wp-content\/uploads\/2021\/02\/logo-blanc-fond-noir.png","width":754,"height":754,"caption":"Adax SA"},"image":{"@id":"https:\/\/adax.ch\/#\/schema\/logo\/image\/"},"sameAs":["https:\/\/www.linkedin.com\/company\/adax-sa\/","https:\/\/www.youtube.com\/channel\/UCajnUraOOGTurqpS0vObYgQ"]}]}},"jetpack_sharing_enabled":true,"_links":{"self":[{"href":"https:\/\/adax.ch\/it\/wp-json\/wp\/v2\/pages\/29194","targetHints":{"allow":["GET"]}}],"collection":[{"href":"https:\/\/adax.ch\/it\/wp-json\/wp\/v2\/pages"}],"about":[{"href":"https:\/\/adax.ch\/it\/wp-json\/wp\/v2\/types\/page"}],"author":[{"embeddable":true,"href":"https:\/\/adax.ch\/it\/wp-json\/wp\/v2\/users\/1"}],"replies":[{"embeddable":true,"href":"https:\/\/adax.ch\/it\/wp-json\/wp\/v2\/comments?post=29194"}],"version-history":[{"count":0,"href":"https:\/\/adax.ch\/it\/wp-json\/wp\/v2\/pages\/29194\/revisions"}],"up":[{"embeddable":true,"href":"https:\/\/adax.ch\/it\/wp-json\/wp\/v2\/pages\/28929"}],"wp:attachment":[{"href":"https:\/\/adax.ch\/it\/wp-json\/wp\/v2\/media?parent=29194"}],"curies":[{"name":"wp","href":"https:\/\/api.w.org\/{rel}","templated":true}]}}