{"id":29152,"date":"2019-09-19T22:57:47","date_gmt":"2019-09-19T20:57:47","guid":{"rendered":"https:\/\/adax.ch\/?page_id=29152"},"modified":"2021-01-19T14:32:11","modified_gmt":"2021-01-19T13:32:11","slug":"tribofinition","status":"publish","type":"page","link":"https:\/\/adax.ch\/it\/adax\/prestation\/tribofinition\/","title":{"rendered":"VIBROFINITURA"},"content":{"rendered":"\n[et_pb_section fb_built=\u00a0\u00bb1&Prime; _builder_version=\u00a0\u00bb4.6.0&Prime; _module_preset=\u00a0\u00bbdefault\u00a0\u00bb background_video_mp4=\u00a0\u00bbhttps:\/\/adax.ch\/wp-content\/uploads\/2020\/02\/Tribofinition.mp4&Prime; custom_padding=\u00a0\u00bb140px||140px||true|\u00a0\u00bb hover_enabled=\u00a0\u00bb0&Prime; title_text=\u00a0\u00bbTribofinition\u00a0\u00bb sticky_enabled=\u00a0\u00bb0&Prime;][et_pb_row _builder_version=\u00a0\u00bb4.6.0&Prime; _module_preset=\u00a0\u00bbdefault\u00a0\u00bb][et_pb_column type=\u00a0\u00bb4_4&Prime; _builder_version=\u00a0\u00bb4.6.0&Prime; _module_preset=\u00a0\u00bbdefault\u00a0\u00bb][\/et_pb_column][\/et_pb_row][\/et_pb_section][et_pb_section fb_built=\u00a0\u00bb1&Prime; _builder_version=\u00a0\u00bb4.3.4&Prime; background_color=\u00a0\u00bb#161E2B\u00a0\u00bb custom_padding=\u00a0\u00bb40px||82px|||\u00a0\u00bb][et_pb_row _builder_version=\u00a0\u00bb4.3.4&Prime; custom_padding=\u00a0\u00bb||6px|||\u00a0\u00bb][et_pb_column type=\u00a0\u00bb4_4&Prime; _builder_version=\u00a0\u00bb4.3.4&Prime;][et_pb_text _builder_version=\u00a0\u00bb4.4.5&Prime; text_font=\u00a0\u00bbHelveticaNeue||||||||\u00a0\u00bb text_letter_spacing=\u00a0\u00bb2px\u00a0\u00bb header_font=\u00a0\u00bbHelveticaNeue|||on|||||\u00a0\u00bb header_text_color=\u00a0\u00bb#ffffff\u00a0\u00bb header_font_size=\u00a0\u00bb22px\u00a0\u00bb header_letter_spacing=\u00a0\u00bb4px\u00a0\u00bb text_orientation=\u00a0\u00bbcenter\u00a0\u00bb]<h1 style=\"text-align: center;\">Tribofinition<\/h1>[\/et_pb_text][et_pb_text _builder_version=\u00a0\u00bb4.3.4&Prime; text_font=\u00a0\u00bbHelveticaNeue||||||||\u00a0\u00bb text_text_color=\u00a0\u00bb#ffffff\u00a0\u00bb text_letter_spacing=\u00a0\u00bb2px\u00a0\u00bb header_3_font=\u00a0\u00bbHelveticaNeue|||on|||||\u00a0\u00bb header_3_text_color=\u00a0\u00bb#ffffff\u00a0\u00bb header_3_letter_spacing=\u00a0\u00bb2px\u00a0\u00bb text_orientation=\u00a0\u00bbcenter\u00a0\u00bb custom_padding=\u00a0\u00bb||0px|||\u00a0\u00bb][\/et_pb_text][\/et_pb_column][\/et_pb_row][et_pb_row _builder_version=\u00a0\u00bb4.4.5&Prime; custom_padding=\u00a0\u00bb2px||41px|||\u00a0\u00bb][et_pb_column type=\u00a0\u00bb4_4&Prime; _builder_version=\u00a0\u00bb4.4.5&Prime;][et_pb_text _builder_version=\u00a0\u00bb4.4.8&Prime; text_font=\u00a0\u00bbHelveticaNeue||||||||\u00a0\u00bb text_text_color=\u00a0\u00bb#ffffff\u00a0\u00bb text_font_size=\u00a0\u00bb16px\u00a0\u00bb text_letter_spacing=\u00a0\u00bb2px\u00a0\u00bb]<p style=\"text-align: left;\">La tribofinition s\u2019est inspir\u00e9e de certains ph\u00e9nom\u00e8nes naturels : L\u2019\u00e9coulement r\u00e9gulier de l\u2019eau d\u2019une rivi\u00e8re transforme des cailloux bruts en galets parfaitement polis.\u00a0 La tribofinition \u00e9galement nomm\u00e9e trovalisation, vibropolissage, tonnelage ou microfinition, int\u00e8gre les techniques de polissage, \u00e9bavurage, brillantage, rayonnage et d\u00e9soxydation. Les pi\u00e8ces \u00e0 polir ou \u00e9bavurer sont introduites dans une enceinte qui contient des abrasifs ; cette enceinte est mise en mouvement (en g\u00e9n\u00e9ral vibration ou rotation). L\u2019enl\u00e8vement de mati\u00e8re, le niveau de polissage et l\u2019\u00e9tat de surface obtenue d\u00e9pendent de la composition et de la taille des porteurs, des param\u00e8tres de vitesse et de la dur\u00e9e de cycle.<\/p>[\/et_pb_text][\/et_pb_column][\/et_pb_row][\/et_pb_section]\n","protected":false},"excerpt":{"rendered":"<p>TribofinitionLa tribofinition s\u2019est inspir\u00e9e de certains ph\u00e9nom\u00e8nes naturels : L\u2019\u00e9coulement r\u00e9gulier de l\u2019eau d\u2019une rivi\u00e8re transforme des cailloux bruts en galets parfaitement polis.\u00a0 La tribofinition \u00e9galement nomm\u00e9e trovalisation, vibropolissage, tonnelage ou microfinition, int\u00e8gre les techniques de polissage, \u00e9bavurage, brillantage, rayonnage et d\u00e9soxydation. Les pi\u00e8ces \u00e0 polir ou \u00e9bavurer sont introduites dans une enceinte qui contient [&hellip;]<\/p>\n","protected":false},"author":1,"featured_media":0,"parent":28927,"menu_order":0,"comment_status":"closed","ping_status":"closed","template":"","meta":{"_et_pb_use_builder":"on","_et_pb_old_content":"","_et_gb_content_width":"","footnotes":""},"class_list":["post-29152","page","type-page","status-publish","hentry"],"yoast_head":"<!-- This site is optimized with the Yoast SEO Premium plugin v21.1 (Yoast SEO v27.5) - https:\/\/yoast.com\/product\/yoast-seo-premium-wordpress\/ -->\n<title>Tribofinition - Adax<\/title>\n<meta name=\"description\" content=\"La tribofinition \u00e9galement nomm\u00e9e trovalisation, vibropolissage, tonnelage ou microfinition, int\u00e8gre les techniques de polissage, \u00e9bavurage, brillantage, rayonnage et d\u00e9soxydation. Les pi\u00e8ces \u00e0 polir ou \u00e9bavurer sont introduites dans une enceinte qui contient des abrasifs ; cette enceinte est mise en mouvement (en g\u00e9n\u00e9ral vibration ou rotation).\" \/>\n<meta name=\"robots\" content=\"index, follow, max-snippet:-1, max-image-preview:large, max-video-preview:-1\" \/>\n<link rel=\"canonical\" href=\"https:\/\/adax.ch\/it\/adax\/prestation\/tribofinition\/\" \/>\n<meta property=\"og:locale\" content=\"it_IT\" \/>\n<meta property=\"og:type\" content=\"article\" \/>\n<meta property=\"og:title\" content=\"Tribofinition\" \/>\n<meta property=\"og:description\" content=\"La tribofinition \u00e9galement nomm\u00e9e trovalisation, vibropolissage, tonnelage ou microfinition, int\u00e8gre les techniques de polissage, \u00e9bavurage, brillantage, rayonnage et d\u00e9soxydation. Les pi\u00e8ces \u00e0 polir ou \u00e9bavurer sont introduites dans une enceinte qui contient des abrasifs ; cette enceinte est mise en mouvement (en g\u00e9n\u00e9ral vibration ou rotation).\" \/>\n<meta property=\"og:url\" content=\"https:\/\/adax.ch\/it\/adax\/prestation\/tribofinition\/\" \/>\n<meta property=\"og:site_name\" content=\"Adax\" \/>\n<meta property=\"article:modified_time\" content=\"2021-01-19T13:32:11+00:00\" \/>\n<meta name=\"twitter:card\" content=\"summary_large_image\" \/>\n<meta name=\"twitter:label1\" content=\"Tempo di lettura stimato\" \/>\n\t<meta name=\"twitter:data1\" content=\"1 minuto\" \/>\n<script type=\"application\/ld+json\" class=\"yoast-schema-graph\">{\"@context\":\"https:\\\/\\\/schema.org\",\"@graph\":[{\"@type\":\"WebPage\",\"@id\":\"https:\\\/\\\/adax.ch\\\/adax\\\/prestation\\\/tribofinition\\\/\",\"url\":\"https:\\\/\\\/adax.ch\\\/adax\\\/prestation\\\/tribofinition\\\/\",\"name\":\"Tribofinition - Adax\",\"isPartOf\":{\"@id\":\"https:\\\/\\\/adax.ch\\\/#website\"},\"datePublished\":\"2019-09-19T20:57:47+00:00\",\"dateModified\":\"2021-01-19T13:32:11+00:00\",\"description\":\"La tribofinition \u00e9galement nomm\u00e9e trovalisation, vibropolissage, tonnelage ou microfinition, int\u00e8gre les techniques de polissage, \u00e9bavurage, brillantage, rayonnage et d\u00e9soxydation. Les pi\u00e8ces \u00e0 polir ou \u00e9bavurer sont introduites dans une enceinte qui contient des abrasifs ; cette enceinte est mise en mouvement (en g\u00e9n\u00e9ral vibration ou rotation).\",\"breadcrumb\":{\"@id\":\"https:\\\/\\\/adax.ch\\\/adax\\\/prestation\\\/tribofinition\\\/#breadcrumb\"},\"inLanguage\":\"it-IT\",\"potentialAction\":[{\"@type\":\"ReadAction\",\"target\":[\"https:\\\/\\\/adax.ch\\\/adax\\\/prestation\\\/tribofinition\\\/\"]}]},{\"@type\":\"BreadcrumbList\",\"@id\":\"https:\\\/\\\/adax.ch\\\/adax\\\/prestation\\\/tribofinition\\\/#breadcrumb\",\"itemListElement\":[{\"@type\":\"ListItem\",\"position\":1,\"name\":\"Accueil\",\"item\":\"https:\\\/\\\/adax.ch\\\/\"},{\"@type\":\"ListItem\",\"position\":2,\"name\":\"ADAX\",\"item\":\"https:\\\/\\\/adax.ch\\\/\"},{\"@type\":\"ListItem\",\"position\":3,\"name\":\"Prestation\",\"item\":\"https:\\\/\\\/adax.ch\\\/adax\\\/prestation\\\/\"},{\"@type\":\"ListItem\",\"position\":4,\"name\":\"Tribofinition\"}]},{\"@type\":\"WebSite\",\"@id\":\"https:\\\/\\\/adax.ch\\\/#website\",\"url\":\"https:\\\/\\\/adax.ch\\\/\",\"name\":\"Adax\",\"description\":\"FROM EARTH TO SPACE\",\"publisher\":{\"@id\":\"https:\\\/\\\/adax.ch\\\/#organization\"},\"potentialAction\":[{\"@type\":\"SearchAction\",\"target\":{\"@type\":\"EntryPoint\",\"urlTemplate\":\"https:\\\/\\\/adax.ch\\\/?s={search_term_string}\"},\"query-input\":{\"@type\":\"PropertyValueSpecification\",\"valueRequired\":true,\"valueName\":\"search_term_string\"}}],\"inLanguage\":\"it-IT\"},{\"@type\":\"Organization\",\"@id\":\"https:\\\/\\\/adax.ch\\\/#organization\",\"name\":\"Adax SA\",\"url\":\"https:\\\/\\\/adax.ch\\\/\",\"logo\":{\"@type\":\"ImageObject\",\"inLanguage\":\"it-IT\",\"@id\":\"https:\\\/\\\/adax.ch\\\/#\\\/schema\\\/logo\\\/image\\\/\",\"url\":\"https:\\\/\\\/adax.ch\\\/wp-content\\\/uploads\\\/2021\\\/02\\\/logo-blanc-fond-noir.png\",\"contentUrl\":\"https:\\\/\\\/adax.ch\\\/wp-content\\\/uploads\\\/2021\\\/02\\\/logo-blanc-fond-noir.png\",\"width\":754,\"height\":754,\"caption\":\"Adax SA\"},\"image\":{\"@id\":\"https:\\\/\\\/adax.ch\\\/#\\\/schema\\\/logo\\\/image\\\/\"},\"sameAs\":[\"https:\\\/\\\/www.linkedin.com\\\/company\\\/adax-sa\\\/\",\"https:\\\/\\\/www.youtube.com\\\/channel\\\/UCajnUraOOGTurqpS0vObYgQ\"]}]}<\/script>\n<!-- \/ Yoast SEO Premium plugin. -->","yoast_head_json":{"title":"Tribofinition - Adax","description":"La tribofinition \u00e9galement nomm\u00e9e trovalisation, vibropolissage, tonnelage ou microfinition, int\u00e8gre les techniques de polissage, \u00e9bavurage, brillantage, rayonnage et d\u00e9soxydation. Les pi\u00e8ces \u00e0 polir ou \u00e9bavurer sont introduites dans une enceinte qui contient des abrasifs ; cette enceinte est mise en mouvement (en g\u00e9n\u00e9ral vibration ou rotation).","robots":{"index":"index","follow":"follow","max-snippet":"max-snippet:-1","max-image-preview":"max-image-preview:large","max-video-preview":"max-video-preview:-1"},"canonical":"https:\/\/adax.ch\/it\/adax\/prestation\/tribofinition\/","og_locale":"it_IT","og_type":"article","og_title":"Tribofinition","og_description":"La tribofinition \u00e9galement nomm\u00e9e trovalisation, vibropolissage, tonnelage ou microfinition, int\u00e8gre les techniques de polissage, \u00e9bavurage, brillantage, rayonnage et d\u00e9soxydation. Les pi\u00e8ces \u00e0 polir ou \u00e9bavurer sont introduites dans une enceinte qui contient des abrasifs ; cette enceinte est mise en mouvement (en g\u00e9n\u00e9ral vibration ou rotation).","og_url":"https:\/\/adax.ch\/it\/adax\/prestation\/tribofinition\/","og_site_name":"Adax","article_modified_time":"2021-01-19T13:32:11+00:00","twitter_card":"summary_large_image","twitter_misc":{"Tempo di lettura stimato":"1 minuto"},"schema":{"@context":"https:\/\/schema.org","@graph":[{"@type":"WebPage","@id":"https:\/\/adax.ch\/adax\/prestation\/tribofinition\/","url":"https:\/\/adax.ch\/adax\/prestation\/tribofinition\/","name":"Tribofinition - Adax","isPartOf":{"@id":"https:\/\/adax.ch\/#website"},"datePublished":"2019-09-19T20:57:47+00:00","dateModified":"2021-01-19T13:32:11+00:00","description":"La tribofinition \u00e9galement nomm\u00e9e trovalisation, vibropolissage, tonnelage ou microfinition, int\u00e8gre les techniques de polissage, \u00e9bavurage, brillantage, rayonnage et d\u00e9soxydation. Les pi\u00e8ces \u00e0 polir ou \u00e9bavurer sont introduites dans une enceinte qui contient des abrasifs ; cette enceinte est mise en mouvement (en g\u00e9n\u00e9ral vibration ou rotation).","breadcrumb":{"@id":"https:\/\/adax.ch\/adax\/prestation\/tribofinition\/#breadcrumb"},"inLanguage":"it-IT","potentialAction":[{"@type":"ReadAction","target":["https:\/\/adax.ch\/adax\/prestation\/tribofinition\/"]}]},{"@type":"BreadcrumbList","@id":"https:\/\/adax.ch\/adax\/prestation\/tribofinition\/#breadcrumb","itemListElement":[{"@type":"ListItem","position":1,"name":"Accueil","item":"https:\/\/adax.ch\/"},{"@type":"ListItem","position":2,"name":"ADAX","item":"https:\/\/adax.ch\/"},{"@type":"ListItem","position":3,"name":"Prestation","item":"https:\/\/adax.ch\/adax\/prestation\/"},{"@type":"ListItem","position":4,"name":"Tribofinition"}]},{"@type":"WebSite","@id":"https:\/\/adax.ch\/#website","url":"https:\/\/adax.ch\/","name":"Adax","description":"FROM EARTH TO SPACE","publisher":{"@id":"https:\/\/adax.ch\/#organization"},"potentialAction":[{"@type":"SearchAction","target":{"@type":"EntryPoint","urlTemplate":"https:\/\/adax.ch\/?s={search_term_string}"},"query-input":{"@type":"PropertyValueSpecification","valueRequired":true,"valueName":"search_term_string"}}],"inLanguage":"it-IT"},{"@type":"Organization","@id":"https:\/\/adax.ch\/#organization","name":"Adax SA","url":"https:\/\/adax.ch\/","logo":{"@type":"ImageObject","inLanguage":"it-IT","@id":"https:\/\/adax.ch\/#\/schema\/logo\/image\/","url":"https:\/\/adax.ch\/wp-content\/uploads\/2021\/02\/logo-blanc-fond-noir.png","contentUrl":"https:\/\/adax.ch\/wp-content\/uploads\/2021\/02\/logo-blanc-fond-noir.png","width":754,"height":754,"caption":"Adax SA"},"image":{"@id":"https:\/\/adax.ch\/#\/schema\/logo\/image\/"},"sameAs":["https:\/\/www.linkedin.com\/company\/adax-sa\/","https:\/\/www.youtube.com\/channel\/UCajnUraOOGTurqpS0vObYgQ"]}]}},"jetpack_sharing_enabled":true,"_links":{"self":[{"href":"https:\/\/adax.ch\/it\/wp-json\/wp\/v2\/pages\/29152","targetHints":{"allow":["GET"]}}],"collection":[{"href":"https:\/\/adax.ch\/it\/wp-json\/wp\/v2\/pages"}],"about":[{"href":"https:\/\/adax.ch\/it\/wp-json\/wp\/v2\/types\/page"}],"author":[{"embeddable":true,"href":"https:\/\/adax.ch\/it\/wp-json\/wp\/v2\/users\/1"}],"replies":[{"embeddable":true,"href":"https:\/\/adax.ch\/it\/wp-json\/wp\/v2\/comments?post=29152"}],"version-history":[{"count":0,"href":"https:\/\/adax.ch\/it\/wp-json\/wp\/v2\/pages\/29152\/revisions"}],"up":[{"embeddable":true,"href":"https:\/\/adax.ch\/it\/wp-json\/wp\/v2\/pages\/28927"}],"wp:attachment":[{"href":"https:\/\/adax.ch\/it\/wp-json\/wp\/v2\/media?parent=29152"}],"curies":[{"name":"wp","href":"https:\/\/api.w.org\/{rel}","templated":true}]}}