{"id":29030,"date":"2019-09-04T08:49:16","date_gmt":"2019-09-04T06:49:16","guid":{"rendered":"https:\/\/adax.ch\/?page_id=29030"},"modified":"2023-11-28T08:33:54","modified_gmt":"2023-11-28T07:33:54","slug":"mentions-legales","status":"publish","type":"page","link":"https:\/\/adax.ch\/it\/adax\/entreprise\/mentions-legales\/","title":{"rendered":"Mentions l\u00e9gales"},"content":{"rendered":"\n[et_pb_section fb_built=\u00a0\u00bb1&Prime; _builder_version=\u00a0\u00bb3.22.3&Prime; custom_padding=\u00a0\u00bb89px||89px||true|\u00a0\u00bb][et_pb_row _builder_version=\u00a0\u00bb3.25&Prime; background_size=\u00a0\u00bbinitial\u00a0\u00bb background_position=\u00a0\u00bbtop_left\u00a0\u00bb background_repeat=\u00a0\u00bbrepeat\u00a0\u00bb custom_padding=\u00a0\u00bb||8px|||\u00a0\u00bb][et_pb_column type=\u00a0\u00bb4_4&Prime; _builder_version=\u00a0\u00bb3.25&Prime; custom_padding=\u00a0\u00bb|||\u00a0\u00bb custom_padding__hover=\u00a0\u00bb|||\u00a0\u00bb][et_pb_text _builder_version=\u00a0\u00bb4.9.9&Prime; text_font_size=\u00a0\u00bb16px\u00a0\u00bb text_letter_spacing=\u00a0\u00bb2px\u00a0\u00bb header_font=\u00a0\u00bbHelveticaNeue|300||on|||||\u00a0\u00bb header_font_size=\u00a0\u00bb22px\u00a0\u00bb header_letter_spacing=\u00a0\u00bb4px\u00a0\u00bb background_size=\u00a0\u00bbinitial\u00a0\u00bb background_position=\u00a0\u00bbtop_left\u00a0\u00bb background_repeat=\u00a0\u00bbrepeat\u00a0\u00bb hover_enabled=\u00a0\u00bb0&Prime; sticky_enabled=\u00a0\u00bb0&Prime;]<p><!-- divi:paragraph {\"align\":\"left\"} --><\/p>\n<h1 style=\"text-align: left;\"><strong>Mentions l\u00e9gales<\/strong><\/h1>\n<p style=\"text-align: left;\">nom de l\u2019entreprise : ADAX SA<br \/>Personne responsable : <a href=\"https:\/\/www.linkedin.com\/in\/victor-monteiro-a1a86336\/\" target=\"_blank\" rel=\"noopener\">Victor Monteiro<\/a>, CEO<br \/>Extrait du registre du commerce : <a href=\"https:\/\/hrc.ne.ch\/hrcintapp\/externalCompanyReport.action?companyOfsUid=CHE-105.980.896\" target=\"_blank\" rel=\"noopener\">Extrait<\/a><\/p>\n<p style=\"text-align: left;\">\n<p style=\"text-align: left;\"><!-- \/divi:paragraph --> <!-- divi:paragraph {\"align\":\"left\"} --><\/p>\n<p style=\"text-align: left;\"><strong>ADAX SA<\/strong><br \/>Chapons-des-Pr\u00e9s n\u00b01<br \/>2022 Bevaix<br \/><a rel=\"noreferrer noopener\" href=\"mailto:info@adax.ch\" target=\"_blank\">info@adax.ch<\/a><br \/>T\u00e9l. 032\u00a0847 96 00 \/ Fax. 032\u00a0847 96 10<\/p>\n<p><!-- \/divi:paragraph --> <!-- divi:paragraph {\"align\":\"left\"} --><\/p>\n<p style=\"text-align: left;\">\n<p style=\"text-align: left;\">ADAX SA est une soci\u00e9t\u00e9 anonyme (SA) membre du <a href=\"https:\/\/codecgroup.ch\/\" target=\"_blank\" rel=\"noopener\">Groupe Codec<\/a><\/p>\n<p style=\"text-align: left;\">\n<p><!-- \/divi:paragraph --> <!-- divi:paragraph {\"align\":\"left\"} --><\/p>\n<p style=\"text-align: left;\">Num\u00e9ro IDE : CHE-105.980.896<\/p>\n<p style=\"text-align: left;\">\n<p style=\"text-align: left;\">\n<p style=\"text-align: left;\"><strong>Editeur du site internet<\/strong><\/p>\n<p><!-- \/divi:paragraph --> <!-- divi:paragraph {\"align\":\"left\"} --><\/p>\n<p style=\"text-align: left;\">adax.ch est d\u00e9velopp\u00e9 par <a href=\"https:\/\/yetinc-design.ch\">Yetinc<\/a><br \/>Photos et vid\u00e9os par <a href=\"http:\/\/yetinc-design.ch\">Yetinc<\/a><\/p>\n<p style=\"text-align: left;\">N.Stampfli &#8211; Yetinc est une raison individuelle situ\u00e9e \u00e0 Cressier (NE) sous l&rsquo;IDE : <span>CHE-180.205.182<\/span><\/p>\n<p><!-- \/divi:paragraph --> <!-- divi:paragraph --> <!-- \/divi:paragraph --> <!-- divi:paragraph --> <!-- \/divi:paragraph --> <!-- divi:paragraph --> <!-- \/divi:paragraph --> <!-- divi:paragraph --> <!-- \/divi:paragraph --> <!-- divi:paragraph --> <!-- \/divi:paragraph --> <!-- divi:paragraph --> <!-- \/divi:paragraph --> <!-- divi:paragraph --> <!-- \/divi:paragraph --> <!-- divi:paragraph --> <!-- \/divi:paragraph --> <!-- divi:paragraph --> <!-- \/divi:paragraph --> <!-- divi:paragraph --> <!-- \/divi:paragraph --> <!-- divi:paragraph --> <!-- \/divi:paragraph --> <!-- divi:paragraph --> <!-- \/divi:paragraph --> <!-- divi:paragraph --> <!-- \/divi:paragraph --> <!-- divi:paragraph --> <!-- \/divi:paragraph --> <!-- divi:paragraph --> <!-- \/divi:paragraph --> <!-- divi:paragraph --> <!-- \/divi:paragraph --> <!-- divi:paragraph --> <!-- \/divi:paragraph --> <!-- divi:paragraph --> <!-- \/divi:paragraph --> <!-- divi:paragraph --> <!-- \/divi:paragraph --> <!-- divi:paragraph --> <!-- \/divi:paragraph --><\/p>[\/et_pb_text][\/et_pb_column][\/et_pb_row][\/et_pb_section]\n","protected":false},"excerpt":{"rendered":"<p>Mentions l\u00e9gales nom de l\u2019entreprise : ADAX SAPersonne responsable : Victor Monteiro, CEOExtrait du registre du commerce : Extrait ADAX SAChapons-des-Pr\u00e9s n\u00b012022 Bevaixinfo@adax.chT\u00e9l. 032\u00a0847 96 00 \/ Fax. 032\u00a0847 96 10 ADAX SA est une soci\u00e9t\u00e9 anonyme (SA) membre du Groupe Codec Num\u00e9ro IDE : CHE-105.980.896 Editeur du site internet adax.ch est d\u00e9velopp\u00e9 par YetincPhotos [&hellip;]<\/p>\n","protected":false},"author":1,"featured_media":0,"parent":28937,"menu_order":0,"comment_status":"closed","ping_status":"closed","template":"","meta":{"_et_pb_use_builder":"on","_et_pb_old_content":"<!-- wp:paragraph {\"align\":\"left\"} -->\r\n<p style=\"text-align:left\">nom de l\u2019entreprise : ADAX SA<\/p>\r\n<!-- \/wp:paragraph -->\r\n\r\n<!-- wp:paragraph {\"align\":\"left\"} -->\r\n<p style=\"text-align:left\">Personne responsable : <a href=\"https:\/\/www.linkedin.com\/in\/victor-monteiro-a1a86336\/\">Victor Monteiro, CEO<\/a><\/p>\r\n<!-- \/wp:paragraph -->\r\n\r\n<!-- wp:paragraph {\"align\":\"left\"} -->\r\n<p style=\"text-align:left\">ADAX SA<br>Chapons-des-Pr\u00e9s n\u00b01<br>2022 Bevaix<br><a rel=\"noreferrer noopener\" href=\"mailto:info@adax.ch\" target=\"_blank\">info@adax.ch<\/a><br> T\u00e9l. 032\u00a0847 96 00 \/ Fax. 032\u00a0847 96 10 <\/p>\r\n<!-- \/wp:paragraph -->\r\n\r\n<!-- wp:paragraph {\"align\":\"left\"} -->\r\n<p style=\"text-align:left\">ADAX SA est une soci\u00e9t\u00e9 anonyme (SA) membre du Groupe Codec<\/p>\r\n<!-- \/wp:paragraph -->\r\n\r\n<!-- wp:paragraph {\"align\":\"left\"} -->\r\n<p style=\"text-align:left\">CHE-105.980.896<\/p>\r\n<!-- \/wp:paragraph -->\r\n\r\n<!-- wp:paragraph {\"align\":\"left\"} -->\r\n<p style=\"text-align:left\">adax.ch d\u00e9velopp\u00e9 par <a href=\"https:\/\/yetinc-design.ch\">Yetinc<\/a><br>Photos et vid\u00e9os par <a href=\"http:\/\/yetinc-design.ch\">Yetinc<\/a><br>Reportage photo par <a href=\"https:\/\/www.instagram.com\/binalboy12\/\">Albin Tissier<\/a><\/p>\r\n<!-- \/wp:paragraph -->\r\n\r\n<!-- wp:paragraph -->\r\n<p><\/p>\r\n<!-- \/wp:paragraph -->\r\n\r\n<!-- wp:paragraph -->\r\n<p><\/p>\r\n<!-- \/wp:paragraph -->\r\n\r\n<!-- wp:paragraph -->\r\n<p><\/p>\r\n<!-- \/wp:paragraph -->\r\n\r\n<!-- wp:paragraph -->\r\n<p><\/p>\r\n<!-- \/wp:paragraph -->\r\n\r\n<!-- wp:paragraph -->\r\n<p><\/p>\r\n<!-- \/wp:paragraph -->\r\n\r\n<!-- wp:paragraph -->\r\n<p><\/p>\r\n<!-- \/wp:paragraph -->\r\n\r\n<!-- wp:paragraph -->\r\n<p><\/p>\r\n<!-- \/wp:paragraph -->\r\n\r\n<!-- wp:paragraph -->\r\n<p><\/p>\r\n<!-- \/wp:paragraph -->\r\n\r\n<!-- wp:paragraph -->\r\n<p><\/p>\r\n<!-- \/wp:paragraph -->\r\n\r\n<!-- wp:paragraph -->\r\n<p><\/p>\r\n<!-- \/wp:paragraph -->\r\n\r\n<!-- wp:paragraph -->\r\n<p><\/p>\r\n<!-- \/wp:paragraph -->\r\n\r\n<!-- wp:paragraph -->\r\n<p><\/p>\r\n<!-- \/wp:paragraph -->\r\n\r\n<!-- wp:paragraph -->\r\n<p><\/p>\r\n<!-- \/wp:paragraph -->\r\n\r\n<!-- wp:paragraph -->\r\n<p><\/p>\r\n<!-- \/wp:paragraph -->\r\n\r\n<!-- wp:paragraph -->\r\n<p><\/p>\r\n<!-- \/wp:paragraph -->\r\n\r\n<!-- wp:paragraph -->\r\n<p><\/p>\r\n<!-- \/wp:paragraph -->\r\n\r\n<!-- wp:paragraph -->\r\n<p><\/p>\r\n<!-- \/wp:paragraph -->\r\n\r\n<!-- wp:paragraph -->\r\n<p><\/p>\r\n<!-- \/wp:paragraph -->\r\n\r\n<!-- wp:paragraph -->\r\n<p><\/p>\r\n<!-- \/wp:paragraph -->\r\n\r\n<!-- wp:paragraph -->\r\n<p><\/p>\r\n<!-- \/wp:paragraph -->","_et_gb_content_width":"","footnotes":""},"class_list":["post-29030","page","type-page","status-publish","hentry"],"yoast_head":"<!-- This site is optimized with the Yoast SEO Premium plugin v21.1 (Yoast SEO v27.4) - https:\/\/yoast.com\/product\/yoast-seo-premium-wordpress\/ -->\n<title>Mentions l\u00e9gales - Adax<\/title>\n<meta name=\"description\" content=\"Consultez les mentions l\u00e9gales d&#039;ADAX\" \/>\n<meta name=\"robots\" content=\"index, follow, max-snippet:-1, max-image-preview:large, max-video-preview:-1\" \/>\n<link rel=\"canonical\" href=\"https:\/\/adax.ch\/it\/adax\/entreprise\/mentions-legales\/\" \/>\n<meta property=\"og:locale\" content=\"it_IT\" \/>\n<meta property=\"og:type\" content=\"article\" \/>\n<meta property=\"og:title\" content=\"Mentions l\u00e9gales\" \/>\n<meta property=\"og:description\" content=\"Consultez les mentions l\u00e9gales d&#039;ADAX\" \/>\n<meta property=\"og:url\" content=\"https:\/\/adax.ch\/it\/adax\/entreprise\/mentions-legales\/\" \/>\n<meta property=\"og:site_name\" content=\"Adax\" \/>\n<meta property=\"article:modified_time\" content=\"2023-11-28T07:33:54+00:00\" \/>\n<meta name=\"twitter:card\" content=\"summary_large_image\" \/>\n<meta name=\"twitter:label1\" content=\"Tempo di lettura stimato\" \/>\n\t<meta name=\"twitter:data1\" content=\"1 minuto\" \/>\n<script type=\"application\/ld+json\" class=\"yoast-schema-graph\">{\"@context\":\"https:\\\/\\\/schema.org\",\"@graph\":[{\"@type\":\"WebPage\",\"@id\":\"https:\\\/\\\/adax.ch\\\/adax\\\/entreprise\\\/mentions-legales\\\/\",\"url\":\"https:\\\/\\\/adax.ch\\\/adax\\\/entreprise\\\/mentions-legales\\\/\",\"name\":\"Mentions l\u00e9gales - Adax\",\"isPartOf\":{\"@id\":\"https:\\\/\\\/adax.ch\\\/#website\"},\"datePublished\":\"2019-09-04T06:49:16+00:00\",\"dateModified\":\"2023-11-28T07:33:54+00:00\",\"description\":\"Consultez les mentions l\u00e9gales d'ADAX\",\"breadcrumb\":{\"@id\":\"https:\\\/\\\/adax.ch\\\/adax\\\/entreprise\\\/mentions-legales\\\/#breadcrumb\"},\"inLanguage\":\"it-IT\",\"potentialAction\":[{\"@type\":\"ReadAction\",\"target\":[\"https:\\\/\\\/adax.ch\\\/adax\\\/entreprise\\\/mentions-legales\\\/\"]}]},{\"@type\":\"BreadcrumbList\",\"@id\":\"https:\\\/\\\/adax.ch\\\/adax\\\/entreprise\\\/mentions-legales\\\/#breadcrumb\",\"itemListElement\":[{\"@type\":\"ListItem\",\"position\":1,\"name\":\"Accueil\",\"item\":\"https:\\\/\\\/adax.ch\\\/\"},{\"@type\":\"ListItem\",\"position\":2,\"name\":\"ADAX\",\"item\":\"https:\\\/\\\/adax.ch\\\/\"},{\"@type\":\"ListItem\",\"position\":3,\"name\":\"Entreprise\",\"item\":\"https:\\\/\\\/adax.ch\\\/adax\\\/entreprise\\\/\"},{\"@type\":\"ListItem\",\"position\":4,\"name\":\"Mentions l\u00e9gales\"}]},{\"@type\":\"WebSite\",\"@id\":\"https:\\\/\\\/adax.ch\\\/#website\",\"url\":\"https:\\\/\\\/adax.ch\\\/\",\"name\":\"Adax\",\"description\":\"FROM EARTH TO SPACE\",\"publisher\":{\"@id\":\"https:\\\/\\\/adax.ch\\\/#organization\"},\"potentialAction\":[{\"@type\":\"SearchAction\",\"target\":{\"@type\":\"EntryPoint\",\"urlTemplate\":\"https:\\\/\\\/adax.ch\\\/?s={search_term_string}\"},\"query-input\":{\"@type\":\"PropertyValueSpecification\",\"valueRequired\":true,\"valueName\":\"search_term_string\"}}],\"inLanguage\":\"it-IT\"},{\"@type\":\"Organization\",\"@id\":\"https:\\\/\\\/adax.ch\\\/#organization\",\"name\":\"Adax SA\",\"url\":\"https:\\\/\\\/adax.ch\\\/\",\"logo\":{\"@type\":\"ImageObject\",\"inLanguage\":\"it-IT\",\"@id\":\"https:\\\/\\\/adax.ch\\\/#\\\/schema\\\/logo\\\/image\\\/\",\"url\":\"https:\\\/\\\/adax.ch\\\/wp-content\\\/uploads\\\/2021\\\/02\\\/logo-blanc-fond-noir.png\",\"contentUrl\":\"https:\\\/\\\/adax.ch\\\/wp-content\\\/uploads\\\/2021\\\/02\\\/logo-blanc-fond-noir.png\",\"width\":754,\"height\":754,\"caption\":\"Adax SA\"},\"image\":{\"@id\":\"https:\\\/\\\/adax.ch\\\/#\\\/schema\\\/logo\\\/image\\\/\"},\"sameAs\":[\"https:\\\/\\\/www.linkedin.com\\\/company\\\/adax-sa\\\/\",\"https:\\\/\\\/www.youtube.com\\\/channel\\\/UCajnUraOOGTurqpS0vObYgQ\"]}]}<\/script>\n<!-- \/ Yoast SEO Premium plugin. -->","yoast_head_json":{"title":"Mentions l\u00e9gales - Adax","description":"Consultez les mentions l\u00e9gales d'ADAX","robots":{"index":"index","follow":"follow","max-snippet":"max-snippet:-1","max-image-preview":"max-image-preview:large","max-video-preview":"max-video-preview:-1"},"canonical":"https:\/\/adax.ch\/it\/adax\/entreprise\/mentions-legales\/","og_locale":"it_IT","og_type":"article","og_title":"Mentions l\u00e9gales","og_description":"Consultez les mentions l\u00e9gales d'ADAX","og_url":"https:\/\/adax.ch\/it\/adax\/entreprise\/mentions-legales\/","og_site_name":"Adax","article_modified_time":"2023-11-28T07:33:54+00:00","twitter_card":"summary_large_image","twitter_misc":{"Tempo di lettura stimato":"1 minuto"},"schema":{"@context":"https:\/\/schema.org","@graph":[{"@type":"WebPage","@id":"https:\/\/adax.ch\/adax\/entreprise\/mentions-legales\/","url":"https:\/\/adax.ch\/adax\/entreprise\/mentions-legales\/","name":"Mentions l\u00e9gales - Adax","isPartOf":{"@id":"https:\/\/adax.ch\/#website"},"datePublished":"2019-09-04T06:49:16+00:00","dateModified":"2023-11-28T07:33:54+00:00","description":"Consultez les mentions l\u00e9gales d'ADAX","breadcrumb":{"@id":"https:\/\/adax.ch\/adax\/entreprise\/mentions-legales\/#breadcrumb"},"inLanguage":"it-IT","potentialAction":[{"@type":"ReadAction","target":["https:\/\/adax.ch\/adax\/entreprise\/mentions-legales\/"]}]},{"@type":"BreadcrumbList","@id":"https:\/\/adax.ch\/adax\/entreprise\/mentions-legales\/#breadcrumb","itemListElement":[{"@type":"ListItem","position":1,"name":"Accueil","item":"https:\/\/adax.ch\/"},{"@type":"ListItem","position":2,"name":"ADAX","item":"https:\/\/adax.ch\/"},{"@type":"ListItem","position":3,"name":"Entreprise","item":"https:\/\/adax.ch\/adax\/entreprise\/"},{"@type":"ListItem","position":4,"name":"Mentions l\u00e9gales"}]},{"@type":"WebSite","@id":"https:\/\/adax.ch\/#website","url":"https:\/\/adax.ch\/","name":"Adax","description":"FROM EARTH TO SPACE","publisher":{"@id":"https:\/\/adax.ch\/#organization"},"potentialAction":[{"@type":"SearchAction","target":{"@type":"EntryPoint","urlTemplate":"https:\/\/adax.ch\/?s={search_term_string}"},"query-input":{"@type":"PropertyValueSpecification","valueRequired":true,"valueName":"search_term_string"}}],"inLanguage":"it-IT"},{"@type":"Organization","@id":"https:\/\/adax.ch\/#organization","name":"Adax SA","url":"https:\/\/adax.ch\/","logo":{"@type":"ImageObject","inLanguage":"it-IT","@id":"https:\/\/adax.ch\/#\/schema\/logo\/image\/","url":"https:\/\/adax.ch\/wp-content\/uploads\/2021\/02\/logo-blanc-fond-noir.png","contentUrl":"https:\/\/adax.ch\/wp-content\/uploads\/2021\/02\/logo-blanc-fond-noir.png","width":754,"height":754,"caption":"Adax SA"},"image":{"@id":"https:\/\/adax.ch\/#\/schema\/logo\/image\/"},"sameAs":["https:\/\/www.linkedin.com\/company\/adax-sa\/","https:\/\/www.youtube.com\/channel\/UCajnUraOOGTurqpS0vObYgQ"]}]}},"jetpack_sharing_enabled":true,"_links":{"self":[{"href":"https:\/\/adax.ch\/it\/wp-json\/wp\/v2\/pages\/29030","targetHints":{"allow":["GET"]}}],"collection":[{"href":"https:\/\/adax.ch\/it\/wp-json\/wp\/v2\/pages"}],"about":[{"href":"https:\/\/adax.ch\/it\/wp-json\/wp\/v2\/types\/page"}],"author":[{"embeddable":true,"href":"https:\/\/adax.ch\/it\/wp-json\/wp\/v2\/users\/1"}],"replies":[{"embeddable":true,"href":"https:\/\/adax.ch\/it\/wp-json\/wp\/v2\/comments?post=29030"}],"version-history":[{"count":0,"href":"https:\/\/adax.ch\/it\/wp-json\/wp\/v2\/pages\/29030\/revisions"}],"up":[{"embeddable":true,"href":"https:\/\/adax.ch\/it\/wp-json\/wp\/v2\/pages\/28937"}],"wp:attachment":[{"href":"https:\/\/adax.ch\/it\/wp-json\/wp\/v2\/media?parent=29030"}],"curies":[{"name":"wp","href":"https:\/\/api.w.org\/{rel}","templated":true}]}}