{"id":28929,"date":"2019-08-15T12:34:59","date_gmt":"2019-08-15T10:34:59","guid":{"rendered":"https:\/\/adax.ch\/?page_id=28929"},"modified":"2019-12-19T11:29:01","modified_gmt":"2019-12-19T10:29:01","slug":"produits","status":"publish","type":"page","link":"https:\/\/adax.ch\/it\/adax\/produits\/","title":{"rendered":"Produits"},"content":{"rendered":"<p>[et_pb_section fb_built=\u00a0\u00bb1&Prime; _builder_version=\u00a0\u00bb3.25.4&Prime; background_color=\u00a0\u00bb#212121&Prime; custom_padding=\u00a0\u00bb24px||24px||true|\u00a0\u00bb][et_pb_row _builder_version=\u00a0\u00bb3.25.4&Prime;][et_pb_column type=\u00a0\u00bb4_4&Prime; _builder_version=\u00a0\u00bb3.25.4&Prime;][et_pb_text _builder_version=\u00a0\u00bb3.25.4&Prime; header_font=\u00a0\u00bb|300||on|||||\u00a0\u00bb header_text_color=\u00a0\u00bb#ffffff\u00a0\u00bb header_2_font=\u00a0\u00bb|300||on|||||\u00a0\u00bb header_2_text_color=\u00a0\u00bb#ffffff\u00a0\u00bb]<\/p>\n<h1 style=\"text-align: center;\">Nos produits<\/h1>\n<p>[\/et_pb_text][\/et_pb_column][\/et_pb_row][\/et_pb_section][et_pb_section fb_built=\u00a0\u00bb1&Prime; fullwidth=\u00a0\u00bbon\u00a0\u00bb _builder_version=\u00a0\u00bb3.25.4&Prime; background_image=\u00a0\u00bbhttps:\/\/adax.ch\/wp-content\/uploads\/2019\/12\/fond-me\u0301tal-scaled.jpg\u00a0\u00bb parallax=\u00a0\u00bbon\u00a0\u00bb custom_margin=\u00a0\u00bb-10px||\u00a0\u00bb][et_pb_fullwidth_slider _builder_version=\u00a0\u00bb3.25.4&Prime; custom_padding=\u00a0\u00bb160px||160px||true|\u00a0\u00bb][et_pb_slide _builder_version=\u00a0\u00bb3.25.4&Prime; background_color=\u00a0\u00bbrgba(31,96,161,0)\u00a0\u00bb]<\/p>\n<p><img decoding=\"async\" src=\"https:\/\/adax.ch\/wp-content\/uploads\/2019\/12\/2-e1576749472107.png\" width=\"153\" height=\"124\" alt=\"\" class=\"wp-image-29594 alignnone size-full\" srcset=\"https:\/\/adax.ch\/wp-content\/uploads\/2019\/12\/2-e1576749472107.png 273w, https:\/\/adax.ch\/wp-content\/uploads\/2019\/12\/2-e1576749472107-64x52.png 64w\" sizes=\"(max-width: 153px) 100vw, 153px\" \/><\/p>\n<p>[\/et_pb_slide][et_pb_slide _builder_version=\u00a0\u00bb3.25.4&Prime; background_color=\u00a0\u00bbrgba(31,96,161,0)\u00a0\u00bb]<\/p>\n<p><img decoding=\"async\" src=\"https:\/\/adax.ch\/wp-content\/uploads\/2019\/12\/8-1-e1576751292107.png\" width=\"309\" height=\"115\" alt=\"\" class=\"wp-image-29606 alignnone size-full\" srcset=\"https:\/\/adax.ch\/wp-content\/uploads\/2019\/12\/8-1-e1576751292107.png 695w, https:\/\/adax.ch\/wp-content\/uploads\/2019\/12\/8-1-e1576751292107-64x24.png 64w, https:\/\/adax.ch\/wp-content\/uploads\/2019\/12\/8-1-e1576751292107-600x224.png 600w, https:\/\/adax.ch\/wp-content\/uploads\/2019\/12\/8-1-e1576751292107-300x112.png 300w\" sizes=\"(max-width: 309px) 100vw, 309px\" \/><\/p>\n<p>[\/et_pb_slide][\/et_pb_fullwidth_slider][\/et_pb_section][et_pb_section fb_built=\u00a0\u00bb1&Prime; _builder_version=\u00a0\u00bb3.25.4&Prime; custom_padding=\u00a0\u00bb7px||2px||false|\u00a0\u00bb][et_pb_row _builder_version=\u00a0\u00bb3.25.4&Prime;][et_pb_column type=\u00a0\u00bb4_4&Prime; _builder_version=\u00a0\u00bb3.25.4&Prime;][et_pb_text _builder_version=\u00a0\u00bb3.25.4&Prime; text_font=\u00a0\u00bb||||||||\u00a0\u00bb text_text_color=\u00a0\u00bb#000000&Prime; header_font=\u00a0\u00bb|300||on|||||\u00a0\u00bb header_text_color=\u00a0\u00bb#000000&Prime; header_2_font=\u00a0\u00bb|300||on|||||\u00a0\u00bb header_2_text_color=\u00a0\u00bb#000000&Prime; header_2_font_size=\u00a0\u00bb21px\u00a0\u00bb]<\/p>\n<h2 style=\"text-align: center;\"><span>De la pr\u00e9cision infinit\u00e9simale de nos produits <br \/>d\u00e9pend le parfait fonctionnement d\u2019ensembles extr\u00eamement complexes.<\/span><\/h2>\n<p>[\/et_pb_text][et_pb_text _builder_version=\u00a0\u00bb3.25.4&Prime; width=\u00a0\u00bb100%\u00a0\u00bb max_width=\u00a0\u00bb100%\u00a0\u00bb custom_padding=\u00a0\u00bb27px||27px||true|\u00a0\u00bb]<\/p>\n<p style=\"text-align: justify;\"><span>Nos produits occupent une place microscopique dans la complexit\u00e9 d\u2019un produit fini. Mais cette place est souvent essentielle \u00e0 la s\u00e9curit\u00e9, \u00e0 la fiabilit\u00e9, \u00e0 la pr\u00e9cision des commandes ou tout simplement au confort d\u2019utilisation d\u2019un appareil. Que ce soit pour le doseur d\u2019un instrument m\u00e9dical, la course des volets d\u2019une aile d\u2019avion, un dispositif de freinage de F1 tournant sur le circuit urbain de Monaco, ou tout simplement le silence de fonctionnement du ventilateur d\u2019un PC (si le v\u00f4tre n\u2019\u00e9met aucun bruit, sachez que nous sommes sans doute pour beaucoup dans votre confort), lorsqu\u2019on opte pour la qualit\u00e9, on a tout \u00e0 gagner.<\/span><\/p>\n<p>[\/et_pb_text][et_pb_text _builder_version=\u00a0\u00bb3.25.4&Prime; width=\u00a0\u00bb100%\u00a0\u00bb max_width=\u00a0\u00bb100%\u00a0\u00bb custom_padding=\u00a0\u00bb57px||57px||true|\u00a0\u00bb]<strong>Nos produits :<\/strong><\/p>\n<p>Axes pour micromoteurs.<br \/>\nAxes cylindriques de tous genres, tremp\u00e9s ou non tremp\u00e9s,<br \/>\nrectifi\u00e9s.<br \/>\nGoupilles et axes de contr\u00f4le.<br \/>\nAiguilles.<br \/>\nGalets.<br \/>\nGalets de roulements de longueur \u00e9gale ou plus petite que le diam\u00e8tre.[\/et_pb_text][et_pb_image src=\u00a0\u00bbhttps:\/\/adax.ch\/wp-content\/uploads\/2019\/09\/PRODUITS-e1567580790115.jpg\u00a0\u00bb align=\u00a0\u00bbcenter\u00a0\u00bb _builder_version=\u00a0\u00bb3.25.4&Prime; custom_margin=\u00a0\u00bb||-29px|||\u00a0\u00bb custom_padding=\u00a0\u00bb39px|||||\u00a0\u00bb][\/et_pb_image][\/et_pb_column][\/et_pb_row][\/et_pb_section][et_pb_section fb_built=\u00a0\u00bb1&Prime; _builder_version=\u00a0\u00bb3.25.4&Prime; background_color=\u00a0\u00bbrgba(0,0,0,0.83)\u00a0\u00bb background_image=\u00a0\u00bbhttps:\/\/adax.ch\/wp-content\/uploads\/2019\/10\/pied-a\u0300-coulisse-1080-1-e1570787370256.png\u00a0\u00bb background_blend=\u00a0\u00bboverlay\u00a0\u00bb global_module=\u00a0\u00bb29342&Prime;][et_pb_row _builder_version=\u00a0\u00bb3.25.4&Prime;][et_pb_column type=\u00a0\u00bb4_4&Prime; _builder_version=\u00a0\u00bb3.25.4&Prime;][et_pb_image src=\u00a0\u00bbhttps:\/\/adax.ch\/wp-content\/uploads\/2019\/08\/logo-BLANC-01-e1565873942531.png\u00a0\u00bb align=\u00a0\u00bbright\u00a0\u00bb _builder_version=\u00a0\u00bb3.25.4&Prime; background_color=\u00a0\u00bb#000000&Prime; width=\u00a0\u00bb20%\u00a0\u00bb][\/et_pb_image][et_pb_text _builder_version=\u00a0\u00bb3.25.4&Prime; text_font=\u00a0\u00bb|||on|||||\u00a0\u00bb text_text_align=\u00a0\u00bbright\u00a0\u00bb text_text_color=\u00a0\u00bbrgba(255,255,255,0.93)\u00a0\u00bb text_font_size=\u00a0\u00bb15px\u00a0\u00bb text_line_height=\u00a0\u00bb2.3em\u00a0\u00bb header_font=\u00a0\u00bb||||||||\u00a0\u00bb]<\/p>\n<p>A compagny of codec group<\/p>\n<p>[\/et_pb_text][\/et_pb_column][\/et_pb_row][\/et_pb_section]<\/p>\n","protected":false},"excerpt":{"rendered":"<p>Nos produits De la pr\u00e9cision infinit\u00e9simale de nos produits d\u00e9pend le parfait fonctionnement d\u2019ensembles extr\u00eamement complexes.Nos produits occupent une place microscopique dans la complexit\u00e9 d\u2019un produit fini. Mais cette place est souvent essentielle \u00e0 la s\u00e9curit\u00e9, \u00e0 la fiabilit\u00e9, \u00e0 la pr\u00e9cision des commandes ou tout simplement au confort d\u2019utilisation d\u2019un appareil. Que ce soit [&hellip;]<\/p>\n","protected":false},"author":1,"featured_media":0,"parent":36,"menu_order":0,"comment_status":"closed","ping_status":"closed","template":"","meta":{"_et_pb_use_builder":"on","_et_pb_old_content":"","_et_gb_content_width":"","footnotes":""},"class_list":["post-28929","page","type-page","status-publish","hentry"],"yoast_head":"<!-- This site is optimized with the Yoast SEO Premium plugin v21.1 (Yoast SEO v27.3) - https:\/\/yoast.com\/product\/yoast-seo-premium-wordpress\/ -->\n<title>Produits - Adax<\/title>\n<meta name=\"robots\" content=\"index, follow, max-snippet:-1, max-image-preview:large, max-video-preview:-1\" \/>\n<link rel=\"canonical\" href=\"https:\/\/adax.ch\/it\/adax\/produits\/\" \/>\n<meta property=\"og:locale\" content=\"it_IT\" \/>\n<meta property=\"og:type\" content=\"article\" \/>\n<meta property=\"og:title\" content=\"Produits\" \/>\n<meta property=\"og:description\" content=\"Nos produits De la pr\u00e9cision infinit\u00e9simale de nos produits d\u00e9pend le parfait fonctionnement d\u2019ensembles extr\u00eamement complexes.Nos produits occupent une place microscopique dans la complexit\u00e9 d\u2019un produit fini. Mais cette place est souvent essentielle \u00e0 la s\u00e9curit\u00e9, \u00e0 la fiabilit\u00e9, \u00e0 la pr\u00e9cision des commandes ou tout simplement au confort d\u2019utilisation d\u2019un appareil. Que ce soit [&hellip;]\" \/>\n<meta property=\"og:url\" content=\"https:\/\/adax.ch\/it\/adax\/produits\/\" \/>\n<meta property=\"og:site_name\" content=\"Adax\" \/>\n<meta property=\"article:modified_time\" content=\"2019-12-19T10:29:01+00:00\" \/>\n<meta property=\"og:image\" content=\"https:\/\/adax.ch\/wp-content\/uploads\/2019\/12\/2-e1576749472107.png\" \/>\n<meta name=\"twitter:card\" content=\"summary_large_image\" \/>\n<meta name=\"twitter:label1\" content=\"Tempo di lettura stimato\" \/>\n\t<meta name=\"twitter:data1\" content=\"3 minuti\" \/>\n<script type=\"application\/ld+json\" class=\"yoast-schema-graph\">{\"@context\":\"https:\\\/\\\/schema.org\",\"@graph\":[{\"@type\":\"WebPage\",\"@id\":\"https:\\\/\\\/adax.ch\\\/adax\\\/produits\\\/\",\"url\":\"https:\\\/\\\/adax.ch\\\/adax\\\/produits\\\/\",\"name\":\"Produits - Adax\",\"isPartOf\":{\"@id\":\"https:\\\/\\\/adax.ch\\\/#website\"},\"primaryImageOfPage\":{\"@id\":\"https:\\\/\\\/adax.ch\\\/adax\\\/produits\\\/#primaryimage\"},\"image\":{\"@id\":\"https:\\\/\\\/adax.ch\\\/adax\\\/produits\\\/#primaryimage\"},\"thumbnailUrl\":\"https:\\\/\\\/adax.ch\\\/wp-content\\\/uploads\\\/2019\\\/12\\\/2-e1576749472107.png\",\"datePublished\":\"2019-08-15T10:34:59+00:00\",\"dateModified\":\"2019-12-19T10:29:01+00:00\",\"breadcrumb\":{\"@id\":\"https:\\\/\\\/adax.ch\\\/adax\\\/produits\\\/#breadcrumb\"},\"inLanguage\":\"it-IT\",\"potentialAction\":[{\"@type\":\"ReadAction\",\"target\":[\"https:\\\/\\\/adax.ch\\\/adax\\\/produits\\\/\"]}]},{\"@type\":\"ImageObject\",\"inLanguage\":\"it-IT\",\"@id\":\"https:\\\/\\\/adax.ch\\\/adax\\\/produits\\\/#primaryimage\",\"url\":\"https:\\\/\\\/adax.ch\\\/wp-content\\\/uploads\\\/2019\\\/12\\\/2-e1576749472107.png\",\"contentUrl\":\"https:\\\/\\\/adax.ch\\\/wp-content\\\/uploads\\\/2019\\\/12\\\/2-e1576749472107.png\"},{\"@type\":\"BreadcrumbList\",\"@id\":\"https:\\\/\\\/adax.ch\\\/adax\\\/produits\\\/#breadcrumb\",\"itemListElement\":[{\"@type\":\"ListItem\",\"position\":1,\"name\":\"Accueil\",\"item\":\"https:\\\/\\\/adax.ch\\\/\"},{\"@type\":\"ListItem\",\"position\":2,\"name\":\"ADAX\",\"item\":\"https:\\\/\\\/adax.ch\\\/\"},{\"@type\":\"ListItem\",\"position\":3,\"name\":\"Produits\"}]},{\"@type\":\"WebSite\",\"@id\":\"https:\\\/\\\/adax.ch\\\/#website\",\"url\":\"https:\\\/\\\/adax.ch\\\/\",\"name\":\"Adax\",\"description\":\"FROM EARTH TO SPACE\",\"publisher\":{\"@id\":\"https:\\\/\\\/adax.ch\\\/#organization\"},\"potentialAction\":[{\"@type\":\"SearchAction\",\"target\":{\"@type\":\"EntryPoint\",\"urlTemplate\":\"https:\\\/\\\/adax.ch\\\/?s={search_term_string}\"},\"query-input\":{\"@type\":\"PropertyValueSpecification\",\"valueRequired\":true,\"valueName\":\"search_term_string\"}}],\"inLanguage\":\"it-IT\"},{\"@type\":\"Organization\",\"@id\":\"https:\\\/\\\/adax.ch\\\/#organization\",\"name\":\"Adax SA\",\"url\":\"https:\\\/\\\/adax.ch\\\/\",\"logo\":{\"@type\":\"ImageObject\",\"inLanguage\":\"it-IT\",\"@id\":\"https:\\\/\\\/adax.ch\\\/#\\\/schema\\\/logo\\\/image\\\/\",\"url\":\"https:\\\/\\\/adax.ch\\\/wp-content\\\/uploads\\\/2021\\\/02\\\/logo-blanc-fond-noir.png\",\"contentUrl\":\"https:\\\/\\\/adax.ch\\\/wp-content\\\/uploads\\\/2021\\\/02\\\/logo-blanc-fond-noir.png\",\"width\":754,\"height\":754,\"caption\":\"Adax SA\"},\"image\":{\"@id\":\"https:\\\/\\\/adax.ch\\\/#\\\/schema\\\/logo\\\/image\\\/\"},\"sameAs\":[\"https:\\\/\\\/www.linkedin.com\\\/company\\\/adax-sa\\\/\",\"https:\\\/\\\/www.youtube.com\\\/channel\\\/UCajnUraOOGTurqpS0vObYgQ\"]}]}<\/script>\n<!-- \/ Yoast SEO Premium plugin. -->","yoast_head_json":{"title":"Produits - Adax","robots":{"index":"index","follow":"follow","max-snippet":"max-snippet:-1","max-image-preview":"max-image-preview:large","max-video-preview":"max-video-preview:-1"},"canonical":"https:\/\/adax.ch\/it\/adax\/produits\/","og_locale":"it_IT","og_type":"article","og_title":"Produits","og_description":"Nos produits De la pr\u00e9cision infinit\u00e9simale de nos produits d\u00e9pend le parfait fonctionnement d\u2019ensembles extr\u00eamement complexes.Nos produits occupent une place microscopique dans la complexit\u00e9 d\u2019un produit fini. Mais cette place est souvent essentielle \u00e0 la s\u00e9curit\u00e9, \u00e0 la fiabilit\u00e9, \u00e0 la pr\u00e9cision des commandes ou tout simplement au confort d\u2019utilisation d\u2019un appareil. Que ce soit [&hellip;]","og_url":"https:\/\/adax.ch\/it\/adax\/produits\/","og_site_name":"Adax","article_modified_time":"2019-12-19T10:29:01+00:00","og_image":[{"url":"https:\/\/adax.ch\/wp-content\/uploads\/2019\/12\/2-e1576749472107.png","type":"","width":"","height":""}],"twitter_card":"summary_large_image","twitter_misc":{"Tempo di lettura stimato":"3 minuti"},"schema":{"@context":"https:\/\/schema.org","@graph":[{"@type":"WebPage","@id":"https:\/\/adax.ch\/adax\/produits\/","url":"https:\/\/adax.ch\/adax\/produits\/","name":"Produits - Adax","isPartOf":{"@id":"https:\/\/adax.ch\/#website"},"primaryImageOfPage":{"@id":"https:\/\/adax.ch\/adax\/produits\/#primaryimage"},"image":{"@id":"https:\/\/adax.ch\/adax\/produits\/#primaryimage"},"thumbnailUrl":"https:\/\/adax.ch\/wp-content\/uploads\/2019\/12\/2-e1576749472107.png","datePublished":"2019-08-15T10:34:59+00:00","dateModified":"2019-12-19T10:29:01+00:00","breadcrumb":{"@id":"https:\/\/adax.ch\/adax\/produits\/#breadcrumb"},"inLanguage":"it-IT","potentialAction":[{"@type":"ReadAction","target":["https:\/\/adax.ch\/adax\/produits\/"]}]},{"@type":"ImageObject","inLanguage":"it-IT","@id":"https:\/\/adax.ch\/adax\/produits\/#primaryimage","url":"https:\/\/adax.ch\/wp-content\/uploads\/2019\/12\/2-e1576749472107.png","contentUrl":"https:\/\/adax.ch\/wp-content\/uploads\/2019\/12\/2-e1576749472107.png"},{"@type":"BreadcrumbList","@id":"https:\/\/adax.ch\/adax\/produits\/#breadcrumb","itemListElement":[{"@type":"ListItem","position":1,"name":"Accueil","item":"https:\/\/adax.ch\/"},{"@type":"ListItem","position":2,"name":"ADAX","item":"https:\/\/adax.ch\/"},{"@type":"ListItem","position":3,"name":"Produits"}]},{"@type":"WebSite","@id":"https:\/\/adax.ch\/#website","url":"https:\/\/adax.ch\/","name":"Adax","description":"FROM EARTH TO SPACE","publisher":{"@id":"https:\/\/adax.ch\/#organization"},"potentialAction":[{"@type":"SearchAction","target":{"@type":"EntryPoint","urlTemplate":"https:\/\/adax.ch\/?s={search_term_string}"},"query-input":{"@type":"PropertyValueSpecification","valueRequired":true,"valueName":"search_term_string"}}],"inLanguage":"it-IT"},{"@type":"Organization","@id":"https:\/\/adax.ch\/#organization","name":"Adax SA","url":"https:\/\/adax.ch\/","logo":{"@type":"ImageObject","inLanguage":"it-IT","@id":"https:\/\/adax.ch\/#\/schema\/logo\/image\/","url":"https:\/\/adax.ch\/wp-content\/uploads\/2021\/02\/logo-blanc-fond-noir.png","contentUrl":"https:\/\/adax.ch\/wp-content\/uploads\/2021\/02\/logo-blanc-fond-noir.png","width":754,"height":754,"caption":"Adax SA"},"image":{"@id":"https:\/\/adax.ch\/#\/schema\/logo\/image\/"},"sameAs":["https:\/\/www.linkedin.com\/company\/adax-sa\/","https:\/\/www.youtube.com\/channel\/UCajnUraOOGTurqpS0vObYgQ"]}]}},"jetpack_sharing_enabled":true,"_links":{"self":[{"href":"https:\/\/adax.ch\/it\/wp-json\/wp\/v2\/pages\/28929","targetHints":{"allow":["GET"]}}],"collection":[{"href":"https:\/\/adax.ch\/it\/wp-json\/wp\/v2\/pages"}],"about":[{"href":"https:\/\/adax.ch\/it\/wp-json\/wp\/v2\/types\/page"}],"author":[{"embeddable":true,"href":"https:\/\/adax.ch\/it\/wp-json\/wp\/v2\/users\/1"}],"replies":[{"embeddable":true,"href":"https:\/\/adax.ch\/it\/wp-json\/wp\/v2\/comments?post=28929"}],"version-history":[{"count":0,"href":"https:\/\/adax.ch\/it\/wp-json\/wp\/v2\/pages\/28929\/revisions"}],"up":[{"embeddable":true,"href":"https:\/\/adax.ch\/it\/wp-json\/wp\/v2\/pages\/36"}],"wp:attachment":[{"href":"https:\/\/adax.ch\/it\/wp-json\/wp\/v2\/media?parent=28929"}],"curies":[{"name":"wp","href":"https:\/\/api.w.org\/{rel}","templated":true}]}}