{"id":172336,"date":"2022-11-01T08:03:27","date_gmt":"2022-11-01T07:03:27","guid":{"rendered":"https:\/\/adax.ch\/produit\/o-10-00-x-40-00-mm\/"},"modified":"2026-03-13T06:31:36","modified_gmt":"2026-03-13T05:31:36","slug":"o-10-00-x-40-00-mm","status":"publish","type":"product","link":"https:\/\/adax.ch\/en\/product\/o-10-00-x-40-00-mm\/","title":{"rendered":"\u00d8 10.00 x 40.00 mm"},"content":{"rendered":"","protected":false},"excerpt":{"rendered":"<p>Acier 1.3505 Tremp\u00e9 \u00e0 60\u00b12 HRC (\u00b12\u00b5)<\/p>","protected":false},"featured_media":126189,"template":"","meta":{"_et_pb_use_builder":"","_et_pb_old_content":"","_et_gb_content_width":""},"product_brand":[],"product_cat":[7962],"product_tag":[],"class_list":{"0":"post-172336","1":"product","2":"type-product","3":"status-publish","4":"has-post-thumbnail","6":"product_cat-a-2","7":"pa_bouts-2x-bouts-chanfreines","8":"pa_diametre-10-00","9":"pa_longueur-40-00","10":"pa_matiere-acier-1-3505","11":"pa_trempe-trempe-a-602-hrc","13":"first","14":"instock","15":"taxable","16":"shipping-taxable","17":"purchasable","18":"product-type-simple"},"yoast_head":"<!-- This site is optimized with the Yoast SEO Premium plugin v21.1 (Yoast SEO v27.3) - https:\/\/yoast.com\/product\/yoast-seo-premium-wordpress\/ -->\n<title>\u00d8 10.00 x 40.00 mm - Adax<\/title>\n<meta name=\"robots\" content=\"index, follow, max-snippet:-1, max-image-preview:large, max-video-preview:-1\" \/>\n<link rel=\"canonical\" href=\"https:\/\/adax.ch\/en\/product\/o-10-00-x-40-00-mm\/\" \/>\n<meta property=\"og:locale\" content=\"en_GB\" \/>\n<meta property=\"og:type\" content=\"article\" \/>\n<meta property=\"og:title\" content=\"\u00d8 10.00 x 40.00 mm\" \/>\n<meta property=\"og:description\" content=\"Acier 1.3505 Tremp\u00e9 \u00e0 60\u00b12 HRC (\u00b12\u00b5)\" \/>\n<meta property=\"og:url\" content=\"https:\/\/adax.ch\/en\/product\/o-10-00-x-40-00-mm\/\" \/>\n<meta property=\"og:site_name\" content=\"Adax\" \/>\n<meta property=\"article:modified_time\" content=\"2026-03-13T05:31:36+00:00\" \/>\n<meta property=\"og:image\" content=\"https:\/\/adax.ch\/wp-content\/uploads\/2021\/05\/BCBC-1.jpg\" \/>\n\t<meta property=\"og:image:width\" content=\"1024\" \/>\n\t<meta property=\"og:image:height\" content=\"932\" \/>\n\t<meta property=\"og:image:type\" content=\"image\/jpeg\" \/>\n<meta name=\"twitter:card\" content=\"summary_large_image\" \/>\n<script type=\"application\/ld+json\" class=\"yoast-schema-graph\">{\"@context\":\"https:\\\/\\\/schema.org\",\"@graph\":[{\"@type\":\"WebPage\",\"@id\":\"https:\\\/\\\/adax.ch\\\/produit\\\/o-10-00-x-40-00-mm\\\/\",\"url\":\"https:\\\/\\\/adax.ch\\\/produit\\\/o-10-00-x-40-00-mm\\\/\",\"name\":\"\u00d8 10.00 x 40.00 mm - Adax\",\"isPartOf\":{\"@id\":\"https:\\\/\\\/adax.ch\\\/#website\"},\"primaryImageOfPage\":{\"@id\":\"https:\\\/\\\/adax.ch\\\/produit\\\/o-10-00-x-40-00-mm\\\/#primaryimage\"},\"image\":{\"@id\":\"https:\\\/\\\/adax.ch\\\/produit\\\/o-10-00-x-40-00-mm\\\/#primaryimage\"},\"thumbnailUrl\":\"https:\\\/\\\/adax.ch\\\/wp-content\\\/uploads\\\/2021\\\/05\\\/BCBC-1.jpg\",\"datePublished\":\"2022-11-01T07:03:27+00:00\",\"dateModified\":\"2026-03-13T05:31:36+00:00\",\"breadcrumb\":{\"@id\":\"https:\\\/\\\/adax.ch\\\/produit\\\/o-10-00-x-40-00-mm\\\/#breadcrumb\"},\"inLanguage\":\"en-GB\",\"potentialAction\":[{\"@type\":\"ReadAction\",\"target\":[\"https:\\\/\\\/adax.ch\\\/produit\\\/o-10-00-x-40-00-mm\\\/\"]}]},{\"@type\":\"ImageObject\",\"inLanguage\":\"en-GB\",\"@id\":\"https:\\\/\\\/adax.ch\\\/produit\\\/o-10-00-x-40-00-mm\\\/#primaryimage\",\"url\":\"https:\\\/\\\/adax.ch\\\/wp-content\\\/uploads\\\/2021\\\/05\\\/BCBC-1.jpg\",\"contentUrl\":\"https:\\\/\\\/adax.ch\\\/wp-content\\\/uploads\\\/2021\\\/05\\\/BCBC-1.jpg\",\"width\":1024,\"height\":932},{\"@type\":\"BreadcrumbList\",\"@id\":\"https:\\\/\\\/adax.ch\\\/produit\\\/o-10-00-x-40-00-mm\\\/#breadcrumb\",\"itemListElement\":[{\"@type\":\"ListItem\",\"position\":1,\"name\":\"Accueil\",\"item\":\"https:\\\/\\\/adax.ch\\\/\"},{\"@type\":\"ListItem\",\"position\":2,\"name\":\"Shop\",\"item\":\"https:\\\/\\\/adax.ch\\\/adax\\\/shop\\\/\"},{\"@type\":\"ListItem\",\"position\":3,\"name\":\"\u00d8 10.00 x 40.00 mm\"}]},{\"@type\":\"WebSite\",\"@id\":\"https:\\\/\\\/adax.ch\\\/#website\",\"url\":\"https:\\\/\\\/adax.ch\\\/\",\"name\":\"Adax\",\"description\":\"FROM EARTH TO SPACE\",\"publisher\":{\"@id\":\"https:\\\/\\\/adax.ch\\\/#organization\"},\"potentialAction\":[{\"@type\":\"SearchAction\",\"target\":{\"@type\":\"EntryPoint\",\"urlTemplate\":\"https:\\\/\\\/adax.ch\\\/?s={search_term_string}\"},\"query-input\":{\"@type\":\"PropertyValueSpecification\",\"valueRequired\":true,\"valueName\":\"search_term_string\"}}],\"inLanguage\":\"en-GB\"},{\"@type\":\"Organization\",\"@id\":\"https:\\\/\\\/adax.ch\\\/#organization\",\"name\":\"Adax SA\",\"url\":\"https:\\\/\\\/adax.ch\\\/\",\"logo\":{\"@type\":\"ImageObject\",\"inLanguage\":\"en-GB\",\"@id\":\"https:\\\/\\\/adax.ch\\\/#\\\/schema\\\/logo\\\/image\\\/\",\"url\":\"https:\\\/\\\/adax.ch\\\/wp-content\\\/uploads\\\/2021\\\/02\\\/logo-blanc-fond-noir.png\",\"contentUrl\":\"https:\\\/\\\/adax.ch\\\/wp-content\\\/uploads\\\/2021\\\/02\\\/logo-blanc-fond-noir.png\",\"width\":754,\"height\":754,\"caption\":\"Adax SA\"},\"image\":{\"@id\":\"https:\\\/\\\/adax.ch\\\/#\\\/schema\\\/logo\\\/image\\\/\"},\"sameAs\":[\"https:\\\/\\\/www.linkedin.com\\\/company\\\/adax-sa\\\/\",\"https:\\\/\\\/www.youtube.com\\\/channel\\\/UCajnUraOOGTurqpS0vObYgQ\"]}]}<\/script>\n<!-- \/ Yoast SEO Premium plugin. -->","yoast_head_json":{"title":"\u00d8 10.00 x 40.00 mm - Adax","robots":{"index":"index","follow":"follow","max-snippet":"max-snippet:-1","max-image-preview":"max-image-preview:large","max-video-preview":"max-video-preview:-1"},"canonical":"https:\/\/adax.ch\/en\/product\/o-10-00-x-40-00-mm\/","og_locale":"en_GB","og_type":"article","og_title":"\u00d8 10.00 x 40.00 mm","og_description":"Acier 1.3505 Tremp\u00e9 \u00e0 60\u00b12 HRC (\u00b12\u00b5)","og_url":"https:\/\/adax.ch\/en\/product\/o-10-00-x-40-00-mm\/","og_site_name":"Adax","article_modified_time":"2026-03-13T05:31:36+00:00","og_image":[{"width":1024,"height":932,"url":"https:\/\/adax.ch\/wp-content\/uploads\/2021\/05\/BCBC-1.jpg","type":"image\/jpeg"}],"twitter_card":"summary_large_image","schema":{"@context":"https:\/\/schema.org","@graph":[{"@type":"WebPage","@id":"https:\/\/adax.ch\/produit\/o-10-00-x-40-00-mm\/","url":"https:\/\/adax.ch\/produit\/o-10-00-x-40-00-mm\/","name":"\u00d8 10.00 x 40.00 mm - Adax","isPartOf":{"@id":"https:\/\/adax.ch\/#website"},"primaryImageOfPage":{"@id":"https:\/\/adax.ch\/produit\/o-10-00-x-40-00-mm\/#primaryimage"},"image":{"@id":"https:\/\/adax.ch\/produit\/o-10-00-x-40-00-mm\/#primaryimage"},"thumbnailUrl":"https:\/\/adax.ch\/wp-content\/uploads\/2021\/05\/BCBC-1.jpg","datePublished":"2022-11-01T07:03:27+00:00","dateModified":"2026-03-13T05:31:36+00:00","breadcrumb":{"@id":"https:\/\/adax.ch\/produit\/o-10-00-x-40-00-mm\/#breadcrumb"},"inLanguage":"en-GB","potentialAction":[{"@type":"ReadAction","target":["https:\/\/adax.ch\/produit\/o-10-00-x-40-00-mm\/"]}]},{"@type":"ImageObject","inLanguage":"en-GB","@id":"https:\/\/adax.ch\/produit\/o-10-00-x-40-00-mm\/#primaryimage","url":"https:\/\/adax.ch\/wp-content\/uploads\/2021\/05\/BCBC-1.jpg","contentUrl":"https:\/\/adax.ch\/wp-content\/uploads\/2021\/05\/BCBC-1.jpg","width":1024,"height":932},{"@type":"BreadcrumbList","@id":"https:\/\/adax.ch\/produit\/o-10-00-x-40-00-mm\/#breadcrumb","itemListElement":[{"@type":"ListItem","position":1,"name":"Accueil","item":"https:\/\/adax.ch\/"},{"@type":"ListItem","position":2,"name":"Shop","item":"https:\/\/adax.ch\/adax\/shop\/"},{"@type":"ListItem","position":3,"name":"\u00d8 10.00 x 40.00 mm"}]},{"@type":"WebSite","@id":"https:\/\/adax.ch\/#website","url":"https:\/\/adax.ch\/","name":"Adax","description":"FROM EARTH TO SPACE","publisher":{"@id":"https:\/\/adax.ch\/#organization"},"potentialAction":[{"@type":"SearchAction","target":{"@type":"EntryPoint","urlTemplate":"https:\/\/adax.ch\/?s={search_term_string}"},"query-input":{"@type":"PropertyValueSpecification","valueRequired":true,"valueName":"search_term_string"}}],"inLanguage":"en-GB"},{"@type":"Organization","@id":"https:\/\/adax.ch\/#organization","name":"Adax SA","url":"https:\/\/adax.ch\/","logo":{"@type":"ImageObject","inLanguage":"en-GB","@id":"https:\/\/adax.ch\/#\/schema\/logo\/image\/","url":"https:\/\/adax.ch\/wp-content\/uploads\/2021\/02\/logo-blanc-fond-noir.png","contentUrl":"https:\/\/adax.ch\/wp-content\/uploads\/2021\/02\/logo-blanc-fond-noir.png","width":754,"height":754,"caption":"Adax SA"},"image":{"@id":"https:\/\/adax.ch\/#\/schema\/logo\/image\/"},"sameAs":["https:\/\/www.linkedin.com\/company\/adax-sa\/","https:\/\/www.youtube.com\/channel\/UCajnUraOOGTurqpS0vObYgQ"]}]}},"jetpack_sharing_enabled":true,"_links":{"self":[{"href":"https:\/\/adax.ch\/en\/wp-json\/wp\/v2\/product\/172336","targetHints":{"allow":["GET"]}}],"collection":[{"href":"https:\/\/adax.ch\/en\/wp-json\/wp\/v2\/product"}],"about":[{"href":"https:\/\/adax.ch\/en\/wp-json\/wp\/v2\/types\/product"}],"wp:featuredmedia":[{"embeddable":true,"href":"https:\/\/adax.ch\/en\/wp-json\/wp\/v2\/media\/126189"}],"wp:attachment":[{"href":"https:\/\/adax.ch\/en\/wp-json\/wp\/v2\/media?parent=172336"}],"wp:term":[{"taxonomy":"product_brand","embeddable":true,"href":"https:\/\/adax.ch\/en\/wp-json\/wp\/v2\/product_brand?post=172336"},{"taxonomy":"product_cat","embeddable":true,"href":"https:\/\/adax.ch\/en\/wp-json\/wp\/v2\/product_cat?post=172336"},{"taxonomy":"product_tag","embeddable":true,"href":"https:\/\/adax.ch\/en\/wp-json\/wp\/v2\/product_tag?post=172336"}],"curies":[{"name":"wp","href":"https:\/\/api.w.org\/{rel}","templated":true}]}}