{"id":31305,"date":"2020-06-16T11:06:13","date_gmt":"2020-06-16T09:06:13","guid":{"rendered":"https:\/\/adax.ch\/?page_id=31305"},"modified":"2021-01-19T11:00:36","modified_gmt":"2021-01-19T10:00:36","slug":"roulements-a","status":"publish","type":"page","link":"https:\/\/adax.ch\/en\/adax\/produits\/roulements-a\/","title":{"rendered":"Bearings"},"content":{"rendered":"\n\n[et_pb_section fb_built=\u00a0\u00bb1&Prime; _builder_version=\u00a0\u00bb4.3.4&Prime; background_color=\u00a0\u00bb#161E2B\u00a0\u00bb custom_padding=\u00a0\u00bb0px||0px||true|\u00a0\u00bb][et_pb_row _builder_version=\u00a0\u00bb4.3.4&Prime; custom_padding=\u00a0\u00bb98px||5px||false|\u00a0\u00bb][et_pb_column type=\u00a0\u00bb4_4&Prime; _builder_version=\u00a0\u00bb4.3.4&Prime;][et_pb_text _builder_version=\u00a0\u00bb4.4.8&Prime; text_font=\u00a0\u00bbHelveticaNeue||||||||\u00a0\u00bb text_letter_spacing=\u00a0\u00bb2px\u00a0\u00bb header_font=\u00a0\u00bbHelveticaNeue|||on|||||\u00a0\u00bb header_text_color=\u00a0\u00bb#ffffff\u00a0\u00bb header_font_size=\u00a0\u00bb22px\u00a0\u00bb header_letter_spacing=\u00a0\u00bb4px\u00a0\u00bb text_orientation=\u00a0\u00bbcenter\u00a0\u00bb]<h1 style=\"text-align: center;\">Roulements<\/h1>[\/et_pb_text][\/et_pb_column][\/et_pb_row][et_pb_row _builder_version=\u00a0\u00bb4.4.8&Prime;][et_pb_column type=\u00a0\u00bb4_4&Prime; _builder_version=\u00a0\u00bb4.4.8&Prime;][et_pb_text _builder_version=\u00a0\u00bb4.4.8&Prime; text_font=\u00a0\u00bbHelveticaNeue||||||||\u00a0\u00bb text_text_color=\u00a0\u00bb#ffffff\u00a0\u00bb text_font_size=\u00a0\u00bb16px\u00a0\u00bb text_letter_spacing=\u00a0\u00bb2px\u00a0\u00bb custom_padding=\u00a0\u00bb16px||16px||true|\u00a0\u00bb]<p>Les roulements se distinguent par la forme et la disposition des \u00e9l\u00e9ments roulants. \u00c0 chaque mod\u00e8le correspondent des performances particuli\u00e8res et donc un usage sp\u00e9cifique. Par exemple, les roulements \u00e0 rouleaux supportent des charges sup\u00e9rieures par rapport aux roulements \u00e0 billes de taille \u00e9quivalente, car le contact des \u00e9l\u00e9ments roulants avec les bagues est lin\u00e9aire. Cependant, ils acceptent des fr\u00e9quences de rotation moins \u00e9lev\u00e9es. Les cages \u00e0 aiguilles sont moins encombrantes mais exigent une pr\u00e9paration des port\u00e9es.<br \/> Chez ADAX SA nous pouvons vous apportez une solution \u00e0 chaque d\u00e9fi technique et pour diff\u00e9rentes applications. Notre grande exp\u00e9rience et notre savoir faire font de nous un des leaders dans la fabrication de composants de roulements.<\/p>[\/et_pb_text][\/et_pb_column][\/et_pb_row][\/et_pb_section][et_pb_section fb_built=\u00a0\u00bb1&Prime; fullwidth=\u00a0\u00bbon\u00a0\u00bb _builder_version=\u00a0\u00bb4.4.5&Prime; background_color=\u00a0\u00bb#161E2B\u00a0\u00bb][et_pb_fullwidth_header header_scroll_down=\u00a0\u00bbon\u00a0\u00bb scroll_down_icon=\u00a0\u00bb%%1%%\u00a0\u00bb _builder_version=\u00a0\u00bb4.4.5&Prime; background_color=\u00a0\u00bb#161E2B\u00a0\u00bb custom_padding=\u00a0\u00bb0px||95px|||\u00a0\u00bb][\/et_pb_fullwidth_header][\/et_pb_section][et_pb_section fb_built=\u00a0\u00bb1&Prime; disabled_on=\u00a0\u00bbon|off|off\u00a0\u00bb module_id=\u00a0\u00bbgaletcyl\u00a0\u00bb module_class=\u00a0\u00bbgaletcyl\u00a0\u00bb _builder_version=\u00a0\u00bb4.5.0&Prime; custom_padding=\u00a0\u00bb0px||0px|||\u00a0\u00bb][et_pb_row column_structure=\u00a0\u00bb1_2,1_2&Prime; _builder_version=\u00a0\u00bb4.4.8&Prime; width=\u00a0\u00bb100%\u00a0\u00bb custom_padding=\u00a0\u00bb0px||0px||true|\u00a0\u00bb][et_pb_column type=\u00a0\u00bb1_2&Prime; _builder_version=\u00a0\u00bb4.4.8&Prime;][et_pb_image src=\u00a0\u00bbhttps:\/\/adax.ch\/wp-content\/uploads\/2020\/06\/Linear-system-16-9.png\u00a0\u00bb title_text=\u00a0\u00bbLinear system 16-9&Prime; _builder_version=\u00a0\u00bb4.4.8&Prime; custom_padding=\u00a0\u00bb4px||0px|||\u00a0\u00bb][\/et_pb_image][\/et_pb_column][et_pb_column type=\u00a0\u00bb1_2&Prime; _builder_version=\u00a0\u00bb4.4.8&Prime; background_color=\u00a0\u00bb#161E2B\u00a0\u00bb][et_pb_text _builder_version=\u00a0\u00bb4.4.8&Prime; header_text_color=\u00a0\u00bb#ffffff\u00a0\u00bb header_2_font=\u00a0\u00bbHelveticaNeue|||on|||||\u00a0\u00bb header_2_text_align=\u00a0\u00bbcenter\u00a0\u00bb header_2_text_color=\u00a0\u00bb#ffffff\u00a0\u00bb header_2_font_size=\u00a0\u00bb22px\u00a0\u00bb header_2_letter_spacing=\u00a0\u00bb4px\u00a0\u00bb custom_padding=\u00a0\u00bb26.5%||26.5%||true|false\u00a0\u00bb]<h2>GALETS CYLINDRIQUES<\/h2>[\/et_pb_text][\/et_pb_column][\/et_pb_row][\/et_pb_section][et_pb_section fb_built=\u00a0\u00bb1&Prime; disabled_on=\u00a0\u00bbon|off|off\u00a0\u00bb module_id=\u00a0\u00bbaiguille\u00a0\u00bb module_class=\u00a0\u00bbaiguille\u00a0\u00bb _builder_version=\u00a0\u00bb4.5.0&Prime; custom_padding=\u00a0\u00bb0px||0px|||\u00a0\u00bb][et_pb_row column_structure=\u00a0\u00bb1_2,1_2&Prime; _builder_version=\u00a0\u00bb4.4.8&Prime; width=\u00a0\u00bb100%\u00a0\u00bb custom_padding=\u00a0\u00bb0px||0px||true|\u00a0\u00bb][et_pb_column type=\u00a0\u00bb1_2&Prime; _builder_version=\u00a0\u00bb4.4.8&Prime; background_color=\u00a0\u00bb#161E2B\u00a0\u00bb][et_pb_text _builder_version=\u00a0\u00bb4.4.8&Prime; header_2_font=\u00a0\u00bbHelveticaNeue|||on|||||\u00a0\u00bb header_2_text_align=\u00a0\u00bbcenter\u00a0\u00bb header_2_text_color=\u00a0\u00bb#ffffff\u00a0\u00bb header_2_font_size=\u00a0\u00bb22px\u00a0\u00bb header_2_letter_spacing=\u00a0\u00bb4px\u00a0\u00bb custom_padding=\u00a0\u00bb26.5%||26.5%||true|false\u00a0\u00bb]<h2>Aiguilles<\/h2>[\/et_pb_text][\/et_pb_column][et_pb_column type=\u00a0\u00bb1_2&Prime; _builder_version=\u00a0\u00bb4.4.8&Prime;][et_pb_image src=\u00a0\u00bbhttps:\/\/adax.ch\/wp-content\/uploads\/2020\/06\/Aiguille-16-9.png\u00a0\u00bb title_text=\u00a0\u00bbAiguille 16-9&Prime; _builder_version=\u00a0\u00bb4.4.8&Prime; custom_padding=\u00a0\u00bb0px|||||\u00a0\u00bb][\/et_pb_image][\/et_pb_column][\/et_pb_row][\/et_pb_section][et_pb_section fb_built=\u00a0\u00bb1&Prime; disabled_on=\u00a0\u00bbon|off|off\u00a0\u00bb module_id=\u00a0\u00bbgalettonn\u00a0\u00bb module_class=\u00a0\u00bbgalettonn\u00a0\u00bb _builder_version=\u00a0\u00bb4.5.0&Prime; custom_padding=\u00a0\u00bb0px||0px|||\u00a0\u00bb][et_pb_row column_structure=\u00a0\u00bb1_2,1_2&Prime; _builder_version=\u00a0\u00bb4.4.8&Prime; width=\u00a0\u00bb100%\u00a0\u00bb custom_padding=\u00a0\u00bb0px||0px||true|\u00a0\u00bb][et_pb_column type=\u00a0\u00bb1_2&Prime; _builder_version=\u00a0\u00bb4.4.8&Prime;][et_pb_image src=\u00a0\u00bbhttps:\/\/adax.ch\/wp-content\/uploads\/2020\/06\/Galet-tonneau-16-9.png\u00a0\u00bb title_text=\u00a0\u00bbGalet tonneau 16-9&Prime; _builder_version=\u00a0\u00bb4.4.8&Prime; min_height=\u00a0\u00bb397px\u00a0\u00bb][\/et_pb_image][\/et_pb_column][et_pb_column type=\u00a0\u00bb1_2&Prime; _builder_version=\u00a0\u00bb4.4.8&Prime; background_color=\u00a0\u00bb#161E2B\u00a0\u00bb][et_pb_text _builder_version=\u00a0\u00bb4.4.8&Prime; header_text_color=\u00a0\u00bb#ffffff\u00a0\u00bb header_2_font=\u00a0\u00bbHelveticaNeue|||on|||||\u00a0\u00bb header_2_text_align=\u00a0\u00bbcenter\u00a0\u00bb header_2_text_color=\u00a0\u00bb#ffffff\u00a0\u00bb header_2_font_size=\u00a0\u00bb22px\u00a0\u00bb header_2_letter_spacing=\u00a0\u00bb4px\u00a0\u00bb custom_padding=\u00a0\u00bb26.5%||26.5%||true|false\u00a0\u00bb]<h2>GALETS Tonneaux<\/h2>[\/et_pb_text][\/et_pb_column][\/et_pb_row][\/et_pb_section][et_pb_section fb_built=\u00a0\u00bb1&Prime; module_id=\u00a0\u00bbgaletcyl\u00a0\u00bb module_class=\u00a0\u00bbgaletcyl\u00a0\u00bb _builder_version=\u00a0\u00bb4.4.8&Prime; custom_padding=\u00a0\u00bb0px||0px|||\u00a0\u00bb][et_pb_row column_structure=\u00a0\u00bb1_2,1_2&Prime; disabled_on=\u00a0\u00bboff|on|on\u00a0\u00bb _builder_version=\u00a0\u00bb4.5.0&Prime; width=\u00a0\u00bb100%\u00a0\u00bb custom_padding=\u00a0\u00bb0px||0px||true|\u00a0\u00bb][et_pb_column type=\u00a0\u00bb1_2&Prime; _builder_version=\u00a0\u00bb4.4.8&Prime;][et_pb_image src=\u00a0\u00bbhttps:\/\/adax.ch\/wp-content\/uploads\/2020\/06\/Linear-system-16-9.png\u00a0\u00bb title_text=\u00a0\u00bbLinear system 16-9&Prime; _builder_version=\u00a0\u00bb4.4.8&Prime; custom_padding=\u00a0\u00bb4px||0px|||\u00a0\u00bb][\/et_pb_image][\/et_pb_column][et_pb_column type=\u00a0\u00bb1_2&Prime; _builder_version=\u00a0\u00bb4.4.8&Prime; background_color=\u00a0\u00bb#161E2B\u00a0\u00bb][et_pb_text _builder_version=\u00a0\u00bb4.4.8&Prime; header_text_color=\u00a0\u00bb#ffffff\u00a0\u00bb header_2_font=\u00a0\u00bbHelveticaNeue|||on|||||\u00a0\u00bb header_2_text_align=\u00a0\u00bbcenter\u00a0\u00bb header_2_text_color=\u00a0\u00bb#ffffff\u00a0\u00bb header_2_font_size=\u00a0\u00bb22px\u00a0\u00bb header_2_letter_spacing=\u00a0\u00bb4px\u00a0\u00bb custom_padding=\u00a0\u00bb26.5%||26.5%||true|false\u00a0\u00bb]<h2>GALETS CYLINDRIQUES<\/h2>[\/et_pb_text][\/et_pb_column][\/et_pb_row][\/et_pb_section][et_pb_section fb_built=\u00a0\u00bb1&Prime; disabled_on=\u00a0\u00bboff|on|on\u00a0\u00bb module_id=\u00a0\u00bbaiguille\u00a0\u00bb module_class=\u00a0\u00bbaiguille\u00a0\u00bb _builder_version=\u00a0\u00bb4.5.0&Prime; custom_padding=\u00a0\u00bb0px||0px|||\u00a0\u00bb][et_pb_row column_structure=\u00a0\u00bb1_2,1_2&Prime; _builder_version=\u00a0\u00bb4.5.0&Prime; width=\u00a0\u00bb100%\u00a0\u00bb custom_padding=\u00a0\u00bb0px||0px||true|\u00a0\u00bb][et_pb_column type=\u00a0\u00bb1_2&Prime; _builder_version=\u00a0\u00bb4.4.8&Prime;][et_pb_image src=\u00a0\u00bbhttps:\/\/adax.ch\/wp-content\/uploads\/2020\/09\/Aiguille.png\u00a0\u00bb title_text=\u00a0\u00bbAiguille\u00a0\u00bb _builder_version=\u00a0\u00bb4.6.0&Prime; custom_padding=\u00a0\u00bb0px|||||\u00a0\u00bb hover_enabled=\u00a0\u00bb0&Prime; sticky_enabled=\u00a0\u00bb0&Prime;][\/et_pb_image][\/et_pb_column][et_pb_column type=\u00a0\u00bb1_2&Prime; _builder_version=\u00a0\u00bb4.4.8&Prime; background_color=\u00a0\u00bb#161E2B\u00a0\u00bb][et_pb_text _builder_version=\u00a0\u00bb4.4.8&Prime; header_2_font=\u00a0\u00bbHelveticaNeue|||on|||||\u00a0\u00bb header_2_text_align=\u00a0\u00bbcenter\u00a0\u00bb header_2_text_color=\u00a0\u00bb#ffffff\u00a0\u00bb header_2_font_size=\u00a0\u00bb22px\u00a0\u00bb header_2_letter_spacing=\u00a0\u00bb4px\u00a0\u00bb custom_padding=\u00a0\u00bb26.5%||26.5%||true|false\u00a0\u00bb]<h2>Aiguilles<\/h2>[\/et_pb_text][\/et_pb_column][\/et_pb_row][\/et_pb_section][et_pb_section fb_built=\u00a0\u00bb1&Prime; disabled_on=\u00a0\u00bboff|on|on\u00a0\u00bb module_id=\u00a0\u00bbgalettonn\u00a0\u00bb module_class=\u00a0\u00bbgalettonn\u00a0\u00bb _builder_version=\u00a0\u00bb4.5.0&Prime; custom_padding=\u00a0\u00bb0px||0px|||\u00a0\u00bb][et_pb_row column_structure=\u00a0\u00bb1_2,1_2&Prime; _builder_version=\u00a0\u00bb4.4.8&Prime; width=\u00a0\u00bb100%\u00a0\u00bb custom_padding=\u00a0\u00bb0px||0px||true|\u00a0\u00bb][et_pb_column type=\u00a0\u00bb1_2&Prime; _builder_version=\u00a0\u00bb4.4.8&Prime;][et_pb_image src=\u00a0\u00bbhttps:\/\/adax.ch\/wp-content\/uploads\/2020\/09\/Galet-tonneau.png\u00a0\u00bb title_text=\u00a0\u00bbGalet tonneau\u00a0\u00bb _builder_version=\u00a0\u00bb4.6.0&Prime; min_height=\u00a0\u00bb397px\u00a0\u00bb hover_enabled=\u00a0\u00bb0&Prime; sticky_enabled=\u00a0\u00bb0&Prime;][\/et_pb_image][\/et_pb_column][et_pb_column type=\u00a0\u00bb1_2&Prime; _builder_version=\u00a0\u00bb4.4.8&Prime; background_color=\u00a0\u00bb#161E2B\u00a0\u00bb][et_pb_text _builder_version=\u00a0\u00bb4.4.8&Prime; header_text_color=\u00a0\u00bb#ffffff\u00a0\u00bb header_2_font=\u00a0\u00bbHelveticaNeue|||on|||||\u00a0\u00bb header_2_text_align=\u00a0\u00bbcenter\u00a0\u00bb header_2_text_color=\u00a0\u00bb#ffffff\u00a0\u00bb header_2_font_size=\u00a0\u00bb22px\u00a0\u00bb header_2_letter_spacing=\u00a0\u00bb4px\u00a0\u00bb custom_padding=\u00a0\u00bb26.5%||26.5%||true|false\u00a0\u00bb]<h2>GALETS Tonneaux<\/h2>[\/et_pb_text][\/et_pb_column][\/et_pb_row][\/et_pb_section]\n\n","protected":false},"excerpt":{"rendered":"<p>RoulementsLes roulements se distinguent par la forme et la disposition des \u00e9l\u00e9ments roulants. \u00c0 chaque mod\u00e8le correspondent des performances particuli\u00e8res et donc un usage sp\u00e9cifique. Par exemple, les roulements \u00e0 rouleaux supportent des charges sup\u00e9rieures par rapport aux roulements \u00e0 billes de taille \u00e9quivalente, car le contact des \u00e9l\u00e9ments roulants avec les bagues est lin\u00e9aire. [&hellip;]<\/p>\n","protected":false},"author":1,"featured_media":0,"parent":28929,"menu_order":0,"comment_status":"closed","ping_status":"closed","template":"","meta":{"_et_pb_use_builder":"on","_et_pb_old_content":"","_et_gb_content_width":"","footnotes":""},"class_list":["post-31305","page","type-page","status-publish","hentry"],"yoast_head":"<!-- This site is optimized with the Yoast SEO Premium plugin v21.1 (Yoast SEO v27.5) - https:\/\/yoast.com\/product\/yoast-seo-premium-wordpress\/ -->\n<title>Roulements - Adax<\/title>\n<meta name=\"description\" content=\"Nous produisons divers types de roulements: GALETS CYLINDRIQUES - AIGUILLES - GALETS TONNEAUX. Les roulements se distinguent par la forme et la disposition des \u00e9l\u00e9ments roulants. \u00c0 chaque mod\u00e8le correspondent des performances particuli\u00e8res et donc un usage sp\u00e9cifique. Par exemple, les roulements \u00e0 rouleaux supportent des charges sup\u00e9rieures par rapport aux roulements \u00e0 billes de taille \u00e9quivalente, car le contact des \u00e9l\u00e9ments roulants avec les bagues est lin\u00e9aire\" \/>\n<meta name=\"robots\" content=\"index, follow, max-snippet:-1, max-image-preview:large, max-video-preview:-1\" \/>\n<link rel=\"canonical\" href=\"https:\/\/adax.ch\/en\/adax\/produits\/roulements-a\/\" \/>\n<meta property=\"og:locale\" content=\"en_GB\" \/>\n<meta property=\"og:type\" content=\"article\" \/>\n<meta property=\"og:title\" content=\"Roulements\" \/>\n<meta property=\"og:description\" content=\"Nous produisons divers types de roulements: GALETS CYLINDRIQUES - AIGUILLES - GALETS TONNEAUX. Les roulements se distinguent par la forme et la disposition des \u00e9l\u00e9ments roulants. \u00c0 chaque mod\u00e8le correspondent des performances particuli\u00e8res et donc un usage sp\u00e9cifique. Par exemple, les roulements \u00e0 rouleaux supportent des charges sup\u00e9rieures par rapport aux roulements \u00e0 billes de taille \u00e9quivalente, car le contact des \u00e9l\u00e9ments roulants avec les bagues est lin\u00e9aire\" \/>\n<meta property=\"og:url\" content=\"https:\/\/adax.ch\/en\/adax\/produits\/roulements-a\/\" \/>\n<meta property=\"og:site_name\" content=\"Adax\" \/>\n<meta property=\"article:modified_time\" content=\"2021-01-19T10:00:36+00:00\" \/>\n<meta name=\"twitter:card\" content=\"summary_large_image\" \/>\n<meta name=\"twitter:label1\" content=\"Estimated reading time\" \/>\n\t<meta name=\"twitter:data1\" content=\"2 minutes\" \/>\n<script type=\"application\/ld+json\" class=\"yoast-schema-graph\">{\"@context\":\"https:\\\/\\\/schema.org\",\"@graph\":[{\"@type\":\"WebPage\",\"@id\":\"https:\\\/\\\/adax.ch\\\/adax\\\/produits\\\/roulements-a\\\/\",\"url\":\"https:\\\/\\\/adax.ch\\\/adax\\\/produits\\\/roulements-a\\\/\",\"name\":\"Roulements - Adax\",\"isPartOf\":{\"@id\":\"https:\\\/\\\/adax.ch\\\/#website\"},\"datePublished\":\"2020-06-16T09:06:13+00:00\",\"dateModified\":\"2021-01-19T10:00:36+00:00\",\"description\":\"Nous produisons divers types de roulements: GALETS CYLINDRIQUES - AIGUILLES - GALETS TONNEAUX. Les roulements se distinguent par la forme et la disposition des \u00e9l\u00e9ments roulants. \u00c0 chaque mod\u00e8le correspondent des performances particuli\u00e8res et donc un usage sp\u00e9cifique. Par exemple, les roulements \u00e0 rouleaux supportent des charges sup\u00e9rieures par rapport aux roulements \u00e0 billes de taille \u00e9quivalente, car le contact des \u00e9l\u00e9ments roulants avec les bagues est lin\u00e9aire\",\"breadcrumb\":{\"@id\":\"https:\\\/\\\/adax.ch\\\/adax\\\/produits\\\/roulements-a\\\/#breadcrumb\"},\"inLanguage\":\"en-GB\",\"potentialAction\":[{\"@type\":\"ReadAction\",\"target\":[\"https:\\\/\\\/adax.ch\\\/adax\\\/produits\\\/roulements-a\\\/\"]}]},{\"@type\":\"BreadcrumbList\",\"@id\":\"https:\\\/\\\/adax.ch\\\/adax\\\/produits\\\/roulements-a\\\/#breadcrumb\",\"itemListElement\":[{\"@type\":\"ListItem\",\"position\":1,\"name\":\"Accueil\",\"item\":\"https:\\\/\\\/adax.ch\\\/\"},{\"@type\":\"ListItem\",\"position\":2,\"name\":\"ADAX\",\"item\":\"https:\\\/\\\/adax.ch\\\/\"},{\"@type\":\"ListItem\",\"position\":3,\"name\":\"Produits\",\"item\":\"https:\\\/\\\/adax.ch\\\/adax\\\/produits\\\/\"},{\"@type\":\"ListItem\",\"position\":4,\"name\":\"Roulements\"}]},{\"@type\":\"WebSite\",\"@id\":\"https:\\\/\\\/adax.ch\\\/#website\",\"url\":\"https:\\\/\\\/adax.ch\\\/\",\"name\":\"Adax\",\"description\":\"FROM EARTH TO SPACE\",\"publisher\":{\"@id\":\"https:\\\/\\\/adax.ch\\\/#organization\"},\"potentialAction\":[{\"@type\":\"SearchAction\",\"target\":{\"@type\":\"EntryPoint\",\"urlTemplate\":\"https:\\\/\\\/adax.ch\\\/?s={search_term_string}\"},\"query-input\":{\"@type\":\"PropertyValueSpecification\",\"valueRequired\":true,\"valueName\":\"search_term_string\"}}],\"inLanguage\":\"en-GB\"},{\"@type\":\"Organization\",\"@id\":\"https:\\\/\\\/adax.ch\\\/#organization\",\"name\":\"Adax SA\",\"url\":\"https:\\\/\\\/adax.ch\\\/\",\"logo\":{\"@type\":\"ImageObject\",\"inLanguage\":\"en-GB\",\"@id\":\"https:\\\/\\\/adax.ch\\\/#\\\/schema\\\/logo\\\/image\\\/\",\"url\":\"https:\\\/\\\/adax.ch\\\/wp-content\\\/uploads\\\/2021\\\/02\\\/logo-blanc-fond-noir.png\",\"contentUrl\":\"https:\\\/\\\/adax.ch\\\/wp-content\\\/uploads\\\/2021\\\/02\\\/logo-blanc-fond-noir.png\",\"width\":754,\"height\":754,\"caption\":\"Adax SA\"},\"image\":{\"@id\":\"https:\\\/\\\/adax.ch\\\/#\\\/schema\\\/logo\\\/image\\\/\"},\"sameAs\":[\"https:\\\/\\\/www.linkedin.com\\\/company\\\/adax-sa\\\/\",\"https:\\\/\\\/www.youtube.com\\\/channel\\\/UCajnUraOOGTurqpS0vObYgQ\"]}]}<\/script>\n<!-- \/ Yoast SEO Premium plugin. -->","yoast_head_json":{"title":"Roulements - Adax","description":"Nous produisons divers types de roulements: GALETS CYLINDRIQUES - AIGUILLES - GALETS TONNEAUX. Les roulements se distinguent par la forme et la disposition des \u00e9l\u00e9ments roulants. \u00c0 chaque mod\u00e8le correspondent des performances particuli\u00e8res et donc un usage sp\u00e9cifique. Par exemple, les roulements \u00e0 rouleaux supportent des charges sup\u00e9rieures par rapport aux roulements \u00e0 billes de taille \u00e9quivalente, car le contact des \u00e9l\u00e9ments roulants avec les bagues est lin\u00e9aire","robots":{"index":"index","follow":"follow","max-snippet":"max-snippet:-1","max-image-preview":"max-image-preview:large","max-video-preview":"max-video-preview:-1"},"canonical":"https:\/\/adax.ch\/en\/adax\/produits\/roulements-a\/","og_locale":"en_GB","og_type":"article","og_title":"Roulements","og_description":"Nous produisons divers types de roulements: GALETS CYLINDRIQUES - AIGUILLES - GALETS TONNEAUX. Les roulements se distinguent par la forme et la disposition des \u00e9l\u00e9ments roulants. \u00c0 chaque mod\u00e8le correspondent des performances particuli\u00e8res et donc un usage sp\u00e9cifique. Par exemple, les roulements \u00e0 rouleaux supportent des charges sup\u00e9rieures par rapport aux roulements \u00e0 billes de taille \u00e9quivalente, car le contact des \u00e9l\u00e9ments roulants avec les bagues est lin\u00e9aire","og_url":"https:\/\/adax.ch\/en\/adax\/produits\/roulements-a\/","og_site_name":"Adax","article_modified_time":"2021-01-19T10:00:36+00:00","twitter_card":"summary_large_image","twitter_misc":{"Estimated reading time":"2 minutes"},"schema":{"@context":"https:\/\/schema.org","@graph":[{"@type":"WebPage","@id":"https:\/\/adax.ch\/adax\/produits\/roulements-a\/","url":"https:\/\/adax.ch\/adax\/produits\/roulements-a\/","name":"Roulements - Adax","isPartOf":{"@id":"https:\/\/adax.ch\/#website"},"datePublished":"2020-06-16T09:06:13+00:00","dateModified":"2021-01-19T10:00:36+00:00","description":"Nous produisons divers types de roulements: GALETS CYLINDRIQUES - AIGUILLES - GALETS TONNEAUX. Les roulements se distinguent par la forme et la disposition des \u00e9l\u00e9ments roulants. \u00c0 chaque mod\u00e8le correspondent des performances particuli\u00e8res et donc un usage sp\u00e9cifique. Par exemple, les roulements \u00e0 rouleaux supportent des charges sup\u00e9rieures par rapport aux roulements \u00e0 billes de taille \u00e9quivalente, car le contact des \u00e9l\u00e9ments roulants avec les bagues est lin\u00e9aire","breadcrumb":{"@id":"https:\/\/adax.ch\/adax\/produits\/roulements-a\/#breadcrumb"},"inLanguage":"en-GB","potentialAction":[{"@type":"ReadAction","target":["https:\/\/adax.ch\/adax\/produits\/roulements-a\/"]}]},{"@type":"BreadcrumbList","@id":"https:\/\/adax.ch\/adax\/produits\/roulements-a\/#breadcrumb","itemListElement":[{"@type":"ListItem","position":1,"name":"Accueil","item":"https:\/\/adax.ch\/"},{"@type":"ListItem","position":2,"name":"ADAX","item":"https:\/\/adax.ch\/"},{"@type":"ListItem","position":3,"name":"Produits","item":"https:\/\/adax.ch\/adax\/produits\/"},{"@type":"ListItem","position":4,"name":"Roulements"}]},{"@type":"WebSite","@id":"https:\/\/adax.ch\/#website","url":"https:\/\/adax.ch\/","name":"Adax","description":"FROM EARTH TO SPACE","publisher":{"@id":"https:\/\/adax.ch\/#organization"},"potentialAction":[{"@type":"SearchAction","target":{"@type":"EntryPoint","urlTemplate":"https:\/\/adax.ch\/?s={search_term_string}"},"query-input":{"@type":"PropertyValueSpecification","valueRequired":true,"valueName":"search_term_string"}}],"inLanguage":"en-GB"},{"@type":"Organization","@id":"https:\/\/adax.ch\/#organization","name":"Adax SA","url":"https:\/\/adax.ch\/","logo":{"@type":"ImageObject","inLanguage":"en-GB","@id":"https:\/\/adax.ch\/#\/schema\/logo\/image\/","url":"https:\/\/adax.ch\/wp-content\/uploads\/2021\/02\/logo-blanc-fond-noir.png","contentUrl":"https:\/\/adax.ch\/wp-content\/uploads\/2021\/02\/logo-blanc-fond-noir.png","width":754,"height":754,"caption":"Adax SA"},"image":{"@id":"https:\/\/adax.ch\/#\/schema\/logo\/image\/"},"sameAs":["https:\/\/www.linkedin.com\/company\/adax-sa\/","https:\/\/www.youtube.com\/channel\/UCajnUraOOGTurqpS0vObYgQ"]}]}},"jetpack_sharing_enabled":true,"_links":{"self":[{"href":"https:\/\/adax.ch\/en\/wp-json\/wp\/v2\/pages\/31305","targetHints":{"allow":["GET"]}}],"collection":[{"href":"https:\/\/adax.ch\/en\/wp-json\/wp\/v2\/pages"}],"about":[{"href":"https:\/\/adax.ch\/en\/wp-json\/wp\/v2\/types\/page"}],"author":[{"embeddable":true,"href":"https:\/\/adax.ch\/en\/wp-json\/wp\/v2\/users\/1"}],"replies":[{"embeddable":true,"href":"https:\/\/adax.ch\/en\/wp-json\/wp\/v2\/comments?post=31305"}],"version-history":[{"count":0,"href":"https:\/\/adax.ch\/en\/wp-json\/wp\/v2\/pages\/31305\/revisions"}],"up":[{"embeddable":true,"href":"https:\/\/adax.ch\/en\/wp-json\/wp\/v2\/pages\/28929"}],"wp:attachment":[{"href":"https:\/\/adax.ch\/en\/wp-json\/wp\/v2\/media?parent=31305"}],"curies":[{"name":"wp","href":"https:\/\/api.w.org\/{rel}","templated":true}]}}