{"id":30462,"date":"2020-04-13T21:51:03","date_gmt":"2020-04-13T19:51:03","guid":{"rendered":"https:\/\/adax.ch\/?page_id=30462"},"modified":"2022-05-20T10:43:11","modified_gmt":"2022-05-20T08:43:11","slug":"decolletage-cames-escomatic","status":"publish","type":"page","link":"https:\/\/adax.ch\/en\/adax\/prestation\/decolletage-cames-escomatic\/","title":{"rendered":"D\u00e9colletage Cames ESCOMATIC\u00ae"},"content":{"rendered":"\n[et_pb_section fb_built=\u00a0\u00bb1&Prime; _builder_version=\u00a0\u00bb4.6.0&Prime; _module_preset=\u00a0\u00bbdefault\u00a0\u00bb background_video_mp4=\u00a0\u00bbhttps:\/\/adax.ch\/wp-content\/uploads\/2020\/06\/DECOLLETAGEESCO.mp4&Prime; custom_padding=\u00a0\u00bb140px||140px||true|\u00a0\u00bb][et_pb_row _builder_version=\u00a0\u00bb4.6.0&Prime; _module_preset=\u00a0\u00bbdefault\u00a0\u00bb][et_pb_column type=\u00a0\u00bb4_4&Prime; _builder_version=\u00a0\u00bb4.6.0&Prime; _module_preset=\u00a0\u00bbdefault\u00a0\u00bb][\/et_pb_column][\/et_pb_row][\/et_pb_section][et_pb_section fb_built=\u00a0\u00bb1&Prime; _builder_version=\u00a0\u00bb4.3.4&Prime; background_color=\u00a0\u00bb#161E2B\u00a0\u00bb custom_padding=\u00a0\u00bb40px|||||\u00a0\u00bb][et_pb_row _builder_version=\u00a0\u00bb4.3.4&Prime;][et_pb_column type=\u00a0\u00bb4_4&Prime; _builder_version=\u00a0\u00bb4.3.4&Prime;][et_pb_text _builder_version=\u00a0\u00bb4.4.5&Prime; text_font=\u00a0\u00bbHelveticaNeue||||||||\u00a0\u00bb text_letter_spacing=\u00a0\u00bb2px\u00a0\u00bb header_font=\u00a0\u00bbHelveticaNeue|||on|||||\u00a0\u00bb header_text_color=\u00a0\u00bb#ffffff\u00a0\u00bb header_font_size=\u00a0\u00bb22px\u00a0\u00bb header_letter_spacing=\u00a0\u00bb4px\u00a0\u00bb text_orientation=\u00a0\u00bbcenter\u00a0\u00bb]<h1 style=\"text-align: center;\">D\u00e9colletage<\/h1>[\/et_pb_text][et_pb_text _builder_version=\u00a0\u00bb4.4.8&Prime; text_font=\u00a0\u00bbHelveticaNeue||||||||\u00a0\u00bb text_text_color=\u00a0\u00bb#ffffff\u00a0\u00bb text_font_size=\u00a0\u00bb16px\u00a0\u00bb text_letter_spacing=\u00a0\u00bb2px\u00a0\u00bb width=\u00a0\u00bb79%\u00a0\u00bb module_alignment=\u00a0\u00bbcenter\u00a0\u00bb]<p>En technique, le d\u00e9colletage d\u00e9signe un domaine de la fabrication o\u00f9 des pi\u00e8ces de r\u00e9volution (vis, \u00e9crous, axe, etc.) sont usin\u00e9es par enl\u00e8vement de mati\u00e8re \u00e0 l\u2019aide d\u2019un ou de plusieurs outils coupants.<\/p>\n<p>Les pi\u00e8ces sont usin\u00e9es en petites, moyennes ou grandes s\u00e9ries sur des tours conventionnels (\u00e0 cames) ou \u00e0 commande num\u00e9rique. Elles sont usin\u00e9es les unes \u00e0 la suite des autres \u00e0 partir de bobines (cames) ou dans des barres (CNC), le but \u00e9tant d\u2019atteindre une productivit\u00e9 et une pr\u00e9cision \u00e9lev\u00e9e.<\/p>\n<p>G\u00e9n\u00e9ralement, les pi\u00e8ces ainsi usin\u00e9es subissent des op\u00e9rations ult\u00e9rieures (m\u00e9caniques, thermiques ou chimiques) avant d\u2019\u00eatre utilis\u00e9es dans la r\u00e9alisation de sous-ensembles.<\/p>\n<p>ADAX SA est depuis 1927 un partenaire confirm\u00e9 dans le micro-d\u00e9colletage. Notre production s\u2019\u00e9chelonne de quelques centaines de pi\u00e8ces \u00e0 plusieurs millions dans divers mat\u00e9riaux et une vaste palette de finitions.<\/p>\n<p>Nous disposons d\u2019un parc machines vari\u00e9 constitu\u00e9 de d\u00e9colleteuse de type ESCO \u00e0 cames ou automatique \u00e0 commande num\u00e9rique. Le type de machine utilis\u00e9e d\u00e9pend \u00e0 la fois, de la complexit\u00e9 de la pi\u00e8ce \u00e0 produire ainsi que de la taille de la s\u00e9rie<\/p>[\/et_pb_text][\/et_pb_column][\/et_pb_row][et_pb_row use_custom_gutter=\u00a0\u00bbon\u00a0\u00bb gutter_width=\u00a0\u00bb3&Prime; _builder_version=\u00a0\u00bb4.3.4&Prime;][et_pb_column type=\u00a0\u00bb4_4&Prime; _builder_version=\u00a0\u00bb4.3.4&Prime;][et_pb_text _builder_version=\u00a0\u00bb4.4.8&Prime; text_font=\u00a0\u00bbHelveticaNeue||||||||\u00a0\u00bb text_text_color=\u00a0\u00bb#ffffff\u00a0\u00bb text_font_size=\u00a0\u00bb16px\u00a0\u00bb text_letter_spacing=\u00a0\u00bb2px\u00a0\u00bb header_text_color=\u00a0\u00bb#ffffff\u00a0\u00bb header_font_size=\u00a0\u00bb22px\u00a0\u00bb header_letter_spacing=\u00a0\u00bb4px\u00a0\u00bb header_2_font=\u00a0\u00bbHelveticaNeue|||on|||||\u00a0\u00bb header_2_text_color=\u00a0\u00bb#ffffff\u00a0\u00bb header_2_font_size=\u00a0\u00bb22px\u00a0\u00bb header_2_letter_spacing=\u00a0\u00bb4px\u00a0\u00bb header_2_line_height=\u00a0\u00bb1.6em\u00a0\u00bb width=\u00a0\u00bb80%\u00a0\u00bb module_alignment=\u00a0\u00bbcenter\u00a0\u00bb]<h2 style=\"text-align: center;\">D\u00e9colletage \u00e0 Cames ESCOMATIC\u00ae<\/h2>\n<p style=\"text-align: left;\">Notre parc de machines de d\u00e9colletage \u00e0 cames comprend plus 80 tours de type ESCOMATIC\u00ae (D2, D4, D6) parfaitement entretenue offrant une grande r\u00e9p\u00e9tabilit\u00e9 et une grande pr\u00e9cision et permet le tournage dans des dimensions comprises entre \u00d8 0.20 &amp; 6.00 mm.<\/p>\n<p style=\"text-align: left;\">\u00c0 la diff\u00e9rence des tours conventionnels, les tours ESCOMATIC\u00ae s\u2019appuient sur un principe unique. La mati\u00e8re, aliment\u00e9e sous forme de couronne (bobine), n\u2019a pas de mouvement de rotation. Ce sont les outils, support\u00e9s par une t\u00eate de travail rotative, qui tournent autour de la mati\u00e8re, g\u00e9n\u00e9rant ainsi le mouvement d\u2019enl\u00e8vement des copeaux.<br \/> Gr\u00e2ce \u00e0 des temps de cycles courts, cette technique \u00e0 l\u2019avantage d\u2019accro\u00eetre la productivit\u00e9 permettant ainsi d\u2019obtenir des moyennes et grandes s\u00e9ries \u00e0 des prix comp\u00e9titifs.<\/p>[\/et_pb_text][\/et_pb_column][\/et_pb_row][\/et_pb_section]\n","protected":false},"excerpt":{"rendered":"<p>D\u00e9colletageEn technique, le d\u00e9colletage d\u00e9signe un domaine de la fabrication o\u00f9 des pi\u00e8ces de r\u00e9volution (vis, \u00e9crous, axe, etc.) sont usin\u00e9es par enl\u00e8vement de mati\u00e8re \u00e0 l\u2019aide d\u2019un ou de plusieurs outils coupants. Les pi\u00e8ces sont usin\u00e9es en petites, moyennes ou grandes s\u00e9ries sur des tours conventionnels (\u00e0 cames) ou \u00e0 commande num\u00e9rique. Elles sont [&hellip;]<\/p>\n","protected":false},"author":1,"featured_media":0,"parent":28927,"menu_order":0,"comment_status":"closed","ping_status":"closed","template":"","meta":{"_et_pb_use_builder":"on","_et_pb_old_content":"","_et_gb_content_width":"","footnotes":""},"class_list":["post-30462","page","type-page","status-publish","hentry"],"yoast_head":"<!-- This site is optimized with the Yoast SEO Premium plugin v21.1 (Yoast SEO v27.5) - https:\/\/yoast.com\/product\/yoast-seo-premium-wordpress\/ -->\n<title>D\u00e9colletage Cames ESCOMATIC\u00ae - Adax<\/title>\n<meta name=\"description\" content=\"Notre parc de machines de d\u00e9colletage \u00e0 cames comprend plus 80 tours de type ESCOMATIC\u00ae (D2, D4, D6) offrant une grande r\u00e9p\u00e9tabilit\u00e9 et une grande pr\u00e9cision et permet le tournage dans des dimensions comprises entre \u00d8 0.20 &amp; 6.00 mm.\" \/>\n<meta name=\"robots\" content=\"index, follow, max-snippet:-1, max-image-preview:large, max-video-preview:-1\" \/>\n<link rel=\"canonical\" href=\"https:\/\/adax.ch\/en\/adax\/prestation\/decolletage-cames-escomatic\/\" \/>\n<meta property=\"og:locale\" content=\"en_GB\" \/>\n<meta property=\"og:type\" content=\"article\" \/>\n<meta property=\"og:title\" content=\"D\u00e9colletage Cames ESCOMATIC\u00ae\" \/>\n<meta property=\"og:description\" content=\"Notre parc de machines de d\u00e9colletage \u00e0 cames comprend plus 80 tours de type ESCOMATIC\u00ae (D2, D4, D6) offrant une grande r\u00e9p\u00e9tabilit\u00e9 et une grande pr\u00e9cision et permet le tournage dans des dimensions comprises entre \u00d8 0.20 &amp; 6.00 mm.\" \/>\n<meta property=\"og:url\" content=\"https:\/\/adax.ch\/en\/adax\/prestation\/decolletage-cames-escomatic\/\" \/>\n<meta property=\"og:site_name\" content=\"Adax\" \/>\n<meta property=\"article:modified_time\" content=\"2022-05-20T08:43:11+00:00\" \/>\n<meta name=\"twitter:card\" content=\"summary_large_image\" \/>\n<meta name=\"twitter:label1\" content=\"Estimated reading time\" \/>\n\t<meta name=\"twitter:data1\" content=\"2 minutes\" \/>\n<script type=\"application\/ld+json\" class=\"yoast-schema-graph\">{\"@context\":\"https:\\\/\\\/schema.org\",\"@graph\":[{\"@type\":\"WebPage\",\"@id\":\"https:\\\/\\\/adax.ch\\\/adax\\\/prestation\\\/decolletage-cames-escomatic\\\/\",\"url\":\"https:\\\/\\\/adax.ch\\\/adax\\\/prestation\\\/decolletage-cames-escomatic\\\/\",\"name\":\"D\u00e9colletage Cames ESCOMATIC\u00ae - Adax\",\"isPartOf\":{\"@id\":\"https:\\\/\\\/adax.ch\\\/#website\"},\"datePublished\":\"2020-04-13T19:51:03+00:00\",\"dateModified\":\"2022-05-20T08:43:11+00:00\",\"description\":\"Notre parc de machines de d\u00e9colletage \u00e0 cames comprend plus 80 tours de type ESCOMATIC\u00ae (D2, D4, D6) offrant une grande r\u00e9p\u00e9tabilit\u00e9 et une grande pr\u00e9cision et permet le tournage dans des dimensions comprises entre \u00d8 0.20 & 6.00 mm.\",\"breadcrumb\":{\"@id\":\"https:\\\/\\\/adax.ch\\\/adax\\\/prestation\\\/decolletage-cames-escomatic\\\/#breadcrumb\"},\"inLanguage\":\"en-GB\",\"potentialAction\":[{\"@type\":\"ReadAction\",\"target\":[\"https:\\\/\\\/adax.ch\\\/adax\\\/prestation\\\/decolletage-cames-escomatic\\\/\"]}]},{\"@type\":\"BreadcrumbList\",\"@id\":\"https:\\\/\\\/adax.ch\\\/adax\\\/prestation\\\/decolletage-cames-escomatic\\\/#breadcrumb\",\"itemListElement\":[{\"@type\":\"ListItem\",\"position\":1,\"name\":\"Accueil\",\"item\":\"https:\\\/\\\/adax.ch\\\/\"},{\"@type\":\"ListItem\",\"position\":2,\"name\":\"ADAX\",\"item\":\"https:\\\/\\\/adax.ch\\\/\"},{\"@type\":\"ListItem\",\"position\":3,\"name\":\"Prestation\",\"item\":\"https:\\\/\\\/adax.ch\\\/adax\\\/prestation\\\/\"},{\"@type\":\"ListItem\",\"position\":4,\"name\":\"D\u00e9colletage Cames ESCOMATIC\u00ae\"}]},{\"@type\":\"WebSite\",\"@id\":\"https:\\\/\\\/adax.ch\\\/#website\",\"url\":\"https:\\\/\\\/adax.ch\\\/\",\"name\":\"Adax\",\"description\":\"FROM EARTH TO SPACE\",\"publisher\":{\"@id\":\"https:\\\/\\\/adax.ch\\\/#organization\"},\"potentialAction\":[{\"@type\":\"SearchAction\",\"target\":{\"@type\":\"EntryPoint\",\"urlTemplate\":\"https:\\\/\\\/adax.ch\\\/?s={search_term_string}\"},\"query-input\":{\"@type\":\"PropertyValueSpecification\",\"valueRequired\":true,\"valueName\":\"search_term_string\"}}],\"inLanguage\":\"en-GB\"},{\"@type\":\"Organization\",\"@id\":\"https:\\\/\\\/adax.ch\\\/#organization\",\"name\":\"Adax SA\",\"url\":\"https:\\\/\\\/adax.ch\\\/\",\"logo\":{\"@type\":\"ImageObject\",\"inLanguage\":\"en-GB\",\"@id\":\"https:\\\/\\\/adax.ch\\\/#\\\/schema\\\/logo\\\/image\\\/\",\"url\":\"https:\\\/\\\/adax.ch\\\/wp-content\\\/uploads\\\/2021\\\/02\\\/logo-blanc-fond-noir.png\",\"contentUrl\":\"https:\\\/\\\/adax.ch\\\/wp-content\\\/uploads\\\/2021\\\/02\\\/logo-blanc-fond-noir.png\",\"width\":754,\"height\":754,\"caption\":\"Adax SA\"},\"image\":{\"@id\":\"https:\\\/\\\/adax.ch\\\/#\\\/schema\\\/logo\\\/image\\\/\"},\"sameAs\":[\"https:\\\/\\\/www.linkedin.com\\\/company\\\/adax-sa\\\/\",\"https:\\\/\\\/www.youtube.com\\\/channel\\\/UCajnUraOOGTurqpS0vObYgQ\"]}]}<\/script>\n<!-- \/ Yoast SEO Premium plugin. -->","yoast_head_json":{"title":"ESCO CAM TURNING - Adax","description":"Our equipment of cam machines includes more than 80 machines ESCOMATIC\u00ae (D2\/D4\/D6) perfectly maintained offering a great repeatability and a high precision and permits turning for dimensions between \u00d8 0.20 to 6.00 mm","robots":{"index":"index","follow":"follow","max-snippet":"max-snippet:-1","max-image-preview":"max-image-preview:large","max-video-preview":"max-video-preview:-1"},"canonical":"https:\/\/adax.ch\/en\/adax\/prestation\/decolletage-cames-escomatic\/","og_locale":"en_GB","og_type":"article","og_title":"D\u00e9colletage Cames ESCOMATIC\u00ae","og_description":"Notre parc de machines de d\u00e9colletage \u00e0 cames comprend plus 80 tours de type ESCOMATIC\u00ae (D2, D4, D6) offrant une grande r\u00e9p\u00e9tabilit\u00e9 et une grande pr\u00e9cision et permet le tournage dans des dimensions comprises entre \u00d8 0.20 & 6.00 mm.","og_url":"https:\/\/adax.ch\/en\/adax\/prestation\/decolletage-cames-escomatic\/","og_site_name":"Adax","article_modified_time":"2022-05-20T08:43:11+00:00","twitter_card":"summary_large_image","twitter_misc":{"Estimated reading time":"2 minutes"},"schema":{"@context":"https:\/\/schema.org","@graph":[{"@type":"WebPage","@id":"https:\/\/adax.ch\/adax\/prestation\/decolletage-cames-escomatic\/","url":"https:\/\/adax.ch\/adax\/prestation\/decolletage-cames-escomatic\/","name":"ESCO CAM TURNING - Adax","isPartOf":{"@id":"https:\/\/adax.ch\/#website"},"datePublished":"2020-04-13T19:51:03+00:00","dateModified":"2022-05-20T08:43:11+00:00","description":"Our equipment of cam machines includes more than 80 machines ESCOMATIC\u00ae (D2\/D4\/D6) perfectly maintained offering a great repeatability and a high precision and permits turning for dimensions between \u00d8 0.20 to 6.00 mm","breadcrumb":{"@id":"https:\/\/adax.ch\/adax\/prestation\/decolletage-cames-escomatic\/#breadcrumb"},"inLanguage":"en-GB","potentialAction":[{"@type":"ReadAction","target":["https:\/\/adax.ch\/adax\/prestation\/decolletage-cames-escomatic\/"]}]},{"@type":"BreadcrumbList","@id":"https:\/\/adax.ch\/adax\/prestation\/decolletage-cames-escomatic\/#breadcrumb","itemListElement":[{"@type":"ListItem","position":1,"name":"Accueil","item":"https:\/\/adax.ch\/"},{"@type":"ListItem","position":2,"name":"ADAX","item":"https:\/\/adax.ch\/"},{"@type":"ListItem","position":3,"name":"Prestation","item":"https:\/\/adax.ch\/adax\/prestation\/"},{"@type":"ListItem","position":4,"name":"D\u00e9colletage Cames ESCOMATIC\u00ae"}]},{"@type":"WebSite","@id":"https:\/\/adax.ch\/#website","url":"https:\/\/adax.ch\/","name":"Adax","description":"FROM EARTH TO SPACE","publisher":{"@id":"https:\/\/adax.ch\/#organization"},"potentialAction":[{"@type":"SearchAction","target":{"@type":"EntryPoint","urlTemplate":"https:\/\/adax.ch\/?s={search_term_string}"},"query-input":{"@type":"PropertyValueSpecification","valueRequired":true,"valueName":"search_term_string"}}],"inLanguage":"en-GB"},{"@type":"Organization","@id":"https:\/\/adax.ch\/#organization","name":"Adax SA","url":"https:\/\/adax.ch\/","logo":{"@type":"ImageObject","inLanguage":"en-GB","@id":"https:\/\/adax.ch\/#\/schema\/logo\/image\/","url":"https:\/\/adax.ch\/wp-content\/uploads\/2021\/02\/logo-blanc-fond-noir.png","contentUrl":"https:\/\/adax.ch\/wp-content\/uploads\/2021\/02\/logo-blanc-fond-noir.png","width":754,"height":754,"caption":"Adax SA"},"image":{"@id":"https:\/\/adax.ch\/#\/schema\/logo\/image\/"},"sameAs":["https:\/\/www.linkedin.com\/company\/adax-sa\/","https:\/\/www.youtube.com\/channel\/UCajnUraOOGTurqpS0vObYgQ"]}]}},"jetpack_sharing_enabled":true,"_links":{"self":[{"href":"https:\/\/adax.ch\/en\/wp-json\/wp\/v2\/pages\/30462","targetHints":{"allow":["GET"]}}],"collection":[{"href":"https:\/\/adax.ch\/en\/wp-json\/wp\/v2\/pages"}],"about":[{"href":"https:\/\/adax.ch\/en\/wp-json\/wp\/v2\/types\/page"}],"author":[{"embeddable":true,"href":"https:\/\/adax.ch\/en\/wp-json\/wp\/v2\/users\/1"}],"replies":[{"embeddable":true,"href":"https:\/\/adax.ch\/en\/wp-json\/wp\/v2\/comments?post=30462"}],"version-history":[{"count":0,"href":"https:\/\/adax.ch\/en\/wp-json\/wp\/v2\/pages\/30462\/revisions"}],"up":[{"embeddable":true,"href":"https:\/\/adax.ch\/en\/wp-json\/wp\/v2\/pages\/28927"}],"wp:attachment":[{"href":"https:\/\/adax.ch\/en\/wp-json\/wp\/v2\/media?parent=30462"}],"curies":[{"name":"wp","href":"https:\/\/api.w.org\/{rel}","templated":true}]}}