{"id":30009,"date":"2020-02-27T11:33:51","date_gmt":"2020-02-27T10:33:51","guid":{"rendered":"https:\/\/adax.ch\/?page_id=30009"},"modified":"2021-01-19T09:02:57","modified_gmt":"2021-01-19T08:02:57","slug":"pieces-realisees","status":"publish","type":"page","link":"https:\/\/adax.ch\/en\/adax\/produits\/pieces-realisees\/","title":{"rendered":"Manufactured pieces"},"content":{"rendered":"\n[et_pb_section fb_built=\u00a0\u00bb1&Prime; _builder_version=\u00a0\u00bb4.4.5&Prime; custom_padding=\u00a0\u00bb0px||0px|||\u00a0\u00bb][et_pb_row _builder_version=\u00a0\u00bb4.4.5&Prime; background_image=\u00a0\u00bbhttps:\/\/adax.ch\/wp-content\/uploads\/2020\/02\/6921-scaled.jpg\u00a0\u00bb width=\u00a0\u00bb100%\u00a0\u00bb][et_pb_column type=\u00a0\u00bb4_4&Prime; _builder_version=\u00a0\u00bb4.4.5&Prime;][et_pb_slider _builder_version=\u00a0\u00bb4.4.8&Prime; custom_padding=\u00a0\u00bb30px||30px||true|\u00a0\u00bb auto=\u00a0\u00bbon\u00a0\u00bb][et_pb_slide _builder_version=\u00a0\u00bb4.4.5&Prime; background_color=\u00a0\u00bbrgba(31,96,161,0)\u00a0\u00bb background_enable_color=\u00a0\u00bbon\u00a0\u00bb]<img decoding=\"async\" src=\"https:\/\/adax.ch\/wp-content\/uploads\/2020\/05\/41290.png\" width=\"450\" alt=\"\" class=\"wp-image-31030 alignnone size-full\" srcset=\"https:\/\/adax.ch\/wp-content\/uploads\/2020\/05\/41290.png 800w, https:\/\/adax.ch\/wp-content\/uploads\/2020\/05\/41290-480x288.png 480w\" sizes=\"(min-width: 0px) and (max-width: 480px) 480px, (min-width: 481px) 800px, 100vw\" \/>[\/et_pb_slide][et_pb_slide _builder_version=\u00a0\u00bb4.4.5&Prime; background_color=\u00a0\u00bbrgba(31,96,161,0)\u00a0\u00bb background_enable_color=\u00a0\u00bbon\u00a0\u00bb]<img decoding=\"async\" src=\"https:\/\/adax.ch\/wp-content\/uploads\/2020\/05\/HOUSING.png\" width=\"450\" alt=\"\" class=\"wp-image-31031 alignnone size-full\" srcset=\"https:\/\/adax.ch\/wp-content\/uploads\/2020\/05\/HOUSING.png 800w, https:\/\/adax.ch\/wp-content\/uploads\/2020\/05\/HOUSING-480x288.png 480w\" sizes=\"(min-width: 0px) and (max-width: 480px) 480px, (min-width: 481px) 800px, 100vw\" \/>[\/et_pb_slide][et_pb_slide _builder_version=\u00a0\u00bb4.4.5&Prime; background_color=\u00a0\u00bbrgba(31,96,161,0)\u00a0\u00bb background_enable_color=\u00a0\u00bbon\u00a0\u00bb]<img decoding=\"async\" src=\"https:\/\/adax.ch\/wp-content\/uploads\/2020\/05\/STOSSEL.png\" width=\"450\" alt=\"\" class=\"wp-image-31033 alignnone size-full\" srcset=\"https:\/\/adax.ch\/wp-content\/uploads\/2020\/05\/STOSSEL.png 800w, https:\/\/adax.ch\/wp-content\/uploads\/2020\/05\/STOSSEL-480x288.png 480w\" sizes=\"(min-width: 0px) and (max-width: 480px) 480px, (min-width: 481px) 800px, 100vw\" \/>[\/et_pb_slide][et_pb_slide _builder_version=\u00a0\u00bb4.4.5&Prime; background_color=\u00a0\u00bbrgba(31,96,161,0)\u00a0\u00bb background_enable_color=\u00a0\u00bbon\u00a0\u00bb]<img decoding=\"async\" src=\"https:\/\/adax.ch\/wp-content\/uploads\/2020\/05\/23395-1.png\" width=\"450\" alt=\"\" class=\"wp-image-31035 alignnone size-full\" srcset=\"https:\/\/adax.ch\/wp-content\/uploads\/2020\/05\/23395-1.png 800w, https:\/\/adax.ch\/wp-content\/uploads\/2020\/05\/23395-1-480x288.png 480w\" sizes=\"(min-width: 0px) and (max-width: 480px) 480px, (min-width: 481px) 800px, 100vw\" \/>[\/et_pb_slide][et_pb_slide _builder_version=\u00a0\u00bb4.4.5&Prime; background_color=\u00a0\u00bbrgba(31,96,161,0)\u00a0\u00bb background_enable_color=\u00a0\u00bbon\u00a0\u00bb]<img decoding=\"async\" src=\"https:\/\/adax.ch\/wp-content\/uploads\/2020\/05\/23487.png\" width=\"450\" alt=\"\" class=\"wp-image-31025 alignnone size-full\" srcset=\"https:\/\/adax.ch\/wp-content\/uploads\/2020\/05\/23487.png 800w, https:\/\/adax.ch\/wp-content\/uploads\/2020\/05\/23487-480x288.png 480w\" sizes=\"(min-width: 0px) and (max-width: 480px) 480px, (min-width: 481px) 800px, 100vw\" \/>[\/et_pb_slide][et_pb_slide _builder_version=\u00a0\u00bb4.4.5&Prime; background_color=\u00a0\u00bbrgba(31,96,161,0)\u00a0\u00bb background_enable_color=\u00a0\u00bbon\u00a0\u00bb]<img decoding=\"async\" src=\"https:\/\/adax.ch\/wp-content\/uploads\/2020\/05\/22137-1.png\" width=\"450\" alt=\"\" class=\"wp-image-31034 alignnone size-full\" srcset=\"https:\/\/adax.ch\/wp-content\/uploads\/2020\/05\/22137-1.png 800w, https:\/\/adax.ch\/wp-content\/uploads\/2020\/05\/22137-1-480x288.png 480w\" sizes=\"(min-width: 0px) and (max-width: 480px) 480px, (min-width: 481px) 800px, 100vw\" \/>[\/et_pb_slide][et_pb_slide _builder_version=\u00a0\u00bb4.4.5&Prime; background_color=\u00a0\u00bbrgba(31,96,161,0)\u00a0\u00bb background_enable_color=\u00a0\u00bbon\u00a0\u00bb]<img decoding=\"async\" src=\"https:\/\/adax.ch\/wp-content\/uploads\/2020\/05\/27595.png\" width=\"450\" alt=\"\" class=\"wp-image-31027 alignnone size-full\" srcset=\"https:\/\/adax.ch\/wp-content\/uploads\/2020\/05\/27595.png 800w, https:\/\/adax.ch\/wp-content\/uploads\/2020\/05\/27595-480x288.png 480w\" sizes=\"(min-width: 0px) and (max-width: 480px) 480px, (min-width: 481px) 800px, 100vw\" \/>[\/et_pb_slide][\/et_pb_slider][\/et_pb_column][\/et_pb_row][\/et_pb_section][et_pb_section fb_built=\u00a0\u00bb1&Prime; _builder_version=\u00a0\u00bb4.4.8&Prime; background_enable_image=\u00a0\u00bboff\u00a0\u00bb background_size=\u00a0\u00bbcontain\u00a0\u00bb background_position=\u00a0\u00bbcenter_left\u00a0\u00bb custom_padding=\u00a0\u00bb7px||2px||false|\u00a0\u00bb bottom_divider_style=\u00a0\u00bbslant\u00a0\u00bb bottom_divider_color=\u00a0\u00bb#161E2B \u00ab\u00a0][et_pb_row _builder_version=\u00a0\u00bb3.25.4&Prime; custom_padding=\u00a0\u00bb50px||50px||true|\u00a0\u00bb hover_enabled=\u00a0\u00bb0&Prime;][et_pb_column type=\u00a0\u00bb4_4&Prime; _builder_version=\u00a0\u00bb3.25.4&Prime;][et_pb_text _builder_version=\u00a0\u00bb4.4.8&Prime; text_font=\u00a0\u00bb||||||||\u00a0\u00bb text_text_color=\u00a0\u00bb#000000&Prime; header_font=\u00a0\u00bbHelveticaNeue|300||on|||||\u00a0\u00bb header_text_color=\u00a0\u00bb#000000&Prime; header_font_size=\u00a0\u00bb22px\u00a0\u00bb header_letter_spacing=\u00a0\u00bb4px\u00a0\u00bb header_2_font=\u00a0\u00bbHelveticaNeue|300||on|||||\u00a0\u00bb header_2_text_color=\u00a0\u00bb#000000&Prime; header_2_font_size=\u00a0\u00bb22px\u00a0\u00bb header_2_letter_spacing=\u00a0\u00bb4px\u00a0\u00bb]<h1 style=\"text-align: center;\"><span>Pi\u00e8ces R\u00e9alis\u00e9es<\/span><\/h1>[\/et_pb_text][et_pb_text _builder_version=\u00a0\u00bb4.4.8&Prime; text_font=\u00a0\u00bbHelveticaNeue|300|||||||\u00a0\u00bb text_font_size=\u00a0\u00bb16px\u00a0\u00bb text_letter_spacing=\u00a0\u00bb2px\u00a0\u00bb width=\u00a0\u00bb100%\u00a0\u00bb max_width=\u00a0\u00bb100%\u00a0\u00bb custom_padding=\u00a0\u00bb16px||123px||false|\u00a0\u00bb hover_enabled=\u00a0\u00bb0&Prime;]<p style=\"text-align: justify;\">Nos produits occupent une place microscopique dans la complexit\u00e9 d\u2019un produit fini. Mais cette place est souvent essentielle \u00e0 la s\u00e9curit\u00e9, \u00e0 la fiabilit\u00e9, \u00e0 la pr\u00e9cision des commandes ou tout simplement au confort d\u2019utilisation d\u2019un appareil. Que ce soit pour le doseur d\u2019un instrument m\u00e9dical, la course des volets d\u2019une aile d\u2019avion, un dispositif de freinage de Formule 1 tournant sur le circuit urbain de Monaco, un syst\u00e8me de d\u00e9railleur sur des v\u00e9los de comp\u00e9tition ou tout simplement le silence de fonctionnement du ventilateur d\u2019un PC, les composants qui sortent de nos chaines de production occupent une place pr\u00e9pond\u00e9rante dans notre vie de tous les jours.<\/p>[\/et_pb_text][\/et_pb_column][\/et_pb_row][\/et_pb_section][et_pb_section fb_built=\u00a0\u00bb1&Prime; _builder_version=\u00a0\u00bb4.4.8&Prime; background_color=\u00a0\u00bb#161E2B \u00a0\u00bb background_enable_image=\u00a0\u00bboff\u00a0\u00bb background_size=\u00a0\u00bbcontain\u00a0\u00bb background_position=\u00a0\u00bbcenter_left\u00a0\u00bb custom_padding=\u00a0\u00bb7px||2px||false|\u00a0\u00bb][et_pb_row column_structure=\u00a0\u00bb1_2,1_2&Prime; _builder_version=\u00a0\u00bb4.4.8&Prime; custom_padding=\u00a0\u00bb||0px|||\u00a0\u00bb][et_pb_column type=\u00a0\u00bb1_2&Prime; _builder_version=\u00a0\u00bb4.4.8&Prime;][et_pb_image src=\u00a0\u00bbhttps:\/\/adax.ch\/wp-content\/uploads\/2020\/02\/Pie\u0300ces-ADAX.png\u00a0\u00bb title_text=\u00a0\u00bbPie\u0300ces ADAX\u00a0\u00bb align=\u00a0\u00bbcenter\u00a0\u00bb _builder_version=\u00a0\u00bb4.4.8&Prime; width=\u00a0\u00bb90%\u00a0\u00bb][\/et_pb_image][\/et_pb_column][et_pb_column type=\u00a0\u00bb1_2&Prime; _builder_version=\u00a0\u00bb4.4.8&Prime;][et_pb_text _builder_version=\u00a0\u00bb4.5.0&Prime; text_font=\u00a0\u00bbHelveticaNeue|300|||||||\u00a0\u00bb text_text_color=\u00a0\u00bb#ffffff\u00a0\u00bb text_letter_spacing=\u00a0\u00bb2px\u00a0\u00bb width=\u00a0\u00bb100%\u00a0\u00bb max_width=\u00a0\u00bb100%\u00a0\u00bb custom_padding=\u00a0\u00bb24px||24px||true|\u00a0\u00bb hover_enabled=\u00a0\u00bb0&Prime; text_font_size=\u00a0\u00bb16px\u00a0\u00bb]<ul>\n<li>Pi\u00e8ces de r\u00e9volutions complexes.<\/li>\n<li>Axes pour micromoteurs.<\/li>\n<li>Axes cylindriques de tous genres, tremp\u00e9s ou non tremp\u00e9s, rectifi\u00e9s.<\/li>\n<li>Goupilles et jauges de contr\u00f4le.<\/li>\n<li>Aiguilles.<\/li>\n<li>Galets tonneaux.<\/li>\n<li>Galets cylindriques de longueur \u00e9gale ou plus petite que le diam\u00e8tre.<\/li>\n<\/ul>[\/et_pb_text][\/et_pb_column][\/et_pb_row][\/et_pb_section]\n","protected":false},"excerpt":{"rendered":"<p>Pi\u00e8ces R\u00e9alis\u00e9esNos produits occupent une place microscopique dans la complexit\u00e9 d\u2019un produit fini. Mais cette place est souvent essentielle \u00e0 la s\u00e9curit\u00e9, \u00e0 la fiabilit\u00e9, \u00e0 la pr\u00e9cision des commandes ou tout simplement au confort d\u2019utilisation d\u2019un appareil. Que ce soit pour le doseur d\u2019un instrument m\u00e9dical, la course des volets d\u2019une aile d\u2019avion, un [&hellip;]<\/p>\n","protected":false},"author":1,"featured_media":0,"parent":28929,"menu_order":0,"comment_status":"closed","ping_status":"closed","template":"","meta":{"_et_pb_use_builder":"on","_et_pb_old_content":"","_et_gb_content_width":"","footnotes":""},"class_list":["post-30009","page","type-page","status-publish","hentry"],"yoast_head":"<!-- This site is optimized with the Yoast SEO Premium plugin v21.1 (Yoast SEO v27.4) - https:\/\/yoast.com\/product\/yoast-seo-premium-wordpress\/ -->\n<title>Pi\u00e8ces r\u00e9alis\u00e9es - Adax<\/title>\n<meta name=\"description\" content=\"Nos produits occupent une place microscopique dans la complexit\u00e9 d\u2019un produit fini. Mais cette place est souvent essentielle \u00e0 la s\u00e9curit\u00e9, \u00e0 la fiabilit\u00e9, \u00e0 la pr\u00e9cision des commandes ou tout simplement au confort d\u2019utilisation d\u2019un appareil\" \/>\n<meta name=\"robots\" content=\"index, follow, max-snippet:-1, max-image-preview:large, max-video-preview:-1\" \/>\n<link rel=\"canonical\" href=\"https:\/\/adax.ch\/en\/adax\/produits\/pieces-realisees\/\" \/>\n<meta property=\"og:locale\" content=\"en_GB\" \/>\n<meta property=\"og:type\" content=\"article\" \/>\n<meta property=\"og:title\" content=\"Pi\u00e8ces r\u00e9alis\u00e9es\" \/>\n<meta property=\"og:description\" content=\"Nos produits occupent une place microscopique dans la complexit\u00e9 d\u2019un produit fini. Mais cette place est souvent essentielle \u00e0 la s\u00e9curit\u00e9, \u00e0 la fiabilit\u00e9, \u00e0 la pr\u00e9cision des commandes ou tout simplement au confort d\u2019utilisation d\u2019un appareil\" \/>\n<meta property=\"og:url\" content=\"https:\/\/adax.ch\/en\/adax\/produits\/pieces-realisees\/\" \/>\n<meta property=\"og:site_name\" content=\"Adax\" \/>\n<meta property=\"article:modified_time\" content=\"2021-01-19T08:02:57+00:00\" \/>\n<meta property=\"og:image\" content=\"https:\/\/adax.ch\/wp-content\/uploads\/2020\/05\/41290.png\" \/>\n<meta name=\"twitter:card\" content=\"summary_large_image\" \/>\n<meta name=\"twitter:label1\" content=\"Estimated reading time\" \/>\n\t<meta name=\"twitter:data1\" content=\"3 minutes\" \/>\n<script type=\"application\/ld+json\" class=\"yoast-schema-graph\">{\"@context\":\"https:\\\/\\\/schema.org\",\"@graph\":[{\"@type\":\"WebPage\",\"@id\":\"https:\\\/\\\/adax.ch\\\/adax\\\/produits\\\/pieces-realisees\\\/\",\"url\":\"https:\\\/\\\/adax.ch\\\/adax\\\/produits\\\/pieces-realisees\\\/\",\"name\":\"Pi\u00e8ces r\u00e9alis\u00e9es - Adax\",\"isPartOf\":{\"@id\":\"https:\\\/\\\/adax.ch\\\/#website\"},\"primaryImageOfPage\":{\"@id\":\"https:\\\/\\\/adax.ch\\\/adax\\\/produits\\\/pieces-realisees\\\/#primaryimage\"},\"image\":{\"@id\":\"https:\\\/\\\/adax.ch\\\/adax\\\/produits\\\/pieces-realisees\\\/#primaryimage\"},\"thumbnailUrl\":\"https:\\\/\\\/adax.ch\\\/wp-content\\\/uploads\\\/2020\\\/05\\\/41290.png\",\"datePublished\":\"2020-02-27T10:33:51+00:00\",\"dateModified\":\"2021-01-19T08:02:57+00:00\",\"description\":\"Nos produits occupent une place microscopique dans la complexit\u00e9 d\u2019un produit fini. Mais cette place est souvent essentielle \u00e0 la s\u00e9curit\u00e9, \u00e0 la fiabilit\u00e9, \u00e0 la pr\u00e9cision des commandes ou tout simplement au confort d\u2019utilisation d\u2019un appareil\",\"breadcrumb\":{\"@id\":\"https:\\\/\\\/adax.ch\\\/adax\\\/produits\\\/pieces-realisees\\\/#breadcrumb\"},\"inLanguage\":\"en-GB\",\"potentialAction\":[{\"@type\":\"ReadAction\",\"target\":[\"https:\\\/\\\/adax.ch\\\/adax\\\/produits\\\/pieces-realisees\\\/\"]}]},{\"@type\":\"ImageObject\",\"inLanguage\":\"en-GB\",\"@id\":\"https:\\\/\\\/adax.ch\\\/adax\\\/produits\\\/pieces-realisees\\\/#primaryimage\",\"url\":\"https:\\\/\\\/adax.ch\\\/wp-content\\\/uploads\\\/2020\\\/05\\\/41290.png\",\"contentUrl\":\"https:\\\/\\\/adax.ch\\\/wp-content\\\/uploads\\\/2020\\\/05\\\/41290.png\"},{\"@type\":\"BreadcrumbList\",\"@id\":\"https:\\\/\\\/adax.ch\\\/adax\\\/produits\\\/pieces-realisees\\\/#breadcrumb\",\"itemListElement\":[{\"@type\":\"ListItem\",\"position\":1,\"name\":\"Accueil\",\"item\":\"https:\\\/\\\/adax.ch\\\/\"},{\"@type\":\"ListItem\",\"position\":2,\"name\":\"ADAX\",\"item\":\"https:\\\/\\\/adax.ch\\\/\"},{\"@type\":\"ListItem\",\"position\":3,\"name\":\"Produits\",\"item\":\"https:\\\/\\\/adax.ch\\\/adax\\\/produits\\\/\"},{\"@type\":\"ListItem\",\"position\":4,\"name\":\"Pi\u00e8ces r\u00e9alis\u00e9es\"}]},{\"@type\":\"WebSite\",\"@id\":\"https:\\\/\\\/adax.ch\\\/#website\",\"url\":\"https:\\\/\\\/adax.ch\\\/\",\"name\":\"Adax\",\"description\":\"FROM EARTH TO SPACE\",\"publisher\":{\"@id\":\"https:\\\/\\\/adax.ch\\\/#organization\"},\"potentialAction\":[{\"@type\":\"SearchAction\",\"target\":{\"@type\":\"EntryPoint\",\"urlTemplate\":\"https:\\\/\\\/adax.ch\\\/?s={search_term_string}\"},\"query-input\":{\"@type\":\"PropertyValueSpecification\",\"valueRequired\":true,\"valueName\":\"search_term_string\"}}],\"inLanguage\":\"en-GB\"},{\"@type\":\"Organization\",\"@id\":\"https:\\\/\\\/adax.ch\\\/#organization\",\"name\":\"Adax SA\",\"url\":\"https:\\\/\\\/adax.ch\\\/\",\"logo\":{\"@type\":\"ImageObject\",\"inLanguage\":\"en-GB\",\"@id\":\"https:\\\/\\\/adax.ch\\\/#\\\/schema\\\/logo\\\/image\\\/\",\"url\":\"https:\\\/\\\/adax.ch\\\/wp-content\\\/uploads\\\/2021\\\/02\\\/logo-blanc-fond-noir.png\",\"contentUrl\":\"https:\\\/\\\/adax.ch\\\/wp-content\\\/uploads\\\/2021\\\/02\\\/logo-blanc-fond-noir.png\",\"width\":754,\"height\":754,\"caption\":\"Adax SA\"},\"image\":{\"@id\":\"https:\\\/\\\/adax.ch\\\/#\\\/schema\\\/logo\\\/image\\\/\"},\"sameAs\":[\"https:\\\/\\\/www.linkedin.com\\\/company\\\/adax-sa\\\/\",\"https:\\\/\\\/www.youtube.com\\\/channel\\\/UCajnUraOOGTurqpS0vObYgQ\"]}]}<\/script>\n<!-- \/ Yoast SEO Premium plugin. -->","yoast_head_json":{"title":"Pi\u00e8ces r\u00e9alis\u00e9es - Adax","description":"Nos produits occupent une place microscopique dans la complexit\u00e9 d\u2019un produit fini. Mais cette place est souvent essentielle \u00e0 la s\u00e9curit\u00e9, \u00e0 la fiabilit\u00e9, \u00e0 la pr\u00e9cision des commandes ou tout simplement au confort d\u2019utilisation d\u2019un appareil","robots":{"index":"index","follow":"follow","max-snippet":"max-snippet:-1","max-image-preview":"max-image-preview:large","max-video-preview":"max-video-preview:-1"},"canonical":"https:\/\/adax.ch\/en\/adax\/produits\/pieces-realisees\/","og_locale":"en_GB","og_type":"article","og_title":"Pi\u00e8ces r\u00e9alis\u00e9es","og_description":"Nos produits occupent une place microscopique dans la complexit\u00e9 d\u2019un produit fini. Mais cette place est souvent essentielle \u00e0 la s\u00e9curit\u00e9, \u00e0 la fiabilit\u00e9, \u00e0 la pr\u00e9cision des commandes ou tout simplement au confort d\u2019utilisation d\u2019un appareil","og_url":"https:\/\/adax.ch\/en\/adax\/produits\/pieces-realisees\/","og_site_name":"Adax","article_modified_time":"2021-01-19T08:02:57+00:00","og_image":[{"url":"https:\/\/adax.ch\/wp-content\/uploads\/2020\/05\/41290.png","type":"","width":"","height":""}],"twitter_card":"summary_large_image","twitter_misc":{"Estimated reading time":"3 minutes"},"schema":{"@context":"https:\/\/schema.org","@graph":[{"@type":"WebPage","@id":"https:\/\/adax.ch\/adax\/produits\/pieces-realisees\/","url":"https:\/\/adax.ch\/adax\/produits\/pieces-realisees\/","name":"Pi\u00e8ces r\u00e9alis\u00e9es - Adax","isPartOf":{"@id":"https:\/\/adax.ch\/#website"},"primaryImageOfPage":{"@id":"https:\/\/adax.ch\/adax\/produits\/pieces-realisees\/#primaryimage"},"image":{"@id":"https:\/\/adax.ch\/adax\/produits\/pieces-realisees\/#primaryimage"},"thumbnailUrl":"https:\/\/adax.ch\/wp-content\/uploads\/2020\/05\/41290.png","datePublished":"2020-02-27T10:33:51+00:00","dateModified":"2021-01-19T08:02:57+00:00","description":"Nos produits occupent une place microscopique dans la complexit\u00e9 d\u2019un produit fini. Mais cette place est souvent essentielle \u00e0 la s\u00e9curit\u00e9, \u00e0 la fiabilit\u00e9, \u00e0 la pr\u00e9cision des commandes ou tout simplement au confort d\u2019utilisation d\u2019un appareil","breadcrumb":{"@id":"https:\/\/adax.ch\/adax\/produits\/pieces-realisees\/#breadcrumb"},"inLanguage":"en-GB","potentialAction":[{"@type":"ReadAction","target":["https:\/\/adax.ch\/adax\/produits\/pieces-realisees\/"]}]},{"@type":"ImageObject","inLanguage":"en-GB","@id":"https:\/\/adax.ch\/adax\/produits\/pieces-realisees\/#primaryimage","url":"https:\/\/adax.ch\/wp-content\/uploads\/2020\/05\/41290.png","contentUrl":"https:\/\/adax.ch\/wp-content\/uploads\/2020\/05\/41290.png"},{"@type":"BreadcrumbList","@id":"https:\/\/adax.ch\/adax\/produits\/pieces-realisees\/#breadcrumb","itemListElement":[{"@type":"ListItem","position":1,"name":"Accueil","item":"https:\/\/adax.ch\/"},{"@type":"ListItem","position":2,"name":"ADAX","item":"https:\/\/adax.ch\/"},{"@type":"ListItem","position":3,"name":"Produits","item":"https:\/\/adax.ch\/adax\/produits\/"},{"@type":"ListItem","position":4,"name":"Pi\u00e8ces r\u00e9alis\u00e9es"}]},{"@type":"WebSite","@id":"https:\/\/adax.ch\/#website","url":"https:\/\/adax.ch\/","name":"Adax","description":"FROM EARTH TO SPACE","publisher":{"@id":"https:\/\/adax.ch\/#organization"},"potentialAction":[{"@type":"SearchAction","target":{"@type":"EntryPoint","urlTemplate":"https:\/\/adax.ch\/?s={search_term_string}"},"query-input":{"@type":"PropertyValueSpecification","valueRequired":true,"valueName":"search_term_string"}}],"inLanguage":"en-GB"},{"@type":"Organization","@id":"https:\/\/adax.ch\/#organization","name":"Adax SA","url":"https:\/\/adax.ch\/","logo":{"@type":"ImageObject","inLanguage":"en-GB","@id":"https:\/\/adax.ch\/#\/schema\/logo\/image\/","url":"https:\/\/adax.ch\/wp-content\/uploads\/2021\/02\/logo-blanc-fond-noir.png","contentUrl":"https:\/\/adax.ch\/wp-content\/uploads\/2021\/02\/logo-blanc-fond-noir.png","width":754,"height":754,"caption":"Adax SA"},"image":{"@id":"https:\/\/adax.ch\/#\/schema\/logo\/image\/"},"sameAs":["https:\/\/www.linkedin.com\/company\/adax-sa\/","https:\/\/www.youtube.com\/channel\/UCajnUraOOGTurqpS0vObYgQ"]}]}},"jetpack_sharing_enabled":true,"_links":{"self":[{"href":"https:\/\/adax.ch\/en\/wp-json\/wp\/v2\/pages\/30009","targetHints":{"allow":["GET"]}}],"collection":[{"href":"https:\/\/adax.ch\/en\/wp-json\/wp\/v2\/pages"}],"about":[{"href":"https:\/\/adax.ch\/en\/wp-json\/wp\/v2\/types\/page"}],"author":[{"embeddable":true,"href":"https:\/\/adax.ch\/en\/wp-json\/wp\/v2\/users\/1"}],"replies":[{"embeddable":true,"href":"https:\/\/adax.ch\/en\/wp-json\/wp\/v2\/comments?post=30009"}],"version-history":[{"count":0,"href":"https:\/\/adax.ch\/en\/wp-json\/wp\/v2\/pages\/30009\/revisions"}],"up":[{"embeddable":true,"href":"https:\/\/adax.ch\/en\/wp-json\/wp\/v2\/pages\/28929"}],"wp:attachment":[{"href":"https:\/\/adax.ch\/en\/wp-json\/wp\/v2\/media?parent=30009"}],"curies":[{"name":"wp","href":"https:\/\/api.w.org\/{rel}","templated":true}]}}