{"id":29996,"date":"2020-02-27T11:28:42","date_gmt":"2020-02-27T10:28:42","guid":{"rendered":"https:\/\/adax.ch\/?page_id=29996"},"modified":"2021-01-19T14:23:38","modified_gmt":"2021-01-19T13:23:38","slug":"roulage","status":"publish","type":"page","link":"https:\/\/adax.ch\/en\/adax\/prestation\/roulage\/","title":{"rendered":"Diameter Rolling"},"content":{"rendered":"\n[et_pb_section fb_built=\u00a0\u00bb1&Prime; _builder_version=\u00a0\u00bb4.6.0&Prime; _module_preset=\u00a0\u00bbdefault\u00a0\u00bb background_video_mp4=\u00a0\u00bbhttps:\/\/adax.ch\/wp-content\/uploads\/2020\/02\/Roulage.mp4&Prime; custom_padding=\u00a0\u00bb140px||140px||true|\u00a0\u00bb hover_enabled=\u00a0\u00bb0&Prime; title_text=\u00a0\u00bbRoulage\u00a0\u00bb sticky_enabled=\u00a0\u00bb0&Prime;][et_pb_row _builder_version=\u00a0\u00bb4.6.0&Prime; _module_preset=\u00a0\u00bbdefault\u00a0\u00bb][et_pb_column type=\u00a0\u00bb4_4&Prime; _builder_version=\u00a0\u00bb4.6.0&Prime; _module_preset=\u00a0\u00bbdefault\u00a0\u00bb][\/et_pb_column][\/et_pb_row][\/et_pb_section][et_pb_section fb_built=\u00a0\u00bb1&Prime; _builder_version=\u00a0\u00bb4.3.4&Prime; background_color=\u00a0\u00bb#161E2B\u00a0\u00bb custom_padding=\u00a0\u00bb41px||92px|||\u00a0\u00bb][et_pb_row _builder_version=\u00a0\u00bb4.3.4&Prime; custom_padding=\u00a0\u00bb38px|||||\u00a0\u00bb][et_pb_column type=\u00a0\u00bb4_4&Prime; _builder_version=\u00a0\u00bb4.3.4&Prime;][et_pb_text _builder_version=\u00a0\u00bb4.4.5&Prime; text_font=\u00a0\u00bbHelveticaNeue||||||||\u00a0\u00bb text_letter_spacing=\u00a0\u00bb2px\u00a0\u00bb header_font=\u00a0\u00bbHelveticaNeue|||on|||||\u00a0\u00bb header_text_color=\u00a0\u00bb#ffffff\u00a0\u00bb header_font_size=\u00a0\u00bb22px\u00a0\u00bb header_letter_spacing=\u00a0\u00bb4px\u00a0\u00bb text_orientation=\u00a0\u00bbcenter\u00a0\u00bb custom_padding=\u00a0\u00bb||38px|||\u00a0\u00bb]<h1 style=\"text-align: center;\">Roulage<\/h1>[\/et_pb_text][et_pb_text _builder_version=\u00a0\u00bb4.4.8&Prime; text_font=\u00a0\u00bbHelveticaNeue||||||||\u00a0\u00bb text_text_color=\u00a0\u00bb#ffffff\u00a0\u00bb text_font_size=\u00a0\u00bb16px\u00a0\u00bb text_letter_spacing=\u00a0\u00bb2px\u00a0\u00bb header_3_font=\u00a0\u00bbHelveticaNeue|||on|||||\u00a0\u00bb header_3_text_color=\u00a0\u00bb#ffffff\u00a0\u00bb header_3_letter_spacing=\u00a0\u00bb2px\u00a0\u00bb text_orientation=\u00a0\u00bbcenter\u00a0\u00bb]<p style=\"text-align: left;\">Il est parfois n\u00e9cessaire d\u2019ajouter une op\u00e9ration de roulage des pi\u00e8ces lorsque celles-ci ne peuvent pas \u00eatre rectifi\u00e9es centerless. Cette op\u00e9ration est ajout\u00e9e notamment quand les pi\u00e8ces usin\u00e9es sont trop petites ou quand la tol\u00e9rance diam\u00e8tre demand\u00e9e est trop serr\u00e9e. Le roulage permettant de tenir une tol\u00e9rance d\u20191 micron contre env. 3 microns pour la rectification centerless. Le roulage du diam\u00e8tre permet \u00e9galement d\u2019am\u00e9liorer les potentiels d\u00e9fauts de cylindricit\u00e9 et de circularit\u00e9 en plus de donner un \u00e9tat de surface impeccable \u00e0 la pi\u00e8ce finie.<\/p>[\/et_pb_text][\/et_pb_column][\/et_pb_row][\/et_pb_section]\n","protected":false},"excerpt":{"rendered":"<p>RoulageIl est parfois n\u00e9cessaire d\u2019ajouter une op\u00e9ration de roulage des pi\u00e8ces lorsque celles-ci ne peuvent pas \u00eatre rectifi\u00e9es centerless. Cette op\u00e9ration est ajout\u00e9e notamment quand les pi\u00e8ces usin\u00e9es sont trop petites ou quand la tol\u00e9rance diam\u00e8tre demand\u00e9e est trop serr\u00e9e. Le roulage permettant de tenir une tol\u00e9rance d\u20191 micron contre env. 3 microns pour la [&hellip;]<\/p>\n","protected":false},"author":1,"featured_media":0,"parent":28927,"menu_order":0,"comment_status":"closed","ping_status":"closed","template":"","meta":{"_et_pb_use_builder":"on","_et_pb_old_content":"","_et_gb_content_width":"","footnotes":""},"class_list":["post-29996","page","type-page","status-publish","hentry"],"yoast_head":"<!-- This site is optimized with the Yoast SEO Premium plugin v21.1 (Yoast SEO v27.3) - https:\/\/yoast.com\/product\/yoast-seo-premium-wordpress\/ -->\n<title>Roulage - Adax<\/title>\n<meta name=\"description\" content=\"Superfinition - Il est parfois n\u00e9cessaire d\u2019ajouter une op\u00e9ration de roulage des pi\u00e8ces lorsque celles-ci ne peuvent pas \u00eatre rectifi\u00e9es centerless. Cette op\u00e9ration est ajout\u00e9e notamment quand les pi\u00e8ces usin\u00e9es sont trop petites ou quand la tol\u00e9rance diam\u00e8tre demand\u00e9e est trop serr\u00e9e.\" \/>\n<meta name=\"robots\" content=\"index, follow, max-snippet:-1, max-image-preview:large, max-video-preview:-1\" \/>\n<link rel=\"canonical\" href=\"https:\/\/adax.ch\/en\/adax\/prestation\/roulage\/\" \/>\n<meta property=\"og:locale\" content=\"en_GB\" \/>\n<meta property=\"og:type\" content=\"article\" \/>\n<meta property=\"og:title\" content=\"Roulage\" \/>\n<meta property=\"og:description\" content=\"Superfinition - Il est parfois n\u00e9cessaire d\u2019ajouter une op\u00e9ration de roulage des pi\u00e8ces lorsque celles-ci ne peuvent pas \u00eatre rectifi\u00e9es centerless. Cette op\u00e9ration est ajout\u00e9e notamment quand les pi\u00e8ces usin\u00e9es sont trop petites ou quand la tol\u00e9rance diam\u00e8tre demand\u00e9e est trop serr\u00e9e.\" \/>\n<meta property=\"og:url\" content=\"https:\/\/adax.ch\/en\/adax\/prestation\/roulage\/\" \/>\n<meta property=\"og:site_name\" content=\"Adax\" \/>\n<meta property=\"article:modified_time\" content=\"2021-01-19T13:23:38+00:00\" \/>\n<meta name=\"twitter:card\" content=\"summary_large_image\" \/>\n<meta name=\"twitter:label1\" content=\"Estimated reading time\" \/>\n\t<meta name=\"twitter:data1\" content=\"1 minute\" \/>\n<script type=\"application\/ld+json\" class=\"yoast-schema-graph\">{\"@context\":\"https:\\\/\\\/schema.org\",\"@graph\":[{\"@type\":\"WebPage\",\"@id\":\"https:\\\/\\\/adax.ch\\\/adax\\\/prestation\\\/roulage\\\/\",\"url\":\"https:\\\/\\\/adax.ch\\\/adax\\\/prestation\\\/roulage\\\/\",\"name\":\"Roulage - Adax\",\"isPartOf\":{\"@id\":\"https:\\\/\\\/adax.ch\\\/#website\"},\"datePublished\":\"2020-02-27T10:28:42+00:00\",\"dateModified\":\"2021-01-19T13:23:38+00:00\",\"description\":\"Superfinition - Il est parfois n\u00e9cessaire d\u2019ajouter une op\u00e9ration de roulage des pi\u00e8ces lorsque celles-ci ne peuvent pas \u00eatre rectifi\u00e9es centerless. Cette op\u00e9ration est ajout\u00e9e notamment quand les pi\u00e8ces usin\u00e9es sont trop petites ou quand la tol\u00e9rance diam\u00e8tre demand\u00e9e est trop serr\u00e9e.\",\"breadcrumb\":{\"@id\":\"https:\\\/\\\/adax.ch\\\/adax\\\/prestation\\\/roulage\\\/#breadcrumb\"},\"inLanguage\":\"en-GB\",\"potentialAction\":[{\"@type\":\"ReadAction\",\"target\":[\"https:\\\/\\\/adax.ch\\\/adax\\\/prestation\\\/roulage\\\/\"]}]},{\"@type\":\"BreadcrumbList\",\"@id\":\"https:\\\/\\\/adax.ch\\\/adax\\\/prestation\\\/roulage\\\/#breadcrumb\",\"itemListElement\":[{\"@type\":\"ListItem\",\"position\":1,\"name\":\"Accueil\",\"item\":\"https:\\\/\\\/adax.ch\\\/\"},{\"@type\":\"ListItem\",\"position\":2,\"name\":\"ADAX\",\"item\":\"https:\\\/\\\/adax.ch\\\/\"},{\"@type\":\"ListItem\",\"position\":3,\"name\":\"Prestation\",\"item\":\"https:\\\/\\\/adax.ch\\\/adax\\\/prestation\\\/\"},{\"@type\":\"ListItem\",\"position\":4,\"name\":\"Roulage\"}]},{\"@type\":\"WebSite\",\"@id\":\"https:\\\/\\\/adax.ch\\\/#website\",\"url\":\"https:\\\/\\\/adax.ch\\\/\",\"name\":\"Adax\",\"description\":\"FROM EARTH TO SPACE\",\"publisher\":{\"@id\":\"https:\\\/\\\/adax.ch\\\/#organization\"},\"potentialAction\":[{\"@type\":\"SearchAction\",\"target\":{\"@type\":\"EntryPoint\",\"urlTemplate\":\"https:\\\/\\\/adax.ch\\\/?s={search_term_string}\"},\"query-input\":{\"@type\":\"PropertyValueSpecification\",\"valueRequired\":true,\"valueName\":\"search_term_string\"}}],\"inLanguage\":\"en-GB\"},{\"@type\":\"Organization\",\"@id\":\"https:\\\/\\\/adax.ch\\\/#organization\",\"name\":\"Adax SA\",\"url\":\"https:\\\/\\\/adax.ch\\\/\",\"logo\":{\"@type\":\"ImageObject\",\"inLanguage\":\"en-GB\",\"@id\":\"https:\\\/\\\/adax.ch\\\/#\\\/schema\\\/logo\\\/image\\\/\",\"url\":\"https:\\\/\\\/adax.ch\\\/wp-content\\\/uploads\\\/2021\\\/02\\\/logo-blanc-fond-noir.png\",\"contentUrl\":\"https:\\\/\\\/adax.ch\\\/wp-content\\\/uploads\\\/2021\\\/02\\\/logo-blanc-fond-noir.png\",\"width\":754,\"height\":754,\"caption\":\"Adax SA\"},\"image\":{\"@id\":\"https:\\\/\\\/adax.ch\\\/#\\\/schema\\\/logo\\\/image\\\/\"},\"sameAs\":[\"https:\\\/\\\/www.linkedin.com\\\/company\\\/adax-sa\\\/\",\"https:\\\/\\\/www.youtube.com\\\/channel\\\/UCajnUraOOGTurqpS0vObYgQ\"]}]}<\/script>\n<!-- \/ Yoast SEO Premium plugin. -->","yoast_head_json":{"title":"Roulage - Adax","description":"Superfinition - Il est parfois n\u00e9cessaire d\u2019ajouter une op\u00e9ration de roulage des pi\u00e8ces lorsque celles-ci ne peuvent pas \u00eatre rectifi\u00e9es centerless. Cette op\u00e9ration est ajout\u00e9e notamment quand les pi\u00e8ces usin\u00e9es sont trop petites ou quand la tol\u00e9rance diam\u00e8tre demand\u00e9e est trop serr\u00e9e.","robots":{"index":"index","follow":"follow","max-snippet":"max-snippet:-1","max-image-preview":"max-image-preview:large","max-video-preview":"max-video-preview:-1"},"canonical":"https:\/\/adax.ch\/en\/adax\/prestation\/roulage\/","og_locale":"en_GB","og_type":"article","og_title":"Roulage","og_description":"Superfinition - Il est parfois n\u00e9cessaire d\u2019ajouter une op\u00e9ration de roulage des pi\u00e8ces lorsque celles-ci ne peuvent pas \u00eatre rectifi\u00e9es centerless. Cette op\u00e9ration est ajout\u00e9e notamment quand les pi\u00e8ces usin\u00e9es sont trop petites ou quand la tol\u00e9rance diam\u00e8tre demand\u00e9e est trop serr\u00e9e.","og_url":"https:\/\/adax.ch\/en\/adax\/prestation\/roulage\/","og_site_name":"Adax","article_modified_time":"2021-01-19T13:23:38+00:00","twitter_card":"summary_large_image","twitter_misc":{"Estimated reading time":"1 minute"},"schema":{"@context":"https:\/\/schema.org","@graph":[{"@type":"WebPage","@id":"https:\/\/adax.ch\/adax\/prestation\/roulage\/","url":"https:\/\/adax.ch\/adax\/prestation\/roulage\/","name":"Roulage - Adax","isPartOf":{"@id":"https:\/\/adax.ch\/#website"},"datePublished":"2020-02-27T10:28:42+00:00","dateModified":"2021-01-19T13:23:38+00:00","description":"Superfinition - Il est parfois n\u00e9cessaire d\u2019ajouter une op\u00e9ration de roulage des pi\u00e8ces lorsque celles-ci ne peuvent pas \u00eatre rectifi\u00e9es centerless. Cette op\u00e9ration est ajout\u00e9e notamment quand les pi\u00e8ces usin\u00e9es sont trop petites ou quand la tol\u00e9rance diam\u00e8tre demand\u00e9e est trop serr\u00e9e.","breadcrumb":{"@id":"https:\/\/adax.ch\/adax\/prestation\/roulage\/#breadcrumb"},"inLanguage":"en-GB","potentialAction":[{"@type":"ReadAction","target":["https:\/\/adax.ch\/adax\/prestation\/roulage\/"]}]},{"@type":"BreadcrumbList","@id":"https:\/\/adax.ch\/adax\/prestation\/roulage\/#breadcrumb","itemListElement":[{"@type":"ListItem","position":1,"name":"Accueil","item":"https:\/\/adax.ch\/"},{"@type":"ListItem","position":2,"name":"ADAX","item":"https:\/\/adax.ch\/"},{"@type":"ListItem","position":3,"name":"Prestation","item":"https:\/\/adax.ch\/adax\/prestation\/"},{"@type":"ListItem","position":4,"name":"Roulage"}]},{"@type":"WebSite","@id":"https:\/\/adax.ch\/#website","url":"https:\/\/adax.ch\/","name":"Adax","description":"FROM EARTH TO SPACE","publisher":{"@id":"https:\/\/adax.ch\/#organization"},"potentialAction":[{"@type":"SearchAction","target":{"@type":"EntryPoint","urlTemplate":"https:\/\/adax.ch\/?s={search_term_string}"},"query-input":{"@type":"PropertyValueSpecification","valueRequired":true,"valueName":"search_term_string"}}],"inLanguage":"en-GB"},{"@type":"Organization","@id":"https:\/\/adax.ch\/#organization","name":"Adax SA","url":"https:\/\/adax.ch\/","logo":{"@type":"ImageObject","inLanguage":"en-GB","@id":"https:\/\/adax.ch\/#\/schema\/logo\/image\/","url":"https:\/\/adax.ch\/wp-content\/uploads\/2021\/02\/logo-blanc-fond-noir.png","contentUrl":"https:\/\/adax.ch\/wp-content\/uploads\/2021\/02\/logo-blanc-fond-noir.png","width":754,"height":754,"caption":"Adax SA"},"image":{"@id":"https:\/\/adax.ch\/#\/schema\/logo\/image\/"},"sameAs":["https:\/\/www.linkedin.com\/company\/adax-sa\/","https:\/\/www.youtube.com\/channel\/UCajnUraOOGTurqpS0vObYgQ"]}]}},"jetpack_sharing_enabled":true,"_links":{"self":[{"href":"https:\/\/adax.ch\/en\/wp-json\/wp\/v2\/pages\/29996","targetHints":{"allow":["GET"]}}],"collection":[{"href":"https:\/\/adax.ch\/en\/wp-json\/wp\/v2\/pages"}],"about":[{"href":"https:\/\/adax.ch\/en\/wp-json\/wp\/v2\/types\/page"}],"author":[{"embeddable":true,"href":"https:\/\/adax.ch\/en\/wp-json\/wp\/v2\/users\/1"}],"replies":[{"embeddable":true,"href":"https:\/\/adax.ch\/en\/wp-json\/wp\/v2\/comments?post=29996"}],"version-history":[{"count":0,"href":"https:\/\/adax.ch\/en\/wp-json\/wp\/v2\/pages\/29996\/revisions"}],"up":[{"embeddable":true,"href":"https:\/\/adax.ch\/en\/wp-json\/wp\/v2\/pages\/28927"}],"wp:attachment":[{"href":"https:\/\/adax.ch\/en\/wp-json\/wp\/v2\/media?parent=29996"}],"curies":[{"name":"wp","href":"https:\/\/api.w.org\/{rel}","templated":true}]}}