{"id":29989,"date":"2020-02-27T11:27:05","date_gmt":"2020-02-27T10:27:05","guid":{"rendered":"https:\/\/adax.ch\/?page_id=29989"},"modified":"2021-01-19T11:29:20","modified_gmt":"2021-01-19T10:29:20","slug":"rectification-centerless","status":"publish","type":"page","link":"https:\/\/adax.ch\/en\/adax\/prestation\/rectification-centerless\/","title":{"rendered":"Centerless Grinding"},"content":{"rendered":"\n[et_pb_section fb_built=\u00a0\u00bb1&Prime; _builder_version=\u00a0\u00bb4.6.0&Prime; _module_preset=\u00a0\u00bbdefault\u00a0\u00bb background_video_mp4=\u00a0\u00bbhttps:\/\/adax.ch\/wp-content\/uploads\/2020\/02\/Rectif-CENTERLESS.mp4&Prime; custom_padding=\u00a0\u00bb140px||140px||true|\u00a0\u00bb hover_enabled=\u00a0\u00bb0&Prime; title_text=\u00a0\u00bbRectif CENTERLESS\u00a0\u00bb sticky_enabled=\u00a0\u00bb0&Prime;][et_pb_row _builder_version=\u00a0\u00bb4.6.0&Prime; _module_preset=\u00a0\u00bbdefault\u00a0\u00bb][et_pb_column type=\u00a0\u00bb4_4&Prime; _builder_version=\u00a0\u00bb4.6.0&Prime; _module_preset=\u00a0\u00bbdefault\u00a0\u00bb][\/et_pb_column][\/et_pb_row][\/et_pb_section][et_pb_section fb_built=\u00a0\u00bb1&Prime; _builder_version=\u00a0\u00bb4.3.4&Prime; background_color=\u00a0\u00bb#161E2B\u00a0\u00bb custom_padding=\u00a0\u00bb40px|||||\u00a0\u00bb][et_pb_row _builder_version=\u00a0\u00bb4.3.4&Prime;][et_pb_column type=\u00a0\u00bb4_4&Prime; _builder_version=\u00a0\u00bb4.3.4&Prime;][et_pb_text _builder_version=\u00a0\u00bb4.4.8&Prime; text_font=\u00a0\u00bbHelveticaNeue||||||||\u00a0\u00bb text_font_size=\u00a0\u00bb16px\u00a0\u00bb text_letter_spacing=\u00a0\u00bb2px\u00a0\u00bb header_font=\u00a0\u00bbHelveticaNeue|||on|||||\u00a0\u00bb header_text_color=\u00a0\u00bb#ffffff\u00a0\u00bb header_font_size=\u00a0\u00bb22px\u00a0\u00bb header_letter_spacing=\u00a0\u00bb4px\u00a0\u00bb text_orientation=\u00a0\u00bbcenter\u00a0\u00bb custom_padding=\u00a0\u00bb||22px|||\u00a0\u00bb]<h1 style=\"text-align: center;\">Rectification centerless<\/h1>[\/et_pb_text][et_pb_text _builder_version=\u00a0\u00bb4.4.8&Prime; text_font=\u00a0\u00bbHelveticaNeue||||||||\u00a0\u00bb text_text_color=\u00a0\u00bb#ffffff\u00a0\u00bb text_font_size=\u00a0\u00bb16px\u00a0\u00bb text_letter_spacing=\u00a0\u00bb2px\u00a0\u00bb header_3_font=\u00a0\u00bbHelveticaNeue|||on|||||\u00a0\u00bb header_3_text_color=\u00a0\u00bb#ffffff\u00a0\u00bb header_3_letter_spacing=\u00a0\u00bb2px\u00a0\u00bb]<p style=\"text-align: left;\">En bout de cha\u00eene de production, les pi\u00e8ces sont rectifi\u00e9es pour pouvoir entrer tr\u00e8s pr\u00e9cis\u00e9ment dans la cible dimensionnelle exig\u00e9e par le client. Ce dernier usinage permet \u00e9galement d\u2019am\u00e9liorer l\u2019\u00e9tat de surface.<\/p>\n<p>Avec la rectification centerless, vous \u00eates au c\u0153ur de notre savoir-faire. C\u2019est \u00e0 ce point pr\u00e9cis de la production que tout se joue et c\u2019est ici \u00e9galement que nous apportons de la valeur ajout\u00e9e.<\/p>\n<p>Pr\u00e9cision microm\u00e9trique, tol\u00e9rances serr\u00e9es, mais aussi des \u00e9tats de surface impeccables, pour des produits \u00e0 la fois beaux et pr\u00e9cis. Un savoir-faire de plus de 90 ans d&rsquo;exp\u00e9rience pour une r\u00e9ponse favorable \u00e0 vos demandes sur vos pi\u00e8ces \u00e0 forte valeur ajout\u00e9e. Ne manquez pas de faire appel \u00e0 nos services pour des demandes particuli\u00e8res, ici, nous relevons quotidiennement de nouveaux d\u00e9fis.<\/p>[\/et_pb_text][\/et_pb_column][\/et_pb_row][\/et_pb_section]\n","protected":false},"excerpt":{"rendered":"<p>Rectification centerlessEn bout de cha\u00eene de production, les pi\u00e8ces sont rectifi\u00e9es pour pouvoir entrer tr\u00e8s pr\u00e9cis\u00e9ment dans la cible dimensionnelle exig\u00e9e par le client. Ce dernier usinage permet \u00e9galement d\u2019am\u00e9liorer l\u2019\u00e9tat de surface. Avec la rectification centerless, vous \u00eates au c\u0153ur de notre savoir-faire. C\u2019est \u00e0 ce point pr\u00e9cis de la production que tout se [&hellip;]<\/p>\n","protected":false},"author":1,"featured_media":0,"parent":28927,"menu_order":0,"comment_status":"closed","ping_status":"closed","template":"","meta":{"_et_pb_use_builder":"on","_et_pb_old_content":"","_et_gb_content_width":"","footnotes":""},"class_list":["post-29989","page","type-page","status-publish","hentry"],"yoast_head":"<!-- This site is optimized with the Yoast SEO Premium plugin v21.1 (Yoast SEO v27.4) - https:\/\/yoast.com\/product\/yoast-seo-premium-wordpress\/ -->\n<title>Rectification CENTERLESS - Adax<\/title>\n<meta name=\"description\" content=\"Avec la rectification centerless, vous \u00eates au c\u0153ur de notre savoir-faire. C\u2019est \u00e0 ce point pr\u00e9cis de la production que tout se joue et c\u2019est ici \u00e9galement que nous apportons de la valeur ajout\u00e9e. Pr\u00e9cision microm\u00e9trique, tol\u00e9rances serr\u00e9es, mais aussi des \u00e9tats de surface impeccables, pour des produits \u00e0 la fois beaux et pr\u00e9cis. Un savoir-faire de plus de 90 ans d\u2019exp\u00e9rience pour une r\u00e9ponse favorable \u00e0 vos demandes sur vos pi\u00e8ces \u00e0 forte valeur ajout\u00e9e. Ne manquez pas de faire appel \u00e0 nos services pour des demandes particuli\u00e8res, ici, nous relevons quotidiennement de nouveaux d\u00e9fis.\" \/>\n<meta name=\"robots\" content=\"index, follow, max-snippet:-1, max-image-preview:large, max-video-preview:-1\" \/>\n<link rel=\"canonical\" href=\"https:\/\/adax.ch\/en\/adax\/prestation\/rectification-centerless\/\" \/>\n<meta property=\"og:locale\" content=\"en_GB\" \/>\n<meta property=\"og:type\" content=\"article\" \/>\n<meta property=\"og:title\" content=\"Rectification CENTERLESS\" \/>\n<meta property=\"og:description\" content=\"Avec la rectification centerless, vous \u00eates au c\u0153ur de notre savoir-faire. C\u2019est \u00e0 ce point pr\u00e9cis de la production que tout se joue et c\u2019est ici \u00e9galement que nous apportons de la valeur ajout\u00e9e. Pr\u00e9cision microm\u00e9trique, tol\u00e9rances serr\u00e9es, mais aussi des \u00e9tats de surface impeccables, pour des produits \u00e0 la fois beaux et pr\u00e9cis. Un savoir-faire de plus de 90 ans d\u2019exp\u00e9rience pour une r\u00e9ponse favorable \u00e0 vos demandes sur vos pi\u00e8ces \u00e0 forte valeur ajout\u00e9e. Ne manquez pas de faire appel \u00e0 nos services pour des demandes particuli\u00e8res, ici, nous relevons quotidiennement de nouveaux d\u00e9fis.\" \/>\n<meta property=\"og:url\" content=\"https:\/\/adax.ch\/en\/adax\/prestation\/rectification-centerless\/\" \/>\n<meta property=\"og:site_name\" content=\"Adax\" \/>\n<meta property=\"article:modified_time\" content=\"2021-01-19T10:29:20+00:00\" \/>\n<meta name=\"twitter:card\" content=\"summary_large_image\" \/>\n<meta name=\"twitter:label1\" content=\"Estimated reading time\" \/>\n\t<meta name=\"twitter:data1\" content=\"1 minute\" \/>\n<script type=\"application\/ld+json\" class=\"yoast-schema-graph\">{\"@context\":\"https:\\\/\\\/schema.org\",\"@graph\":[{\"@type\":\"WebPage\",\"@id\":\"https:\\\/\\\/adax.ch\\\/adax\\\/prestation\\\/rectification-centerless\\\/\",\"url\":\"https:\\\/\\\/adax.ch\\\/adax\\\/prestation\\\/rectification-centerless\\\/\",\"name\":\"Rectification CENTERLESS - Adax\",\"isPartOf\":{\"@id\":\"https:\\\/\\\/adax.ch\\\/#website\"},\"datePublished\":\"2020-02-27T10:27:05+00:00\",\"dateModified\":\"2021-01-19T10:29:20+00:00\",\"description\":\"Avec la rectification centerless, vous \u00eates au c\u0153ur de notre savoir-faire. C\u2019est \u00e0 ce point pr\u00e9cis de la production que tout se joue et c\u2019est ici \u00e9galement que nous apportons de la valeur ajout\u00e9e. Pr\u00e9cision microm\u00e9trique, tol\u00e9rances serr\u00e9es, mais aussi des \u00e9tats de surface impeccables, pour des produits \u00e0 la fois beaux et pr\u00e9cis. Un savoir-faire de plus de 90 ans d\u2019exp\u00e9rience pour une r\u00e9ponse favorable \u00e0 vos demandes sur vos pi\u00e8ces \u00e0 forte valeur ajout\u00e9e. Ne manquez pas de faire appel \u00e0 nos services pour des demandes particuli\u00e8res, ici, nous relevons quotidiennement de nouveaux d\u00e9fis.\",\"breadcrumb\":{\"@id\":\"https:\\\/\\\/adax.ch\\\/adax\\\/prestation\\\/rectification-centerless\\\/#breadcrumb\"},\"inLanguage\":\"en-GB\",\"potentialAction\":[{\"@type\":\"ReadAction\",\"target\":[\"https:\\\/\\\/adax.ch\\\/adax\\\/prestation\\\/rectification-centerless\\\/\"]}]},{\"@type\":\"BreadcrumbList\",\"@id\":\"https:\\\/\\\/adax.ch\\\/adax\\\/prestation\\\/rectification-centerless\\\/#breadcrumb\",\"itemListElement\":[{\"@type\":\"ListItem\",\"position\":1,\"name\":\"Accueil\",\"item\":\"https:\\\/\\\/adax.ch\\\/\"},{\"@type\":\"ListItem\",\"position\":2,\"name\":\"ADAX\",\"item\":\"https:\\\/\\\/adax.ch\\\/\"},{\"@type\":\"ListItem\",\"position\":3,\"name\":\"Prestation\",\"item\":\"https:\\\/\\\/adax.ch\\\/adax\\\/prestation\\\/\"},{\"@type\":\"ListItem\",\"position\":4,\"name\":\"Rectification CENTERLESS\"}]},{\"@type\":\"WebSite\",\"@id\":\"https:\\\/\\\/adax.ch\\\/#website\",\"url\":\"https:\\\/\\\/adax.ch\\\/\",\"name\":\"Adax\",\"description\":\"FROM EARTH TO SPACE\",\"publisher\":{\"@id\":\"https:\\\/\\\/adax.ch\\\/#organization\"},\"potentialAction\":[{\"@type\":\"SearchAction\",\"target\":{\"@type\":\"EntryPoint\",\"urlTemplate\":\"https:\\\/\\\/adax.ch\\\/?s={search_term_string}\"},\"query-input\":{\"@type\":\"PropertyValueSpecification\",\"valueRequired\":true,\"valueName\":\"search_term_string\"}}],\"inLanguage\":\"en-GB\"},{\"@type\":\"Organization\",\"@id\":\"https:\\\/\\\/adax.ch\\\/#organization\",\"name\":\"Adax SA\",\"url\":\"https:\\\/\\\/adax.ch\\\/\",\"logo\":{\"@type\":\"ImageObject\",\"inLanguage\":\"en-GB\",\"@id\":\"https:\\\/\\\/adax.ch\\\/#\\\/schema\\\/logo\\\/image\\\/\",\"url\":\"https:\\\/\\\/adax.ch\\\/wp-content\\\/uploads\\\/2021\\\/02\\\/logo-blanc-fond-noir.png\",\"contentUrl\":\"https:\\\/\\\/adax.ch\\\/wp-content\\\/uploads\\\/2021\\\/02\\\/logo-blanc-fond-noir.png\",\"width\":754,\"height\":754,\"caption\":\"Adax SA\"},\"image\":{\"@id\":\"https:\\\/\\\/adax.ch\\\/#\\\/schema\\\/logo\\\/image\\\/\"},\"sameAs\":[\"https:\\\/\\\/www.linkedin.com\\\/company\\\/adax-sa\\\/\",\"https:\\\/\\\/www.youtube.com\\\/channel\\\/UCajnUraOOGTurqpS0vObYgQ\"]}]}<\/script>\n<!-- \/ Yoast SEO Premium plugin. -->","yoast_head_json":{"title":"Rectification CENTERLESS - Adax","description":"Avec la rectification centerless, vous \u00eates au c\u0153ur de notre savoir-faire. C\u2019est \u00e0 ce point pr\u00e9cis de la production que tout se joue et c\u2019est ici \u00e9galement que nous apportons de la valeur ajout\u00e9e. Pr\u00e9cision microm\u00e9trique, tol\u00e9rances serr\u00e9es, mais aussi des \u00e9tats de surface impeccables, pour des produits \u00e0 la fois beaux et pr\u00e9cis. Un savoir-faire de plus de 90 ans d\u2019exp\u00e9rience pour une r\u00e9ponse favorable \u00e0 vos demandes sur vos pi\u00e8ces \u00e0 forte valeur ajout\u00e9e. Ne manquez pas de faire appel \u00e0 nos services pour des demandes particuli\u00e8res, ici, nous relevons quotidiennement de nouveaux d\u00e9fis.","robots":{"index":"index","follow":"follow","max-snippet":"max-snippet:-1","max-image-preview":"max-image-preview:large","max-video-preview":"max-video-preview:-1"},"canonical":"https:\/\/adax.ch\/en\/adax\/prestation\/rectification-centerless\/","og_locale":"en_GB","og_type":"article","og_title":"Rectification CENTERLESS","og_description":"Avec la rectification centerless, vous \u00eates au c\u0153ur de notre savoir-faire. C\u2019est \u00e0 ce point pr\u00e9cis de la production que tout se joue et c\u2019est ici \u00e9galement que nous apportons de la valeur ajout\u00e9e. Pr\u00e9cision microm\u00e9trique, tol\u00e9rances serr\u00e9es, mais aussi des \u00e9tats de surface impeccables, pour des produits \u00e0 la fois beaux et pr\u00e9cis. Un savoir-faire de plus de 90 ans d\u2019exp\u00e9rience pour une r\u00e9ponse favorable \u00e0 vos demandes sur vos pi\u00e8ces \u00e0 forte valeur ajout\u00e9e. Ne manquez pas de faire appel \u00e0 nos services pour des demandes particuli\u00e8res, ici, nous relevons quotidiennement de nouveaux d\u00e9fis.","og_url":"https:\/\/adax.ch\/en\/adax\/prestation\/rectification-centerless\/","og_site_name":"Adax","article_modified_time":"2021-01-19T10:29:20+00:00","twitter_card":"summary_large_image","twitter_misc":{"Estimated reading time":"1 minute"},"schema":{"@context":"https:\/\/schema.org","@graph":[{"@type":"WebPage","@id":"https:\/\/adax.ch\/adax\/prestation\/rectification-centerless\/","url":"https:\/\/adax.ch\/adax\/prestation\/rectification-centerless\/","name":"Rectification CENTERLESS - Adax","isPartOf":{"@id":"https:\/\/adax.ch\/#website"},"datePublished":"2020-02-27T10:27:05+00:00","dateModified":"2021-01-19T10:29:20+00:00","description":"Avec la rectification centerless, vous \u00eates au c\u0153ur de notre savoir-faire. C\u2019est \u00e0 ce point pr\u00e9cis de la production que tout se joue et c\u2019est ici \u00e9galement que nous apportons de la valeur ajout\u00e9e. Pr\u00e9cision microm\u00e9trique, tol\u00e9rances serr\u00e9es, mais aussi des \u00e9tats de surface impeccables, pour des produits \u00e0 la fois beaux et pr\u00e9cis. Un savoir-faire de plus de 90 ans d\u2019exp\u00e9rience pour une r\u00e9ponse favorable \u00e0 vos demandes sur vos pi\u00e8ces \u00e0 forte valeur ajout\u00e9e. Ne manquez pas de faire appel \u00e0 nos services pour des demandes particuli\u00e8res, ici, nous relevons quotidiennement de nouveaux d\u00e9fis.","breadcrumb":{"@id":"https:\/\/adax.ch\/adax\/prestation\/rectification-centerless\/#breadcrumb"},"inLanguage":"en-GB","potentialAction":[{"@type":"ReadAction","target":["https:\/\/adax.ch\/adax\/prestation\/rectification-centerless\/"]}]},{"@type":"BreadcrumbList","@id":"https:\/\/adax.ch\/adax\/prestation\/rectification-centerless\/#breadcrumb","itemListElement":[{"@type":"ListItem","position":1,"name":"Accueil","item":"https:\/\/adax.ch\/"},{"@type":"ListItem","position":2,"name":"ADAX","item":"https:\/\/adax.ch\/"},{"@type":"ListItem","position":3,"name":"Prestation","item":"https:\/\/adax.ch\/adax\/prestation\/"},{"@type":"ListItem","position":4,"name":"Rectification CENTERLESS"}]},{"@type":"WebSite","@id":"https:\/\/adax.ch\/#website","url":"https:\/\/adax.ch\/","name":"Adax","description":"FROM EARTH TO SPACE","publisher":{"@id":"https:\/\/adax.ch\/#organization"},"potentialAction":[{"@type":"SearchAction","target":{"@type":"EntryPoint","urlTemplate":"https:\/\/adax.ch\/?s={search_term_string}"},"query-input":{"@type":"PropertyValueSpecification","valueRequired":true,"valueName":"search_term_string"}}],"inLanguage":"en-GB"},{"@type":"Organization","@id":"https:\/\/adax.ch\/#organization","name":"Adax SA","url":"https:\/\/adax.ch\/","logo":{"@type":"ImageObject","inLanguage":"en-GB","@id":"https:\/\/adax.ch\/#\/schema\/logo\/image\/","url":"https:\/\/adax.ch\/wp-content\/uploads\/2021\/02\/logo-blanc-fond-noir.png","contentUrl":"https:\/\/adax.ch\/wp-content\/uploads\/2021\/02\/logo-blanc-fond-noir.png","width":754,"height":754,"caption":"Adax SA"},"image":{"@id":"https:\/\/adax.ch\/#\/schema\/logo\/image\/"},"sameAs":["https:\/\/www.linkedin.com\/company\/adax-sa\/","https:\/\/www.youtube.com\/channel\/UCajnUraOOGTurqpS0vObYgQ"]}]}},"jetpack_sharing_enabled":true,"_links":{"self":[{"href":"https:\/\/adax.ch\/en\/wp-json\/wp\/v2\/pages\/29989","targetHints":{"allow":["GET"]}}],"collection":[{"href":"https:\/\/adax.ch\/en\/wp-json\/wp\/v2\/pages"}],"about":[{"href":"https:\/\/adax.ch\/en\/wp-json\/wp\/v2\/types\/page"}],"author":[{"embeddable":true,"href":"https:\/\/adax.ch\/en\/wp-json\/wp\/v2\/users\/1"}],"replies":[{"embeddable":true,"href":"https:\/\/adax.ch\/en\/wp-json\/wp\/v2\/comments?post=29989"}],"version-history":[{"count":0,"href":"https:\/\/adax.ch\/en\/wp-json\/wp\/v2\/pages\/29989\/revisions"}],"up":[{"embeddable":true,"href":"https:\/\/adax.ch\/en\/wp-json\/wp\/v2\/pages\/28927"}],"wp:attachment":[{"href":"https:\/\/adax.ch\/en\/wp-json\/wp\/v2\/media?parent=29989"}],"curies":[{"name":"wp","href":"https:\/\/api.w.org\/{rel}","templated":true}]}}