{"id":29016,"date":"2019-09-04T08:45:18","date_gmt":"2019-09-04T06:45:18","guid":{"rendered":"https:\/\/adax.ch\/?page_id=29016"},"modified":"2020-07-09T11:21:03","modified_gmt":"2020-07-09T09:21:03","slug":"partenariat","status":"publish","type":"page","link":"https:\/\/adax.ch\/en\/adax\/entreprise\/partenariat\/","title":{"rendered":"Partnership"},"content":{"rendered":"<p>[et_pb_section fb_built=\u00a0\u00bb1&Prime; fullwidth=\u00a0\u00bbon\u00a0\u00bb _builder_version=\u00a0\u00bb4.4.8&Prime; background_image=\u00a0\u00bbhttps:\/\/adax.ch\/wp-content\/uploads\/2020\/06\/Partenariat.png\u00a0\u00bb][et_pb_fullwidth_slider _builder_version=\u00a0\u00bb4.4.8&Prime; header_font=\u00a0\u00bb||||||||\u00a0\u00bb custom_padding=\u00a0\u00bb212px||212px||true|false\u00a0\u00bb][et_pb_slide _builder_version=\u00a0\u00bb4.4.8&Prime; header_level=\u00a0\u00bbh1&Prime; header_font=\u00a0\u00bbHelveticaNeue|300||on|||||\u00a0\u00bb header_text_align=\u00a0\u00bbcenter\u00a0\u00bb header_font_size=\u00a0\u00bb22px\u00a0\u00bb header_letter_spacing=\u00a0\u00bb4px\u00a0\u00bb background_color=\u00a0\u00bbrgba(0,0,0,0.49)\u00a0\u00bb background_size=\u00a0\u00bbinitial\u00a0\u00bb][\/et_pb_slide][\/et_pb_fullwidth_slider][\/et_pb_section][et_pb_section fb_built=\u00a0\u00bb1&Prime; _builder_version=\u00a0\u00bb4.4.8&Prime; background_color=\u00a0\u00bbrgba(255,255,255,0.95)\u00a0\u00bb background_enable_image=\u00a0\u00bboff\u00a0\u00bb background_blend=\u00a0\u00bboverlay\u00a0\u00bb][et_pb_row _builder_version=\u00a0\u00bb3.25.4&Prime; custom_padding=\u00a0\u00bb0px||0px|||\u00a0\u00bb][et_pb_column type=\u00a0\u00bb4_4&Prime; _builder_version=\u00a0\u00bb3.25.4&Prime;][et_pb_text _builder_version=\u00a0\u00bb4.4.8&Prime; text_font=\u00a0\u00bbHelveticaNeue|||on|||||\u00a0\u00bb text_text_color=\u00a0\u00bb#000000&Prime; text_font_size=\u00a0\u00bb13px\u00a0\u00bb text_letter_spacing=\u00a0\u00bb2px\u00a0\u00bb header_font=\u00a0\u00bbHelveticaNeue|||on|||||\u00a0\u00bb header_text_align=\u00a0\u00bbcenter\u00a0\u00bb header_font_size=\u00a0\u00bb22px\u00a0\u00bb header_letter_spacing=\u00a0\u00bb4px\u00a0\u00bb header_2_font=\u00a0\u00bb|||on|||||\u00a0\u00bb header_2_text_color=\u00a0\u00bb#ffffff\u00a0\u00bb header_2_font_size=\u00a0\u00bb21px\u00a0\u00bb header_2_letter_spacing=\u00a0\u00bb1px\u00a0\u00bb header_2_line_height=\u00a0\u00bb3em\u00a0\u00bb custom_padding=\u00a0\u00bb17px||17px||true|\u00a0\u00bb]<\/p>\n<h1>Partenariat<\/h1>\n<p>[\/et_pb_text][\/et_pb_column][\/et_pb_row][et_pb_row _builder_version=\u00a0\u00bb3.25.4&Prime; custom_padding=\u00a0\u00bb0px||0px|||\u00a0\u00bb][et_pb_column type=\u00a0\u00bb4_4&Prime; _builder_version=\u00a0\u00bb3.25.4&Prime;][et_pb_text _builder_version=\u00a0\u00bb4.4.8&Prime; text_font=\u00a0\u00bbHelveticaNeue||||||||\u00a0\u00bb text_text_color=\u00a0\u00bb#000000&Prime; text_font_size=\u00a0\u00bb16px\u00a0\u00bb text_letter_spacing=\u00a0\u00bb2px\u00a0\u00bb header_font=\u00a0\u00bb||||||||\u00a0\u00bb header_2_font=\u00a0\u00bb|||on|||||\u00a0\u00bb header_2_text_color=\u00a0\u00bb#ffffff\u00a0\u00bb header_2_font_size=\u00a0\u00bb21px\u00a0\u00bb header_2_letter_spacing=\u00a0\u00bb1px\u00a0\u00bb header_2_line_height=\u00a0\u00bb3em\u00a0\u00bb custom_padding=\u00a0\u00bb17px||17px||true|\u00a0\u00bb hover_enabled=\u00a0\u00bb0&Prime;]<\/p>\n<p style=\"text-align: left;\">\u00c0 l\u2019heure de la mondialisation, les entreprises ne peuvent d\u00e9sormais plus travailler dans l\u2019isolement et d\u00e9cider de tout traiter par elles-m\u00eames : ce type d\u2019attitude se r\u00e9v\u00e8le, en effet, contre-productif.<br \/> Qu\u2019il s\u2019agisse d\u2019\u00eatre repr\u00e9sent\u00e9 au sein d\u2019une m\u00eame association ou d\u2019avoir des partenariats avec des entit\u00e9s fortes permet de mieux de ma\u00eetriser les co\u00fbts, d\u2019engager des actions de recherche pour innover, d\u00e9velopper ou d\u2019acc\u00e9der \u00e0 un service, \u00e0 une expertise technique ou de la formation dans des domaines bien sp\u00e9cifique, ADAX SA a d\u00e9velopp\u00e9 avec les ann\u00e9es des partenariats forts avec des soci\u00e9t\u00e9s, des associations et institutions reconnues.<\/p>\n<p style=\"text-align: left;\">Vous trouverez ci-dessous quelques exemples de partenariats (liste non exhaustive)\u00a0:<br \/> &#8211; CAAJ &#8211; Centre d&rsquo;apprentissage de l&rsquo;arc jurassien (<a href=\"http:\/\/www.caaj.ch\">www.caaj.ch<\/a>)<br \/> &#8211; APIAH &#8211; Association patronale des industries de l&rsquo;Arc-horloger (<a href=\"http:\/\/www.apiah.ch\">www.apiah.ch<\/a>)<br \/> &#8211; CNCI &#8211; La\u00a0Chambre neuch\u00e2teloise\u00a0du\u00a0commerce\u00a0et de l&rsquo;industrie (<a href=\"http:\/\/www.cnci.ch\">www.cnci.ch<\/a>)<br \/> &#8211; AFDT &#8211; Association des Fabricants de D\u00e9colletages et de Taillages (<a href=\"http:\/\/www.afdt.ch\">www.afdt.ch<\/a>)<br \/> &#8211; SQS &#8211; L\u2019Association Suisse pour Syst\u00e8mes de Qualit\u00e9 et de Management (<a href=\"http:\/\/www.sqs.ch\">www.sqs.ch<\/a>)<br \/> &#8211; CODEC (<a href=\"http:\/\/www.codec.ch\">www.codec.ch<\/a>)<br \/> &#8211; CODEC GROUP (<a href=\"http:\/\/www.codecgroup.ch\">www.codecgroup.ch<\/a>)<br \/> &#8211; AEnEC \u2013 Agence de l\u2019\u00e9nergie pour l\u2019\u00e9conomie (<a href=\"http:\/\/www.enaw.ch\">www.enaw.ch<\/a>)<\/p>\n<p>[\/et_pb_text][\/et_pb_column][\/et_pb_row][\/et_pb_section][et_pb_section fb_built=\u00a0\u00bb1&Prime; _builder_version=\u00a0\u00bb4.4.5&Prime; background_color=\u00a0\u00bbrgba(255,255,255,0.67)\u00a0\u00bb background_image=\u00a0\u00bbhttps:\/\/adax.ch\/wp-content\/uploads\/2020\/05\/plus-256.png\u00a0\u00bb background_size=\u00a0\u00bbcontain\u00a0\u00bb background_position=\u00a0\u00bbbottom_left\u00a0\u00bb background_blend=\u00a0\u00bboverlay\u00a0\u00bb custom_padding=\u00a0\u00bb||50px|||\u00a0\u00bb][et_pb_row _builder_version=\u00a0\u00bb4.4.5&Prime;][et_pb_column type=\u00a0\u00bb4_4&Prime; _builder_version=\u00a0\u00bb4.4.5&Prime;][et_pb_text _builder_version=\u00a0\u00bb4.4.8&Prime;]<\/p>\n<p style=\"text-align: center;\">Membre actif :<\/p>\n<p><a href=\"https:\/\/enaw.ch\/fr\/\" target=\"_blank\" rel=\"noopener noreferrer\"><img decoding=\"async\" src=\"https:\/\/adax.ch\/wp-content\/uploads\/2020\/05\/enaw_logo_f.png\" width=\"321\" height=\"51\" alt=\"\" class=\"wp-image-30861 alignnone size-full\" style=\"display: block; margin-left: auto; margin-right: auto;\" \/><\/a><\/p>\n<p>[\/et_pb_text][\/et_pb_column][\/et_pb_row][\/et_pb_section][et_pb_section fb_built=\u00a0\u00bb1&Prime; _builder_version=\u00a0\u00bb4.4.8&Prime; background_color=\u00a0\u00bbrgba(255,255,255,0.8)\u00a0\u00bb background_enable_image=\u00a0\u00bboff\u00a0\u00bb background_size=\u00a0\u00bbcontain\u00a0\u00bb background_position=\u00a0\u00bbtop_right\u00a0\u00bb background_blend=\u00a0\u00bboverlay\u00a0\u00bb custom_padding=\u00a0\u00bb3px||3px||true|\u00a0\u00bb][et_pb_row column_structure=\u00a0\u00bb1_2,1_2&Prime; _builder_version=\u00a0\u00bb4.4.5&Prime;][et_pb_column type=\u00a0\u00bb1_2&Prime; _builder_version=\u00a0\u00bb4.4.5&Prime;][et_pb_number_counter title=\u00a0\u00bbEntreprises\u00a0\u00bb number=\u00a0\u00bb3974&Prime; percent_sign=\u00a0\u00bboff\u00a0\u00bb _builder_version=\u00a0\u00bb4.4.8&Prime; title_font=\u00a0\u00bb|||on|||||\u00a0\u00bb title_font_size=\u00a0\u00bb16px\u00a0\u00bb title_letter_spacing=\u00a0\u00bb2px\u00a0\u00bb][\/et_pb_number_counter][\/et_pb_column][et_pb_column type=\u00a0\u00bb1_2&Prime; _builder_version=\u00a0\u00bb4.4.5&Prime;][et_pb_number_counter title=\u00a0\u00bbMIO CHF\u00a0\u00bb number=\u00a0\u00bb647&Prime; percent_sign=\u00a0\u00bboff\u00a0\u00bb _builder_version=\u00a0\u00bb4.4.8&Prime; title_font=\u00a0\u00bb|||on|||||\u00a0\u00bb title_font_size=\u00a0\u00bb16px\u00a0\u00bb title_letter_spacing=\u00a0\u00bb2px\u00a0\u00bb][\/et_pb_number_counter][\/et_pb_column][\/et_pb_row][et_pb_row _builder_version=\u00a0\u00bb4.4.5&Prime;][et_pb_column type=\u00a0\u00bb4_4&Prime; _builder_version=\u00a0\u00bb4.4.5&Prime;][et_pb_text _builder_version=\u00a0\u00bb4.4.8&Prime; text_font=\u00a0\u00bbHelveticaNeue||||||||\u00a0\u00bb text_font_size=\u00a0\u00bb16px\u00a0\u00bb text_letter_spacing=\u00a0\u00bb2px\u00a0\u00bb hover_enabled=\u00a0\u00bb0&Prime;]<\/p>\n<p style=\"text-align: center;\">Depuis sa cr\u00e9ation, l\u2019AEnEC s\u2019est impos\u00e9e aupr\u00e8s de plus de 3900 entreprises de tous les secteurs et de toutes les r\u00e9gions, pour qui elle est un partenaire fiable et exp\u00e9riment\u00e9e. En cumulant ensemble une \u00e9conomie de 3274 GWh, les participants de l&rsquo;AEnEC ont d\u00e9j\u00e0 \u00e9conomis\u00e9 647 millions de francs !<\/p>\n<p>[\/et_pb_text][\/et_pb_column][\/et_pb_row][\/et_pb_section]<\/p>\n","protected":false},"excerpt":{"rendered":"<p>Partenariat\u00c0 l\u2019heure de la mondialisation, les entreprises ne peuvent d\u00e9sormais plus travailler dans l\u2019isolement et d\u00e9cider de tout traiter par elles-m\u00eames : ce type d\u2019attitude se r\u00e9v\u00e8le, en effet, contre-productif. Qu\u2019il s\u2019agisse d\u2019\u00eatre repr\u00e9sent\u00e9 au sein d\u2019une m\u00eame association ou d\u2019avoir des partenariats avec des entit\u00e9s fortes permet de mieux de ma\u00eetriser les co\u00fbts, d\u2019engager [&hellip;]<\/p>\n","protected":false},"author":1,"featured_media":0,"parent":28937,"menu_order":0,"comment_status":"closed","ping_status":"closed","template":"","meta":{"_et_pb_use_builder":"on","_et_pb_old_content":"","_et_gb_content_width":"","footnotes":""},"class_list":["post-29016","page","type-page","status-publish","hentry"],"yoast_head":"<!-- This site is optimized with the Yoast SEO Premium plugin v21.1 (Yoast SEO v27.6) - https:\/\/yoast.com\/product\/yoast-seo-premium-wordpress\/ -->\n<title>Partenariat - Adax<\/title>\n<meta name=\"robots\" content=\"index, follow, max-snippet:-1, max-image-preview:large, max-video-preview:-1\" \/>\n<link rel=\"canonical\" href=\"https:\/\/adax.ch\/en\/adax\/entreprise\/partenariat\/\" \/>\n<meta property=\"og:locale\" content=\"en_GB\" \/>\n<meta property=\"og:type\" content=\"article\" \/>\n<meta property=\"og:title\" content=\"Partenariat\" \/>\n<meta property=\"og:description\" content=\"Partenariat\u00c0 l\u2019heure de la mondialisation, les entreprises ne peuvent d\u00e9sormais plus travailler dans l\u2019isolement et d\u00e9cider de tout traiter par elles-m\u00eames : ce type d\u2019attitude se r\u00e9v\u00e8le, en effet, contre-productif. Qu\u2019il s\u2019agisse d\u2019\u00eatre repr\u00e9sent\u00e9 au sein d\u2019une m\u00eame association ou d\u2019avoir des partenariats avec des entit\u00e9s fortes permet de mieux de ma\u00eetriser les co\u00fbts, d\u2019engager [&hellip;]\" \/>\n<meta property=\"og:url\" content=\"https:\/\/adax.ch\/en\/adax\/entreprise\/partenariat\/\" \/>\n<meta property=\"og:site_name\" content=\"Adax\" \/>\n<meta property=\"article:modified_time\" content=\"2020-07-09T09:21:03+00:00\" \/>\n<meta property=\"og:image\" content=\"https:\/\/adax.ch\/wp-content\/uploads\/2020\/05\/enaw_logo_f.png\" \/>\n<meta name=\"twitter:card\" content=\"summary_large_image\" \/>\n<meta name=\"twitter:label1\" content=\"Estimated reading time\" \/>\n\t<meta name=\"twitter:data1\" content=\"4 minutes\" \/>\n<script type=\"application\/ld+json\" class=\"yoast-schema-graph\">{\"@context\":\"https:\\\/\\\/schema.org\",\"@graph\":[{\"@type\":\"WebPage\",\"@id\":\"https:\\\/\\\/adax.ch\\\/adax\\\/entreprise\\\/partenariat\\\/\",\"url\":\"https:\\\/\\\/adax.ch\\\/adax\\\/entreprise\\\/partenariat\\\/\",\"name\":\"Partenariat - Adax\",\"isPartOf\":{\"@id\":\"https:\\\/\\\/adax.ch\\\/#website\"},\"primaryImageOfPage\":{\"@id\":\"https:\\\/\\\/adax.ch\\\/adax\\\/entreprise\\\/partenariat\\\/#primaryimage\"},\"image\":{\"@id\":\"https:\\\/\\\/adax.ch\\\/adax\\\/entreprise\\\/partenariat\\\/#primaryimage\"},\"thumbnailUrl\":\"https:\\\/\\\/adax.ch\\\/wp-content\\\/uploads\\\/2020\\\/05\\\/enaw_logo_f.png\",\"datePublished\":\"2019-09-04T06:45:18+00:00\",\"dateModified\":\"2020-07-09T09:21:03+00:00\",\"breadcrumb\":{\"@id\":\"https:\\\/\\\/adax.ch\\\/adax\\\/entreprise\\\/partenariat\\\/#breadcrumb\"},\"inLanguage\":\"en-GB\",\"potentialAction\":[{\"@type\":\"ReadAction\",\"target\":[\"https:\\\/\\\/adax.ch\\\/adax\\\/entreprise\\\/partenariat\\\/\"]}]},{\"@type\":\"ImageObject\",\"inLanguage\":\"en-GB\",\"@id\":\"https:\\\/\\\/adax.ch\\\/adax\\\/entreprise\\\/partenariat\\\/#primaryimage\",\"url\":\"https:\\\/\\\/adax.ch\\\/wp-content\\\/uploads\\\/2020\\\/05\\\/enaw_logo_f.png\",\"contentUrl\":\"https:\\\/\\\/adax.ch\\\/wp-content\\\/uploads\\\/2020\\\/05\\\/enaw_logo_f.png\"},{\"@type\":\"BreadcrumbList\",\"@id\":\"https:\\\/\\\/adax.ch\\\/adax\\\/entreprise\\\/partenariat\\\/#breadcrumb\",\"itemListElement\":[{\"@type\":\"ListItem\",\"position\":1,\"name\":\"Accueil\",\"item\":\"https:\\\/\\\/adax.ch\\\/\"},{\"@type\":\"ListItem\",\"position\":2,\"name\":\"ADAX\",\"item\":\"https:\\\/\\\/adax.ch\\\/\"},{\"@type\":\"ListItem\",\"position\":3,\"name\":\"Entreprise\",\"item\":\"https:\\\/\\\/adax.ch\\\/adax\\\/entreprise\\\/\"},{\"@type\":\"ListItem\",\"position\":4,\"name\":\"Partenariat\"}]},{\"@type\":\"WebSite\",\"@id\":\"https:\\\/\\\/adax.ch\\\/#website\",\"url\":\"https:\\\/\\\/adax.ch\\\/\",\"name\":\"Adax\",\"description\":\"FROM EARTH TO SPACE\",\"publisher\":{\"@id\":\"https:\\\/\\\/adax.ch\\\/#organization\"},\"potentialAction\":[{\"@type\":\"SearchAction\",\"target\":{\"@type\":\"EntryPoint\",\"urlTemplate\":\"https:\\\/\\\/adax.ch\\\/?s={search_term_string}\"},\"query-input\":{\"@type\":\"PropertyValueSpecification\",\"valueRequired\":true,\"valueName\":\"search_term_string\"}}],\"inLanguage\":\"en-GB\"},{\"@type\":\"Organization\",\"@id\":\"https:\\\/\\\/adax.ch\\\/#organization\",\"name\":\"Adax SA\",\"url\":\"https:\\\/\\\/adax.ch\\\/\",\"logo\":{\"@type\":\"ImageObject\",\"inLanguage\":\"en-GB\",\"@id\":\"https:\\\/\\\/adax.ch\\\/#\\\/schema\\\/logo\\\/image\\\/\",\"url\":\"https:\\\/\\\/adax.ch\\\/wp-content\\\/uploads\\\/2021\\\/02\\\/logo-blanc-fond-noir.png\",\"contentUrl\":\"https:\\\/\\\/adax.ch\\\/wp-content\\\/uploads\\\/2021\\\/02\\\/logo-blanc-fond-noir.png\",\"width\":754,\"height\":754,\"caption\":\"Adax SA\"},\"image\":{\"@id\":\"https:\\\/\\\/adax.ch\\\/#\\\/schema\\\/logo\\\/image\\\/\"},\"sameAs\":[\"https:\\\/\\\/www.linkedin.com\\\/company\\\/adax-sa\\\/\",\"https:\\\/\\\/www.youtube.com\\\/channel\\\/UCajnUraOOGTurqpS0vObYgQ\"]}]}<\/script>\n<!-- \/ Yoast SEO Premium plugin. -->","yoast_head_json":{"title":"Partenariat - Adax","robots":{"index":"index","follow":"follow","max-snippet":"max-snippet:-1","max-image-preview":"max-image-preview:large","max-video-preview":"max-video-preview:-1"},"canonical":"https:\/\/adax.ch\/en\/adax\/entreprise\/partenariat\/","og_locale":"en_GB","og_type":"article","og_title":"Partenariat","og_description":"Partenariat\u00c0 l\u2019heure de la mondialisation, les entreprises ne peuvent d\u00e9sormais plus travailler dans l\u2019isolement et d\u00e9cider de tout traiter par elles-m\u00eames : ce type d\u2019attitude se r\u00e9v\u00e8le, en effet, contre-productif. Qu\u2019il s\u2019agisse d\u2019\u00eatre repr\u00e9sent\u00e9 au sein d\u2019une m\u00eame association ou d\u2019avoir des partenariats avec des entit\u00e9s fortes permet de mieux de ma\u00eetriser les co\u00fbts, d\u2019engager [&hellip;]","og_url":"https:\/\/adax.ch\/en\/adax\/entreprise\/partenariat\/","og_site_name":"Adax","article_modified_time":"2020-07-09T09:21:03+00:00","og_image":[{"url":"https:\/\/adax.ch\/wp-content\/uploads\/2020\/05\/enaw_logo_f.png","type":"","width":"","height":""}],"twitter_card":"summary_large_image","twitter_misc":{"Estimated reading time":"4 minutes"},"schema":{"@context":"https:\/\/schema.org","@graph":[{"@type":"WebPage","@id":"https:\/\/adax.ch\/adax\/entreprise\/partenariat\/","url":"https:\/\/adax.ch\/adax\/entreprise\/partenariat\/","name":"Partenariat - Adax","isPartOf":{"@id":"https:\/\/adax.ch\/#website"},"primaryImageOfPage":{"@id":"https:\/\/adax.ch\/adax\/entreprise\/partenariat\/#primaryimage"},"image":{"@id":"https:\/\/adax.ch\/adax\/entreprise\/partenariat\/#primaryimage"},"thumbnailUrl":"https:\/\/adax.ch\/wp-content\/uploads\/2020\/05\/enaw_logo_f.png","datePublished":"2019-09-04T06:45:18+00:00","dateModified":"2020-07-09T09:21:03+00:00","breadcrumb":{"@id":"https:\/\/adax.ch\/adax\/entreprise\/partenariat\/#breadcrumb"},"inLanguage":"en-GB","potentialAction":[{"@type":"ReadAction","target":["https:\/\/adax.ch\/adax\/entreprise\/partenariat\/"]}]},{"@type":"ImageObject","inLanguage":"en-GB","@id":"https:\/\/adax.ch\/adax\/entreprise\/partenariat\/#primaryimage","url":"https:\/\/adax.ch\/wp-content\/uploads\/2020\/05\/enaw_logo_f.png","contentUrl":"https:\/\/adax.ch\/wp-content\/uploads\/2020\/05\/enaw_logo_f.png"},{"@type":"BreadcrumbList","@id":"https:\/\/adax.ch\/adax\/entreprise\/partenariat\/#breadcrumb","itemListElement":[{"@type":"ListItem","position":1,"name":"Accueil","item":"https:\/\/adax.ch\/"},{"@type":"ListItem","position":2,"name":"ADAX","item":"https:\/\/adax.ch\/"},{"@type":"ListItem","position":3,"name":"Entreprise","item":"https:\/\/adax.ch\/adax\/entreprise\/"},{"@type":"ListItem","position":4,"name":"Partenariat"}]},{"@type":"WebSite","@id":"https:\/\/adax.ch\/#website","url":"https:\/\/adax.ch\/","name":"Adax","description":"FROM EARTH TO SPACE","publisher":{"@id":"https:\/\/adax.ch\/#organization"},"potentialAction":[{"@type":"SearchAction","target":{"@type":"EntryPoint","urlTemplate":"https:\/\/adax.ch\/?s={search_term_string}"},"query-input":{"@type":"PropertyValueSpecification","valueRequired":true,"valueName":"search_term_string"}}],"inLanguage":"en-GB"},{"@type":"Organization","@id":"https:\/\/adax.ch\/#organization","name":"Adax SA","url":"https:\/\/adax.ch\/","logo":{"@type":"ImageObject","inLanguage":"en-GB","@id":"https:\/\/adax.ch\/#\/schema\/logo\/image\/","url":"https:\/\/adax.ch\/wp-content\/uploads\/2021\/02\/logo-blanc-fond-noir.png","contentUrl":"https:\/\/adax.ch\/wp-content\/uploads\/2021\/02\/logo-blanc-fond-noir.png","width":754,"height":754,"caption":"Adax SA"},"image":{"@id":"https:\/\/adax.ch\/#\/schema\/logo\/image\/"},"sameAs":["https:\/\/www.linkedin.com\/company\/adax-sa\/","https:\/\/www.youtube.com\/channel\/UCajnUraOOGTurqpS0vObYgQ"]}]}},"jetpack_sharing_enabled":true,"_links":{"self":[{"href":"https:\/\/adax.ch\/en\/wp-json\/wp\/v2\/pages\/29016","targetHints":{"allow":["GET"]}}],"collection":[{"href":"https:\/\/adax.ch\/en\/wp-json\/wp\/v2\/pages"}],"about":[{"href":"https:\/\/adax.ch\/en\/wp-json\/wp\/v2\/types\/page"}],"author":[{"embeddable":true,"href":"https:\/\/adax.ch\/en\/wp-json\/wp\/v2\/users\/1"}],"replies":[{"embeddable":true,"href":"https:\/\/adax.ch\/en\/wp-json\/wp\/v2\/comments?post=29016"}],"version-history":[{"count":0,"href":"https:\/\/adax.ch\/en\/wp-json\/wp\/v2\/pages\/29016\/revisions"}],"up":[{"embeddable":true,"href":"https:\/\/adax.ch\/en\/wp-json\/wp\/v2\/pages\/28937"}],"wp:attachment":[{"href":"https:\/\/adax.ch\/en\/wp-json\/wp\/v2\/media?parent=29016"}],"curies":[{"name":"wp","href":"https:\/\/api.w.org\/{rel}","templated":true}]}}