{"id":31690,"date":"2020-06-30T10:32:43","date_gmt":"2020-06-30T08:32:43","guid":{"rendered":"https:\/\/adax.ch\/?page_id=31690"},"modified":"2021-02-01T11:40:11","modified_gmt":"2021-02-01T10:40:11","slug":"bureau-technique-et-methode","status":"publish","type":"page","link":"https:\/\/adax.ch\/de\/adax\/prestation\/bureau-technique-et-methode\/","title":{"rendered":"Bureau technique et m\u00e9thode"},"content":{"rendered":"<p>[et_pb_section fb_built=\u00a0\u00bb1&Prime; _builder_version=\u00a0\u00bb4.6.0&Prime; _module_preset=\u00a0\u00bbdefault\u00a0\u00bb background_video_mp4=\u00a0\u00bbhttps:\/\/adax.ch\/wp-content\/uploads\/2020\/06\/BUREAU-ET-METHODE.mp4&Prime; custom_padding=\u00a0\u00bb140px||140px||true|\u00a0\u00bb][et_pb_row _builder_version=\u00a0\u00bb4.6.0&Prime; _module_preset=\u00a0\u00bbdefault\u00a0\u00bb][et_pb_column type=\u00a0\u00bb4_4&Prime; _builder_version=\u00a0\u00bb4.6.0&Prime; _module_preset=\u00a0\u00bbdefault\u00a0\u00bb][\/et_pb_column][\/et_pb_row][\/et_pb_section][et_pb_section fb_built=\u00a0\u00bb1&Prime; _builder_version=\u00a0\u00bb4.3.4&Prime; background_color=\u00a0\u00bb#161E2B\u00a0\u00bb custom_padding=\u00a0\u00bb40px|||||\u00a0\u00bb][et_pb_row _builder_version=\u00a0\u00bb4.3.4&Prime;][et_pb_column type=\u00a0\u00bb4_4&Prime; _builder_version=\u00a0\u00bb4.3.4&Prime;][et_pb_text _builder_version=\u00a0\u00bb4.4.8&Prime; text_font=\u00a0\u00bbHelveticaNeue||||||||\u00a0\u00bb text_letter_spacing=\u00a0\u00bb2px\u00a0\u00bb header_font=\u00a0\u00bbHelveticaNeue|||on|||||\u00a0\u00bb header_text_color=\u00a0\u00bb#ffffff\u00a0\u00bb header_font_size=\u00a0\u00bb22px\u00a0\u00bb header_letter_spacing=\u00a0\u00bb4px\u00a0\u00bb text_orientation=\u00a0\u00bbcenter\u00a0\u00bb]<\/p>\n<h1 style=\"text-align: center;\">Bureau Technique &amp; M\u00e9thodes<\/h1>\n<p>[\/et_pb_text][et_pb_text _builder_version=\u00a0\u00bb4.8.1&Prime; text_font=\u00a0\u00bbHelveticaNeue||||||||\u00a0\u00bb text_text_color=\u00a0\u00bb#ffffff\u00a0\u00bb text_font_size=\u00a0\u00bb16px\u00a0\u00bb text_letter_spacing=\u00a0\u00bb2px\u00a0\u00bb text_orientation=\u00a0\u00bbjustified\u00a0\u00bb width=\u00a0\u00bb79%\u00a0\u00bb module_alignment=\u00a0\u00bbcenter\u00a0\u00bb hover_enabled=\u00a0\u00bb0&Prime; sticky_enabled=\u00a0\u00bb0&Prime;]<\/p>\n<p style=\"text-align: left;\">En \u00e9troite collaboration avec notre service des Ventes, nos bureaux Technique &amp; M\u00e9thodes interviennent en amont de tout projet, afin de d\u00e9finir un processus de cr\u00e9ation \u00e0 la hauteur de vos enjeux. Parce que comprendre votre demande et y donner un sens sont essentiels pour ADAX SA.<\/p>\n<p style=\"text-align: left;\">Le bureau technique d\u00e9finit les besoins. Le bureau de m\u00e9thodes \u00e9tablit les r\u00e9ponses \u00e0 ces besoins en d\u00e9finissant le processus n\u00e9cessaire \u00e0 la fabrication d&rsquo;une pi\u00e8ce. Il constitue ainsi la m\u00e9moire de la production, chaque pi\u00e8ce b\u00e9n\u00e9ficiant d&rsquo;un protocole o\u00f9 tous les aspects sont d\u00e9taill\u00e9s et r\u00e9pertori\u00e9s. Tous nos experts ont la possibilit\u00e9 d\u2019apporter des propositions et des am\u00e9liorations dans l\u2019\u00e9tude de votre projet gr\u00e2ce \u00e0 leur exp\u00e9rience et savoir-faire.<\/p>\n<p style=\"text-align: left;\">Ces revues de projet sont r\u00e9guli\u00e8rement effectu\u00e9es entre le Bureau Technique, les M\u00e9thodes, la Qualit\u00e9 et la Production. Celles-ci permettent de v\u00e9rifier le processus de fabrication, la mati\u00e8re et permettent de mettre en place des actions correctives sur les \u00e9ventuels \u00e9carts d\u00e9tect\u00e9s.<\/p>\n<p>[\/et_pb_text][\/et_pb_column][\/et_pb_row][\/et_pb_section]<\/p>\n","protected":false},"excerpt":{"rendered":"<p>Bureau Technique &amp; M\u00e9thodesEn \u00e9troite collaboration avec notre service des Ventes, nos bureaux Technique &amp; M\u00e9thodes interviennent en amont de tout projet, afin de d\u00e9finir un processus de cr\u00e9ation \u00e0 la hauteur de vos enjeux. Parce que comprendre votre demande et y donner un sens sont essentiels pour ADAX SA. Le bureau technique d\u00e9finit les [&hellip;]<\/p>\n","protected":false},"author":1,"featured_media":0,"parent":28927,"menu_order":0,"comment_status":"closed","ping_status":"closed","template":"","meta":{"_et_pb_use_builder":"on","_et_pb_old_content":"","_et_gb_content_width":"","footnotes":""},"class_list":["post-31690","page","type-page","status-publish","hentry"],"yoast_head":"<!-- This site is optimized with the Yoast SEO Premium plugin v21.1 (Yoast SEO v27.4) - https:\/\/yoast.com\/product\/yoast-seo-premium-wordpress\/ -->\n<title>Bureau technique et m\u00e9thode - Adax<\/title>\n<meta name=\"description\" content=\"nos bureau Technique &amp; M\u00e9thodes interviennent en amont de tout projet afin de d\u00e9finir un processus de cr\u00e9ation \u00e0 la hauteur de vos enjeux\" \/>\n<meta name=\"robots\" content=\"index, follow, max-snippet:-1, max-image-preview:large, max-video-preview:-1\" \/>\n<link rel=\"canonical\" href=\"https:\/\/adax.ch\/de\/adax\/prestation\/bureau-technique-et-methode\/\" \/>\n<meta property=\"og:locale\" content=\"de_DE\" \/>\n<meta property=\"og:type\" content=\"article\" \/>\n<meta property=\"og:title\" content=\"Bureau technique et m\u00e9thode\" \/>\n<meta property=\"og:description\" content=\"nos bureau Technique &amp; M\u00e9thodes interviennent en amont de tout projet afin de d\u00e9finir un processus de cr\u00e9ation \u00e0 la hauteur de vos enjeux\" \/>\n<meta property=\"og:url\" content=\"https:\/\/adax.ch\/de\/adax\/prestation\/bureau-technique-et-methode\/\" \/>\n<meta property=\"og:site_name\" content=\"Adax\" \/>\n<meta property=\"article:modified_time\" content=\"2021-02-01T10:40:11+00:00\" \/>\n<meta name=\"twitter:card\" content=\"summary_large_image\" \/>\n<meta name=\"twitter:label1\" content=\"Gesch\u00e4tzte Lesezeit\" \/>\n\t<meta name=\"twitter:data1\" content=\"1\u00a0Minute\" \/>\n<script type=\"application\/ld+json\" class=\"yoast-schema-graph\">{\"@context\":\"https:\\\/\\\/schema.org\",\"@graph\":[{\"@type\":\"WebPage\",\"@id\":\"https:\\\/\\\/adax.ch\\\/adax\\\/prestation\\\/bureau-technique-et-methode\\\/\",\"url\":\"https:\\\/\\\/adax.ch\\\/adax\\\/prestation\\\/bureau-technique-et-methode\\\/\",\"name\":\"Bureau technique et m\u00e9thode - Adax\",\"isPartOf\":{\"@id\":\"https:\\\/\\\/adax.ch\\\/#website\"},\"datePublished\":\"2020-06-30T08:32:43+00:00\",\"dateModified\":\"2021-02-01T10:40:11+00:00\",\"description\":\"nos bureau Technique & M\u00e9thodes interviennent en amont de tout projet afin de d\u00e9finir un processus de cr\u00e9ation \u00e0 la hauteur de vos enjeux\",\"breadcrumb\":{\"@id\":\"https:\\\/\\\/adax.ch\\\/adax\\\/prestation\\\/bureau-technique-et-methode\\\/#breadcrumb\"},\"inLanguage\":\"de\",\"potentialAction\":[{\"@type\":\"ReadAction\",\"target\":[\"https:\\\/\\\/adax.ch\\\/adax\\\/prestation\\\/bureau-technique-et-methode\\\/\"]}]},{\"@type\":\"BreadcrumbList\",\"@id\":\"https:\\\/\\\/adax.ch\\\/adax\\\/prestation\\\/bureau-technique-et-methode\\\/#breadcrumb\",\"itemListElement\":[{\"@type\":\"ListItem\",\"position\":1,\"name\":\"Accueil\",\"item\":\"https:\\\/\\\/adax.ch\\\/\"},{\"@type\":\"ListItem\",\"position\":2,\"name\":\"ADAX\",\"item\":\"https:\\\/\\\/adax.ch\\\/\"},{\"@type\":\"ListItem\",\"position\":3,\"name\":\"Prestation\",\"item\":\"https:\\\/\\\/adax.ch\\\/adax\\\/prestation\\\/\"},{\"@type\":\"ListItem\",\"position\":4,\"name\":\"Bureau technique et m\u00e9thode\"}]},{\"@type\":\"WebSite\",\"@id\":\"https:\\\/\\\/adax.ch\\\/#website\",\"url\":\"https:\\\/\\\/adax.ch\\\/\",\"name\":\"Adax\",\"description\":\"FROM EARTH TO SPACE\",\"publisher\":{\"@id\":\"https:\\\/\\\/adax.ch\\\/#organization\"},\"potentialAction\":[{\"@type\":\"SearchAction\",\"target\":{\"@type\":\"EntryPoint\",\"urlTemplate\":\"https:\\\/\\\/adax.ch\\\/?s={search_term_string}\"},\"query-input\":{\"@type\":\"PropertyValueSpecification\",\"valueRequired\":true,\"valueName\":\"search_term_string\"}}],\"inLanguage\":\"de\"},{\"@type\":\"Organization\",\"@id\":\"https:\\\/\\\/adax.ch\\\/#organization\",\"name\":\"Adax SA\",\"url\":\"https:\\\/\\\/adax.ch\\\/\",\"logo\":{\"@type\":\"ImageObject\",\"inLanguage\":\"de\",\"@id\":\"https:\\\/\\\/adax.ch\\\/#\\\/schema\\\/logo\\\/image\\\/\",\"url\":\"https:\\\/\\\/adax.ch\\\/wp-content\\\/uploads\\\/2021\\\/02\\\/logo-blanc-fond-noir.png\",\"contentUrl\":\"https:\\\/\\\/adax.ch\\\/wp-content\\\/uploads\\\/2021\\\/02\\\/logo-blanc-fond-noir.png\",\"width\":754,\"height\":754,\"caption\":\"Adax SA\"},\"image\":{\"@id\":\"https:\\\/\\\/adax.ch\\\/#\\\/schema\\\/logo\\\/image\\\/\"},\"sameAs\":[\"https:\\\/\\\/www.linkedin.com\\\/company\\\/adax-sa\\\/\",\"https:\\\/\\\/www.youtube.com\\\/channel\\\/UCajnUraOOGTurqpS0vObYgQ\"]}]}<\/script>\n<!-- \/ Yoast SEO Premium plugin. -->","yoast_head_json":{"title":"Bureau technique et m\u00e9thode - Adax","description":"nos bureau Technique & M\u00e9thodes interviennent en amont de tout projet afin de d\u00e9finir un processus de cr\u00e9ation \u00e0 la hauteur de vos enjeux","robots":{"index":"index","follow":"follow","max-snippet":"max-snippet:-1","max-image-preview":"max-image-preview:large","max-video-preview":"max-video-preview:-1"},"canonical":"https:\/\/adax.ch\/de\/adax\/prestation\/bureau-technique-et-methode\/","og_locale":"de_DE","og_type":"article","og_title":"Bureau technique et m\u00e9thode","og_description":"nos bureau Technique & M\u00e9thodes interviennent en amont de tout projet afin de d\u00e9finir un processus de cr\u00e9ation \u00e0 la hauteur de vos enjeux","og_url":"https:\/\/adax.ch\/de\/adax\/prestation\/bureau-technique-et-methode\/","og_site_name":"Adax","article_modified_time":"2021-02-01T10:40:11+00:00","twitter_card":"summary_large_image","twitter_misc":{"Gesch\u00e4tzte Lesezeit":"1\u00a0Minute"},"schema":{"@context":"https:\/\/schema.org","@graph":[{"@type":"WebPage","@id":"https:\/\/adax.ch\/adax\/prestation\/bureau-technique-et-methode\/","url":"https:\/\/adax.ch\/adax\/prestation\/bureau-technique-et-methode\/","name":"Bureau technique et m\u00e9thode - Adax","isPartOf":{"@id":"https:\/\/adax.ch\/#website"},"datePublished":"2020-06-30T08:32:43+00:00","dateModified":"2021-02-01T10:40:11+00:00","description":"nos bureau Technique & M\u00e9thodes interviennent en amont de tout projet afin de d\u00e9finir un processus de cr\u00e9ation \u00e0 la hauteur de vos enjeux","breadcrumb":{"@id":"https:\/\/adax.ch\/adax\/prestation\/bureau-technique-et-methode\/#breadcrumb"},"inLanguage":"de","potentialAction":[{"@type":"ReadAction","target":["https:\/\/adax.ch\/adax\/prestation\/bureau-technique-et-methode\/"]}]},{"@type":"BreadcrumbList","@id":"https:\/\/adax.ch\/adax\/prestation\/bureau-technique-et-methode\/#breadcrumb","itemListElement":[{"@type":"ListItem","position":1,"name":"Accueil","item":"https:\/\/adax.ch\/"},{"@type":"ListItem","position":2,"name":"ADAX","item":"https:\/\/adax.ch\/"},{"@type":"ListItem","position":3,"name":"Prestation","item":"https:\/\/adax.ch\/adax\/prestation\/"},{"@type":"ListItem","position":4,"name":"Bureau technique et m\u00e9thode"}]},{"@type":"WebSite","@id":"https:\/\/adax.ch\/#website","url":"https:\/\/adax.ch\/","name":"Adax","description":"FROM EARTH TO SPACE","publisher":{"@id":"https:\/\/adax.ch\/#organization"},"potentialAction":[{"@type":"SearchAction","target":{"@type":"EntryPoint","urlTemplate":"https:\/\/adax.ch\/?s={search_term_string}"},"query-input":{"@type":"PropertyValueSpecification","valueRequired":true,"valueName":"search_term_string"}}],"inLanguage":"de"},{"@type":"Organization","@id":"https:\/\/adax.ch\/#organization","name":"Adax SA","url":"https:\/\/adax.ch\/","logo":{"@type":"ImageObject","inLanguage":"de","@id":"https:\/\/adax.ch\/#\/schema\/logo\/image\/","url":"https:\/\/adax.ch\/wp-content\/uploads\/2021\/02\/logo-blanc-fond-noir.png","contentUrl":"https:\/\/adax.ch\/wp-content\/uploads\/2021\/02\/logo-blanc-fond-noir.png","width":754,"height":754,"caption":"Adax SA"},"image":{"@id":"https:\/\/adax.ch\/#\/schema\/logo\/image\/"},"sameAs":["https:\/\/www.linkedin.com\/company\/adax-sa\/","https:\/\/www.youtube.com\/channel\/UCajnUraOOGTurqpS0vObYgQ"]}]}},"jetpack_sharing_enabled":true,"_links":{"self":[{"href":"https:\/\/adax.ch\/de\/wp-json\/wp\/v2\/pages\/31690","targetHints":{"allow":["GET"]}}],"collection":[{"href":"https:\/\/adax.ch\/de\/wp-json\/wp\/v2\/pages"}],"about":[{"href":"https:\/\/adax.ch\/de\/wp-json\/wp\/v2\/types\/page"}],"author":[{"embeddable":true,"href":"https:\/\/adax.ch\/de\/wp-json\/wp\/v2\/users\/1"}],"replies":[{"embeddable":true,"href":"https:\/\/adax.ch\/de\/wp-json\/wp\/v2\/comments?post=31690"}],"version-history":[{"count":0,"href":"https:\/\/adax.ch\/de\/wp-json\/wp\/v2\/pages\/31690\/revisions"}],"up":[{"embeddable":true,"href":"https:\/\/adax.ch\/de\/wp-json\/wp\/v2\/pages\/28927"}],"wp:attachment":[{"href":"https:\/\/adax.ch\/de\/wp-json\/wp\/v2\/media?parent=31690"}],"curies":[{"name":"wp","href":"https:\/\/api.w.org\/{rel}","templated":true}]}}