{"id":31652,"date":"2020-06-30T09:52:14","date_gmt":"2020-06-30T07:52:14","guid":{"rendered":"https:\/\/adax.ch\/?page_id=31652"},"modified":"2020-07-08T10:49:03","modified_gmt":"2020-07-08T08:49:03","slug":"securite","status":"publish","type":"page","link":"https:\/\/adax.ch\/de\/adax\/entreprise\/securite\/","title":{"rendered":"SICHERHEIT"},"content":{"rendered":"<p>[et_pb_section fb_built=\u00a0\u00bb1&Prime; fullwidth=\u00a0\u00bbon\u00a0\u00bb _builder_version=\u00a0\u00bb4.4.8&Prime; background_image=\u00a0\u00bbhttps:\/\/adax.ch\/wp-content\/uploads\/2020\/06\/Se\u0301curite\u0301.png\u00a0\u00bb][et_pb_fullwidth_slider _builder_version=\u00a0\u00bb4.4.8&Prime; header_font=\u00a0\u00bb||||||||\u00a0\u00bb custom_padding=\u00a0\u00bb212px||212px||true|false\u00a0\u00bb][et_pb_slide _builder_version=\u00a0\u00bb4.4.8&Prime; header_level=\u00a0\u00bbh1&Prime; header_font=\u00a0\u00bbHelveticaNeue|300||on|||||\u00a0\u00bb header_text_align=\u00a0\u00bbcenter\u00a0\u00bb header_font_size=\u00a0\u00bb22px\u00a0\u00bb header_letter_spacing=\u00a0\u00bb4px\u00a0\u00bb background_color=\u00a0\u00bbrgba(0,0,0,0.49)\u00a0\u00bb background_size=\u00a0\u00bbinitial\u00a0\u00bb][\/et_pb_slide][\/et_pb_fullwidth_slider][\/et_pb_section][et_pb_section fb_built=\u00a0\u00bb1&Prime; _builder_version=\u00a0\u00bb4.4.5&Prime; background_color=\u00a0\u00bbrgba(255,255,255,0.95)\u00a0\u00bb background_image=\u00a0\u00bbhttps:\/\/adax.ch\/wp-content\/uploads\/2020\/05\/image084.png\u00a0\u00bb background_blend=\u00a0\u00bboverlay\u00a0\u00bb][et_pb_row _builder_version=\u00a0\u00bb3.25.4&Prime; custom_padding=\u00a0\u00bb0px||0px|||\u00a0\u00bb][et_pb_column type=\u00a0\u00bb4_4&Prime; _builder_version=\u00a0\u00bb3.25.4&Prime;][et_pb_text _builder_version=\u00a0\u00bb4.4.8&Prime; text_font=\u00a0\u00bbHelveticaNeue|||on|||||\u00a0\u00bb text_text_color=\u00a0\u00bb#000000&Prime; text_font_size=\u00a0\u00bb13px\u00a0\u00bb text_letter_spacing=\u00a0\u00bb2px\u00a0\u00bb header_font=\u00a0\u00bbHelveticaNeue|||on|||||\u00a0\u00bb header_text_align=\u00a0\u00bbcenter\u00a0\u00bb header_font_size=\u00a0\u00bb22px\u00a0\u00bb header_letter_spacing=\u00a0\u00bb4px\u00a0\u00bb header_2_font=\u00a0\u00bb|||on|||||\u00a0\u00bb header_2_text_color=\u00a0\u00bb#ffffff\u00a0\u00bb header_2_font_size=\u00a0\u00bb21px\u00a0\u00bb header_2_letter_spacing=\u00a0\u00bb1px\u00a0\u00bb header_2_line_height=\u00a0\u00bb3em\u00a0\u00bb custom_padding=\u00a0\u00bb17px||17px||true|\u00a0\u00bb]<\/p>\n<h1>S\u00e9curit\u00e9 au travail<\/h1>\n<p>[\/et_pb_text][et_pb_text _builder_version=\u00a0\u00bb4.4.8&Prime; text_font=\u00a0\u00bbHelveticaNeue||||||||\u00a0\u00bb text_text_color=\u00a0\u00bb#000000&Prime; text_font_size=\u00a0\u00bb16px\u00a0\u00bb text_letter_spacing=\u00a0\u00bb2px\u00a0\u00bb header_font=\u00a0\u00bb||||||||\u00a0\u00bb header_2_font=\u00a0\u00bb|||on|||||\u00a0\u00bb header_2_text_color=\u00a0\u00bb#ffffff\u00a0\u00bb header_2_font_size=\u00a0\u00bb21px\u00a0\u00bb header_2_letter_spacing=\u00a0\u00bb1px\u00a0\u00bb header_2_line_height=\u00a0\u00bb3em\u00a0\u00bb custom_padding=\u00a0\u00bb17px||17px||true|\u00a0\u00bb hover_enabled=\u00a0\u00bb0&Prime;]<\/p>\n<p style=\"text-align: left;\">La s\u00e9curit\u00e9\u00a0au travail concerne tous nos\u00a0collaborateurs et est consid\u00e9r\u00e9e comme une facette importante de notre quotidien, car la s\u00e9curit\u00e9 et\u00a0l&rsquo;int\u00e9grit\u00e9 corporelle\u00a0sont des\u00a0objectifs\u00a0permanents et prioritaires.<\/p>\n<p style=\"text-align: left;\">Notre politique en s\u00e9curit\u00e9 peut se r\u00e9sumer en deux phrases cl\u00e9s :<br \/> \u00b7 Chacun est responsable\u00a0de son travail<br \/> \u00b7 Chacun est responsable\u00a0de sa s\u00e9curit\u00e9\u00a0et\u00a0de celle des autres<\/p>\n<p style=\"text-align: left;\">ADAX SA\u00a0soutient les efforts tendant \u00e0 atteindre une s\u00e9curit\u00e9 et une protection de la sant\u00e9 optimale. Notre\u00a0concept de s\u00e9curit\u00e9\u00a0fixe les principes et les\u00a0priorit\u00e9s\u00a0selon lesquels la s\u00e9curit\u00e9 et la protection de la sant\u00e9 doivent \u00eatre assur\u00e9es. Les\u00a0audits internes\u00a0permettent de d\u00e9finir les mesures\u00a0correctives\u00a0et\u00a0pr\u00e9ventives\u00a0pour atteindre les\u00a0objectifs\u00a0fix\u00e9s dans le cadre de notre politique.<\/p>\n<p>[\/et_pb_text][\/et_pb_column][\/et_pb_row][\/et_pb_section]<\/p>\n","protected":false},"excerpt":{"rendered":"<p>S\u00e9curit\u00e9 au travailLa s\u00e9curit\u00e9\u00a0au travail concerne tous nos\u00a0collaborateurs et est consid\u00e9r\u00e9e comme une facette importante de notre quotidien, car la s\u00e9curit\u00e9 et\u00a0l&rsquo;int\u00e9grit\u00e9 corporelle\u00a0sont des\u00a0objectifs\u00a0permanents et prioritaires. Notre politique en s\u00e9curit\u00e9 peut se r\u00e9sumer en deux phrases cl\u00e9s : \u00b7 Chacun est responsable\u00a0de son travail \u00b7 Chacun est responsable\u00a0de sa s\u00e9curit\u00e9\u00a0et\u00a0de celle des autres ADAX SA\u00a0soutient [&hellip;]<\/p>\n","protected":false},"author":1,"featured_media":0,"parent":28937,"menu_order":0,"comment_status":"closed","ping_status":"closed","template":"","meta":{"_et_pb_use_builder":"on","_et_pb_old_content":"","_et_gb_content_width":"","footnotes":""},"class_list":["post-31652","page","type-page","status-publish","hentry"],"yoast_head":"<!-- This site is optimized with the Yoast SEO Premium plugin v21.1 (Yoast SEO v27.5) - https:\/\/yoast.com\/product\/yoast-seo-premium-wordpress\/ -->\n<title>S\u00e9curit\u00e9 - Adax<\/title>\n<meta name=\"robots\" content=\"index, follow, max-snippet:-1, max-image-preview:large, max-video-preview:-1\" \/>\n<link rel=\"canonical\" href=\"https:\/\/adax.ch\/de\/adax\/entreprise\/securite\/\" \/>\n<meta property=\"og:locale\" content=\"de_DE\" \/>\n<meta property=\"og:type\" content=\"article\" \/>\n<meta property=\"og:title\" content=\"S\u00e9curit\u00e9\" \/>\n<meta property=\"og:description\" content=\"S\u00e9curit\u00e9 au travailLa s\u00e9curit\u00e9\u00a0au travail concerne tous nos\u00a0collaborateurs et est consid\u00e9r\u00e9e comme une facette importante de notre quotidien, car la s\u00e9curit\u00e9 et\u00a0l&#039;int\u00e9grit\u00e9 corporelle\u00a0sont des\u00a0objectifs\u00a0permanents et prioritaires. Notre politique en s\u00e9curit\u00e9 peut se r\u00e9sumer en deux phrases cl\u00e9s : \u00b7 Chacun est responsable\u00a0de son travail \u00b7 Chacun est responsable\u00a0de sa s\u00e9curit\u00e9\u00a0et\u00a0de celle des autres ADAX SA\u00a0soutient [&hellip;]\" \/>\n<meta property=\"og:url\" content=\"https:\/\/adax.ch\/de\/adax\/entreprise\/securite\/\" \/>\n<meta property=\"og:site_name\" content=\"Adax\" \/>\n<meta property=\"article:modified_time\" content=\"2020-07-08T08:49:03+00:00\" \/>\n<meta name=\"twitter:card\" content=\"summary_large_image\" \/>\n<meta name=\"twitter:label1\" content=\"Gesch\u00e4tzte Lesezeit\" \/>\n\t<meta name=\"twitter:data1\" content=\"2\u00a0Minuten\" \/>\n<script type=\"application\/ld+json\" class=\"yoast-schema-graph\">{\"@context\":\"https:\\\/\\\/schema.org\",\"@graph\":[{\"@type\":\"WebPage\",\"@id\":\"https:\\\/\\\/adax.ch\\\/adax\\\/entreprise\\\/securite\\\/\",\"url\":\"https:\\\/\\\/adax.ch\\\/adax\\\/entreprise\\\/securite\\\/\",\"name\":\"S\u00e9curit\u00e9 - Adax\",\"isPartOf\":{\"@id\":\"https:\\\/\\\/adax.ch\\\/#website\"},\"datePublished\":\"2020-06-30T07:52:14+00:00\",\"dateModified\":\"2020-07-08T08:49:03+00:00\",\"breadcrumb\":{\"@id\":\"https:\\\/\\\/adax.ch\\\/adax\\\/entreprise\\\/securite\\\/#breadcrumb\"},\"inLanguage\":\"de\",\"potentialAction\":[{\"@type\":\"ReadAction\",\"target\":[\"https:\\\/\\\/adax.ch\\\/adax\\\/entreprise\\\/securite\\\/\"]}]},{\"@type\":\"BreadcrumbList\",\"@id\":\"https:\\\/\\\/adax.ch\\\/adax\\\/entreprise\\\/securite\\\/#breadcrumb\",\"itemListElement\":[{\"@type\":\"ListItem\",\"position\":1,\"name\":\"Accueil\",\"item\":\"https:\\\/\\\/adax.ch\\\/\"},{\"@type\":\"ListItem\",\"position\":2,\"name\":\"ADAX\",\"item\":\"https:\\\/\\\/adax.ch\\\/\"},{\"@type\":\"ListItem\",\"position\":3,\"name\":\"Entreprise\",\"item\":\"https:\\\/\\\/adax.ch\\\/adax\\\/entreprise\\\/\"},{\"@type\":\"ListItem\",\"position\":4,\"name\":\"S\u00e9curit\u00e9\"}]},{\"@type\":\"WebSite\",\"@id\":\"https:\\\/\\\/adax.ch\\\/#website\",\"url\":\"https:\\\/\\\/adax.ch\\\/\",\"name\":\"Adax\",\"description\":\"FROM EARTH TO SPACE\",\"publisher\":{\"@id\":\"https:\\\/\\\/adax.ch\\\/#organization\"},\"potentialAction\":[{\"@type\":\"SearchAction\",\"target\":{\"@type\":\"EntryPoint\",\"urlTemplate\":\"https:\\\/\\\/adax.ch\\\/?s={search_term_string}\"},\"query-input\":{\"@type\":\"PropertyValueSpecification\",\"valueRequired\":true,\"valueName\":\"search_term_string\"}}],\"inLanguage\":\"de\"},{\"@type\":\"Organization\",\"@id\":\"https:\\\/\\\/adax.ch\\\/#organization\",\"name\":\"Adax SA\",\"url\":\"https:\\\/\\\/adax.ch\\\/\",\"logo\":{\"@type\":\"ImageObject\",\"inLanguage\":\"de\",\"@id\":\"https:\\\/\\\/adax.ch\\\/#\\\/schema\\\/logo\\\/image\\\/\",\"url\":\"https:\\\/\\\/adax.ch\\\/wp-content\\\/uploads\\\/2021\\\/02\\\/logo-blanc-fond-noir.png\",\"contentUrl\":\"https:\\\/\\\/adax.ch\\\/wp-content\\\/uploads\\\/2021\\\/02\\\/logo-blanc-fond-noir.png\",\"width\":754,\"height\":754,\"caption\":\"Adax SA\"},\"image\":{\"@id\":\"https:\\\/\\\/adax.ch\\\/#\\\/schema\\\/logo\\\/image\\\/\"},\"sameAs\":[\"https:\\\/\\\/www.linkedin.com\\\/company\\\/adax-sa\\\/\",\"https:\\\/\\\/www.youtube.com\\\/channel\\\/UCajnUraOOGTurqpS0vObYgQ\"]}]}<\/script>\n<!-- \/ Yoast SEO Premium plugin. -->","yoast_head_json":{"title":"S\u00e9curit\u00e9 - Adax","robots":{"index":"index","follow":"follow","max-snippet":"max-snippet:-1","max-image-preview":"max-image-preview:large","max-video-preview":"max-video-preview:-1"},"canonical":"https:\/\/adax.ch\/de\/adax\/entreprise\/securite\/","og_locale":"de_DE","og_type":"article","og_title":"S\u00e9curit\u00e9","og_description":"S\u00e9curit\u00e9 au travailLa s\u00e9curit\u00e9\u00a0au travail concerne tous nos\u00a0collaborateurs et est consid\u00e9r\u00e9e comme une facette importante de notre quotidien, car la s\u00e9curit\u00e9 et\u00a0l'int\u00e9grit\u00e9 corporelle\u00a0sont des\u00a0objectifs\u00a0permanents et prioritaires. Notre politique en s\u00e9curit\u00e9 peut se r\u00e9sumer en deux phrases cl\u00e9s : \u00b7 Chacun est responsable\u00a0de son travail \u00b7 Chacun est responsable\u00a0de sa s\u00e9curit\u00e9\u00a0et\u00a0de celle des autres ADAX SA\u00a0soutient [&hellip;]","og_url":"https:\/\/adax.ch\/de\/adax\/entreprise\/securite\/","og_site_name":"Adax","article_modified_time":"2020-07-08T08:49:03+00:00","twitter_card":"summary_large_image","twitter_misc":{"Gesch\u00e4tzte Lesezeit":"2\u00a0Minuten"},"schema":{"@context":"https:\/\/schema.org","@graph":[{"@type":"WebPage","@id":"https:\/\/adax.ch\/adax\/entreprise\/securite\/","url":"https:\/\/adax.ch\/adax\/entreprise\/securite\/","name":"S\u00e9curit\u00e9 - Adax","isPartOf":{"@id":"https:\/\/adax.ch\/#website"},"datePublished":"2020-06-30T07:52:14+00:00","dateModified":"2020-07-08T08:49:03+00:00","breadcrumb":{"@id":"https:\/\/adax.ch\/adax\/entreprise\/securite\/#breadcrumb"},"inLanguage":"de","potentialAction":[{"@type":"ReadAction","target":["https:\/\/adax.ch\/adax\/entreprise\/securite\/"]}]},{"@type":"BreadcrumbList","@id":"https:\/\/adax.ch\/adax\/entreprise\/securite\/#breadcrumb","itemListElement":[{"@type":"ListItem","position":1,"name":"Accueil","item":"https:\/\/adax.ch\/"},{"@type":"ListItem","position":2,"name":"ADAX","item":"https:\/\/adax.ch\/"},{"@type":"ListItem","position":3,"name":"Entreprise","item":"https:\/\/adax.ch\/adax\/entreprise\/"},{"@type":"ListItem","position":4,"name":"S\u00e9curit\u00e9"}]},{"@type":"WebSite","@id":"https:\/\/adax.ch\/#website","url":"https:\/\/adax.ch\/","name":"Adax","description":"FROM EARTH TO SPACE","publisher":{"@id":"https:\/\/adax.ch\/#organization"},"potentialAction":[{"@type":"SearchAction","target":{"@type":"EntryPoint","urlTemplate":"https:\/\/adax.ch\/?s={search_term_string}"},"query-input":{"@type":"PropertyValueSpecification","valueRequired":true,"valueName":"search_term_string"}}],"inLanguage":"de"},{"@type":"Organization","@id":"https:\/\/adax.ch\/#organization","name":"Adax SA","url":"https:\/\/adax.ch\/","logo":{"@type":"ImageObject","inLanguage":"de","@id":"https:\/\/adax.ch\/#\/schema\/logo\/image\/","url":"https:\/\/adax.ch\/wp-content\/uploads\/2021\/02\/logo-blanc-fond-noir.png","contentUrl":"https:\/\/adax.ch\/wp-content\/uploads\/2021\/02\/logo-blanc-fond-noir.png","width":754,"height":754,"caption":"Adax SA"},"image":{"@id":"https:\/\/adax.ch\/#\/schema\/logo\/image\/"},"sameAs":["https:\/\/www.linkedin.com\/company\/adax-sa\/","https:\/\/www.youtube.com\/channel\/UCajnUraOOGTurqpS0vObYgQ"]}]}},"jetpack_sharing_enabled":true,"_links":{"self":[{"href":"https:\/\/adax.ch\/de\/wp-json\/wp\/v2\/pages\/31652","targetHints":{"allow":["GET"]}}],"collection":[{"href":"https:\/\/adax.ch\/de\/wp-json\/wp\/v2\/pages"}],"about":[{"href":"https:\/\/adax.ch\/de\/wp-json\/wp\/v2\/types\/page"}],"author":[{"embeddable":true,"href":"https:\/\/adax.ch\/de\/wp-json\/wp\/v2\/users\/1"}],"replies":[{"embeddable":true,"href":"https:\/\/adax.ch\/de\/wp-json\/wp\/v2\/comments?post=31652"}],"version-history":[{"count":0,"href":"https:\/\/adax.ch\/de\/wp-json\/wp\/v2\/pages\/31652\/revisions"}],"up":[{"embeddable":true,"href":"https:\/\/adax.ch\/de\/wp-json\/wp\/v2\/pages\/28937"}],"wp:attachment":[{"href":"https:\/\/adax.ch\/de\/wp-json\/wp\/v2\/media?parent=31652"}],"curies":[{"name":"wp","href":"https:\/\/api.w.org\/{rel}","templated":true}]}}