{"id":31212,"date":"2020-06-16T09:33:46","date_gmt":"2020-06-16T07:33:46","guid":{"rendered":"https:\/\/adax.ch\/?page_id=31212"},"modified":"2021-01-19T14:35:39","modified_gmt":"2021-01-19T13:35:39","slug":"tri-par-classe","status":"publish","type":"page","link":"https:\/\/adax.ch\/de\/adax\/prestation\/tri-par-classe\/","title":{"rendered":"Sortieren nach Klassen"},"content":{"rendered":"\n[et_pb_section fb_built=\u00a0\u00bb1&Prime; _builder_version=\u00a0\u00bb4.6.0&Prime; _module_preset=\u00a0\u00bbdefault\u00a0\u00bb background_video_mp4=\u00a0\u00bbhttps:\/\/adax.ch\/wp-content\/uploads\/2020\/06\/Tri0.mp4&Prime; custom_padding=\u00a0\u00bb140px||140px||true|\u00a0\u00bb hover_enabled=\u00a0\u00bb0&Prime; title_text=\u00a0\u00bbTri0&Prime; sticky_enabled=\u00a0\u00bb0&Prime;][et_pb_row _builder_version=\u00a0\u00bb4.6.0&Prime; _module_preset=\u00a0\u00bbdefault\u00a0\u00bb][et_pb_column type=\u00a0\u00bb4_4&Prime; _builder_version=\u00a0\u00bb4.6.0&Prime; _module_preset=\u00a0\u00bbdefault\u00a0\u00bb][\/et_pb_column][\/et_pb_row][\/et_pb_section][et_pb_section fb_built=\u00a0\u00bb1&Prime; _builder_version=\u00a0\u00bb4.4.8&Prime; background_color=\u00a0\u00bb#161E2B\u00a0\u00bb custom_padding=\u00a0\u00bb40px||196px|||\u00a0\u00bb][et_pb_row _builder_version=\u00a0\u00bb4.3.4&Prime; custom_padding=\u00a0\u00bb38px||38px||true|\u00a0\u00bb][et_pb_column type=\u00a0\u00bb4_4&Prime; _builder_version=\u00a0\u00bb4.3.4&Prime;][et_pb_text _builder_version=\u00a0\u00bb4.4.8&Prime; text_font=\u00a0\u00bbHelveticaNeue||||||||\u00a0\u00bb text_letter_spacing=\u00a0\u00bb2px\u00a0\u00bb header_font=\u00a0\u00bbHelveticaNeue|||on|||||\u00a0\u00bb header_text_color=\u00a0\u00bb#ffffff\u00a0\u00bb header_font_size=\u00a0\u00bb22px\u00a0\u00bb header_letter_spacing=\u00a0\u00bb4px\u00a0\u00bb text_orientation=\u00a0\u00bbcenter\u00a0\u00bb custom_padding=\u00a0\u00bb||38px|||\u00a0\u00bb]<h1 style=\"text-align: center;\">Tri par classe<\/h1>[\/et_pb_text][et_pb_text _builder_version=\u00a0\u00bb4.4.8&Prime; text_font=\u00a0\u00bbHelveticaNeue||||||||\u00a0\u00bb text_text_color=\u00a0\u00bb#ffffff\u00a0\u00bb text_font_size=\u00a0\u00bb16px\u00a0\u00bb text_letter_spacing=\u00a0\u00bb2px\u00a0\u00bb header_3_font=\u00a0\u00bbHelveticaNeue|||on|||||\u00a0\u00bb header_3_text_color=\u00a0\u00bb#ffffff\u00a0\u00bb header_3_letter_spacing=\u00a0\u00bb2px\u00a0\u00bb text_orientation=\u00a0\u00bbcenter\u00a0\u00bb]<p style=\"text-align: left;\">Le contr\u00f4le dimensionnel est une \u00e9tape tr\u00e8s importante afin d\u2019assurer la conformit\u00e9 de vos pi\u00e8ces apr\u00e8s leur production. ADAX SA a d\u00e9velopp\u00e9 des \u00e9quipements permettant la classification de vos produits en fonction de leurs diam\u00e8tres et\/ou de leurs longueurs. Ces \u00e9quipements d\u00e9velopp\u00e9s en interne et fruit d\u2019une longue exp\u00e9rience sont en mesure d\u2019effectuer des classifications au milli\u00e8me de millim\u00e8tre.<\/p>[\/et_pb_text][\/et_pb_column][\/et_pb_row][\/et_pb_section]\n","protected":false},"excerpt":{"rendered":"<p>Tri par classeLe contr\u00f4le dimensionnel est une \u00e9tape tr\u00e8s importante afin d\u2019assurer la conformit\u00e9 de vos pi\u00e8ces apr\u00e8s leur production. ADAX SA a d\u00e9velopp\u00e9 des \u00e9quipements permettant la classification de vos produits en fonction de leurs diam\u00e8tres et\/ou de leurs longueurs. Ces \u00e9quipements d\u00e9velopp\u00e9s en interne et fruit d\u2019une longue exp\u00e9rience sont en mesure d\u2019effectuer [&hellip;]<\/p>\n","protected":false},"author":1,"featured_media":0,"parent":28927,"menu_order":0,"comment_status":"closed","ping_status":"closed","template":"","meta":{"_et_pb_use_builder":"on","_et_pb_old_content":"","_et_gb_content_width":"","footnotes":""},"class_list":["post-31212","page","type-page","status-publish","hentry"],"yoast_head":"<!-- This site is optimized with the Yoast SEO Premium plugin v21.1 (Yoast SEO v27.4) - https:\/\/yoast.com\/product\/yoast-seo-premium-wordpress\/ -->\n<title>Tri par classe - Adax<\/title>\n<meta name=\"description\" content=\"Le contr\u00f4le dimensionnel est une \u00e9tape tr\u00e8s importante afin d\u2019assurer la conformit\u00e9 de vos pi\u00e8ces apr\u00e8s leur production. ADAX SA a d\u00e9velopp\u00e9 des \u00e9quipements permettant la classification (tri par classe) de vos produits en fonction de leurs diam\u00e8tres et\/ou de leurs longueurs.\" \/>\n<meta name=\"robots\" content=\"index, follow, max-snippet:-1, max-image-preview:large, max-video-preview:-1\" \/>\n<link rel=\"canonical\" href=\"https:\/\/adax.ch\/de\/adax\/prestation\/tri-par-classe\/\" \/>\n<meta property=\"og:locale\" content=\"de_DE\" \/>\n<meta property=\"og:type\" content=\"article\" \/>\n<meta property=\"og:title\" content=\"Tri par classe\" \/>\n<meta property=\"og:description\" content=\"Le contr\u00f4le dimensionnel est une \u00e9tape tr\u00e8s importante afin d\u2019assurer la conformit\u00e9 de vos pi\u00e8ces apr\u00e8s leur production. ADAX SA a d\u00e9velopp\u00e9 des \u00e9quipements permettant la classification (tri par classe) de vos produits en fonction de leurs diam\u00e8tres et\/ou de leurs longueurs.\" \/>\n<meta property=\"og:url\" content=\"https:\/\/adax.ch\/de\/adax\/prestation\/tri-par-classe\/\" \/>\n<meta property=\"og:site_name\" content=\"Adax\" \/>\n<meta property=\"article:modified_time\" content=\"2021-01-19T13:35:39+00:00\" \/>\n<meta name=\"twitter:card\" content=\"summary_large_image\" \/>\n<meta name=\"twitter:label1\" content=\"Gesch\u00e4tzte Lesezeit\" \/>\n\t<meta name=\"twitter:data1\" content=\"1\u00a0Minute\" \/>\n<script type=\"application\/ld+json\" class=\"yoast-schema-graph\">{\"@context\":\"https:\\\/\\\/schema.org\",\"@graph\":[{\"@type\":\"WebPage\",\"@id\":\"https:\\\/\\\/adax.ch\\\/adax\\\/prestation\\\/tri-par-classe\\\/\",\"url\":\"https:\\\/\\\/adax.ch\\\/adax\\\/prestation\\\/tri-par-classe\\\/\",\"name\":\"Tri par classe - Adax\",\"isPartOf\":{\"@id\":\"https:\\\/\\\/adax.ch\\\/#website\"},\"datePublished\":\"2020-06-16T07:33:46+00:00\",\"dateModified\":\"2021-01-19T13:35:39+00:00\",\"description\":\"Le contr\u00f4le dimensionnel est une \u00e9tape tr\u00e8s importante afin d\u2019assurer la conformit\u00e9 de vos pi\u00e8ces apr\u00e8s leur production. ADAX SA a d\u00e9velopp\u00e9 des \u00e9quipements permettant la classification (tri par classe) de vos produits en fonction de leurs diam\u00e8tres et\\\/ou de leurs longueurs.\",\"breadcrumb\":{\"@id\":\"https:\\\/\\\/adax.ch\\\/adax\\\/prestation\\\/tri-par-classe\\\/#breadcrumb\"},\"inLanguage\":\"de\",\"potentialAction\":[{\"@type\":\"ReadAction\",\"target\":[\"https:\\\/\\\/adax.ch\\\/adax\\\/prestation\\\/tri-par-classe\\\/\"]}]},{\"@type\":\"BreadcrumbList\",\"@id\":\"https:\\\/\\\/adax.ch\\\/adax\\\/prestation\\\/tri-par-classe\\\/#breadcrumb\",\"itemListElement\":[{\"@type\":\"ListItem\",\"position\":1,\"name\":\"Accueil\",\"item\":\"https:\\\/\\\/adax.ch\\\/\"},{\"@type\":\"ListItem\",\"position\":2,\"name\":\"ADAX\",\"item\":\"https:\\\/\\\/adax.ch\\\/\"},{\"@type\":\"ListItem\",\"position\":3,\"name\":\"Prestation\",\"item\":\"https:\\\/\\\/adax.ch\\\/adax\\\/prestation\\\/\"},{\"@type\":\"ListItem\",\"position\":4,\"name\":\"Tri par classe\"}]},{\"@type\":\"WebSite\",\"@id\":\"https:\\\/\\\/adax.ch\\\/#website\",\"url\":\"https:\\\/\\\/adax.ch\\\/\",\"name\":\"Adax\",\"description\":\"FROM EARTH TO SPACE\",\"publisher\":{\"@id\":\"https:\\\/\\\/adax.ch\\\/#organization\"},\"potentialAction\":[{\"@type\":\"SearchAction\",\"target\":{\"@type\":\"EntryPoint\",\"urlTemplate\":\"https:\\\/\\\/adax.ch\\\/?s={search_term_string}\"},\"query-input\":{\"@type\":\"PropertyValueSpecification\",\"valueRequired\":true,\"valueName\":\"search_term_string\"}}],\"inLanguage\":\"de\"},{\"@type\":\"Organization\",\"@id\":\"https:\\\/\\\/adax.ch\\\/#organization\",\"name\":\"Adax SA\",\"url\":\"https:\\\/\\\/adax.ch\\\/\",\"logo\":{\"@type\":\"ImageObject\",\"inLanguage\":\"de\",\"@id\":\"https:\\\/\\\/adax.ch\\\/#\\\/schema\\\/logo\\\/image\\\/\",\"url\":\"https:\\\/\\\/adax.ch\\\/wp-content\\\/uploads\\\/2021\\\/02\\\/logo-blanc-fond-noir.png\",\"contentUrl\":\"https:\\\/\\\/adax.ch\\\/wp-content\\\/uploads\\\/2021\\\/02\\\/logo-blanc-fond-noir.png\",\"width\":754,\"height\":754,\"caption\":\"Adax SA\"},\"image\":{\"@id\":\"https:\\\/\\\/adax.ch\\\/#\\\/schema\\\/logo\\\/image\\\/\"},\"sameAs\":[\"https:\\\/\\\/www.linkedin.com\\\/company\\\/adax-sa\\\/\",\"https:\\\/\\\/www.youtube.com\\\/channel\\\/UCajnUraOOGTurqpS0vObYgQ\"]}]}<\/script>\n<!-- \/ Yoast SEO Premium plugin. -->","yoast_head_json":{"title":"Tri par classe - Adax","description":"Le contr\u00f4le dimensionnel est une \u00e9tape tr\u00e8s importante afin d\u2019assurer la conformit\u00e9 de vos pi\u00e8ces apr\u00e8s leur production. ADAX SA a d\u00e9velopp\u00e9 des \u00e9quipements permettant la classification (tri par classe) de vos produits en fonction de leurs diam\u00e8tres et\/ou de leurs longueurs.","robots":{"index":"index","follow":"follow","max-snippet":"max-snippet:-1","max-image-preview":"max-image-preview:large","max-video-preview":"max-video-preview:-1"},"canonical":"https:\/\/adax.ch\/de\/adax\/prestation\/tri-par-classe\/","og_locale":"de_DE","og_type":"article","og_title":"Tri par classe","og_description":"Le contr\u00f4le dimensionnel est une \u00e9tape tr\u00e8s importante afin d\u2019assurer la conformit\u00e9 de vos pi\u00e8ces apr\u00e8s leur production. ADAX SA a d\u00e9velopp\u00e9 des \u00e9quipements permettant la classification (tri par classe) de vos produits en fonction de leurs diam\u00e8tres et\/ou de leurs longueurs.","og_url":"https:\/\/adax.ch\/de\/adax\/prestation\/tri-par-classe\/","og_site_name":"Adax","article_modified_time":"2021-01-19T13:35:39+00:00","twitter_card":"summary_large_image","twitter_misc":{"Gesch\u00e4tzte Lesezeit":"1\u00a0Minute"},"schema":{"@context":"https:\/\/schema.org","@graph":[{"@type":"WebPage","@id":"https:\/\/adax.ch\/adax\/prestation\/tri-par-classe\/","url":"https:\/\/adax.ch\/adax\/prestation\/tri-par-classe\/","name":"Tri par classe - Adax","isPartOf":{"@id":"https:\/\/adax.ch\/#website"},"datePublished":"2020-06-16T07:33:46+00:00","dateModified":"2021-01-19T13:35:39+00:00","description":"Le contr\u00f4le dimensionnel est une \u00e9tape tr\u00e8s importante afin d\u2019assurer la conformit\u00e9 de vos pi\u00e8ces apr\u00e8s leur production. ADAX SA a d\u00e9velopp\u00e9 des \u00e9quipements permettant la classification (tri par classe) de vos produits en fonction de leurs diam\u00e8tres et\/ou de leurs longueurs.","breadcrumb":{"@id":"https:\/\/adax.ch\/adax\/prestation\/tri-par-classe\/#breadcrumb"},"inLanguage":"de","potentialAction":[{"@type":"ReadAction","target":["https:\/\/adax.ch\/adax\/prestation\/tri-par-classe\/"]}]},{"@type":"BreadcrumbList","@id":"https:\/\/adax.ch\/adax\/prestation\/tri-par-classe\/#breadcrumb","itemListElement":[{"@type":"ListItem","position":1,"name":"Accueil","item":"https:\/\/adax.ch\/"},{"@type":"ListItem","position":2,"name":"ADAX","item":"https:\/\/adax.ch\/"},{"@type":"ListItem","position":3,"name":"Prestation","item":"https:\/\/adax.ch\/adax\/prestation\/"},{"@type":"ListItem","position":4,"name":"Tri par classe"}]},{"@type":"WebSite","@id":"https:\/\/adax.ch\/#website","url":"https:\/\/adax.ch\/","name":"Adax","description":"FROM EARTH TO SPACE","publisher":{"@id":"https:\/\/adax.ch\/#organization"},"potentialAction":[{"@type":"SearchAction","target":{"@type":"EntryPoint","urlTemplate":"https:\/\/adax.ch\/?s={search_term_string}"},"query-input":{"@type":"PropertyValueSpecification","valueRequired":true,"valueName":"search_term_string"}}],"inLanguage":"de"},{"@type":"Organization","@id":"https:\/\/adax.ch\/#organization","name":"Adax SA","url":"https:\/\/adax.ch\/","logo":{"@type":"ImageObject","inLanguage":"de","@id":"https:\/\/adax.ch\/#\/schema\/logo\/image\/","url":"https:\/\/adax.ch\/wp-content\/uploads\/2021\/02\/logo-blanc-fond-noir.png","contentUrl":"https:\/\/adax.ch\/wp-content\/uploads\/2021\/02\/logo-blanc-fond-noir.png","width":754,"height":754,"caption":"Adax SA"},"image":{"@id":"https:\/\/adax.ch\/#\/schema\/logo\/image\/"},"sameAs":["https:\/\/www.linkedin.com\/company\/adax-sa\/","https:\/\/www.youtube.com\/channel\/UCajnUraOOGTurqpS0vObYgQ"]}]}},"jetpack_sharing_enabled":true,"_links":{"self":[{"href":"https:\/\/adax.ch\/de\/wp-json\/wp\/v2\/pages\/31212","targetHints":{"allow":["GET"]}}],"collection":[{"href":"https:\/\/adax.ch\/de\/wp-json\/wp\/v2\/pages"}],"about":[{"href":"https:\/\/adax.ch\/de\/wp-json\/wp\/v2\/types\/page"}],"author":[{"embeddable":true,"href":"https:\/\/adax.ch\/de\/wp-json\/wp\/v2\/users\/1"}],"replies":[{"embeddable":true,"href":"https:\/\/adax.ch\/de\/wp-json\/wp\/v2\/comments?post=31212"}],"version-history":[{"count":0,"href":"https:\/\/adax.ch\/de\/wp-json\/wp\/v2\/pages\/31212\/revisions"}],"up":[{"embeddable":true,"href":"https:\/\/adax.ch\/de\/wp-json\/wp\/v2\/pages\/28927"}],"wp:attachment":[{"href":"https:\/\/adax.ch\/de\/wp-json\/wp\/v2\/media?parent=31212"}],"curies":[{"name":"wp","href":"https:\/\/api.w.org\/{rel}","templated":true}]}}