{"id":31202,"date":"2020-06-16T09:20:27","date_gmt":"2020-06-16T07:20:27","guid":{"rendered":"https:\/\/adax.ch\/?page_id=31202"},"modified":"2021-01-19T13:58:47","modified_gmt":"2021-01-19T12:58:47","slug":"rectification-profil","status":"publish","type":"page","link":"https:\/\/adax.ch\/de\/adax\/prestation\/rectification-profil\/","title":{"rendered":"Schleifen von Stangen"},"content":{"rendered":"\n[et_pb_section fb_built=\u00a0\u00bb1&Prime; _builder_version=\u00a0\u00bb4.6.0&Prime; _module_preset=\u00a0\u00bbdefault\u00a0\u00bb background_video_mp4=\u00a0\u00bbhttps:\/\/adax.ch\/wp-content\/uploads\/2020\/06\/Rectification_barre.mp4&Prime; custom_padding=\u00a0\u00bb140px||140px||true|\u00a0\u00bb hover_enabled=\u00a0\u00bb0&Prime; title_text=\u00a0\u00bbRectification_barre\u00a0\u00bb sticky_enabled=\u00a0\u00bb0&Prime;][et_pb_row _builder_version=\u00a0\u00bb4.6.0&Prime; _module_preset=\u00a0\u00bbdefault\u00a0\u00bb][et_pb_column type=\u00a0\u00bb4_4&Prime; _builder_version=\u00a0\u00bb4.6.0&Prime; _module_preset=\u00a0\u00bbdefault\u00a0\u00bb][\/et_pb_column][\/et_pb_row][\/et_pb_section][et_pb_section fb_built=\u00a0\u00bb1&Prime; _builder_version=\u00a0\u00bb4.3.4&Prime; background_color=\u00a0\u00bb#161E2B\u00a0\u00bb custom_padding=\u00a0\u00bb65px|||||\u00a0\u00bb][et_pb_row _builder_version=\u00a0\u00bb4.3.4&Prime;][et_pb_column type=\u00a0\u00bb4_4&Prime; _builder_version=\u00a0\u00bb4.3.4&Prime;][et_pb_text _builder_version=\u00a0\u00bb4.4.8&Prime; text_font=\u00a0\u00bbHelveticaNeue||||||||\u00a0\u00bb text_letter_spacing=\u00a0\u00bb2px\u00a0\u00bb header_font=\u00a0\u00bbHelveticaNeue|||on|||||\u00a0\u00bb header_text_color=\u00a0\u00bb#ffffff\u00a0\u00bb header_font_size=\u00a0\u00bb22px\u00a0\u00bb header_letter_spacing=\u00a0\u00bb4px\u00a0\u00bb text_orientation=\u00a0\u00bbcenter\u00a0\u00bb]<h1 style=\"text-align: center;\">Rectification de barres<\/h1>[\/et_pb_text][et_pb_text _builder_version=\u00a0\u00bb4.4.8&Prime; text_font=\u00a0\u00bbHelveticaNeue||||||||\u00a0\u00bb text_text_color=\u00a0\u00bb#ffffff\u00a0\u00bb text_font_size=\u00a0\u00bb16px\u00a0\u00bb text_letter_spacing=\u00a0\u00bb2px\u00a0\u00bb header_3_font=\u00a0\u00bbHelveticaNeue|||on|||||\u00a0\u00bb header_3_text_color=\u00a0\u00bb#ffffff\u00a0\u00bb header_3_letter_spacing=\u00a0\u00bb2px\u00a0\u00bb custom_margin=\u00a0\u00bb44px||44px||true|\u00a0\u00bb]<p style=\"text-align: left;\">ADAX SA a choisi d\u2019\u00eatre autonome et propose \u00e0 ses clients, la rectification, sur ses \u00e9quipements \u201cCENTERLESS\u201d, de barres de diff\u00e9rentes mati\u00e8res et de dimensions comprises entre \u00d8 1.5 0mm &amp; 20.00 mm. Vous obtiendrez par ce proc\u00e9d\u00e9 une haute qualit\u00e9 de surface, des pr\u00e9cisions microm\u00e9triques et des tol\u00e9rances tr\u00e8s serr\u00e9es. Nos \u00e9quipes de sp\u00e9cialistes vous assure le meilleur niveau de qualit\u00e9 et de d\u00e9lai.<\/p>[\/et_pb_text][\/et_pb_column][\/et_pb_row][\/et_pb_section]\n","protected":false},"excerpt":{"rendered":"<p>Rectification de barresADAX SA a choisi d\u2019\u00eatre autonome et propose \u00e0 ses clients, la rectification, sur ses \u00e9quipements \u201cCENTERLESS\u201d, de barres de diff\u00e9rentes mati\u00e8res et de dimensions comprises entre \u00d8 1.5 0mm &amp; 20.00 mm. Vous obtiendrez par ce proc\u00e9d\u00e9 une haute qualit\u00e9 de surface, des pr\u00e9cisions microm\u00e9triques et des tol\u00e9rances tr\u00e8s serr\u00e9es. Nos \u00e9quipes [&hellip;]<\/p>\n","protected":false},"author":1,"featured_media":0,"parent":28927,"menu_order":0,"comment_status":"closed","ping_status":"closed","template":"","meta":{"_et_pb_use_builder":"on","_et_pb_old_content":"","_et_gb_content_width":"","footnotes":""},"class_list":["post-31202","page","type-page","status-publish","hentry"],"yoast_head":"<!-- This site is optimized with the Yoast SEO Premium plugin v21.1 (Yoast SEO v27.3) - https:\/\/yoast.com\/product\/yoast-seo-premium-wordpress\/ -->\n<title>Rectification de barres - Adax<\/title>\n<meta name=\"description\" content=\"ADAX SA a choisi d\u2019\u00eatre autonome et propose \u00e0 ses clients, la rectification, sur ses \u00e9quipements \u201cCENTERLESS\u201d, de barres de diff\u00e9rentes mati\u00e8res et de dimensions comprises entre \u00d8 1.5 0mm &amp; 20.00 mm. Vous obtiendrez par ce proc\u00e9d\u00e9 une haute qualit\u00e9 de surface, des pr\u00e9cisions microm\u00e9triques et des tol\u00e9rances tr\u00e8s serr\u00e9es. Nos \u00e9quipes de sp\u00e9cialistes vous assure le meilleur niveau de qualit\u00e9 et de d\u00e9lai\" \/>\n<meta name=\"robots\" content=\"index, follow, max-snippet:-1, max-image-preview:large, max-video-preview:-1\" \/>\n<link rel=\"canonical\" href=\"https:\/\/adax.ch\/de\/adax\/prestation\/rectification-profil\/\" \/>\n<meta property=\"og:locale\" content=\"de_DE\" \/>\n<meta property=\"og:type\" content=\"article\" \/>\n<meta property=\"og:title\" content=\"Rectification de barres\" \/>\n<meta property=\"og:description\" content=\"ADAX SA a choisi d\u2019\u00eatre autonome et propose \u00e0 ses clients, la rectification, sur ses \u00e9quipements \u201cCENTERLESS\u201d, de barres de diff\u00e9rentes mati\u00e8res et de dimensions comprises entre \u00d8 1.5 0mm &amp; 20.00 mm. Vous obtiendrez par ce proc\u00e9d\u00e9 une haute qualit\u00e9 de surface, des pr\u00e9cisions microm\u00e9triques et des tol\u00e9rances tr\u00e8s serr\u00e9es. Nos \u00e9quipes de sp\u00e9cialistes vous assure le meilleur niveau de qualit\u00e9 et de d\u00e9lai\" \/>\n<meta property=\"og:url\" content=\"https:\/\/adax.ch\/de\/adax\/prestation\/rectification-profil\/\" \/>\n<meta property=\"og:site_name\" content=\"Adax\" \/>\n<meta property=\"article:modified_time\" content=\"2021-01-19T12:58:47+00:00\" \/>\n<meta name=\"twitter:card\" content=\"summary_large_image\" \/>\n<meta name=\"twitter:label1\" content=\"Gesch\u00e4tzte Lesezeit\" \/>\n\t<meta name=\"twitter:data1\" content=\"1\u00a0Minute\" \/>\n<script type=\"application\/ld+json\" class=\"yoast-schema-graph\">{\"@context\":\"https:\\\/\\\/schema.org\",\"@graph\":[{\"@type\":\"WebPage\",\"@id\":\"https:\\\/\\\/adax.ch\\\/adax\\\/prestation\\\/rectification-profil\\\/\",\"url\":\"https:\\\/\\\/adax.ch\\\/adax\\\/prestation\\\/rectification-profil\\\/\",\"name\":\"Rectification de barres - Adax\",\"isPartOf\":{\"@id\":\"https:\\\/\\\/adax.ch\\\/#website\"},\"datePublished\":\"2020-06-16T07:20:27+00:00\",\"dateModified\":\"2021-01-19T12:58:47+00:00\",\"description\":\"ADAX SA a choisi d\u2019\u00eatre autonome et propose \u00e0 ses clients, la rectification, sur ses \u00e9quipements \u201cCENTERLESS\u201d, de barres de diff\u00e9rentes mati\u00e8res et de dimensions comprises entre \u00d8 1.5 0mm & 20.00 mm. Vous obtiendrez par ce proc\u00e9d\u00e9 une haute qualit\u00e9 de surface, des pr\u00e9cisions microm\u00e9triques et des tol\u00e9rances tr\u00e8s serr\u00e9es. Nos \u00e9quipes de sp\u00e9cialistes vous assure le meilleur niveau de qualit\u00e9 et de d\u00e9lai\",\"breadcrumb\":{\"@id\":\"https:\\\/\\\/adax.ch\\\/adax\\\/prestation\\\/rectification-profil\\\/#breadcrumb\"},\"inLanguage\":\"de\",\"potentialAction\":[{\"@type\":\"ReadAction\",\"target\":[\"https:\\\/\\\/adax.ch\\\/adax\\\/prestation\\\/rectification-profil\\\/\"]}]},{\"@type\":\"BreadcrumbList\",\"@id\":\"https:\\\/\\\/adax.ch\\\/adax\\\/prestation\\\/rectification-profil\\\/#breadcrumb\",\"itemListElement\":[{\"@type\":\"ListItem\",\"position\":1,\"name\":\"Accueil\",\"item\":\"https:\\\/\\\/adax.ch\\\/\"},{\"@type\":\"ListItem\",\"position\":2,\"name\":\"ADAX\",\"item\":\"https:\\\/\\\/adax.ch\\\/\"},{\"@type\":\"ListItem\",\"position\":3,\"name\":\"Prestation\",\"item\":\"https:\\\/\\\/adax.ch\\\/adax\\\/prestation\\\/\"},{\"@type\":\"ListItem\",\"position\":4,\"name\":\"Rectification de barres\"}]},{\"@type\":\"WebSite\",\"@id\":\"https:\\\/\\\/adax.ch\\\/#website\",\"url\":\"https:\\\/\\\/adax.ch\\\/\",\"name\":\"Adax\",\"description\":\"FROM EARTH TO SPACE\",\"publisher\":{\"@id\":\"https:\\\/\\\/adax.ch\\\/#organization\"},\"potentialAction\":[{\"@type\":\"SearchAction\",\"target\":{\"@type\":\"EntryPoint\",\"urlTemplate\":\"https:\\\/\\\/adax.ch\\\/?s={search_term_string}\"},\"query-input\":{\"@type\":\"PropertyValueSpecification\",\"valueRequired\":true,\"valueName\":\"search_term_string\"}}],\"inLanguage\":\"de\"},{\"@type\":\"Organization\",\"@id\":\"https:\\\/\\\/adax.ch\\\/#organization\",\"name\":\"Adax SA\",\"url\":\"https:\\\/\\\/adax.ch\\\/\",\"logo\":{\"@type\":\"ImageObject\",\"inLanguage\":\"de\",\"@id\":\"https:\\\/\\\/adax.ch\\\/#\\\/schema\\\/logo\\\/image\\\/\",\"url\":\"https:\\\/\\\/adax.ch\\\/wp-content\\\/uploads\\\/2021\\\/02\\\/logo-blanc-fond-noir.png\",\"contentUrl\":\"https:\\\/\\\/adax.ch\\\/wp-content\\\/uploads\\\/2021\\\/02\\\/logo-blanc-fond-noir.png\",\"width\":754,\"height\":754,\"caption\":\"Adax SA\"},\"image\":{\"@id\":\"https:\\\/\\\/adax.ch\\\/#\\\/schema\\\/logo\\\/image\\\/\"},\"sameAs\":[\"https:\\\/\\\/www.linkedin.com\\\/company\\\/adax-sa\\\/\",\"https:\\\/\\\/www.youtube.com\\\/channel\\\/UCajnUraOOGTurqpS0vObYgQ\"]}]}<\/script>\n<!-- \/ Yoast SEO Premium plugin. -->","yoast_head_json":{"title":"Rectification de barres - Adax","description":"ADAX SA a choisi d\u2019\u00eatre autonome et propose \u00e0 ses clients, la rectification, sur ses \u00e9quipements \u201cCENTERLESS\u201d, de barres de diff\u00e9rentes mati\u00e8res et de dimensions comprises entre \u00d8 1.5 0mm & 20.00 mm. Vous obtiendrez par ce proc\u00e9d\u00e9 une haute qualit\u00e9 de surface, des pr\u00e9cisions microm\u00e9triques et des tol\u00e9rances tr\u00e8s serr\u00e9es. Nos \u00e9quipes de sp\u00e9cialistes vous assure le meilleur niveau de qualit\u00e9 et de d\u00e9lai","robots":{"index":"index","follow":"follow","max-snippet":"max-snippet:-1","max-image-preview":"max-image-preview:large","max-video-preview":"max-video-preview:-1"},"canonical":"https:\/\/adax.ch\/de\/adax\/prestation\/rectification-profil\/","og_locale":"de_DE","og_type":"article","og_title":"Rectification de barres","og_description":"ADAX SA a choisi d\u2019\u00eatre autonome et propose \u00e0 ses clients, la rectification, sur ses \u00e9quipements \u201cCENTERLESS\u201d, de barres de diff\u00e9rentes mati\u00e8res et de dimensions comprises entre \u00d8 1.5 0mm & 20.00 mm. Vous obtiendrez par ce proc\u00e9d\u00e9 une haute qualit\u00e9 de surface, des pr\u00e9cisions microm\u00e9triques et des tol\u00e9rances tr\u00e8s serr\u00e9es. Nos \u00e9quipes de sp\u00e9cialistes vous assure le meilleur niveau de qualit\u00e9 et de d\u00e9lai","og_url":"https:\/\/adax.ch\/de\/adax\/prestation\/rectification-profil\/","og_site_name":"Adax","article_modified_time":"2021-01-19T12:58:47+00:00","twitter_card":"summary_large_image","twitter_misc":{"Gesch\u00e4tzte Lesezeit":"1\u00a0Minute"},"schema":{"@context":"https:\/\/schema.org","@graph":[{"@type":"WebPage","@id":"https:\/\/adax.ch\/adax\/prestation\/rectification-profil\/","url":"https:\/\/adax.ch\/adax\/prestation\/rectification-profil\/","name":"Rectification de barres - Adax","isPartOf":{"@id":"https:\/\/adax.ch\/#website"},"datePublished":"2020-06-16T07:20:27+00:00","dateModified":"2021-01-19T12:58:47+00:00","description":"ADAX SA a choisi d\u2019\u00eatre autonome et propose \u00e0 ses clients, la rectification, sur ses \u00e9quipements \u201cCENTERLESS\u201d, de barres de diff\u00e9rentes mati\u00e8res et de dimensions comprises entre \u00d8 1.5 0mm & 20.00 mm. Vous obtiendrez par ce proc\u00e9d\u00e9 une haute qualit\u00e9 de surface, des pr\u00e9cisions microm\u00e9triques et des tol\u00e9rances tr\u00e8s serr\u00e9es. Nos \u00e9quipes de sp\u00e9cialistes vous assure le meilleur niveau de qualit\u00e9 et de d\u00e9lai","breadcrumb":{"@id":"https:\/\/adax.ch\/adax\/prestation\/rectification-profil\/#breadcrumb"},"inLanguage":"de","potentialAction":[{"@type":"ReadAction","target":["https:\/\/adax.ch\/adax\/prestation\/rectification-profil\/"]}]},{"@type":"BreadcrumbList","@id":"https:\/\/adax.ch\/adax\/prestation\/rectification-profil\/#breadcrumb","itemListElement":[{"@type":"ListItem","position":1,"name":"Accueil","item":"https:\/\/adax.ch\/"},{"@type":"ListItem","position":2,"name":"ADAX","item":"https:\/\/adax.ch\/"},{"@type":"ListItem","position":3,"name":"Prestation","item":"https:\/\/adax.ch\/adax\/prestation\/"},{"@type":"ListItem","position":4,"name":"Rectification de barres"}]},{"@type":"WebSite","@id":"https:\/\/adax.ch\/#website","url":"https:\/\/adax.ch\/","name":"Adax","description":"FROM EARTH TO SPACE","publisher":{"@id":"https:\/\/adax.ch\/#organization"},"potentialAction":[{"@type":"SearchAction","target":{"@type":"EntryPoint","urlTemplate":"https:\/\/adax.ch\/?s={search_term_string}"},"query-input":{"@type":"PropertyValueSpecification","valueRequired":true,"valueName":"search_term_string"}}],"inLanguage":"de"},{"@type":"Organization","@id":"https:\/\/adax.ch\/#organization","name":"Adax SA","url":"https:\/\/adax.ch\/","logo":{"@type":"ImageObject","inLanguage":"de","@id":"https:\/\/adax.ch\/#\/schema\/logo\/image\/","url":"https:\/\/adax.ch\/wp-content\/uploads\/2021\/02\/logo-blanc-fond-noir.png","contentUrl":"https:\/\/adax.ch\/wp-content\/uploads\/2021\/02\/logo-blanc-fond-noir.png","width":754,"height":754,"caption":"Adax SA"},"image":{"@id":"https:\/\/adax.ch\/#\/schema\/logo\/image\/"},"sameAs":["https:\/\/www.linkedin.com\/company\/adax-sa\/","https:\/\/www.youtube.com\/channel\/UCajnUraOOGTurqpS0vObYgQ"]}]}},"jetpack_sharing_enabled":true,"_links":{"self":[{"href":"https:\/\/adax.ch\/de\/wp-json\/wp\/v2\/pages\/31202","targetHints":{"allow":["GET"]}}],"collection":[{"href":"https:\/\/adax.ch\/de\/wp-json\/wp\/v2\/pages"}],"about":[{"href":"https:\/\/adax.ch\/de\/wp-json\/wp\/v2\/types\/page"}],"author":[{"embeddable":true,"href":"https:\/\/adax.ch\/de\/wp-json\/wp\/v2\/users\/1"}],"replies":[{"embeddable":true,"href":"https:\/\/adax.ch\/de\/wp-json\/wp\/v2\/comments?post=31202"}],"version-history":[{"count":0,"href":"https:\/\/adax.ch\/de\/wp-json\/wp\/v2\/pages\/31202\/revisions"}],"up":[{"embeddable":true,"href":"https:\/\/adax.ch\/de\/wp-json\/wp\/v2\/pages\/28927"}],"wp:attachment":[{"href":"https:\/\/adax.ch\/de\/wp-json\/wp\/v2\/media?parent=31202"}],"curies":[{"name":"wp","href":"https:\/\/api.w.org\/{rel}","templated":true}]}}