{"id":29157,"date":"2019-09-19T23:03:10","date_gmt":"2019-09-19T21:03:10","guid":{"rendered":"https:\/\/adax.ch\/?page_id=29157"},"modified":"2021-09-03T08:32:28","modified_gmt":"2021-09-03T06:32:28","slug":"rodage","status":"publish","type":"page","link":"https:\/\/adax.ch\/de\/adax\/prestation\/rodage\/","title":{"rendered":"L\u00e4ppen"},"content":{"rendered":"<p>[et_pb_section fb_built=\u00a0\u00bb1&Prime; disabled_on=\u00a0\u00bbon|off|off\u00a0\u00bb _builder_version=\u00a0\u00bb4.10.6&Prime; _module_preset=\u00a0\u00bbdefault\u00a0\u00bb background_video_mp4=\u00a0\u00bbhttps:\/\/adax.ch\/wp-content\/uploads\/2020\/09\/Rodage-2.mp4&Prime; custom_padding=\u00a0\u00bb140px||140px||true|\u00a0\u00bb hover_enabled=\u00a0\u00bb0&Prime; global_colors_info=\u00a0\u00bb{}\u00a0\u00bb title_text=\u00a0\u00bbRodage\u00a0\u00bb sticky_enabled=\u00a0\u00bb0&Prime;][et_pb_row _builder_version=\u00a0\u00bb4.6.0&Prime; _module_preset=\u00a0\u00bbdefault\u00a0\u00bb global_colors_info=\u00a0\u00bb{}\u00a0\u00bb][et_pb_column type=\u00a0\u00bb4_4&Prime; _builder_version=\u00a0\u00bb4.6.0&Prime; _module_preset=\u00a0\u00bbdefault\u00a0\u00bb global_colors_info=\u00a0\u00bb{}\u00a0\u00bb][\/et_pb_column][\/et_pb_row][\/et_pb_section][et_pb_section fb_built=\u00a0\u00bb1&Prime; disabled_on=\u00a0\u00bboff|on|on\u00a0\u00bb _builder_version=\u00a0\u00bb4.6.0&Prime; _module_preset=\u00a0\u00bbdefault\u00a0\u00bb background_video_mp4=\u00a0\u00bbhttps:\/\/adax.ch\/wp-content\/uploads\/2020\/09\/Rodage-1.mp4&Prime; custom_padding=\u00a0\u00bb140px||140px||true|\u00a0\u00bb global_colors_info=\u00a0\u00bb{}\u00a0\u00bb][et_pb_row _builder_version=\u00a0\u00bb4.6.0&Prime; _module_preset=\u00a0\u00bbdefault\u00a0\u00bb global_colors_info=\u00a0\u00bb{}\u00a0\u00bb][et_pb_column type=\u00a0\u00bb4_4&Prime; _builder_version=\u00a0\u00bb4.6.0&Prime; _module_preset=\u00a0\u00bbdefault\u00a0\u00bb global_colors_info=\u00a0\u00bb{}\u00a0\u00bb][\/et_pb_column][\/et_pb_row][\/et_pb_section][et_pb_section fb_built=\u00a0\u00bb1&Prime; _builder_version=\u00a0\u00bb4.3.4&Prime; background_color=\u00a0\u00bb#161E2B\u00a0\u00bb custom_padding=\u00a0\u00bb40px|||||\u00a0\u00bb global_colors_info=\u00a0\u00bb{}\u00a0\u00bb][et_pb_row _builder_version=\u00a0\u00bb4.3.4&Prime; custom_padding=\u00a0\u00bb38px||107px|||\u00a0\u00bb global_colors_info=\u00a0\u00bb{}\u00a0\u00bb][et_pb_column type=\u00a0\u00bb4_4&Prime; _builder_version=\u00a0\u00bb4.3.4&Prime; global_colors_info=\u00a0\u00bb{}\u00a0\u00bb][et_pb_text _builder_version=\u00a0\u00bb4.4.8&Prime; text_font=\u00a0\u00bbHelveticaNeue||||||||\u00a0\u00bb text_letter_spacing=\u00a0\u00bb2px\u00a0\u00bb header_font=\u00a0\u00bbHelveticaNeue|||on|||||\u00a0\u00bb header_text_color=\u00a0\u00bb#ffffff\u00a0\u00bb header_font_size=\u00a0\u00bb22px\u00a0\u00bb header_letter_spacing=\u00a0\u00bb4px\u00a0\u00bb text_orientation=\u00a0\u00bbcenter\u00a0\u00bb custom_padding=\u00a0\u00bb||36px|||\u00a0\u00bb global_colors_info=\u00a0\u00bb{}\u00a0\u00bb]<\/p>\n<h1 style=\"text-align: center;\">Rodage<\/h1>\n<p>[\/et_pb_text][et_pb_text _builder_version=\u00a0\u00bb4.4.8&Prime; text_font=\u00a0\u00bbHelveticaNeue||||||||\u00a0\u00bb text_text_color=\u00a0\u00bb#ffffff\u00a0\u00bb text_font_size=\u00a0\u00bb16px\u00a0\u00bb text_letter_spacing=\u00a0\u00bb2px\u00a0\u00bb header_3_font=\u00a0\u00bbHelveticaNeue|||on|||||\u00a0\u00bb header_3_text_color=\u00a0\u00bb#ffffff\u00a0\u00bb header_3_letter_spacing=\u00a0\u00bb2px\u00a0\u00bb text_orientation=\u00a0\u00bbcenter\u00a0\u00bb global_colors_info=\u00a0\u00bb{}\u00a0\u00bb]<\/p>\n<p style=\"text-align: left;\">Le rodage des bouts consiste \u00e0 user la surface par frottement \u00e0 l\u2019aide d\u2019un abrasif, pour lui donner sa dimension exacte. Parfaitement ma\u00eetris\u00e9e, cette technique permet d\u2019obtenir deux faces planes et parall\u00e8les avec, de surcro\u00eet, un excellent \u00e9tat de surface. La pr\u00e9cision est ici de l\u2019ordre du micron. Cette m\u00e9thode est surtout utilis\u00e9e pour garantir des tol\u00e9rances de longueur tr\u00e8s serr\u00e9es, notamment pour nos galets tonneaux ou cylindriques qui \u00e9quipent les grands manufacturiers de roulements.<\/p>\n<p>[\/et_pb_text][\/et_pb_column][\/et_pb_row][\/et_pb_section]<\/p>\n","protected":false},"excerpt":{"rendered":"<p>RodageLe rodage des bouts consiste \u00e0 user la surface par frottement \u00e0 l\u2019aide d\u2019un abrasif, pour lui donner sa dimension exacte. Parfaitement ma\u00eetris\u00e9e, cette technique permet d\u2019obtenir deux faces planes et parall\u00e8les avec, de surcro\u00eet, un excellent \u00e9tat de surface. La pr\u00e9cision est ici de l\u2019ordre du micron. Cette m\u00e9thode est surtout utilis\u00e9e pour garantir [&hellip;]<\/p>\n","protected":false},"author":1,"featured_media":0,"parent":28927,"menu_order":0,"comment_status":"closed","ping_status":"closed","template":"","meta":{"_et_pb_use_builder":"on","_et_pb_old_content":"","_et_gb_content_width":"","footnotes":""},"class_list":["post-29157","page","type-page","status-publish","hentry"],"yoast_head":"<!-- This site is optimized with the Yoast SEO Premium plugin v21.1 (Yoast SEO v27.5) - https:\/\/yoast.com\/product\/yoast-seo-premium-wordpress\/ -->\n<title>Rodage - Adax<\/title>\n<meta name=\"description\" content=\"Superfinition - Le rodage des bouts consiste \u00e0 user la surface par frottement \u00e0 l\u2019aide d\u2019un abrasif, pour lui donner sa dimension exacte. Parfaitement ma\u00eetris\u00e9e, cette technique permet d\u2019obtenir deux faces planes et parall\u00e8les avec, de surcro\u00eet, un excellent \u00e9tat de surface. La pr\u00e9cision est ici de l\u2019ordre du micron. Cette m\u00e9thode est surtout utilis\u00e9e pour garantir des tol\u00e9rances de longueur tr\u00e8s serr\u00e9es, notamment pour nos galets tonneaux ou cylindriques qui \u00e9quipent les grands manufacturiers de roulements.\" \/>\n<meta name=\"robots\" content=\"index, follow, max-snippet:-1, max-image-preview:large, max-video-preview:-1\" \/>\n<link rel=\"canonical\" href=\"https:\/\/adax.ch\/de\/adax\/prestation\/rodage\/\" \/>\n<meta property=\"og:locale\" content=\"de_DE\" \/>\n<meta property=\"og:type\" content=\"article\" \/>\n<meta property=\"og:title\" content=\"Rodage\" \/>\n<meta property=\"og:description\" content=\"Superfinition - Le rodage des bouts consiste \u00e0 user la surface par frottement \u00e0 l\u2019aide d\u2019un abrasif, pour lui donner sa dimension exacte. Parfaitement ma\u00eetris\u00e9e, cette technique permet d\u2019obtenir deux faces planes et parall\u00e8les avec, de surcro\u00eet, un excellent \u00e9tat de surface. La pr\u00e9cision est ici de l\u2019ordre du micron. Cette m\u00e9thode est surtout utilis\u00e9e pour garantir des tol\u00e9rances de longueur tr\u00e8s serr\u00e9es, notamment pour nos galets tonneaux ou cylindriques qui \u00e9quipent les grands manufacturiers de roulements.\" \/>\n<meta property=\"og:url\" content=\"https:\/\/adax.ch\/de\/adax\/prestation\/rodage\/\" \/>\n<meta property=\"og:site_name\" content=\"Adax\" \/>\n<meta property=\"article:modified_time\" content=\"2021-09-03T06:32:28+00:00\" \/>\n<meta name=\"twitter:card\" content=\"summary_large_image\" \/>\n<meta name=\"twitter:label1\" content=\"Gesch\u00e4tzte Lesezeit\" \/>\n\t<meta name=\"twitter:data1\" content=\"1\u00a0Minute\" \/>\n<script type=\"application\/ld+json\" class=\"yoast-schema-graph\">{\"@context\":\"https:\\\/\\\/schema.org\",\"@graph\":[{\"@type\":\"WebPage\",\"@id\":\"https:\\\/\\\/adax.ch\\\/adax\\\/prestation\\\/rodage\\\/\",\"url\":\"https:\\\/\\\/adax.ch\\\/adax\\\/prestation\\\/rodage\\\/\",\"name\":\"Rodage - Adax\",\"isPartOf\":{\"@id\":\"https:\\\/\\\/adax.ch\\\/#website\"},\"datePublished\":\"2019-09-19T21:03:10+00:00\",\"dateModified\":\"2021-09-03T06:32:28+00:00\",\"description\":\"Superfinition - Le rodage des bouts consiste \u00e0 user la surface par frottement \u00e0 l\u2019aide d\u2019un abrasif, pour lui donner sa dimension exacte. Parfaitement ma\u00eetris\u00e9e, cette technique permet d\u2019obtenir deux faces planes et parall\u00e8les avec, de surcro\u00eet, un excellent \u00e9tat de surface. La pr\u00e9cision est ici de l\u2019ordre du micron. Cette m\u00e9thode est surtout utilis\u00e9e pour garantir des tol\u00e9rances de longueur tr\u00e8s serr\u00e9es, notamment pour nos galets tonneaux ou cylindriques qui \u00e9quipent les grands manufacturiers de roulements.\",\"breadcrumb\":{\"@id\":\"https:\\\/\\\/adax.ch\\\/adax\\\/prestation\\\/rodage\\\/#breadcrumb\"},\"inLanguage\":\"de\",\"potentialAction\":[{\"@type\":\"ReadAction\",\"target\":[\"https:\\\/\\\/adax.ch\\\/adax\\\/prestation\\\/rodage\\\/\"]}]},{\"@type\":\"BreadcrumbList\",\"@id\":\"https:\\\/\\\/adax.ch\\\/adax\\\/prestation\\\/rodage\\\/#breadcrumb\",\"itemListElement\":[{\"@type\":\"ListItem\",\"position\":1,\"name\":\"Accueil\",\"item\":\"https:\\\/\\\/adax.ch\\\/\"},{\"@type\":\"ListItem\",\"position\":2,\"name\":\"ADAX\",\"item\":\"https:\\\/\\\/adax.ch\\\/\"},{\"@type\":\"ListItem\",\"position\":3,\"name\":\"Prestation\",\"item\":\"https:\\\/\\\/adax.ch\\\/adax\\\/prestation\\\/\"},{\"@type\":\"ListItem\",\"position\":4,\"name\":\"Rodage\"}]},{\"@type\":\"WebSite\",\"@id\":\"https:\\\/\\\/adax.ch\\\/#website\",\"url\":\"https:\\\/\\\/adax.ch\\\/\",\"name\":\"Adax\",\"description\":\"FROM EARTH TO SPACE\",\"publisher\":{\"@id\":\"https:\\\/\\\/adax.ch\\\/#organization\"},\"potentialAction\":[{\"@type\":\"SearchAction\",\"target\":{\"@type\":\"EntryPoint\",\"urlTemplate\":\"https:\\\/\\\/adax.ch\\\/?s={search_term_string}\"},\"query-input\":{\"@type\":\"PropertyValueSpecification\",\"valueRequired\":true,\"valueName\":\"search_term_string\"}}],\"inLanguage\":\"de\"},{\"@type\":\"Organization\",\"@id\":\"https:\\\/\\\/adax.ch\\\/#organization\",\"name\":\"Adax SA\",\"url\":\"https:\\\/\\\/adax.ch\\\/\",\"logo\":{\"@type\":\"ImageObject\",\"inLanguage\":\"de\",\"@id\":\"https:\\\/\\\/adax.ch\\\/#\\\/schema\\\/logo\\\/image\\\/\",\"url\":\"https:\\\/\\\/adax.ch\\\/wp-content\\\/uploads\\\/2021\\\/02\\\/logo-blanc-fond-noir.png\",\"contentUrl\":\"https:\\\/\\\/adax.ch\\\/wp-content\\\/uploads\\\/2021\\\/02\\\/logo-blanc-fond-noir.png\",\"width\":754,\"height\":754,\"caption\":\"Adax SA\"},\"image\":{\"@id\":\"https:\\\/\\\/adax.ch\\\/#\\\/schema\\\/logo\\\/image\\\/\"},\"sameAs\":[\"https:\\\/\\\/www.linkedin.com\\\/company\\\/adax-sa\\\/\",\"https:\\\/\\\/www.youtube.com\\\/channel\\\/UCajnUraOOGTurqpS0vObYgQ\"]}]}<\/script>\n<!-- \/ Yoast SEO Premium plugin. -->","yoast_head_json":{"title":"Rodage - Adax","description":"Superfinition - Le rodage des bouts consiste \u00e0 user la surface par frottement \u00e0 l\u2019aide d\u2019un abrasif, pour lui donner sa dimension exacte. Parfaitement ma\u00eetris\u00e9e, cette technique permet d\u2019obtenir deux faces planes et parall\u00e8les avec, de surcro\u00eet, un excellent \u00e9tat de surface. La pr\u00e9cision est ici de l\u2019ordre du micron. Cette m\u00e9thode est surtout utilis\u00e9e pour garantir des tol\u00e9rances de longueur tr\u00e8s serr\u00e9es, notamment pour nos galets tonneaux ou cylindriques qui \u00e9quipent les grands manufacturiers de roulements.","robots":{"index":"index","follow":"follow","max-snippet":"max-snippet:-1","max-image-preview":"max-image-preview:large","max-video-preview":"max-video-preview:-1"},"canonical":"https:\/\/adax.ch\/de\/adax\/prestation\/rodage\/","og_locale":"de_DE","og_type":"article","og_title":"Rodage","og_description":"Superfinition - Le rodage des bouts consiste \u00e0 user la surface par frottement \u00e0 l\u2019aide d\u2019un abrasif, pour lui donner sa dimension exacte. Parfaitement ma\u00eetris\u00e9e, cette technique permet d\u2019obtenir deux faces planes et parall\u00e8les avec, de surcro\u00eet, un excellent \u00e9tat de surface. La pr\u00e9cision est ici de l\u2019ordre du micron. Cette m\u00e9thode est surtout utilis\u00e9e pour garantir des tol\u00e9rances de longueur tr\u00e8s serr\u00e9es, notamment pour nos galets tonneaux ou cylindriques qui \u00e9quipent les grands manufacturiers de roulements.","og_url":"https:\/\/adax.ch\/de\/adax\/prestation\/rodage\/","og_site_name":"Adax","article_modified_time":"2021-09-03T06:32:28+00:00","twitter_card":"summary_large_image","twitter_misc":{"Gesch\u00e4tzte Lesezeit":"1\u00a0Minute"},"schema":{"@context":"https:\/\/schema.org","@graph":[{"@type":"WebPage","@id":"https:\/\/adax.ch\/adax\/prestation\/rodage\/","url":"https:\/\/adax.ch\/adax\/prestation\/rodage\/","name":"Rodage - Adax","isPartOf":{"@id":"https:\/\/adax.ch\/#website"},"datePublished":"2019-09-19T21:03:10+00:00","dateModified":"2021-09-03T06:32:28+00:00","description":"Superfinition - Le rodage des bouts consiste \u00e0 user la surface par frottement \u00e0 l\u2019aide d\u2019un abrasif, pour lui donner sa dimension exacte. Parfaitement ma\u00eetris\u00e9e, cette technique permet d\u2019obtenir deux faces planes et parall\u00e8les avec, de surcro\u00eet, un excellent \u00e9tat de surface. La pr\u00e9cision est ici de l\u2019ordre du micron. Cette m\u00e9thode est surtout utilis\u00e9e pour garantir des tol\u00e9rances de longueur tr\u00e8s serr\u00e9es, notamment pour nos galets tonneaux ou cylindriques qui \u00e9quipent les grands manufacturiers de roulements.","breadcrumb":{"@id":"https:\/\/adax.ch\/adax\/prestation\/rodage\/#breadcrumb"},"inLanguage":"de","potentialAction":[{"@type":"ReadAction","target":["https:\/\/adax.ch\/adax\/prestation\/rodage\/"]}]},{"@type":"BreadcrumbList","@id":"https:\/\/adax.ch\/adax\/prestation\/rodage\/#breadcrumb","itemListElement":[{"@type":"ListItem","position":1,"name":"Accueil","item":"https:\/\/adax.ch\/"},{"@type":"ListItem","position":2,"name":"ADAX","item":"https:\/\/adax.ch\/"},{"@type":"ListItem","position":3,"name":"Prestation","item":"https:\/\/adax.ch\/adax\/prestation\/"},{"@type":"ListItem","position":4,"name":"Rodage"}]},{"@type":"WebSite","@id":"https:\/\/adax.ch\/#website","url":"https:\/\/adax.ch\/","name":"Adax","description":"FROM EARTH TO SPACE","publisher":{"@id":"https:\/\/adax.ch\/#organization"},"potentialAction":[{"@type":"SearchAction","target":{"@type":"EntryPoint","urlTemplate":"https:\/\/adax.ch\/?s={search_term_string}"},"query-input":{"@type":"PropertyValueSpecification","valueRequired":true,"valueName":"search_term_string"}}],"inLanguage":"de"},{"@type":"Organization","@id":"https:\/\/adax.ch\/#organization","name":"Adax SA","url":"https:\/\/adax.ch\/","logo":{"@type":"ImageObject","inLanguage":"de","@id":"https:\/\/adax.ch\/#\/schema\/logo\/image\/","url":"https:\/\/adax.ch\/wp-content\/uploads\/2021\/02\/logo-blanc-fond-noir.png","contentUrl":"https:\/\/adax.ch\/wp-content\/uploads\/2021\/02\/logo-blanc-fond-noir.png","width":754,"height":754,"caption":"Adax SA"},"image":{"@id":"https:\/\/adax.ch\/#\/schema\/logo\/image\/"},"sameAs":["https:\/\/www.linkedin.com\/company\/adax-sa\/","https:\/\/www.youtube.com\/channel\/UCajnUraOOGTurqpS0vObYgQ"]}]}},"jetpack_sharing_enabled":true,"_links":{"self":[{"href":"https:\/\/adax.ch\/de\/wp-json\/wp\/v2\/pages\/29157","targetHints":{"allow":["GET"]}}],"collection":[{"href":"https:\/\/adax.ch\/de\/wp-json\/wp\/v2\/pages"}],"about":[{"href":"https:\/\/adax.ch\/de\/wp-json\/wp\/v2\/types\/page"}],"author":[{"embeddable":true,"href":"https:\/\/adax.ch\/de\/wp-json\/wp\/v2\/users\/1"}],"replies":[{"embeddable":true,"href":"https:\/\/adax.ch\/de\/wp-json\/wp\/v2\/comments?post=29157"}],"version-history":[{"count":0,"href":"https:\/\/adax.ch\/de\/wp-json\/wp\/v2\/pages\/29157\/revisions"}],"up":[{"embeddable":true,"href":"https:\/\/adax.ch\/de\/wp-json\/wp\/v2\/pages\/28927"}],"wp:attachment":[{"href":"https:\/\/adax.ch\/de\/wp-json\/wp\/v2\/media?parent=29157"}],"curies":[{"name":"wp","href":"https:\/\/api.w.org\/{rel}","templated":true}]}}