{"id":28941,"date":"2019-08-15T12:36:26","date_gmt":"2019-08-15T10:36:26","guid":{"rendered":"https:\/\/adax.ch\/?page_id=28941"},"modified":"2023-02-16T14:58:04","modified_gmt":"2023-02-16T13:58:04","slug":"carriere","status":"publish","type":"page","link":"https:\/\/adax.ch\/de\/adax\/entreprise\/carriere\/","title":{"rendered":"KARRIERE"},"content":{"rendered":"<p>[et_pb_section fb_built=\u00a0\u00bb1&Prime; fullwidth=\u00a0\u00bbon\u00a0\u00bb _builder_version=\u00a0\u00bb4.16&Prime; background_image=\u00a0\u00bbhttps:\/\/adax.ch\/wp-content\/uploads\/2019\/09\/stemutz_photo_groupe-e_adax_high-DSCF2369-e1569506087699.jpg\u00a0\u00bb parallax=\u00a0\u00bbon\u00a0\u00bb global_colors_info=\u00a0\u00bb{}\u00a0\u00bb][et_pb_fullwidth_slider _builder_version=\u00a0\u00bb4.16&Prime; header_font=\u00a0\u00bb||||||||\u00a0\u00bb custom_padding=\u00a0\u00bb212px||212px||true|false\u00a0\u00bb global_colors_info=\u00a0\u00bb{}\u00a0\u00bb][et_pb_slide _builder_version=\u00a0\u00bb4.16&Prime; header_level=\u00a0\u00bbh2&Prime; header_font=\u00a0\u00bbHelveticaNeue|||on|||||\u00a0\u00bb header_text_align=\u00a0\u00bbcenter\u00a0\u00bb header_font_size=\u00a0\u00bb22px\u00a0\u00bb header_letter_spacing=\u00a0\u00bb4px\u00a0\u00bb background_color=\u00a0\u00bbrgba(0,0,0,0.49)\u00a0\u00bb background_size=\u00a0\u00bbinitial\u00a0\u00bb global_colors_info=\u00a0\u00bb{}\u00a0\u00bb sticky_transition=\u00a0\u00bbon\u00a0\u00bb][\/et_pb_slide][\/et_pb_fullwidth_slider][\/et_pb_section][et_pb_section fb_built=\u00a0\u00bb1&Prime; fullwidth=\u00a0\u00bbon\u00a0\u00bb _builder_version=\u00a0\u00bb4.16&Prime; global_colors_info=\u00a0\u00bb{}\u00a0\u00bb][et_pb_fullwidth_slider _builder_version=\u00a0\u00bb4.16&Prime; header_font=\u00a0\u00bbHelveticaNeue||||||||\u00a0\u00bb header_line_height=\u00a0\u00bb1.1em\u00a0\u00bb body_font=\u00a0\u00bb||||||||\u00a0\u00bb body_font_size=\u00a0\u00bb16px\u00a0\u00bb custom_margin=\u00a0\u00bb||23px||false|false\u00a0\u00bb custom_padding=\u00a0\u00bb76px||61px||false|false\u00a0\u00bb header_line_height_tablet=\u00a0\u00bb\u00a0\u00bb header_line_height_phone=\u00a0\u00bb\u00a0\u00bb header_line_height_last_edited=\u00a0\u00bbon|desktop\u00a0\u00bb global_colors_info=\u00a0\u00bb{}\u00a0\u00bb][et_pb_slide _builder_version=\u00a0\u00bb4.16&Prime; header_level=\u00a0\u00bbh1&Prime; header_font=\u00a0\u00bbHelveticaNeue|||on|||||\u00a0\u00bb header_text_align=\u00a0\u00bbcenter\u00a0\u00bb header_text_color=\u00a0\u00bb#ffffff\u00a0\u00bb header_font_size=\u00a0\u00bb22px\u00a0\u00bb header_letter_spacing=\u00a0\u00bb3px\u00a0\u00bb body_font=\u00a0\u00bbHelveticaNeue||||||||\u00a0\u00bb body_text_align=\u00a0\u00bbcenter\u00a0\u00bb body_letter_spacing=\u00a0\u00bb2px\u00a0\u00bb background_color=\u00a0\u00bb#161E2B \u00a0\u00bb background_enable_color=\u00a0\u00bbon\u00a0\u00bb custom_button=\u00a0\u00bbon\u00a0\u00bb button_text_size=\u00a0\u00bb19px\u00a0\u00bb button_font=\u00a0\u00bb||||||||\u00a0\u00bb button_use_icon=\u00a0\u00bbon\u00a0\u00bb button_icon=\u00a0\u00bb&#xe024;||divi||400&Prime; global_colors_info=\u00a0\u00bb{}\u00a0\u00bb sticky_transition=\u00a0\u00bbon\u00a0\u00bb]<\/p>\n<h1 style=\"text-align: center;\">TRAVAILLER ENSEMBLE POUR ETRE LES MEILLEURS<\/h1>\n<\/p>\n<p style=\"text-align: left;\">ADAX SA est une entreprise de microm\u00e9canique bas\u00e9e \u00e0 Bevaix qui produit des axes et goupilles de pr\u00e9cision. D\u00e8s sa cr\u00e9ation en 1927, ADAX SA se sp\u00e9cialise dans le d\u00e9colletage d\u2019axes de pr\u00e9cision. C\u2019est d\u2019ailleurs de cette activit\u00e9 que l\u2019entreprise tire son nom\u00a0:<span>\u00a0<\/span><b>A<\/b>telier de<span>\u00a0<\/span><b>D<\/b>\u00e9colletage d\u2019<b>AX<\/b>es.<\/p>\n<p style=\"text-align: left;\">L\u2019entreprise pr\u00e9sente dans l\u2019industrie horlog\u00e8re s\u2019est ensuite diversifi\u00e9e dans la fabrication de pi\u00e8ces complexes \u00e0 forte valeur ajout\u00e9e pour les industries de l\u2019automobile, l\u2019a\u00e9ronautique et le m\u00e9dical.<\/p>\n<p style=\"text-align: left;\">Le micron est l&rsquo;unit\u00e9 de r\u00e9f\u00e9rence pour ADAX SA. Peu d&rsquo;entreprise dans le monde peuvent parvenir \u00e0 descendre au milli\u00e8me de millim\u00e8tre. Pour atteindre cette pr\u00e9cision, tous les processus sont d\u00e9velopp\u00e9s dans notre d\u00e9partement technique &amp; m\u00e9thodes et toutes les op\u00e9rations sont assur\u00e9es en interne : le d\u00e9colletage, la rectification, le roulage, le rodage des bouts ainsi que diff\u00e9rents types de finitions.\u00a0 <\/p>\n<p style=\"text-align: left;\">ADAX SA est une entreprise reconnue pour son dynamisme et son sens de l&rsquo;innovation. Nous sommes toujours \u00e0 la recherche de personnes comp\u00e9tentes et exp\u00e9riment\u00e9es pr\u00eates \u00e0 s&rsquo;investire pleinement dans un environnement dynamique et stimulant. <\/p>\n<p style=\"text-align: center;\">N&rsquo;h\u00e9sitez pas \u00e0 nous faire parvenir votre candidature !<\/p>\n<p style=\"text-align: left;\">\n<p style=\"text-align: left;\">\n<p style=\"text-align: left;\">[\/et_pb_slide][\/et_pb_fullwidth_slider][\/et_pb_section][et_pb_section fb_built=\u00a0\u00bb1&Prime; _builder_version=\u00a0\u00bb4.16&Prime; background_color=\u00a0\u00bb#161E2B \u00a0\u00bb custom_margin=\u00a0\u00bb-25px|||||\u00a0\u00bb custom_padding=\u00a0\u00bb0px||0px||true|\u00a0\u00bb global_colors_info=\u00a0\u00bb{}\u00a0\u00bb][et_pb_row _builder_version=\u00a0\u00bb4.16&Prime; width=\u00a0\u00bb100%\u00a0\u00bb custom_margin=\u00a0\u00bb0px|auto||auto|false|false\u00a0\u00bb custom_padding=\u00a0\u00bb0px||0px||true|false\u00a0\u00bb global_colors_info=\u00a0\u00bb{}\u00a0\u00bb][et_pb_column type=\u00a0\u00bb4_4&Prime; _builder_version=\u00a0\u00bb4.16&Prime; global_colors_info=\u00a0\u00bb{}\u00a0\u00bb][et_pb_post_slider posts_number=\u00a0\u00bb5&Prime; include_categories=\u00a0\u00bb14&Prime; more_text=\u00a0\u00bbPostuler\u00a0\u00bb use_manual_excerpt=\u00a0\u00bboff\u00a0\u00bb excerpt_length=\u00a0\u00bb0&Prime; show_meta=\u00a0\u00bboff\u00a0\u00bb show_image=\u00a0\u00bboff\u00a0\u00bb use_bg_overlay=\u00a0\u00bboff\u00a0\u00bb _builder_version=\u00a0\u00bb4.19.5&Prime; header_font=\u00a0\u00bbHelveticaNeue|||on|||||\u00a0\u00bb header_font_size=\u00a0\u00bb22px\u00a0\u00bb header_letter_spacing=\u00a0\u00bb4px\u00a0\u00bb background_color=\u00a0\u00bbrgba(0,0,0,0.9)\u00a0\u00bb background_enable_image=\u00a0\u00bboff\u00a0\u00bb background_size=\u00a0\u00bbcontain\u00a0\u00bb background_position=\u00a0\u00bbbottom_right\u00a0\u00bb background_blend=\u00a0\u00bboverlay\u00a0\u00bb custom_button=\u00a0\u00bbon\u00a0\u00bb button_text_size=\u00a0\u00bb14px\u00a0\u00bb button_letter_spacing=\u00a0\u00bb3px\u00a0\u00bb button_font=\u00a0\u00bbHelveticaNeue|||on|||||\u00a0\u00bb custom_padding=\u00a0\u00bb160px||160px||true|\u00a0\u00bb auto=\u00a0\u00bbon\u00a0\u00bb auto_speed=\u00a0\u00bb5000&Prime; auto_ignore_hover=\u00a0\u00bbon\u00a0\u00bb global_colors_info=\u00a0\u00bb{}\u00a0\u00bb][\/et_pb_post_slider][\/et_pb_column][\/et_pb_row][\/et_pb_section][et_pb_section fb_built=\u00a0\u00bb1&Prime; fullwidth=\u00a0\u00bbon\u00a0\u00bb _builder_version=\u00a0\u00bb4.19.5&Prime; global_colors_info=\u00a0\u00bb{}\u00a0\u00bb][et_pb_fullwidth_slider _builder_version=\u00a0\u00bb4.19.5&Prime; header_font=\u00a0\u00bbHelveticaNeue||||||||\u00a0\u00bb header_line_height=\u00a0\u00bb1.1em\u00a0\u00bb body_font=\u00a0\u00bb||||||||\u00a0\u00bb body_font_size=\u00a0\u00bb16px\u00a0\u00bb custom_margin=\u00a0\u00bb||||false|false\u00a0\u00bb custom_padding=\u00a0\u00bb76px||61px||false|false\u00a0\u00bb hover_enabled=\u00a0\u00bb0&Prime; header_line_height_tablet=\u00a0\u00bb\u00a0\u00bb header_line_height_phone=\u00a0\u00bb\u00a0\u00bb header_line_height_last_edited=\u00a0\u00bbon|desktop\u00a0\u00bb global_colors_info=\u00a0\u00bb{}\u00a0\u00bb sticky_enabled=\u00a0\u00bb0&Prime;][et_pb_slide _builder_version=\u00a0\u00bb4.19.5&Prime; header_level=\u00a0\u00bbh1&Prime; header_font=\u00a0\u00bbHelveticaNeue|||on|||||\u00a0\u00bb header_text_align=\u00a0\u00bbcenter\u00a0\u00bb header_text_color=\u00a0\u00bb#ffffff\u00a0\u00bb header_font_size=\u00a0\u00bb22px\u00a0\u00bb header_letter_spacing=\u00a0\u00bb3px\u00a0\u00bb body_font=\u00a0\u00bbHelveticaNeue||||||||\u00a0\u00bb body_text_align=\u00a0\u00bbcenter\u00a0\u00bb body_letter_spacing=\u00a0\u00bb2px\u00a0\u00bb background_color=\u00a0\u00bb#161E2B \u00a0\u00bb background_enable_color=\u00a0\u00bbon\u00a0\u00bb custom_button=\u00a0\u00bbon\u00a0\u00bb button_text_size=\u00a0\u00bb19px\u00a0\u00bb button_font=\u00a0\u00bb||||||||\u00a0\u00bb button_use_icon=\u00a0\u00bbon\u00a0\u00bb button_icon=\u00a0\u00bb&#xe024;||divi||400&Prime; hover_enabled=\u00a0\u00bb0&Prime; global_colors_info=\u00a0\u00bb{}\u00a0\u00bb sticky_transition=\u00a0\u00bbon\u00a0\u00bb sticky_enabled=\u00a0\u00bb0&Prime;]<\/p>\n<h2 style=\"text-align: center;\">Liste des postes \u00e0 pourvoir<\/h2>\n<p>[\/et_pb_slide][\/et_pb_fullwidth_slider][\/et_pb_section][et_pb_section fb_built=\u00a0\u00bb1&Prime; _builder_version=\u00a0\u00bb4.19.5&Prime; _module_preset=\u00a0\u00bbdefault\u00a0\u00bb background_color=\u00a0\u00bb#161e2b\u00a0\u00bb global_colors_info=\u00a0\u00bb{}\u00a0\u00bb custom_padding=\u00a0\u00bb0px|||||\u00a0\u00bb][et_pb_row _builder_version=\u00a0\u00bb4.19.5&Prime; _module_preset=\u00a0\u00bbdefault\u00a0\u00bb][et_pb_column _builder_version=\u00a0\u00bb4.19.5&Prime; _module_preset=\u00a0\u00bbdefault\u00a0\u00bb type=\u00a0\u00bb4_4&Prime;][et_pb_blog_extras _builder_version=\u00a0\u00bb4.19.5&Prime; _module_preset=\u00a0\u00bbdefault\u00a0\u00bb include_categories=\u00a0\u00bb14&Prime; read_more_text=\u00a0\u00bbPostuler\u00a0\u00bb show_author=\u00a0\u00bboff\u00a0\u00bb show_date=\u00a0\u00bboff\u00a0\u00bb show_comments=\u00a0\u00bboff\u00a0\u00bb excerpt_length=\u00a0\u00bb0&Prime; use_read_more_button=\u00a0\u00bbon\u00a0\u00bb read_more_alignment=\u00a0\u00bbright\u00a0\u00bb custom_read_more=\u00a0\u00bbon\u00a0\u00bb read_more_text_color=\u00a0\u00bb#FFFFFF\u00a0\u00bb hover_enabled=\u00a0\u00bb0&Prime; sticky_enabled=\u00a0\u00bb0&Prime; background_color=\u00a0\u00bbrgba(255,255,255,0)\u00a0\u00bb border_color_top=\u00a0\u00bb#FFFFFF\u00a0\u00bb border_width_top=\u00a0\u00bb1px\u00a0\u00bb header_text_color=\u00a0\u00bb#FFFFFF\u00a0\u00bb read_more_font=\u00a0\u00bb|||on|||||\u00a0\u00bb][\/et_pb_blog_extras][\/et_pb_column][\/et_pb_row][\/et_pb_section]<\/p>\n","protected":false},"excerpt":{"rendered":"<p>TRAVAILLER ENSEMBLE POUR ETRE LES MEILLEURS ADAX SA est une entreprise de microm\u00e9canique bas\u00e9e \u00e0 Bevaix qui produit des axes et goupilles de pr\u00e9cision. D\u00e8s sa cr\u00e9ation en 1927, ADAX SA se sp\u00e9cialise dans le d\u00e9colletage d\u2019axes de pr\u00e9cision. C\u2019est d\u2019ailleurs de cette activit\u00e9 que l\u2019entreprise tire son nom\u00a0:\u00a0Atelier de\u00a0D\u00e9colletage d\u2019AXes. L\u2019entreprise pr\u00e9sente dans l\u2019industrie [&hellip;]<\/p>\n","protected":false},"author":1,"featured_media":0,"parent":28937,"menu_order":0,"comment_status":"closed","ping_status":"closed","template":"","meta":{"_et_pb_use_builder":"on","_et_pb_old_content":"","_et_gb_content_width":"","footnotes":""},"class_list":["post-28941","page","type-page","status-publish","hentry"],"yoast_head":"<!-- This site is optimized with the Yoast SEO Premium plugin v21.1 (Yoast SEO v27.4) - https:\/\/yoast.com\/product\/yoast-seo-premium-wordpress\/ -->\n<title>Carri\u00e8re - Adax<\/title>\n<meta name=\"description\" content=\"ADAX SA est une entreprise reconnue pour son dynamisme et son sens de l\u2019innovation. Nous sommes toujours \u00e0 la recherche de personnes comp\u00e9tentes et exp\u00e9riment\u00e9es pr\u00eates \u00e0 s\u2019investir pleinement dans un environnement dynamique et stimulant. N\u2019h\u00e9sitez pas \u00e0 nous faire parvenir votre candidature !\" \/>\n<meta name=\"robots\" content=\"index, follow, max-snippet:-1, max-image-preview:large, max-video-preview:-1\" \/>\n<link rel=\"canonical\" href=\"https:\/\/adax.ch\/de\/adax\/entreprise\/carriere\/\" \/>\n<meta property=\"og:locale\" content=\"de_DE\" \/>\n<meta property=\"og:type\" content=\"article\" \/>\n<meta property=\"og:title\" content=\"Carri\u00e8re\" \/>\n<meta property=\"og:description\" content=\"ADAX SA est une entreprise reconnue pour son dynamisme et son sens de l\u2019innovation. Nous sommes toujours \u00e0 la recherche de personnes comp\u00e9tentes et exp\u00e9riment\u00e9es pr\u00eates \u00e0 s\u2019investir pleinement dans un environnement dynamique et stimulant. N\u2019h\u00e9sitez pas \u00e0 nous faire parvenir votre candidature !\" \/>\n<meta property=\"og:url\" content=\"https:\/\/adax.ch\/de\/adax\/entreprise\/carriere\/\" \/>\n<meta property=\"og:site_name\" content=\"Adax\" \/>\n<meta property=\"article:modified_time\" content=\"2023-02-16T13:58:04+00:00\" \/>\n<meta name=\"twitter:card\" content=\"summary_large_image\" \/>\n<meta name=\"twitter:label1\" content=\"Gesch\u00e4tzte Lesezeit\" \/>\n\t<meta name=\"twitter:data1\" content=\"2\u00a0Minuten\" \/>\n<script type=\"application\/ld+json\" class=\"yoast-schema-graph\">{\"@context\":\"https:\\\/\\\/schema.org\",\"@graph\":[{\"@type\":\"WebPage\",\"@id\":\"https:\\\/\\\/adax.ch\\\/adax\\\/entreprise\\\/carriere\\\/\",\"url\":\"https:\\\/\\\/adax.ch\\\/adax\\\/entreprise\\\/carriere\\\/\",\"name\":\"Carri\u00e8re - Adax\",\"isPartOf\":{\"@id\":\"https:\\\/\\\/adax.ch\\\/#website\"},\"datePublished\":\"2019-08-15T10:36:26+00:00\",\"dateModified\":\"2023-02-16T13:58:04+00:00\",\"description\":\"ADAX SA est une entreprise reconnue pour son dynamisme et son sens de l\u2019innovation. Nous sommes toujours \u00e0 la recherche de personnes comp\u00e9tentes et exp\u00e9riment\u00e9es pr\u00eates \u00e0 s\u2019investir pleinement dans un environnement dynamique et stimulant. N\u2019h\u00e9sitez pas \u00e0 nous faire parvenir votre candidature !\",\"breadcrumb\":{\"@id\":\"https:\\\/\\\/adax.ch\\\/adax\\\/entreprise\\\/carriere\\\/#breadcrumb\"},\"inLanguage\":\"de\",\"potentialAction\":[{\"@type\":\"ReadAction\",\"target\":[\"https:\\\/\\\/adax.ch\\\/adax\\\/entreprise\\\/carriere\\\/\"]}]},{\"@type\":\"BreadcrumbList\",\"@id\":\"https:\\\/\\\/adax.ch\\\/adax\\\/entreprise\\\/carriere\\\/#breadcrumb\",\"itemListElement\":[{\"@type\":\"ListItem\",\"position\":1,\"name\":\"Accueil\",\"item\":\"https:\\\/\\\/adax.ch\\\/\"},{\"@type\":\"ListItem\",\"position\":2,\"name\":\"ADAX\",\"item\":\"https:\\\/\\\/adax.ch\\\/\"},{\"@type\":\"ListItem\",\"position\":3,\"name\":\"Entreprise\",\"item\":\"https:\\\/\\\/adax.ch\\\/adax\\\/entreprise\\\/\"},{\"@type\":\"ListItem\",\"position\":4,\"name\":\"Carri\u00e8re\"}]},{\"@type\":\"WebSite\",\"@id\":\"https:\\\/\\\/adax.ch\\\/#website\",\"url\":\"https:\\\/\\\/adax.ch\\\/\",\"name\":\"Adax\",\"description\":\"FROM EARTH TO SPACE\",\"publisher\":{\"@id\":\"https:\\\/\\\/adax.ch\\\/#organization\"},\"potentialAction\":[{\"@type\":\"SearchAction\",\"target\":{\"@type\":\"EntryPoint\",\"urlTemplate\":\"https:\\\/\\\/adax.ch\\\/?s={search_term_string}\"},\"query-input\":{\"@type\":\"PropertyValueSpecification\",\"valueRequired\":true,\"valueName\":\"search_term_string\"}}],\"inLanguage\":\"de\"},{\"@type\":\"Organization\",\"@id\":\"https:\\\/\\\/adax.ch\\\/#organization\",\"name\":\"Adax SA\",\"url\":\"https:\\\/\\\/adax.ch\\\/\",\"logo\":{\"@type\":\"ImageObject\",\"inLanguage\":\"de\",\"@id\":\"https:\\\/\\\/adax.ch\\\/#\\\/schema\\\/logo\\\/image\\\/\",\"url\":\"https:\\\/\\\/adax.ch\\\/wp-content\\\/uploads\\\/2021\\\/02\\\/logo-blanc-fond-noir.png\",\"contentUrl\":\"https:\\\/\\\/adax.ch\\\/wp-content\\\/uploads\\\/2021\\\/02\\\/logo-blanc-fond-noir.png\",\"width\":754,\"height\":754,\"caption\":\"Adax SA\"},\"image\":{\"@id\":\"https:\\\/\\\/adax.ch\\\/#\\\/schema\\\/logo\\\/image\\\/\"},\"sameAs\":[\"https:\\\/\\\/www.linkedin.com\\\/company\\\/adax-sa\\\/\",\"https:\\\/\\\/www.youtube.com\\\/channel\\\/UCajnUraOOGTurqpS0vObYgQ\"]}]}<\/script>\n<!-- \/ Yoast SEO Premium plugin. -->","yoast_head_json":{"title":"Carri\u00e8re - Adax","description":"ADAX SA est une entreprise reconnue pour son dynamisme et son sens de l\u2019innovation. Nous sommes toujours \u00e0 la recherche de personnes comp\u00e9tentes et exp\u00e9riment\u00e9es pr\u00eates \u00e0 s\u2019investir pleinement dans un environnement dynamique et stimulant. N\u2019h\u00e9sitez pas \u00e0 nous faire parvenir votre candidature !","robots":{"index":"index","follow":"follow","max-snippet":"max-snippet:-1","max-image-preview":"max-image-preview:large","max-video-preview":"max-video-preview:-1"},"canonical":"https:\/\/adax.ch\/de\/adax\/entreprise\/carriere\/","og_locale":"de_DE","og_type":"article","og_title":"Carri\u00e8re","og_description":"ADAX SA est une entreprise reconnue pour son dynamisme et son sens de l\u2019innovation. Nous sommes toujours \u00e0 la recherche de personnes comp\u00e9tentes et exp\u00e9riment\u00e9es pr\u00eates \u00e0 s\u2019investir pleinement dans un environnement dynamique et stimulant. N\u2019h\u00e9sitez pas \u00e0 nous faire parvenir votre candidature !","og_url":"https:\/\/adax.ch\/de\/adax\/entreprise\/carriere\/","og_site_name":"Adax","article_modified_time":"2023-02-16T13:58:04+00:00","twitter_card":"summary_large_image","twitter_misc":{"Gesch\u00e4tzte Lesezeit":"2\u00a0Minuten"},"schema":{"@context":"https:\/\/schema.org","@graph":[{"@type":"WebPage","@id":"https:\/\/adax.ch\/adax\/entreprise\/carriere\/","url":"https:\/\/adax.ch\/adax\/entreprise\/carriere\/","name":"Carri\u00e8re - Adax","isPartOf":{"@id":"https:\/\/adax.ch\/#website"},"datePublished":"2019-08-15T10:36:26+00:00","dateModified":"2023-02-16T13:58:04+00:00","description":"ADAX SA est une entreprise reconnue pour son dynamisme et son sens de l\u2019innovation. Nous sommes toujours \u00e0 la recherche de personnes comp\u00e9tentes et exp\u00e9riment\u00e9es pr\u00eates \u00e0 s\u2019investir pleinement dans un environnement dynamique et stimulant. N\u2019h\u00e9sitez pas \u00e0 nous faire parvenir votre candidature !","breadcrumb":{"@id":"https:\/\/adax.ch\/adax\/entreprise\/carriere\/#breadcrumb"},"inLanguage":"de","potentialAction":[{"@type":"ReadAction","target":["https:\/\/adax.ch\/adax\/entreprise\/carriere\/"]}]},{"@type":"BreadcrumbList","@id":"https:\/\/adax.ch\/adax\/entreprise\/carriere\/#breadcrumb","itemListElement":[{"@type":"ListItem","position":1,"name":"Accueil","item":"https:\/\/adax.ch\/"},{"@type":"ListItem","position":2,"name":"ADAX","item":"https:\/\/adax.ch\/"},{"@type":"ListItem","position":3,"name":"Entreprise","item":"https:\/\/adax.ch\/adax\/entreprise\/"},{"@type":"ListItem","position":4,"name":"Carri\u00e8re"}]},{"@type":"WebSite","@id":"https:\/\/adax.ch\/#website","url":"https:\/\/adax.ch\/","name":"Adax","description":"FROM EARTH TO SPACE","publisher":{"@id":"https:\/\/adax.ch\/#organization"},"potentialAction":[{"@type":"SearchAction","target":{"@type":"EntryPoint","urlTemplate":"https:\/\/adax.ch\/?s={search_term_string}"},"query-input":{"@type":"PropertyValueSpecification","valueRequired":true,"valueName":"search_term_string"}}],"inLanguage":"de"},{"@type":"Organization","@id":"https:\/\/adax.ch\/#organization","name":"Adax SA","url":"https:\/\/adax.ch\/","logo":{"@type":"ImageObject","inLanguage":"de","@id":"https:\/\/adax.ch\/#\/schema\/logo\/image\/","url":"https:\/\/adax.ch\/wp-content\/uploads\/2021\/02\/logo-blanc-fond-noir.png","contentUrl":"https:\/\/adax.ch\/wp-content\/uploads\/2021\/02\/logo-blanc-fond-noir.png","width":754,"height":754,"caption":"Adax SA"},"image":{"@id":"https:\/\/adax.ch\/#\/schema\/logo\/image\/"},"sameAs":["https:\/\/www.linkedin.com\/company\/adax-sa\/","https:\/\/www.youtube.com\/channel\/UCajnUraOOGTurqpS0vObYgQ"]}]}},"jetpack_sharing_enabled":true,"_links":{"self":[{"href":"https:\/\/adax.ch\/de\/wp-json\/wp\/v2\/pages\/28941","targetHints":{"allow":["GET"]}}],"collection":[{"href":"https:\/\/adax.ch\/de\/wp-json\/wp\/v2\/pages"}],"about":[{"href":"https:\/\/adax.ch\/de\/wp-json\/wp\/v2\/types\/page"}],"author":[{"embeddable":true,"href":"https:\/\/adax.ch\/de\/wp-json\/wp\/v2\/users\/1"}],"replies":[{"embeddable":true,"href":"https:\/\/adax.ch\/de\/wp-json\/wp\/v2\/comments?post=28941"}],"version-history":[{"count":0,"href":"https:\/\/adax.ch\/de\/wp-json\/wp\/v2\/pages\/28941\/revisions"}],"up":[{"embeddable":true,"href":"https:\/\/adax.ch\/de\/wp-json\/wp\/v2\/pages\/28937"}],"wp:attachment":[{"href":"https:\/\/adax.ch\/de\/wp-json\/wp\/v2\/media?parent=28941"}],"curies":[{"name":"wp","href":"https:\/\/api.w.org\/{rel}","templated":true}]}}